{"id":725,"date":"2024-10-15T01:13:34","date_gmt":"2024-10-15T01:13:34","guid":{"rendered":"https:\/\/www.santai-ceramics.com\/?post_type=product&#038;p=725"},"modified":"2024-10-27T14:52:12","modified_gmt":"2024-10-27T14:52:12","slug":"wholesale-decorative-ceramic-vases-with-elegant-green-glaze-finish","status":"publish","type":"product","link":"https:\/\/www.santai-ceramics.com\/es\/product\/wholesale-decorative-ceramic-vases-with-elegant-green-glaze-finish\/","title":{"rendered":"Jarrones Decorativos de Cer\u00e1mica al por Mayor con Elegante Acabado de Esmalte Verde para Decoraci\u00f3n del Hogar"},"content":{"rendered":"<h3 class=\"wp-block-heading\">Par\u00e1metros del jarr\u00f3n de cer\u00e1mica al por mayor<\/h3>\n\n\n\n<figure class=\"wp-block-table\"><table class=\"has-fixed-layout\"><tbody><tr><td>Modelo<\/td><td>Nombre del producto<\/td><td>Color<\/td><td>Material<\/td><td>Utiliza<\/td><td>Dimensiones<\/td><td>Peso<\/td><\/tr><tr><td>A30519-LB20-A01<\/td><td>Jarr\u00f3n de cer\u00e1mica con esmalte verde&nbsp;<\/td><td>Azul claro<\/td><td>Cer\u00e1mica<\/td><td>decoraci\u00f3n,sal\u00f3n<\/td><td>P:10,5X15cm<\/td><td>0,6kg\/PC<\/td><\/tr><\/tbody><\/table><\/figure>\n\n\n\n<h3 class=\"wp-block-heading\">Servicio de floreros de cer\u00e1mica personalizados<\/h3>\n\n\n\n<p>Ofrecemos servicios OEM y ODM para nuestros productos.<br>Entrega r\u00e1pida de muestras.<br>Ofrecemos una gran variedad de formas, colores, impresi\u00f3n personalizada, embalaje y otros servicios a medida para satisfacer sus necesidades espec\u00edficas.<br><strong><a href=\"https:\/\/www.santai-ceramics.com\/es\/custom\/\" data-type=\"page\" data-id=\"13\" target=\"_blank\" rel=\"noreferrer noopener\">M\u00e1s informaci\u00f3n sobre los detalles de los jarrones de cer\u00e1mica personalizados.<\/a><\/strong><\/p>\n\n\n\n<div class=\"wp-block-columns is-layout-flex wp-container-core-columns-is-layout-9d6595d7 wp-block-columns-is-layout-flex\">\n<div class=\"wp-block-column is-layout-flow wp-block-column-is-layout-flow\">\n<figure class=\"wp-block-image size-full\"><img decoding=\"async\" width=\"2328\" height=\"1939\" src=\"https:\/\/www.santai-ceramics.com\/wp-content\/uploads\/2024\/10\/ceramic-vase-detail-display-1.webp\" alt=\"jarr\u00f3n de cer\u00e1mica detalle expositor (1)\" class=\"wp-image-726\" srcset=\"https:\/\/www.santai-ceramics.com\/wp-content\/uploads\/2024\/10\/ceramic-vase-detail-display-1.webp 2328w, https:\/\/www.santai-ceramics.com\/wp-content\/uploads\/2024\/10\/ceramic-vase-detail-display-1-300x250.webp 300w, https:\/\/www.santai-ceramics.com\/wp-content\/uploads\/2024\/10\/ceramic-vase-detail-display-1-768x640.webp 768w, https:\/\/www.santai-ceramics.com\/wp-content\/uploads\/2024\/10\/ceramic-vase-detail-display-1-1200x999.webp 1200w, https:\/\/www.santai-ceramics.com\/wp-content\/uploads\/2024\/10\/ceramic-vase-detail-display-1-600x500.webp 600w\" sizes=\"(max-width: 2328px) 100vw, 2328px\" \/><\/figure>\n<\/div>\n\n\n\n<div class=\"wp-block-column is-layout-flow wp-block-column-is-layout-flow\">\n<figure class=\"wp-block-image size-full\"><img decoding=\"async\" width=\"1358\" height=\"1131\" src=\"https:\/\/www.santai-ceramics.com\/wp-content\/uploads\/2024\/10\/ceramic-vase-detail-display-2.webp\" alt=\"jarr\u00f3n de cer\u00e1mica detalle expositor (2)\" class=\"wp-image-727\" srcset=\"https:\/\/www.santai-ceramics.com\/wp-content\/uploads\/2024\/10\/ceramic-vase-detail-display-2.webp 1358w, https:\/\/www.santai-ceramics.com\/wp-content\/uploads\/2024\/10\/ceramic-vase-detail-display-2-300x250.webp 300w, https:\/\/www.santai-ceramics.com\/wp-content\/uploads\/2024\/10\/ceramic-vase-detail-display-2-768x640.webp 768w, https:\/\/www.santai-ceramics.com\/wp-content\/uploads\/2024\/10\/ceramic-vase-detail-display-2-1200x999.webp 1200w, https:\/\/www.santai-ceramics.com\/wp-content\/uploads\/2024\/10\/ceramic-vase-detail-display-2-600x500.webp 600w\" sizes=\"(max-width: 1358px) 100vw, 1358px\" \/><\/figure>\n<\/div>\n<\/div>","protected":false},"excerpt":{"rendered":"<p>Jarrones de cer\u00e1mica decorativos al por mayor, la superficie del jarr\u00f3n est\u00e1 finamente esmaltada, mostrando un brillo verde perfecto, tacto delicado, color duradero, adecuado para la decoraci\u00f3n del hogar. La f\u00e1brica de cer\u00e1mica SANTAI utiliza avanzados equipos de producci\u00f3n y la artesan\u00eda tradicional china para garantizar que cada producto cumpla con altos est\u00e1ndares. Si necesita comprar jarrones decorativos al por mayor o personalizar dise\u00f1os, podemos ofrecerle soluciones flexibles.<\/p>\n<h2>Caracter\u00edsticas del jarr\u00f3n decorativo de cer\u00e1mica<\/h2>\n<p data-pm-slice=\"1 1 []\"><strong>Belleza tradicional<\/strong>: El dise\u00f1o general del jarr\u00f3n de cer\u00e1mica es sencillo y elegante, con la belleza cl\u00e1sica china. El esmalte verde claro combinado con el complejo patr\u00f3n floral muestra la belleza de la artesan\u00eda tradicional.<\/p>\n<p><strong>Cer\u00e1mica exquisita<\/strong>: Los jarrones de cer\u00e1mica al por mayor est\u00e1n fabricados con materiales cer\u00e1micos de primera calidad. Su forma es elegante, y son duraderos y estables.<\/p>\n<p><strong>Tratamiento duradero del esmalte<\/strong>: La superficie del jarr\u00f3n est\u00e1 delicadamente esmaltada, es antiincrustante y a prueba de humedad, lo que aumenta su brillo para que conserve los colores brillantes durante mucho tiempo y no se decolore f\u00e1cilmente.<\/p>\n<p><strong>Ricos motivos decorativos<\/strong>: La superficie del jarr\u00f3n de cer\u00e1mica utiliza un dise\u00f1o de flores con muchas capas, lo que le permite tener un efecto tridimensional para hacer el jarr\u00f3n m\u00e1s vivo y animado.<\/p>\n<p><strong>Pr\u00e1ctico dise\u00f1o cil\u00edndrico<\/strong>: Gracias a su dise\u00f1o cil\u00edndrico, el espacio interior del jarr\u00f3n es m\u00e1s amplio y puede contener m\u00e1s arreglos florales.<\/p>\n<p><b>Venta al por mayor y servicio personalizado OEM&amp;ODM:<\/b>Ofrecemos jarrones de cer\u00e1mica de alta calidad al por mayor y servicios de personalizaci\u00f3n. Con nuestro equipo profesional, puede obtener una variedad de opciones de productos y soluciones de dise\u00f1o personalizadas.<\/p>","protected":false},"featured_media":728,"comment_status":"closed","ping_status":"closed","template":"","meta":{"_acf_changed":false},"product_brand":[],"product_cat":[18,22],"product_tag":[34],"class_list":{"0":"post-725","1":"product","2":"type-product","3":"status-publish","4":"has-post-thumbnail","6":"product_cat-home-decor","7":"product_cat-vase","8":"product_tag-ceramic-vase","10":"first","11":"instock","12":"shipping-taxable","13":"product-type-simple"},"acf":[],"_links":{"self":[{"href":"https:\/\/www.santai-ceramics.com\/es\/wp-json\/wp\/v2\/product\/725","targetHints":{"allow":["GET"]}}],"collection":[{"href":"https:\/\/www.santai-ceramics.com\/es\/wp-json\/wp\/v2\/product"}],"about":[{"href":"https:\/\/www.santai-ceramics.com\/es\/wp-json\/wp\/v2\/types\/product"}],"replies":[{"embeddable":true,"href":"https:\/\/www.santai-ceramics.com\/es\/wp-json\/wp\/v2\/comments?post=725"}],"wp:featuredmedia":[{"embeddable":true,"href":"https:\/\/www.santai-ceramics.com\/es\/wp-json\/wp\/v2\/media\/728"}],"wp:attachment":[{"href":"https:\/\/www.santai-ceramics.com\/es\/wp-json\/wp\/v2\/media?parent=725"}],"wp:term":[{"taxonomy":"product_brand","embeddable":true,"href":"https:\/\/www.santai-ceramics.com\/es\/wp-json\/wp\/v2\/product_brand?post=725"},{"taxonomy":"product_cat","embeddable":true,"href":"https:\/\/www.santai-ceramics.com\/es\/wp-json\/wp\/v2\/product_cat?post=725"},{"taxonomy":"product_tag","embeddable":true,"href":"https:\/\/www.santai-ceramics.com\/es\/wp-json\/wp\/v2\/product_tag?post=725"}],"curies":[{"name":"wp","href":"https:\/\/api.w.org\/{rel}","templated":true}]}}