{"id":730,"date":"2024-10-15T01:44:15","date_gmt":"2024-10-15T01:44:15","guid":{"rendered":"https:\/\/www.santai-ceramics.com\/?post_type=product&#038;p=730"},"modified":"2025-06-05T10:15:00","modified_gmt":"2025-06-05T10:15:00","slug":"wholesale-fiber-cement-planters","status":"publish","type":"product","link":"https:\/\/www.santai-ceramics.com\/es\/product\/wholesale-fiber-cement-planters\/","title":{"rendered":"Jardineras de fibrocemento al por mayor: Perfectas para Minoristas que Buscan Soluciones de Jardiner\u00eda Duraderas y Est\u00e9ticas"},"content":{"rendered":"<h3 class=\"wp-block-heading\">Par\u00e1metros de la jardinera de fibrocemento<\/h3>\n\n\n\n<figure class=\"wp-block-table\"><table class=\"has-fixed-layout\"><tbody><tr><td>Modelo<\/td><td>Nombre del producto<\/td><td>Color<\/td><td>Material<\/td><td>Utiliza<\/td><td>Dimensiones<\/td><td>Peso<\/td><\/tr><tr><td>J37576-H910-A01<\/td><td>&nbsp; Garden Fiber Cement Planter&nbsp;<\/td><td>Antiguo Oscuro<\/td><td>Fibrocemento<\/td><td>decoracion,salon,jardin<\/td><td>P:37.5X44.5cm<\/td><td>8,6 kg\/PC<\/td><\/tr><tr><td>J37576-H910-A02<\/td><td>&nbsp; Garden Fiber Cement Planter&nbsp;<\/td><td>Antiguo Oscuro<\/td><td>Fibrocemento<\/td><td>decoracion,salon,jardin<\/td><td>D:32X36.5 cm<\/td><td>5,6 kg\/PC<\/td><\/tr><tr><td>J37576-H910-A03<\/td><td>&nbsp; Garden Fiber Cement Planter&nbsp;<\/td><td>Antiguo Oscuro<\/td><td>Fibrocemento<\/td><td>decoracion,salon,jardin<\/td><td>D:28X31 cm<\/td><td>4,1 kg\/PC<\/td><\/tr><\/tbody><\/table><\/figure>\n\n\n\n<h3 class=\"wp-block-heading\">Custom Fiber Cement Planter Service<\/h3>\n\n\n\n<p>1. We offer OEM and ODM services for our products.<br>2. Fast sample delivery is available.<br>3. We offer a variety of shapes, colors, custom printing, packaging, and other tailored services to meet your specific needs.<br><a style=\"\" href=\"https:\/\/www.santai-ceramics.com\/es\/custom\/\" data-type=\"page\" data-id=\"13\" target=\"_blank\" rel=\"noreferrer noopener\"><b>M\u00e1s informaci\u00f3n <\/b><\/a><strong><a href=\"https:\/\/www.santai-ceramics.com\/es\/custom\/\" data-type=\"page\" data-id=\"13\" target=\"_blank\" rel=\"noreferrer noopener\">fiber cement planter detail.<\/a><\/strong><\/p>\n\n\n\n<div class=\"wp-block-columns is-layout-flex wp-container-core-columns-is-layout-9d6595d7 wp-block-columns-is-layout-flex\">\n<div class=\"wp-block-column is-layout-flow wp-block-column-is-layout-flow\">\n<figure class=\"wp-block-image size-full\"><img decoding=\"async\" width=\"1500\" height=\"1250\" src=\"https:\/\/www.santai-ceramics.com\/wp-content\/uploads\/2024\/10\/Garden-Decor-Fiber-Cement-Planter-Detail-Display3.webp\" alt=\"Garden Decor Fiber Cement Planter Detail Display(3)\" class=\"wp-image-733\" srcset=\"https:\/\/www.santai-ceramics.com\/wp-content\/uploads\/2024\/10\/Garden-Decor-Fiber-Cement-Planter-Detail-Display3.webp 1500w, https:\/\/www.santai-ceramics.com\/wp-content\/uploads\/2024\/10\/Garden-Decor-Fiber-Cement-Planter-Detail-Display3-300x250.webp 300w, https:\/\/www.santai-ceramics.com\/wp-content\/uploads\/2024\/10\/Garden-Decor-Fiber-Cement-Planter-Detail-Display3-768x640.webp 768w, https:\/\/www.santai-ceramics.com\/wp-content\/uploads\/2024\/10\/Garden-Decor-Fiber-Cement-Planter-Detail-Display3-1200x1000.webp 1200w, https:\/\/www.santai-ceramics.com\/wp-content\/uploads\/2024\/10\/Garden-Decor-Fiber-Cement-Planter-Detail-Display3-600x500.webp 600w\" sizes=\"(max-width: 1500px) 100vw, 1500px\" \/><\/figure>\n<\/div>\n\n\n\n<div class=\"wp-block-column is-layout-flow wp-block-column-is-layout-flow\">\n<figure class=\"wp-block-image size-full\"><img decoding=\"async\" width=\"1500\" height=\"1249\" src=\"https:\/\/www.santai-ceramics.com\/wp-content\/uploads\/2024\/10\/Garden-Decor-Fiber-Cement-Planter-Detail-Display5.webp\" alt=\"Garden Decor Fiber Cement Planter Detail Display(5)\" class=\"wp-image-735\" srcset=\"https:\/\/www.santai-ceramics.com\/wp-content\/uploads\/2024\/10\/Garden-Decor-Fiber-Cement-Planter-Detail-Display5.webp 1500w, https:\/\/www.santai-ceramics.com\/wp-content\/uploads\/2024\/10\/Garden-Decor-Fiber-Cement-Planter-Detail-Display5-300x250.webp 300w, https:\/\/www.santai-ceramics.com\/wp-content\/uploads\/2024\/10\/Garden-Decor-Fiber-Cement-Planter-Detail-Display5-768x639.webp 768w, https:\/\/www.santai-ceramics.com\/wp-content\/uploads\/2024\/10\/Garden-Decor-Fiber-Cement-Planter-Detail-Display5-1200x999.webp 1200w, https:\/\/www.santai-ceramics.com\/wp-content\/uploads\/2024\/10\/Garden-Decor-Fiber-Cement-Planter-Detail-Display5-600x500.webp 600w\" sizes=\"(max-width: 1500px) 100vw, 1500px\" \/><\/figure>\n<\/div>\n<\/div>","protected":false},"excerpt":{"rendered":"<p>Jardineras de fibrocemento al por mayor, el material de fibrocemento tiene buena resistencia a la intemperie y puede permanecer estable en diferentes condiciones clim\u00e1ticas. Ofrecemos 3 tama\u00f1os para elegir, apoyamos los servicios de personalizaci\u00f3n OEM y ODM, damos la bienvenida a mayoristas, proyectos de paisajismo comercial (como hoteles, centros comerciales y edificios de oficinas) y parques para contactarnos para comprar jardineras al por mayor.<\/p>\n<h2>Caracter\u00edsticas de la jardinera de fibrocemento<\/h2>\n<p data-pm-slice=\"1 1 []\"><strong>Dise\u00f1o exclusivo<\/strong>: Los maceteros al por mayor han adoptado un dise\u00f1o de textura de corteza en su superficie, que puede darles un ambiente natural y r\u00fastico y hacer que se adapte bien al entorno del jard\u00edn al aire libre.<\/p>\n<p><strong>Material de alta calidad<\/strong>:La jardinera al por mayor est\u00e1 hecha de fibrocemento; destaca por su durabilidad y estabilidad, con caracter\u00edsticas como no deformarse ni romperse f\u00e1cilmente, manteniendo la jardinera bonita y pr\u00e1ctica durante mucho tiempo.<\/p>\n<p><strong>Respiraci\u00f3n<\/strong>: El material de fibrocemento tambi\u00e9n tiene cierto grado de transpirabilidad, lo que favorece el crecimiento y desarrollo de las plantas.<\/p>\n<p><strong>Tres tama\u00f1os opcionales<\/strong>: The design of the planter comes in different sizes; it can meet the needs of different plants&#8217; growth and decorative effects, adding layering and diversity to the garden.<\/p>\n<p><strong>Protecci\u00f3n del medio ambiente y sostenibilidad<\/strong>:La protecci\u00f3n del medio ambiente y la sostenibilidad del material de fibrocemento hacen que el material sea muy respetuoso con el medio ambiente, y su producci\u00f3n tiene poco impacto en \u00e9l.<\/p>\n<p><strong>Servicio OEM y ODM<\/strong>: As a professional manufacturer of decorative planters, OEM&amp;ODM service can be provided for our clients-professional planter customized service can be provided to produce a planter meeting customers&#8217; brand, design, and specification requirements.<\/p>","protected":false},"featured_media":736,"comment_status":"closed","ping_status":"closed","template":"","meta":{"_acf_changed":false},"product_brand":[],"product_cat":[18,41,21,23],"product_tag":[40],"class_list":{"0":"post-730","1":"product","2":"type-product","3":"status-publish","4":"has-post-thumbnail","6":"product_cat-home-decor","7":"product_cat-wholesale-fiber-cement-plant-pots","8":"product_cat-garden-decor","9":"product_cat-ceramic-pots-planters","10":"product_tag-cement-flower-pot","12":"first","13":"instock","14":"shipping-taxable","15":"product-type-simple"},"acf":[],"_links":{"self":[{"href":"https:\/\/www.santai-ceramics.com\/es\/wp-json\/wp\/v2\/product\/730","targetHints":{"allow":["GET"]}}],"collection":[{"href":"https:\/\/www.santai-ceramics.com\/es\/wp-json\/wp\/v2\/product"}],"about":[{"href":"https:\/\/www.santai-ceramics.com\/es\/wp-json\/wp\/v2\/types\/product"}],"replies":[{"embeddable":true,"href":"https:\/\/www.santai-ceramics.com\/es\/wp-json\/wp\/v2\/comments?post=730"}],"wp:featuredmedia":[{"embeddable":true,"href":"https:\/\/www.santai-ceramics.com\/es\/wp-json\/wp\/v2\/media\/736"}],"wp:attachment":[{"href":"https:\/\/www.santai-ceramics.com\/es\/wp-json\/wp\/v2\/media?parent=730"}],"wp:term":[{"taxonomy":"product_brand","embeddable":true,"href":"https:\/\/www.santai-ceramics.com\/es\/wp-json\/wp\/v2\/product_brand?post=730"},{"taxonomy":"product_cat","embeddable":true,"href":"https:\/\/www.santai-ceramics.com\/es\/wp-json\/wp\/v2\/product_cat?post=730"},{"taxonomy":"product_tag","embeddable":true,"href":"https:\/\/www.santai-ceramics.com\/es\/wp-json\/wp\/v2\/product_tag?post=730"}],"curies":[{"name":"wp","href":"https:\/\/api.w.org\/{rel}","templated":true}]}}