{"id":767,"date":"2024-10-16T10:00:43","date_gmt":"2024-10-16T10:00:43","guid":{"rendered":"https:\/\/www.santai-ceramics.com\/?post_type=product&#038;p=767"},"modified":"2025-06-08T15:13:01","modified_gmt":"2025-06-08T15:13:01","slug":"wholesale-terracotta-customizable-plant-pots","status":"publish","type":"product","link":"https:\/\/www.santai-ceramics.com\/es\/product\/wholesale-terracotta-customizable-plant-pots\/","title":{"rendered":"Mayorista Macetas de Terracota Personalizables para una Elegante Decoraci\u00f3n de Jard\u00edn"},"content":{"rendered":"<h3 class=\"wp-block-heading\">Par\u00e1metros de la cubeta de flanqueo personalizable<\/h3>\n\n\n\n<figure class=\"wp-block-table\"><table class=\"has-fixed-layout\"><tbody><tr><td>Modelo<\/td><td>Nombre del producto<\/td><td>Color<\/td><td>Material<\/td><td>Utiliza<\/td><td>Dimensiones<\/td><td>Peso<\/td><\/tr><tr><td>G33514-H910-A01<\/td><td>Maceta antigua personalizable<\/td><td>Antiguo Oscuro<\/td><td>Terracota<\/td><td>decoracion,salon,jardin<\/td><td>P:21X17cm<\/td><td>2,2 kg\/PC<\/td><\/tr><tr><td>G33514-H910-A02<\/td><td>Maceta antigua personalizable<\/td><td>Antiguo Oscuro<\/td><td>Terracota<\/td><td>decoracion,salon,jardin<\/td><td>P:17X13,5cm<\/td><td>1,4kg\/PC<\/td><\/tr><tr><td>G33514-H910-A03<\/td><td>Maceta antigua personalizable<\/td><td>Antiguo Oscuro<\/td><td>Terracota<\/td><td>decoracion,salon,jardin<\/td><td>P:13,5X11cm<\/td><td>0,9kg\/PC<\/td><\/tr><\/tbody><\/table><\/figure>\n\n\n\n<h3 class=\"wp-block-heading\">Servicio de macetas a medida<\/h3>\n\n\n\n<p>Ofrecemos servicios OEM y ODM para nuestros productos.<br>Entrega r\u00e1pida de muestras.<br>Ofrecemos una gran variedad de materiales, formas, colores, impresi\u00f3n personalizada, embalaje y otros servicios a medida para satisfacer sus necesidades espec\u00edficas.<br><a style=\"\" href=\"https:\/\/www.santai-ceramics.com\/es\/custom\/\" data-type=\"page\" data-id=\"13\" target=\"_blank\" rel=\"noreferrer noopener\"><strong><b>M\u00e1s informaci\u00f3n <\/b>detalle de la maceta.<\/strong><\/a><\/p>\n\n\n\n<div class=\"wp-block-columns is-layout-flex wp-container-core-columns-is-layout-9d6595d7 wp-block-columns-is-layout-flex\">\n<div class=\"wp-block-column is-layout-flow wp-block-column-is-layout-flow\">\n<figure class=\"wp-block-image size-full\"><img decoding=\"async\" width=\"1560\" height=\"1299\" src=\"https:\/\/www.santai-ceramics.com\/wp-content\/uploads\/2024\/10\/Wholesale-Customizable-Flower-Pots-4.webp\" alt=\"Mayorista Macetas Personalizables (4)\" class=\"wp-image-771\" srcset=\"https:\/\/www.santai-ceramics.com\/wp-content\/uploads\/2024\/10\/Wholesale-Customizable-Flower-Pots-4.webp 1560w, https:\/\/www.santai-ceramics.com\/wp-content\/uploads\/2024\/10\/Wholesale-Customizable-Flower-Pots-4-300x250.webp 300w, https:\/\/www.santai-ceramics.com\/wp-content\/uploads\/2024\/10\/Wholesale-Customizable-Flower-Pots-4-768x640.webp 768w, https:\/\/www.santai-ceramics.com\/wp-content\/uploads\/2024\/10\/Wholesale-Customizable-Flower-Pots-4-1200x999.webp 1200w, https:\/\/www.santai-ceramics.com\/wp-content\/uploads\/2024\/10\/Wholesale-Customizable-Flower-Pots-4-600x500.webp 600w\" sizes=\"(max-width: 1560px) 100vw, 1560px\" \/><\/figure>\n<\/div>\n\n\n\n<div class=\"wp-block-column is-layout-flow wp-block-column-is-layout-flow\">\n<figure class=\"wp-block-image size-full\"><img decoding=\"async\" width=\"1560\" height=\"1299\" src=\"https:\/\/www.santai-ceramics.com\/wp-content\/uploads\/2024\/10\/Wholesale-Customizable-Flower-Pots-5.webp\" alt=\"Mayorista Macetas Personalizables (5)\" class=\"wp-image-772\" srcset=\"https:\/\/www.santai-ceramics.com\/wp-content\/uploads\/2024\/10\/Wholesale-Customizable-Flower-Pots-5.webp 1560w, https:\/\/www.santai-ceramics.com\/wp-content\/uploads\/2024\/10\/Wholesale-Customizable-Flower-Pots-5-300x250.webp 300w, https:\/\/www.santai-ceramics.com\/wp-content\/uploads\/2024\/10\/Wholesale-Customizable-Flower-Pots-5-768x640.webp 768w, https:\/\/www.santai-ceramics.com\/wp-content\/uploads\/2024\/10\/Wholesale-Customizable-Flower-Pots-5-1200x999.webp 1200w, https:\/\/www.santai-ceramics.com\/wp-content\/uploads\/2024\/10\/Wholesale-Customizable-Flower-Pots-5-600x500.webp 600w\" sizes=\"(max-width: 1560px) 100vw, 1560px\" \/><\/figure>\n<\/div>\n<\/div>","protected":false},"excerpt":{"rendered":"<p data-pm-slice=\"0 0 []\">Macetas personalizables al por mayor, no s\u00f3lo satisfacen las necesidades de compras a gran escala, sino que tambi\u00e9n ganan un amplio favor con nuestro exclusivo servicio de personalizaci\u00f3n. El dise\u00f1o de grano de madera gris de esta maceta retro puede integrarse bien en el ambiente general del jard\u00edn. Colocando macetas de distintos tama\u00f1os en diferentes posiciones, se puede crear una rica sensaci\u00f3n de jerarqu\u00eda. Es adecuado para uso personal familiar y m\u00e1s perfectamente adecuado para hoteles y jardines. P\u00f3ngase en contacto con nosotros para la compra.<\/p>\n<h2>Caracter\u00edsticas de la maceta personalizable<\/h2>\n<p><strong>Aspecto natural<\/strong>: La superficie de la maceta de terracota adopta un dise\u00f1o de textura similar a la madera, y la combinaci\u00f3n de diferentes tonos de gris le da un toque natural y r\u00fastico, que es muy adecuado para combinar con varios estilos de decoraci\u00f3n de interior o exterior.<\/p>\n<p><strong>Mejora el efecto decorativo del jard\u00edn<\/strong>: El dise\u00f1o de grano de madera gris de esta maceta de terracota es f\u00e1cil de combinar con otros elementos del jard\u00edn (como piedra, madera, metal, etc.). Tanto si se combina con decoraciones como asientos de jard\u00edn, vallas o esculturas, puede crear un efecto visual armonioso y unificado.<\/p>\n<p><strong>Durabilidad<\/strong>: Estas macetas personalizables est\u00e1n hechas de terracota de alta calidad, que tiene una buena durabilidad y propiedades antienvejecimiento.<\/p>\n<p><strong>M\u00faltiples opciones de tama\u00f1o<\/strong>: El producto ofrece tres tama\u00f1os diferentes de macetas para satisfacer las necesidades de plantaci\u00f3n y decoraci\u00f3n. Tanto si se trata de plantas grandes como de peque\u00f1as suculentas, encontrar\u00e1 una maceta del tama\u00f1o adecuado para cada caso.<\/p>\n<p><strong>Opciones personalizadas<\/strong>: Ofrecemos servicios de macetas personalizadas. Los clientes pueden elegir diferentes tama\u00f1os, colores, texturas, etc. seg\u00fan sus necesidades y preferencias para crear una maceta \u00fanica.<\/p>","protected":false},"featured_media":768,"comment_status":"closed","ping_status":"closed","template":"","meta":{"_acf_changed":false},"product_brand":[],"product_cat":[23,42,18,21],"product_tag":[38],"class_list":{"0":"post-767","1":"product","2":"type-product","3":"status-publish","4":"has-post-thumbnail","6":"product_cat-ceramic-pots-planters","7":"product_cat-wholesale-ceramic-plant-pots","8":"product_cat-home-decor","9":"product_cat-garden-decor","10":"product_tag-wholesale-terracotta-flower-pots","12":"first","13":"instock","14":"shipping-taxable","15":"product-type-simple"},"acf":[],"_links":{"self":[{"href":"https:\/\/www.santai-ceramics.com\/es\/wp-json\/wp\/v2\/product\/767","targetHints":{"allow":["GET"]}}],"collection":[{"href":"https:\/\/www.santai-ceramics.com\/es\/wp-json\/wp\/v2\/product"}],"about":[{"href":"https:\/\/www.santai-ceramics.com\/es\/wp-json\/wp\/v2\/types\/product"}],"replies":[{"embeddable":true,"href":"https:\/\/www.santai-ceramics.com\/es\/wp-json\/wp\/v2\/comments?post=767"}],"wp:featuredmedia":[{"embeddable":true,"href":"https:\/\/www.santai-ceramics.com\/es\/wp-json\/wp\/v2\/media\/768"}],"wp:attachment":[{"href":"https:\/\/www.santai-ceramics.com\/es\/wp-json\/wp\/v2\/media?parent=767"}],"wp:term":[{"taxonomy":"product_brand","embeddable":true,"href":"https:\/\/www.santai-ceramics.com\/es\/wp-json\/wp\/v2\/product_brand?post=767"},{"taxonomy":"product_cat","embeddable":true,"href":"https:\/\/www.santai-ceramics.com\/es\/wp-json\/wp\/v2\/product_cat?post=767"},{"taxonomy":"product_tag","embeddable":true,"href":"https:\/\/www.santai-ceramics.com\/es\/wp-json\/wp\/v2\/product_tag?post=767"}],"curies":[{"name":"wp","href":"https:\/\/api.w.org\/{rel}","templated":true}]}}