{"id":782,"date":"2024-10-16T14:40:41","date_gmt":"2024-10-16T14:40:41","guid":{"rendered":"https:\/\/www.santai-ceramics.com\/?post_type=product&#038;p=782"},"modified":"2025-06-08T15:11:40","modified_gmt":"2025-06-08T15:11:40","slug":"wholesale-outdoor-clay-plant-pots","status":"publish","type":"product","link":"https:\/\/www.santai-ceramics.com\/es\/product\/wholesale-outdoor-clay-plant-pots\/","title":{"rendered":"Mayorista Macetas de Arcilla para Jardines, Patios y Paisajes"},"content":{"rendered":"<h3 class=\"wp-block-heading\">Par\u00e1metros de la maceta de barro para exterior<\/h3>\n\n\n\n<figure class=\"wp-block-table\"><table class=\"has-fixed-layout\"><tbody><tr><td>Modelo<\/td><td>Nombre del producto<\/td><td>Color<\/td><td>Material<\/td><td>Utiliza<\/td><td>Dimensiones<\/td><td>Peso<\/td><\/tr><tr><td>G34706-H910-A01<\/td><td>Maceta de barro para exterior<\/td><td>Antiguo Oscuro<\/td><td>Terracota<\/td><td>decoracion,salon,jardin<\/td><td>P:24X18cm<\/td><td>2,8kg\/PC<\/td><\/tr><tr><td>G34706-H910-A03<\/td><td>Maceta de barro para exterior<\/td><td>Antiguo Oscuro<\/td><td>Terracota<\/td><td>decoracion,salon,jardin<\/td><td>P:15X12cm<\/td><td>1kg\/PC<\/td><\/tr><\/tbody><\/table><\/figure>\n\n\n\n<h3 class=\"wp-block-heading\">Servicio de macetas de barro personalizadas para exteriores<\/h3>\n\n\n\n<p>Ofrecemos servicios OEM y ODM para nuestros productos.<br>Entrega r\u00e1pida de muestras.<br>Ofrecemos una gran variedad de formas, colores, impresi\u00f3n personalizada, embalaje y otros servicios a medida para satisfacer sus necesidades espec\u00edficas.<br><a style=\"\" href=\"https:\/\/www.santai-ceramics.com\/es\/custom\/\" data-type=\"page\" data-id=\"13\" target=\"_blank\" rel=\"noreferrer noopener\"><strong><b>M\u00e1s informaci\u00f3n<\/b> detalle de maceta de barro para exterior.<\/strong><\/a><\/p>\n\n\n\n<div class=\"wp-block-columns is-layout-flex wp-container-core-columns-is-layout-9d6595d7 wp-block-columns-is-layout-flex\">\n<div class=\"wp-block-column is-layout-flow wp-block-column-is-layout-flow\">\n<figure class=\"wp-block-image size-full\"><img decoding=\"async\" width=\"1200\" height=\"1000\" src=\"https:\/\/www.santai-ceramics.com\/wp-content\/uploads\/2024\/10\/Wholesale-Outdoor-Plant-Pots-5.jpg\" alt=\"Mayorista Macetas de Exterior (5)\" class=\"wp-image-788\" srcset=\"https:\/\/www.santai-ceramics.com\/wp-content\/uploads\/2024\/10\/Wholesale-Outdoor-Plant-Pots-5.jpg 1200w, https:\/\/www.santai-ceramics.com\/wp-content\/uploads\/2024\/10\/Wholesale-Outdoor-Plant-Pots-5-300x250.jpg 300w, https:\/\/www.santai-ceramics.com\/wp-content\/uploads\/2024\/10\/Wholesale-Outdoor-Plant-Pots-5-768x640.jpg 768w, https:\/\/www.santai-ceramics.com\/wp-content\/uploads\/2024\/10\/Wholesale-Outdoor-Plant-Pots-5-600x500.jpg 600w\" sizes=\"(max-width: 1200px) 100vw, 1200px\" \/><\/figure>\n<\/div>\n\n\n\n<div class=\"wp-block-column is-layout-flow wp-block-column-is-layout-flow\">\n<figure class=\"wp-block-image size-full\"><img decoding=\"async\" width=\"1200\" height=\"999\" src=\"https:\/\/www.santai-ceramics.com\/wp-content\/uploads\/2024\/10\/Wholesale-Outdoor-Plant-Pots-6.jpg\" alt=\"Mayorista Macetas de Exterior (6)\" class=\"wp-image-789\" srcset=\"https:\/\/www.santai-ceramics.com\/wp-content\/uploads\/2024\/10\/Wholesale-Outdoor-Plant-Pots-6.jpg 1200w, https:\/\/www.santai-ceramics.com\/wp-content\/uploads\/2024\/10\/Wholesale-Outdoor-Plant-Pots-6-300x250.jpg 300w, https:\/\/www.santai-ceramics.com\/wp-content\/uploads\/2024\/10\/Wholesale-Outdoor-Plant-Pots-6-768x639.jpg 768w, https:\/\/www.santai-ceramics.com\/wp-content\/uploads\/2024\/10\/Wholesale-Outdoor-Plant-Pots-6-600x500.jpg 600w\" sizes=\"(max-width: 1200px) 100vw, 1200px\" \/><\/figure>\n<\/div>\n<\/div>","protected":false},"excerpt":{"rendered":"<p data-pm-slice=\"0 0 []\">Nuestras macetas de arcilla al por mayor al aire libre se hacen para a\u00f1adir un toque de encanto r\u00fastico natural a cualquier jard\u00edn, patio o espacio al aire libre. Vienen en una variedad de estilos y tama\u00f1os, son perfectos para los minoristas, paisajistas y entusiastas del jard\u00edn por igual en busca de opciones de compra a granel.<\/p>\n<h2>Caracter\u00edsticas de la maceta de barro para exterior<\/h2>\n<p><strong>Se adaptan a diversos entornos exteriores<\/strong>: Tanto si se trata de un balc\u00f3n soleado, una terraza o un patio o jard\u00edn fresco y h\u00famedo, esta maceta puede adaptarse bien. Su material resistente a la intemperie y a la corrosi\u00f3n permite que la maceta mantenga su belleza y funcionalidad en diversos entornos, proporcionando un buen ambiente de crecimiento para las plantas.<\/p>\n<p><strong>Adecuado para diversos entornos<\/strong>: La forma de esta maceta de dise\u00f1o antiguo puede adaptarse a diferentes necesidades ambientales. Ya sea un patio cl\u00e1sico, un jard\u00edn moderno o un simple balc\u00f3n.<\/p>\n<p><strong>Alto rendimiento econ\u00f3mico<\/strong>: Teniendo en cuenta el material, el dise\u00f1o y la durabilidad de la maceta, descubrir\u00e1 que este producto es muy rentable. No solo satisface las necesidades b\u00e1sicas de plantaci\u00f3n, sino que tambi\u00e9n aporta efectos decorativos adicionales al espacio exterior.<\/p>\n<p><strong>Servicio OEM&amp;ODM<\/strong>: Como fabricante l\u00edder de decoraci\u00f3n de cer\u00e1mica para jard\u00edn de China, SNATAI ofrece soluciones profesionales al por mayor y personalizadas de macetas para garantizar que cada producto refleje las ideas de los clientes. Nuestros servicios de personalizaci\u00f3n flexibles y estrictos controles de calidad ayudan a los clientes a lograr dise\u00f1os personalizados y mejorar la competitividad en el mercado.<\/p>","protected":false},"featured_media":784,"comment_status":"closed","ping_status":"closed","template":"","meta":{"_acf_changed":false},"product_brand":[],"product_cat":[23,42,21],"product_tag":[38],"class_list":{"0":"post-782","1":"product","2":"type-product","3":"status-publish","4":"has-post-thumbnail","6":"product_cat-ceramic-pots-planters","7":"product_cat-wholesale-ceramic-plant-pots","8":"product_cat-garden-decor","9":"product_tag-wholesale-terracotta-flower-pots","11":"first","12":"instock","13":"shipping-taxable","14":"product-type-simple"},"acf":[],"_links":{"self":[{"href":"https:\/\/www.santai-ceramics.com\/es\/wp-json\/wp\/v2\/product\/782","targetHints":{"allow":["GET"]}}],"collection":[{"href":"https:\/\/www.santai-ceramics.com\/es\/wp-json\/wp\/v2\/product"}],"about":[{"href":"https:\/\/www.santai-ceramics.com\/es\/wp-json\/wp\/v2\/types\/product"}],"replies":[{"embeddable":true,"href":"https:\/\/www.santai-ceramics.com\/es\/wp-json\/wp\/v2\/comments?post=782"}],"wp:featuredmedia":[{"embeddable":true,"href":"https:\/\/www.santai-ceramics.com\/es\/wp-json\/wp\/v2\/media\/784"}],"wp:attachment":[{"href":"https:\/\/www.santai-ceramics.com\/es\/wp-json\/wp\/v2\/media?parent=782"}],"wp:term":[{"taxonomy":"product_brand","embeddable":true,"href":"https:\/\/www.santai-ceramics.com\/es\/wp-json\/wp\/v2\/product_brand?post=782"},{"taxonomy":"product_cat","embeddable":true,"href":"https:\/\/www.santai-ceramics.com\/es\/wp-json\/wp\/v2\/product_cat?post=782"},{"taxonomy":"product_tag","embeddable":true,"href":"https:\/\/www.santai-ceramics.com\/es\/wp-json\/wp\/v2\/product_tag?post=782"}],"curies":[{"name":"wp","href":"https:\/\/api.w.org\/{rel}","templated":true}]}}