{"id":810,"date":"2024-10-17T07:44:23","date_gmt":"2024-10-17T07:44:23","guid":{"rendered":"https:\/\/www.santai-ceramics.com\/?post_type=product&#038;p=810"},"modified":"2025-06-05T10:14:44","modified_gmt":"2025-06-05T10:14:44","slug":"high-quality-wholesale-outdoor-fiber-cement-planters","status":"publish","type":"product","link":"https:\/\/www.santai-ceramics.com\/es\/product\/high-quality-wholesale-outdoor-fiber-cement-planters\/","title":{"rendered":"Venta al Mayor de Jardineras de Fibrocemento para Exterior para Paisajismo Moderno"},"content":{"rendered":"<h3 class=\"wp-block-heading\">Par\u00e1metros de la jardinera de fibrocemento<\/h3>\n\n\n\n<figure class=\"wp-block-table\"><table class=\"has-fixed-layout\"><tbody><tr><td>Modelo<\/td><td>Nombre del producto<\/td><td>Color<\/td><td>Material<\/td><td>Utiliza<\/td><td>Dimensiones<\/td><td>Peso<\/td><\/tr><tr><td>J37040-H885-A01<\/td><td>Jardinera de fibrocemento&nbsp;<\/td><td>Marr\u00f3n claro antiguo<\/td><td>Fibrocemento<\/td><td>decoracion,salon,jardin<\/td><td>P:39X38cm<\/td><td>8,1 kg\/PC<\/td><\/tr><tr><td>J37040-H885-A02<\/td><td>Jardinera de fibrocemento&nbsp;<\/td><td>Marr\u00f3n claro antiguo<\/td><td>Fibrocemento<\/td><td>decoracion,salon,jardin<\/td><td>P:31X30,5cm<\/td><td>5,3 kg\/PC<\/td><\/tr><\/tbody><\/table><\/figure>\n\n\n\n<h3 class=\"wp-block-heading\">Servicio de jardineras a medida<\/h3>\n\n\n\n<p>Ofrecemos servicios OEM y ODM para nuestros productos.<br>Entrega r\u00e1pida de muestras.<br>Ofrecemos una gran variedad de formas, colores, impresi\u00f3n personalizada, embalaje y otros servicios a medida para satisfacer sus necesidades espec\u00edficas.<br><a style=\"\" href=\"https:\/\/www.santai-ceramics.com\/es\/custom\/\" data-type=\"page\" data-id=\"13\" target=\"_blank\" rel=\"noreferrer noopener\"><strong><b>M\u00e1s informaci\u00f3n<\/b> detalle de la jardinera.<\/strong><\/a><\/p>\n\n\n\n<div class=\"wp-block-columns is-layout-flex wp-container-core-columns-is-layout-9d6595d7 wp-block-columns-is-layout-flex\">\n<div class=\"wp-block-column is-layout-flow wp-block-column-is-layout-flow\">\n<figure class=\"wp-block-image size-full\"><img decoding=\"async\" width=\"1806\" height=\"1505\" src=\"https:\/\/www.santai-ceramics.com\/wp-content\/uploads\/2024\/10\/Outdoor-Fiber-Cement-Planter-4.webp\" alt=\"Jardinera de fibrocemento para exterior (4)\" class=\"wp-image-814\" srcset=\"https:\/\/www.santai-ceramics.com\/wp-content\/uploads\/2024\/10\/Outdoor-Fiber-Cement-Planter-4.webp 1806w, https:\/\/www.santai-ceramics.com\/wp-content\/uploads\/2024\/10\/Outdoor-Fiber-Cement-Planter-4-300x250.webp 300w, https:\/\/www.santai-ceramics.com\/wp-content\/uploads\/2024\/10\/Outdoor-Fiber-Cement-Planter-4-768x640.webp 768w, https:\/\/www.santai-ceramics.com\/wp-content\/uploads\/2024\/10\/Outdoor-Fiber-Cement-Planter-4-1200x1000.webp 1200w, https:\/\/www.santai-ceramics.com\/wp-content\/uploads\/2024\/10\/Outdoor-Fiber-Cement-Planter-4-600x500.webp 600w\" sizes=\"(max-width: 1806px) 100vw, 1806px\" \/><\/figure>\n<\/div>\n\n\n\n<div class=\"wp-block-column is-layout-flow wp-block-column-is-layout-flow\">\n<figure class=\"wp-block-image size-full\"><img decoding=\"async\" width=\"1806\" height=\"1505\" src=\"https:\/\/www.santai-ceramics.com\/wp-content\/uploads\/2024\/10\/Outdoor-Fiber-Cement-Planter-3.webp\" alt=\"Jardinera de fibrocemento para exterior (3)\" class=\"wp-image-813\" srcset=\"https:\/\/www.santai-ceramics.com\/wp-content\/uploads\/2024\/10\/Outdoor-Fiber-Cement-Planter-3.webp 1806w, https:\/\/www.santai-ceramics.com\/wp-content\/uploads\/2024\/10\/Outdoor-Fiber-Cement-Planter-3-300x250.webp 300w, https:\/\/www.santai-ceramics.com\/wp-content\/uploads\/2024\/10\/Outdoor-Fiber-Cement-Planter-3-768x640.webp 768w, https:\/\/www.santai-ceramics.com\/wp-content\/uploads\/2024\/10\/Outdoor-Fiber-Cement-Planter-3-1200x1000.webp 1200w, https:\/\/www.santai-ceramics.com\/wp-content\/uploads\/2024\/10\/Outdoor-Fiber-Cement-Planter-3-600x500.webp 600w\" sizes=\"(max-width: 1806px) 100vw, 1806px\" \/><\/figure>\n<\/div>\n<\/div>","protected":false},"excerpt":{"rendered":"<p data-pm-slice=\"0 0 []\">Venta al por mayor jardineras de fibrocemento al aire libre, dar a sus proyectos comerciales y jardiner\u00eda en casa una nueva oportunidad de vida, nuestras jardineras de fibrocemento al aire libre combinan un dise\u00f1o moderno con una durabilidad superior, adecuado para una variedad de plantas y flores. Bienvenido B2B compradores, mayoristas, minoristas en contacto con nosotros para las cotizaciones.<\/p>\n<h2>Caracter\u00edsticas de la jardinera de fibrocemento<\/h2>\n<p><strong>Material resistente<\/strong>: Este macetero al por mayor est\u00e1 hecho de material de fibrocemento de alta resistencia, que puede hacer frente f\u00e1cilmente a los cambios de clima al aire libre y las diferencias extremas de temperatura, y mostrar una excelente durabilidad.<\/p>\n<p><strong>Est\u00e9tica de moda<\/strong>: Las figuras geom\u00e9tricas cuidadosamente talladas en la superficie de la jardinera al por mayor dan al espacio un toque de moda vanguardista, ya sea un patio, una terraza o un rinc\u00f3n al aire libre, puede convertirse en el centro de atenci\u00f3n.<\/p>\n<p><strong>Cerca de la naturaleza<\/strong>: Los colores neutros y las texturas naturales que utiliza crean una sensaci\u00f3n de vuelta a la naturaleza, que se integra perfectamente en dise\u00f1os de jardiner\u00eda modernos minimalistas o cl\u00e1sicos.<\/p>\n<p><strong>Especificaciones diversas<\/strong>: Con el fin de satisfacer las necesidades de plantaci\u00f3n de diferentes plantas, ponemos a su disposici\u00f3n jardineras de varios tama\u00f1os para que elija, desde peque\u00f1as plantas verdes de interior hasta espectaculares \u00e1rboles de exterior, podr\u00e1 encontrar una jardinera adecuada.<\/p>\n<p><strong>Drenaje optimizado<\/strong>: El dise\u00f1o especial de la base ligeramente elevada de la maceta whosale promueve eficazmente la descarga del agua acumulada, mantiene el suelo de la maceta transpirable y proporciona un entorno de crecimiento saludable para las ra\u00edces de las plantas.<\/p>\n<p><strong>Servicios de personalizaci\u00f3n OEM y ODM<\/strong>: Proporcionamos servicios personalizados completos del OEM y del ODM para ayudarle a ganar ventajas del mercado, recepci\u00f3n para entrarnos en contacto con.<\/p>","protected":false},"featured_media":811,"comment_status":"closed","ping_status":"closed","template":"","meta":{"_acf_changed":false},"product_brand":[],"product_cat":[23,41,21,18],"product_tag":[40],"class_list":{"0":"post-810","1":"product","2":"type-product","3":"status-publish","4":"has-post-thumbnail","6":"product_cat-ceramic-pots-planters","7":"product_cat-wholesale-fiber-cement-plant-pots","8":"product_cat-garden-decor","9":"product_cat-home-decor","10":"product_tag-cement-flower-pot","12":"first","13":"instock","14":"shipping-taxable","15":"product-type-simple"},"acf":[],"_links":{"self":[{"href":"https:\/\/www.santai-ceramics.com\/es\/wp-json\/wp\/v2\/product\/810","targetHints":{"allow":["GET"]}}],"collection":[{"href":"https:\/\/www.santai-ceramics.com\/es\/wp-json\/wp\/v2\/product"}],"about":[{"href":"https:\/\/www.santai-ceramics.com\/es\/wp-json\/wp\/v2\/types\/product"}],"replies":[{"embeddable":true,"href":"https:\/\/www.santai-ceramics.com\/es\/wp-json\/wp\/v2\/comments?post=810"}],"wp:featuredmedia":[{"embeddable":true,"href":"https:\/\/www.santai-ceramics.com\/es\/wp-json\/wp\/v2\/media\/811"}],"wp:attachment":[{"href":"https:\/\/www.santai-ceramics.com\/es\/wp-json\/wp\/v2\/media?parent=810"}],"wp:term":[{"taxonomy":"product_brand","embeddable":true,"href":"https:\/\/www.santai-ceramics.com\/es\/wp-json\/wp\/v2\/product_brand?post=810"},{"taxonomy":"product_cat","embeddable":true,"href":"https:\/\/www.santai-ceramics.com\/es\/wp-json\/wp\/v2\/product_cat?post=810"},{"taxonomy":"product_tag","embeddable":true,"href":"https:\/\/www.santai-ceramics.com\/es\/wp-json\/wp\/v2\/product_tag?post=810"}],"curies":[{"name":"wp","href":"https:\/\/api.w.org\/{rel}","templated":true}]}}