{"id":817,"date":"2024-10-17T08:16:23","date_gmt":"2024-10-17T08:16:23","guid":{"rendered":"https:\/\/www.santai-ceramics.com\/?post_type=product&#038;p=817"},"modified":"2024-10-27T14:49:36","modified_gmt":"2024-10-27T14:49:36","slug":"decorative-terracotta-vase-wholesale-with-unique-designs","status":"publish","type":"product","link":"https:\/\/www.santai-ceramics.com\/es\/product\/decorative-terracotta-vase-wholesale-with-unique-designs\/","title":{"rendered":"Jarr\u00f3n decorativo de terracota al por mayor con dise\u00f1os \u00fanicos para su espacio vital"},"content":{"rendered":"<h3 class=\"wp-block-heading\">Par\u00e1metros del jarr\u00f3n decorativo de terracota<\/h3>\n\n\n\n<figure class=\"wp-block-table\"><table class=\"has-fixed-layout\"><tbody><tr><td>Modelo<\/td><td>Nombre del producto<\/td><td>Color<\/td><td>Material<\/td><td>Utiliza<\/td><td>Dimensiones<\/td><td>Peso<\/td><\/tr><tr><td>G37586-H885-A01<\/td><td>\u00a0Decorativo <br>Jarr\u00f3n de terracota<\/td><td>Marr\u00f3n claro antiguo<\/td><td>&nbsp;Terracota<\/td><td>decoracion,salon,jardin<\/td><td>P:15,5X23,5cm<\/td><td>1,9 kg\/PC<\/td><\/tr><tr><td>G37587-H885-A01<\/td><td>\u00a0Decorativo <br>Jarr\u00f3n de terracota<\/td><td>Marr\u00f3n claro antiguo<\/td><td>&nbsp;Terracota<\/td><td>decoracion,salon,jardin<\/td><td>P:19,5X17cm<\/td><td>1,9 kg\/PC<\/td><\/tr><\/tbody><\/table><\/figure>\n\n\n\n<h3 class=\"wp-block-heading\">Servicio de floreros decorativos de terracota personalizados<\/h3>\n\n\n\n<p>Ofrecemos servicios OEM y ODM para nuestros productos.<br>Entrega r\u00e1pida de muestras.<br>Ofrecemos una gran variedad de formas, colores, impresi\u00f3n personalizada, embalaje y otros servicios a medida para satisfacer sus necesidades espec\u00edficas.<br><a style=\"\" href=\"https:\/\/www.santai-ceramics.com\/es\/custom\/\" data-type=\"page\" data-id=\"13\" target=\"_blank\" rel=\"noreferrer noopener\"><strong><b>M\u00e1s informaci\u00f3n<\/b> detalle de jarr\u00f3n de terracota.<\/strong><\/a><\/p>\n\n\n\n<div class=\"wp-block-columns is-layout-flex wp-container-core-columns-is-layout-9d6595d7 wp-block-columns-is-layout-flex\">\n<div class=\"wp-block-column is-layout-flow wp-block-column-is-layout-flow\">\n<figure class=\"wp-block-image size-full\"><img decoding=\"async\" width=\"1500\" height=\"1249\" src=\"https:\/\/www.santai-ceramics.com\/wp-content\/uploads\/2024\/10\/Wholesale-Decorative-Terracotta-Vase-3.jpg\" alt=\"Mayorista Jarr\u00f3n Decorativo de Terracota (3)\" class=\"wp-image-820\" srcset=\"https:\/\/www.santai-ceramics.com\/wp-content\/uploads\/2024\/10\/Wholesale-Decorative-Terracotta-Vase-3.jpg 1500w, https:\/\/www.santai-ceramics.com\/wp-content\/uploads\/2024\/10\/Wholesale-Decorative-Terracotta-Vase-3-300x250.jpg 300w, https:\/\/www.santai-ceramics.com\/wp-content\/uploads\/2024\/10\/Wholesale-Decorative-Terracotta-Vase-3-768x639.jpg 768w, https:\/\/www.santai-ceramics.com\/wp-content\/uploads\/2024\/10\/Wholesale-Decorative-Terracotta-Vase-3-1200x999.jpg 1200w, https:\/\/www.santai-ceramics.com\/wp-content\/uploads\/2024\/10\/Wholesale-Decorative-Terracotta-Vase-3-600x500.jpg 600w\" sizes=\"(max-width: 1500px) 100vw, 1500px\" \/><\/figure>\n<\/div>\n\n\n\n<div class=\"wp-block-column is-layout-flow wp-block-column-is-layout-flow\">\n<figure class=\"wp-block-image size-full\"><img decoding=\"async\" width=\"1500\" height=\"1249\" src=\"https:\/\/www.santai-ceramics.com\/wp-content\/uploads\/2024\/10\/Wholesale-Decorative-Terracotta-Vase-4.jpg\" alt=\"Mayorista Jarr\u00f3n Decorativo de Terracota (4)\" class=\"wp-image-821\" srcset=\"https:\/\/www.santai-ceramics.com\/wp-content\/uploads\/2024\/10\/Wholesale-Decorative-Terracotta-Vase-4.jpg 1500w, https:\/\/www.santai-ceramics.com\/wp-content\/uploads\/2024\/10\/Wholesale-Decorative-Terracotta-Vase-4-300x250.jpg 300w, https:\/\/www.santai-ceramics.com\/wp-content\/uploads\/2024\/10\/Wholesale-Decorative-Terracotta-Vase-4-768x639.jpg 768w, https:\/\/www.santai-ceramics.com\/wp-content\/uploads\/2024\/10\/Wholesale-Decorative-Terracotta-Vase-4-1200x999.jpg 1200w, https:\/\/www.santai-ceramics.com\/wp-content\/uploads\/2024\/10\/Wholesale-Decorative-Terracotta-Vase-4-600x500.jpg 600w\" sizes=\"(max-width: 1500px) 100vw, 1500px\" \/><\/figure>\n<\/div>\n<\/div>","protected":false},"excerpt":{"rendered":"<p data-pm-slice=\"0 0 []\">Explore nuestros dise\u00f1os \u00fanicos de jarrones de terracota al por mayor para a\u00f1adir un encantador ambiente art\u00edstico a su espacio vital. El jarr\u00f3n decorativo est\u00e1 hecho de materiales de arcilla de alta calidad, combinando la artesan\u00eda moderna y tradicional para presentar un aspecto \u00fanico y personalizado. bienvenida B2B compradores en contacto con nosotros para las compras.<\/p>\n<h2>Caracter\u00edsticas del jarr\u00f3n decorativo de terracota<\/h2>\n<p><strong>El dise\u00f1o es \u00fanico y elegante<\/strong>: Este jarr\u00f3n de terracota es principalmente de color marr\u00f3n claro con motivos vegetales de color oscuro, lo que desprende un temperamento sencillo y elegante. Este dise\u00f1o no solo har\u00e1 que el jarr\u00f3n sea m\u00e1s agradable a la vista, sino que tambi\u00e9n puede encajar f\u00e1cilmente en muchos estilos de hogar, enriqueciendo la atm\u00f3sfera art\u00edstica dentro de un espacio interior.<\/p>\n<p><strong>La l\u00ednea suave<\/strong>: El jarr\u00f3n de terracota forma una l\u00ednea hermosa y suave, ya que la parte inferior de este jarr\u00f3n es ancha y sube hasta la parte superior gradualmente. Con este dise\u00f1o de boca redonda, puede hacer que el aspecto general sea muy armonioso.\u00a0<\/p>\n<p><strong>Prop\u00f3sito de diversidad<\/strong>: Con un dise\u00f1o sencillo y elegante, este jarr\u00f3n decorativo de terracota es muy adecuado para ponerlo en el sal\u00f3n, el dormitorio, el estudio o el comedor para que sea lo m\u00e1s destacado en cada espacio. Al mismo tiempo, tambi\u00e9n es un excelente regalo que puede hacer a sus familiares y amigos, llevando todos los buenos deseos.<\/p>\n<p><b>Servicio de floreros personalizados OEM y ODM\uff1a<\/b>Si desea crear su propia maceta personalizada, p\u00f3ngase en contacto con nosotros, los fabricantes de cer\u00e1mica SANTAI le ofrecen opciones de personalizaci\u00f3n ilimitadas.<\/p>","protected":false},"featured_media":818,"comment_status":"closed","ping_status":"closed","template":"","meta":{"_acf_changed":false},"product_brand":[],"product_cat":[18,22],"product_tag":[34],"class_list":{"0":"post-817","1":"product","2":"type-product","3":"status-publish","4":"has-post-thumbnail","6":"product_cat-home-decor","7":"product_cat-vase","8":"product_tag-ceramic-vase","10":"first","11":"instock","12":"shipping-taxable","13":"product-type-simple"},"acf":[],"_links":{"self":[{"href":"https:\/\/www.santai-ceramics.com\/es\/wp-json\/wp\/v2\/product\/817","targetHints":{"allow":["GET"]}}],"collection":[{"href":"https:\/\/www.santai-ceramics.com\/es\/wp-json\/wp\/v2\/product"}],"about":[{"href":"https:\/\/www.santai-ceramics.com\/es\/wp-json\/wp\/v2\/types\/product"}],"replies":[{"embeddable":true,"href":"https:\/\/www.santai-ceramics.com\/es\/wp-json\/wp\/v2\/comments?post=817"}],"wp:featuredmedia":[{"embeddable":true,"href":"https:\/\/www.santai-ceramics.com\/es\/wp-json\/wp\/v2\/media\/818"}],"wp:attachment":[{"href":"https:\/\/www.santai-ceramics.com\/es\/wp-json\/wp\/v2\/media?parent=817"}],"wp:term":[{"taxonomy":"product_brand","embeddable":true,"href":"https:\/\/www.santai-ceramics.com\/es\/wp-json\/wp\/v2\/product_brand?post=817"},{"taxonomy":"product_cat","embeddable":true,"href":"https:\/\/www.santai-ceramics.com\/es\/wp-json\/wp\/v2\/product_cat?post=817"},{"taxonomy":"product_tag","embeddable":true,"href":"https:\/\/www.santai-ceramics.com\/es\/wp-json\/wp\/v2\/product_tag?post=817"}],"curies":[{"name":"wp","href":"https:\/\/api.w.org\/{rel}","templated":true}]}}