{"id":823,"date":"2024-10-17T09:00:21","date_gmt":"2024-10-17T09:00:21","guid":{"rendered":"https:\/\/www.santai-ceramics.com\/?post_type=product&#038;p=823"},"modified":"2025-06-08T15:10:25","modified_gmt":"2025-06-08T15:10:25","slug":"wholesale-creative-flower-pots-with-embossed-pattern","status":"publish","type":"product","link":"https:\/\/www.santai-ceramics.com\/es\/product\/wholesale-creative-flower-pots-with-embossed-pattern\/","title":{"rendered":"Mayorista Macetas de Cer\u00e1mica Creativa con Dise\u00f1o en Relieve"},"content":{"rendered":"<h3 class=\"wp-block-heading\">Par\u00e1metros de la maceta de cer\u00e1mica<\/h3>\n\n\n\n<figure class=\"wp-block-table\"><table class=\"has-fixed-layout\"><tbody><tr><td>Modelo<\/td><td>Nombre del producto<\/td><td>Color<\/td><td>Material<\/td><td>Utiliza<\/td><td>Dimensiones<\/td><td>Peso<\/td><\/tr><tr><td>G37587-H885-A01<\/td><td>Maceta de cer\u00e1mica creativa<\/td><td>Marr\u00f3n claro antiguo<\/td><td>&nbsp;Terracota<\/td><td>decoracion,salon,jardin<\/td><td>P:19,5X17cm<\/td><td>1,9 kg\/PC<\/td><\/tr><\/tbody><\/table><\/figure>\n\n\n\n<h3 class=\"wp-block-heading\">Servicio de macetas personalizadas<\/h3>\n\n\n\n<p>Ofrecemos servicios OEM y ODM para nuestros productos.<br>Entrega r\u00e1pida de muestras.<br>Ofrecemos una gran variedad de formas, colores, impresi\u00f3n personalizada, embalaje y otros servicios a medida para satisfacer sus necesidades espec\u00edficas.<br><a style=\"\" href=\"https:\/\/www.santai-ceramics.com\/es\/custom\/\" data-type=\"page\" data-id=\"13\" target=\"_blank\" rel=\"noreferrer noopener\"><strong><b>M\u00e1s informaci\u00f3n<\/b> detalle de maceta.<\/strong><\/a><\/p>\n\n\n\n<div class=\"wp-block-columns is-layout-flex wp-container-core-columns-is-layout-9d6595d7 wp-block-columns-is-layout-flex\">\n<div class=\"wp-block-column is-layout-flow wp-block-column-is-layout-flow\">\n<figure class=\"wp-block-image size-full\"><img decoding=\"async\" width=\"1200\" height=\"1000\" src=\"https:\/\/www.santai-ceramics.com\/wp-content\/uploads\/2024\/10\/Wholesale-Creative-Flower-Pots-2.jpg\" alt=\"Mayorista Macetas Creativas (2)\" class=\"wp-image-825\" srcset=\"https:\/\/www.santai-ceramics.com\/wp-content\/uploads\/2024\/10\/Wholesale-Creative-Flower-Pots-2.jpg 1200w, https:\/\/www.santai-ceramics.com\/wp-content\/uploads\/2024\/10\/Wholesale-Creative-Flower-Pots-2-300x250.jpg 300w, https:\/\/www.santai-ceramics.com\/wp-content\/uploads\/2024\/10\/Wholesale-Creative-Flower-Pots-2-768x640.jpg 768w, https:\/\/www.santai-ceramics.com\/wp-content\/uploads\/2024\/10\/Wholesale-Creative-Flower-Pots-2-600x500.jpg 600w\" sizes=\"(max-width: 1200px) 100vw, 1200px\" \/><\/figure>\n<\/div>\n\n\n\n<div class=\"wp-block-column is-layout-flow wp-block-column-is-layout-flow\">\n<figure class=\"wp-block-image size-full\"><img decoding=\"async\" width=\"1200\" height=\"1000\" src=\"https:\/\/www.santai-ceramics.com\/wp-content\/uploads\/2024\/10\/Wholesale-Creative-Flower-Pots-3.jpg\" alt=\"Mayorista Macetas Creativas (3)\" class=\"wp-image-826\" srcset=\"https:\/\/www.santai-ceramics.com\/wp-content\/uploads\/2024\/10\/Wholesale-Creative-Flower-Pots-3.jpg 1200w, https:\/\/www.santai-ceramics.com\/wp-content\/uploads\/2024\/10\/Wholesale-Creative-Flower-Pots-3-300x250.jpg 300w, https:\/\/www.santai-ceramics.com\/wp-content\/uploads\/2024\/10\/Wholesale-Creative-Flower-Pots-3-768x640.jpg 768w, https:\/\/www.santai-ceramics.com\/wp-content\/uploads\/2024\/10\/Wholesale-Creative-Flower-Pots-3-600x500.jpg 600w\" sizes=\"(max-width: 1200px) 100vw, 1200px\" \/><\/figure>\n<\/div>\n<\/div>","protected":false},"excerpt":{"rendered":"<p data-pm-slice=\"0 0 []\">Macetas de cer\u00e1mica creativa al por mayor, macetas de estilo antiguo con exquisitos patrones de relieve hacen que el producto no s\u00f3lo sea pr\u00e1ctico, sino que tambi\u00e9n tiene connotaci\u00f3n cultural, adecuado para la decoraci\u00f3n del hogar y el jard\u00edn, bienvenidos los compradores B2B a ponerse en contacto con nosotros para la compra.<\/p>\n<h2>Caracter\u00edsticas de la maceta de cer\u00e1mica<\/h2>\n<p><strong>Textura artesanal<\/strong>: La superficie de la maceta de cer\u00e1mica es marr\u00f3n en algunos puntos con texturas. La textura hecha a mano le da singularidad, con mayor singularidad y valor art\u00edstico del producto.<\/p>\n<p><strong>Naturaleza en relieve<\/strong>: Los motivos vegetales en relieve del exterior de la maceta de cer\u00e1mica contienen elementos naturales, hojas y flores. Su belleza y generosidad hacen que la gente sienta el encanto y la vitalidad de la naturaleza. Esto hace que la maceta de flores en el dise\u00f1o no s\u00f3lo una herramienta de plantaci\u00f3n, sino tambi\u00e9n una decoraci\u00f3n.<\/p>\n<p><strong>Contraste de textura interior y exterior<\/strong>: El interior de la maceta de cer\u00e1mica es liso, mientras que el exterior tiene un dibujo en relieve. Este contraste de texturas en el interior y el exterior hace que la maceta tenga impresiones m\u00e1s diversas, lo que se suma a la estratificaci\u00f3n del producto.<\/p>\n<p><strong>Servicio personalizado OEM&amp;ODM<\/strong>: Como fabricante profesional de macetas de cer\u00e1mica, SANTAI le ofrece una soluci\u00f3n integral de macetas decorativas personalizadas. Nuestros productos son de gran alcance, que abarca una variedad de estilos, tama\u00f1os y colores para satisfacer las necesidades de diferentes clientes.<\/p>","protected":false},"featured_media":824,"comment_status":"closed","ping_status":"closed","template":"","meta":{"_acf_changed":false},"product_brand":[],"product_cat":[23,42,18,21],"product_tag":[38],"class_list":{"0":"post-823","1":"product","2":"type-product","3":"status-publish","4":"has-post-thumbnail","6":"product_cat-ceramic-pots-planters","7":"product_cat-wholesale-ceramic-plant-pots","8":"product_cat-home-decor","9":"product_cat-garden-decor","10":"product_tag-wholesale-terracotta-flower-pots","12":"first","13":"instock","14":"shipping-taxable","15":"product-type-simple"},"acf":[],"_links":{"self":[{"href":"https:\/\/www.santai-ceramics.com\/es\/wp-json\/wp\/v2\/product\/823","targetHints":{"allow":["GET"]}}],"collection":[{"href":"https:\/\/www.santai-ceramics.com\/es\/wp-json\/wp\/v2\/product"}],"about":[{"href":"https:\/\/www.santai-ceramics.com\/es\/wp-json\/wp\/v2\/types\/product"}],"replies":[{"embeddable":true,"href":"https:\/\/www.santai-ceramics.com\/es\/wp-json\/wp\/v2\/comments?post=823"}],"wp:featuredmedia":[{"embeddable":true,"href":"https:\/\/www.santai-ceramics.com\/es\/wp-json\/wp\/v2\/media\/824"}],"wp:attachment":[{"href":"https:\/\/www.santai-ceramics.com\/es\/wp-json\/wp\/v2\/media?parent=823"}],"wp:term":[{"taxonomy":"product_brand","embeddable":true,"href":"https:\/\/www.santai-ceramics.com\/es\/wp-json\/wp\/v2\/product_brand?post=823"},{"taxonomy":"product_cat","embeddable":true,"href":"https:\/\/www.santai-ceramics.com\/es\/wp-json\/wp\/v2\/product_cat?post=823"},{"taxonomy":"product_tag","embeddable":true,"href":"https:\/\/www.santai-ceramics.com\/es\/wp-json\/wp\/v2\/product_tag?post=823"}],"curies":[{"name":"wp","href":"https:\/\/api.w.org\/{rel}","templated":true}]}}