{"id":832,"date":"2024-10-17T09:53:44","date_gmt":"2024-10-17T09:53:44","guid":{"rendered":"https:\/\/www.santai-ceramics.com\/?post_type=product&#038;p=832"},"modified":"2025-06-08T15:10:04","modified_gmt":"2025-06-08T15:10:04","slug":"wholesale-decorative-ceramic-flower-pots","status":"publish","type":"product","link":"https:\/\/www.santai-ceramics.com\/es\/product\/wholesale-decorative-ceramic-flower-pots\/","title":{"rendered":"Mayorista Macetas de Cer\u00e1mica - Venta de Macetas Decorativas a Granel"},"content":{"rendered":"<h3 class=\"wp-block-heading\">Par\u00e1metros de la maceta de cer\u00e1mica<\/h3>\n\n\n\n<figure class=\"wp-block-table\"><table class=\"has-fixed-layout\"><tbody><tr><td>Modelo<\/td><td>Nombre del producto<\/td><td>Color<\/td><td>Material<\/td><td>Utiliza<\/td><td>Dimensiones<\/td><td>Peso<\/td><\/tr><tr><td>A37588-H885-A01<\/td><td>Maceta de cer\u00e1mica beige \u00fanica<\/td><td>Marr\u00f3n claro antiguo<\/td><td>Cer\u00e1mica<\/td><td>decoracion,salon,jardin<\/td><td>22X21.5X29.5cm<\/td><td>2,2 kg\/PC<\/td><\/tr><\/tbody><\/table><\/figure>\n\n\n\n<h3 class=\"wp-block-heading\">Servicio de macetas de cer\u00e1mica personalizadas<\/h3>\n\n\n\n<p>Ofrecemos servicios OEM y ODM para nuestros productos.<br>Entrega r\u00e1pida de muestras.<br>Ofrecemos una gran variedad de formas, colores, impresi\u00f3n personalizada, embalaje y otros servicios a medida para satisfacer sus necesidades espec\u00edficas.<br><a style=\"\" href=\"https:\/\/www.santai-ceramics.com\/es\/custom\/\" data-type=\"page\" data-id=\"13\" target=\"_blank\" rel=\"noreferrer noopener\"><strong><b>M\u00e1s informaci\u00f3n<\/b> detalle de maceta de cer\u00e1mica.<\/strong><\/a><\/p>\n\n\n\n<div class=\"wp-block-columns is-layout-flex wp-container-core-columns-is-layout-9d6595d7 wp-block-columns-is-layout-flex\">\n<div class=\"wp-block-column is-layout-flow wp-block-column-is-layout-flow\">\n<figure class=\"wp-block-image size-full\"><img decoding=\"async\" width=\"1300\" height=\"1083\" src=\"https:\/\/www.santai-ceramics.com\/wp-content\/uploads\/2024\/10\/Wholesale-Decorative-Beige-Ceramic-Low-Flower-Pots-3.jpg\" alt=\"Mayorista Macetas Bajas Decorativas de Cer\u00e1mica Beige (3)\" class=\"wp-image-835\" srcset=\"https:\/\/www.santai-ceramics.com\/wp-content\/uploads\/2024\/10\/Wholesale-Decorative-Beige-Ceramic-Low-Flower-Pots-3.jpg 1300w, https:\/\/www.santai-ceramics.com\/wp-content\/uploads\/2024\/10\/Wholesale-Decorative-Beige-Ceramic-Low-Flower-Pots-3-300x250.jpg 300w, https:\/\/www.santai-ceramics.com\/wp-content\/uploads\/2024\/10\/Wholesale-Decorative-Beige-Ceramic-Low-Flower-Pots-3-768x640.jpg 768w, https:\/\/www.santai-ceramics.com\/wp-content\/uploads\/2024\/10\/Wholesale-Decorative-Beige-Ceramic-Low-Flower-Pots-3-1200x1000.jpg 1200w, https:\/\/www.santai-ceramics.com\/wp-content\/uploads\/2024\/10\/Wholesale-Decorative-Beige-Ceramic-Low-Flower-Pots-3-600x500.jpg 600w\" sizes=\"(max-width: 1300px) 100vw, 1300px\" \/><\/figure>\n<\/div>\n\n\n\n<div class=\"wp-block-column is-layout-flow wp-block-column-is-layout-flow\">\n<figure class=\"wp-block-image size-full\"><img decoding=\"async\" width=\"1300\" height=\"1083\" src=\"https:\/\/www.santai-ceramics.com\/wp-content\/uploads\/2024\/10\/Wholesale-Decorative-Beige-Ceramic-Low-Flower-Pots-4.jpg\" alt=\"Mayorista Macetas Bajas Decorativas de Cer\u00e1mica Beige (4)\" class=\"wp-image-836\" srcset=\"https:\/\/www.santai-ceramics.com\/wp-content\/uploads\/2024\/10\/Wholesale-Decorative-Beige-Ceramic-Low-Flower-Pots-4.jpg 1300w, https:\/\/www.santai-ceramics.com\/wp-content\/uploads\/2024\/10\/Wholesale-Decorative-Beige-Ceramic-Low-Flower-Pots-4-300x250.jpg 300w, https:\/\/www.santai-ceramics.com\/wp-content\/uploads\/2024\/10\/Wholesale-Decorative-Beige-Ceramic-Low-Flower-Pots-4-768x640.jpg 768w, https:\/\/www.santai-ceramics.com\/wp-content\/uploads\/2024\/10\/Wholesale-Decorative-Beige-Ceramic-Low-Flower-Pots-4-1200x1000.jpg 1200w, https:\/\/www.santai-ceramics.com\/wp-content\/uploads\/2024\/10\/Wholesale-Decorative-Beige-Ceramic-Low-Flower-Pots-4-600x500.jpg 600w\" sizes=\"(max-width: 1300px) 100vw, 1300px\" \/><\/figure>\n<\/div>\n<\/div>","protected":false},"excerpt":{"rendered":"<p data-pm-slice=\"0 0 []\">Bienvenido a explorar nuestras macetas de cer\u00e1mica decorativas al por mayor, el suave tono beige hace que las macetas se integren f\u00e1cilmente en cualquier estilo de hogar, y el dise\u00f1o bajo las hace muy adecuadas para plantar varias plantas peque\u00f1as, aportando vitalidad y vitalidad a su espacio. Invitamos a los compradores B2B a ponerse en contacto con nosotros para realizar sus compras.<\/p>\n<h2>Caracter\u00edsticas de las macetas de cer\u00e1mica al por mayor<\/h2>\n<p><strong>Combinaci\u00f3n armoniosa de colores<\/strong>La mezcla de blanco roto y marr\u00f3n claro hace que la maceta sea c\u00e1lida y elegante, mostrando su buena visi\u00f3n de conjunto.<\/p>\n<p><strong>Material cer\u00e1mico de alta calidad<\/strong>: El material del florero es de cer\u00e1mica, con buena durabilidad, resistencia al desgaste y conservaci\u00f3n de la temperatura. As\u00ed, la flor mantendr\u00e1 la temperatura y la humedad durante mucho tiempo dentro del florero, permitiendo que las flores y las plantas crezcan y florezcan bien.<\/p>\n<p><strong>Eleve su sentido del gusto hogare\u00f1o<\/strong>: El dise\u00f1o \u00fanico y la sensaci\u00f3n r\u00fastica y natural de la maceta de cer\u00e1mica hacen que sea el punto culminante en la decoraci\u00f3n de su hogar, que puede mejorar toda la atm\u00f3sfera y el estilo de su habitaci\u00f3n.<\/p>\n<p><strong>Servicio de venta al por mayor de macetas\uff1a<\/strong>Como fabricante profesional de macetas, ofrecemos a nuestros clientes macetas al por mayor a precios competitivos. Bienvenido a ponerse en contacto con nosotros para una cotizaci\u00f3n.<\/p>","protected":false},"featured_media":833,"comment_status":"closed","ping_status":"closed","template":"","meta":{"_acf_changed":false},"product_brand":[],"product_cat":[23,42,21,18],"product_tag":[],"class_list":{"0":"post-832","1":"product","2":"type-product","3":"status-publish","4":"has-post-thumbnail","6":"product_cat-ceramic-pots-planters","7":"product_cat-wholesale-ceramic-plant-pots","8":"product_cat-garden-decor","9":"product_cat-home-decor","11":"first","12":"instock","13":"shipping-taxable","14":"product-type-simple"},"acf":[],"_links":{"self":[{"href":"https:\/\/www.santai-ceramics.com\/es\/wp-json\/wp\/v2\/product\/832","targetHints":{"allow":["GET"]}}],"collection":[{"href":"https:\/\/www.santai-ceramics.com\/es\/wp-json\/wp\/v2\/product"}],"about":[{"href":"https:\/\/www.santai-ceramics.com\/es\/wp-json\/wp\/v2\/types\/product"}],"replies":[{"embeddable":true,"href":"https:\/\/www.santai-ceramics.com\/es\/wp-json\/wp\/v2\/comments?post=832"}],"wp:featuredmedia":[{"embeddable":true,"href":"https:\/\/www.santai-ceramics.com\/es\/wp-json\/wp\/v2\/media\/833"}],"wp:attachment":[{"href":"https:\/\/www.santai-ceramics.com\/es\/wp-json\/wp\/v2\/media?parent=832"}],"wp:term":[{"taxonomy":"product_brand","embeddable":true,"href":"https:\/\/www.santai-ceramics.com\/es\/wp-json\/wp\/v2\/product_brand?post=832"},{"taxonomy":"product_cat","embeddable":true,"href":"https:\/\/www.santai-ceramics.com\/es\/wp-json\/wp\/v2\/product_cat?post=832"},{"taxonomy":"product_tag","embeddable":true,"href":"https:\/\/www.santai-ceramics.com\/es\/wp-json\/wp\/v2\/product_tag?post=832"}],"curies":[{"name":"wp","href":"https:\/\/api.w.org\/{rel}","templated":true}]}}