{"id":838,"date":"2024-10-18T01:05:59","date_gmt":"2024-10-18T01:05:59","guid":{"rendered":"https:\/\/www.santai-ceramics.com\/?post_type=product&#038;p=838"},"modified":"2025-06-12T15:41:20","modified_gmt":"2025-06-12T15:41:20","slug":"home-decoration-resin-candle-holder-wholesale","status":"publish","type":"product","link":"https:\/\/www.santai-ceramics.com\/es\/product\/home-decoration-resin-candle-holder-wholesale\/","title":{"rendered":"Portavelas de Resina al por mayor para decoraci\u00f3n del hogar - Dise\u00f1os elegantes y duraderos para interiores modernos"},"content":{"rendered":"<h3 class=\"wp-block-heading\">Par\u00e1metros del portavelas de resina<\/h3>\n\n\n\n<figure class=\"wp-block-table\"><table class=\"has-fixed-layout\"><tbody><tr><td>Modelo<\/td><td>Nombre del producto<\/td><td>Color<\/td><td>Material<\/td><td>Utiliza<\/td><td>Dimensiones<\/td><td>Peso<\/td><\/tr><tr><td>E37590-H885-A01<\/td><td>Portavelas de resina<\/td><td>Marr\u00f3n claro antiguo<\/td><td>Resina<\/td><td>decoracion,salon,jardin<\/td><td>P:11,5X13,5cm<\/td><td>0,5kg\/PC<\/td><\/tr><tr><td>E37590-H885-A02<\/td><td>Portavelas de resina<\/td><td>Marr\u00f3n claro antiguo<\/td><td>Resina<\/td><td>decoracion,salon,jardin<\/td><td>P:10X12cm<\/td><td>0,3kg\/PC<\/td><\/tr><tr><td>E37590-H885-A03<\/td><td>Portavelas de resina<\/td><td>Marr\u00f3n claro antiguo<\/td><td>Resina<\/td><td>decoracion,salon,jardin<\/td><td>P:6,5X8,5cm<\/td><td>0,14kg\/PC<\/td><\/tr><\/tbody><\/table><\/figure>\n\n\n\n<h3 class=\"wp-block-heading\">Servicio de portavelas personalizados<\/h3>\n\n\n\n<p>Ofrecemos servicios OEM y ODM para nuestros productos.<br>Entrega r\u00e1pida de muestras.<br>Ofrecemos una gran variedad de formas, colores, impresi\u00f3n personalizada, embalaje y otros servicios a medida para satisfacer sus necesidades espec\u00edficas.<br><a style=\"\" href=\"https:\/\/www.santai-ceramics.com\/es\/custom\/\" data-type=\"page\" data-id=\"13\" target=\"_blank\" rel=\"noreferrer noopener\"><strong><b>M\u00e1s informaci\u00f3n<\/b> detalle de portavelas de resina.<\/strong><\/a><\/p>\n\n\n\n<div class=\"wp-block-columns is-layout-flex wp-container-core-columns-is-layout-9d6595d7 wp-block-columns-is-layout-flex\">\n<div class=\"wp-block-column is-layout-flow wp-block-column-is-layout-flow\">\n<figure class=\"wp-block-image size-full\"><img decoding=\"async\" width=\"1500\" height=\"1250\" src=\"https:\/\/www.santai-ceramics.com\/wp-content\/uploads\/2024\/10\/Home-Decoration-Resin-Candle-Holder-4.jpg\" alt=\"Decoraci\u00f3n del hogar Portavelas de resina (4)\" class=\"wp-image-842\" srcset=\"https:\/\/www.santai-ceramics.com\/wp-content\/uploads\/2024\/10\/Home-Decoration-Resin-Candle-Holder-4.jpg 1500w, https:\/\/www.santai-ceramics.com\/wp-content\/uploads\/2024\/10\/Home-Decoration-Resin-Candle-Holder-4-300x250.jpg 300w, https:\/\/www.santai-ceramics.com\/wp-content\/uploads\/2024\/10\/Home-Decoration-Resin-Candle-Holder-4-768x640.jpg 768w, https:\/\/www.santai-ceramics.com\/wp-content\/uploads\/2024\/10\/Home-Decoration-Resin-Candle-Holder-4-1200x1000.jpg 1200w, https:\/\/www.santai-ceramics.com\/wp-content\/uploads\/2024\/10\/Home-Decoration-Resin-Candle-Holder-4-600x500.jpg 600w\" sizes=\"(max-width: 1500px) 100vw, 1500px\" \/><\/figure>\n<\/div>\n\n\n\n<div class=\"wp-block-column is-layout-flow wp-block-column-is-layout-flow\">\n<figure class=\"wp-block-image size-full\"><img decoding=\"async\" width=\"1500\" height=\"1250\" src=\"https:\/\/www.santai-ceramics.com\/wp-content\/uploads\/2024\/10\/Home-Decoration-Resin-Candle-Holder-5.jpg\" alt=\"Decoraci\u00f3n del hogar Portavelas de resina (5)\" class=\"wp-image-843\" srcset=\"https:\/\/www.santai-ceramics.com\/wp-content\/uploads\/2024\/10\/Home-Decoration-Resin-Candle-Holder-5.jpg 1500w, https:\/\/www.santai-ceramics.com\/wp-content\/uploads\/2024\/10\/Home-Decoration-Resin-Candle-Holder-5-300x250.jpg 300w, https:\/\/www.santai-ceramics.com\/wp-content\/uploads\/2024\/10\/Home-Decoration-Resin-Candle-Holder-5-768x640.jpg 768w, https:\/\/www.santai-ceramics.com\/wp-content\/uploads\/2024\/10\/Home-Decoration-Resin-Candle-Holder-5-1200x1000.jpg 1200w, https:\/\/www.santai-ceramics.com\/wp-content\/uploads\/2024\/10\/Home-Decoration-Resin-Candle-Holder-5-600x500.jpg 600w\" sizes=\"(max-width: 1500px) 100vw, 1500px\" \/><\/figure>\n<\/div>\n<\/div>\n\n\n\n<p><\/p>","protected":false},"excerpt":{"rendered":"<p data-pm-slice=\"0 0 []\">Portavelas de resina al por mayor para la decoraci\u00f3n del hogar, este portavelas est\u00e1 hecho de material de resina duradero. Su estilo sencillo y moderno puede integrarse perfectamente en varios estilos de decoraci\u00f3n de interiores, ya sea un sal\u00f3n, un dormitorio o una mesa de comedor. Ofrecemos servicios profesionales de venta al por mayor de portavelas, adecuados para minoristas, tiendas de muebles para el hogar y proyectos de dise\u00f1o de interiores, que le ayudar\u00e1n a satisfacer las necesidades personalizadas de diferentes clientes. P\u00f3ngase en contacto con nosotros para solicitar un presupuesto.<\/p>\n<h2>Caracter\u00edsticas del portavelas de resina<\/h2>\n<p><strong>Dise\u00f1o natural<\/strong>: Inspirado en elementos naturales, la textura y la forma del portavelas de resina son como la forma de los \u00e1rboles, dando a la gente una sensaci\u00f3n de la belleza original de la naturaleza, que es muy adecuado para el estilo de pa\u00eds o la decoraci\u00f3n del hogar con temas de la naturaleza.<\/p>\n<p><strong>Ligero y duradero<\/strong>: El portavelas est\u00e1 hecho de material de resina de alta calidad, que es ligero pero resistente, adecuado para un uso a largo plazo y no es f\u00e1cil que se da\u00f1e o deforme.<\/p>\n<p><strong>Versatilidad<\/strong>: La serie incluye portavelas de diferentes alturas, que pueden utilizarse para velas de distintos tama\u00f1os y tipos para satisfacer las necesidades de diversas ocasiones, como mobiliario decorativo o iluminaci\u00f3n funcional.<\/p>\n<p><strong>Adecuado para diversas ocasiones<\/strong>: Tanto si este portavelas de decoraci\u00f3n para el hogar se coloca en el sal\u00f3n, el dormitorio, la mesa de comedor o el balc\u00f3n exterior, este portavelas puede realzar el gusto decorativo del espacio y crear un ambiente c\u00e1lido y natural.<\/p>\n<p><strong>Servicio mayorista<\/strong>: SANTAI cer\u00e1mica fabricante de decoraci\u00f3n del hogar proporcionar servicios profesionales de vela titular de venta al por mayor, que abarca el dise\u00f1o, muestras r\u00e1pidas, la producci\u00f3n y la entrega, ayudando a los mayoristas y minoristas para llevar productos de calidad a los clientes a precios m\u00e1s competitivos.<\/p>","protected":false},"featured_media":839,"comment_status":"closed","ping_status":"closed","template":"","meta":{"_acf_changed":false},"product_brand":[],"product_cat":[18,26,45],"product_tag":[33],"class_list":{"0":"post-838","1":"product","2":"type-product","3":"status-publish","4":"has-post-thumbnail","6":"product_cat-home-decor","7":"product_cat-home-accessories","8":"product_cat-wholesale-resin-candle-holders","9":"product_tag-wholesale-candle-holders","11":"first","12":"instock","13":"shipping-taxable","14":"product-type-simple"},"acf":[],"_links":{"self":[{"href":"https:\/\/www.santai-ceramics.com\/es\/wp-json\/wp\/v2\/product\/838","targetHints":{"allow":["GET"]}}],"collection":[{"href":"https:\/\/www.santai-ceramics.com\/es\/wp-json\/wp\/v2\/product"}],"about":[{"href":"https:\/\/www.santai-ceramics.com\/es\/wp-json\/wp\/v2\/types\/product"}],"replies":[{"embeddable":true,"href":"https:\/\/www.santai-ceramics.com\/es\/wp-json\/wp\/v2\/comments?post=838"}],"wp:featuredmedia":[{"embeddable":true,"href":"https:\/\/www.santai-ceramics.com\/es\/wp-json\/wp\/v2\/media\/839"}],"wp:attachment":[{"href":"https:\/\/www.santai-ceramics.com\/es\/wp-json\/wp\/v2\/media?parent=838"}],"wp:term":[{"taxonomy":"product_brand","embeddable":true,"href":"https:\/\/www.santai-ceramics.com\/es\/wp-json\/wp\/v2\/product_brand?post=838"},{"taxonomy":"product_cat","embeddable":true,"href":"https:\/\/www.santai-ceramics.com\/es\/wp-json\/wp\/v2\/product_cat?post=838"},{"taxonomy":"product_tag","embeddable":true,"href":"https:\/\/www.santai-ceramics.com\/es\/wp-json\/wp\/v2\/product_tag?post=838"}],"curies":[{"name":"wp","href":"https:\/\/api.w.org\/{rel}","templated":true}]}}