{"id":844,"date":"2024-10-18T01:28:39","date_gmt":"2024-10-18T01:28:39","guid":{"rendered":"https:\/\/www.santai-ceramics.com\/?post_type=product&#038;p=844"},"modified":"2025-06-12T15:40:18","modified_gmt":"2025-06-12T15:40:18","slug":"bulk-decorative-antique-candlesticks-wholesale","status":"publish","type":"product","link":"https:\/\/www.santai-ceramics.com\/es\/product\/bulk-decorative-antique-candlesticks-wholesale\/","title":{"rendered":"A granel decorativos candelabros antiguos para la venta, hecho de resina durable - perfecto para el hogar, decoraci\u00f3n de eventos"},"content":{"rendered":"<h3 class=\"wp-block-heading\">Par\u00e1metros del candelabro decorativo antiguo<\/h3>\n\n\n\n<figure class=\"wp-block-table\"><table class=\"has-fixed-layout\"><tbody><tr><td>Modelo<\/td><td>Nombre del producto<\/td><td>Color<\/td><td>Material<\/td><td>Utiliza<\/td><td>Dimensiones<\/td><td>Peso<\/td><\/tr><tr><td>E37581-H911-A01<\/td><td>Candelabro antiguo decorativo<\/td><td>Violeta oscuro antiguo<\/td><td>Resina<\/td><td>decoraci\u00f3n,sal\u00f3n<\/td><td>P:11X34,5cm<\/td><td>0,8kg\/PC<\/td><\/tr><\/tbody><\/table><\/figure>\n\n\n\n<h3 class=\"wp-block-heading\">Servicio de Candeleros Antiguos Decorativos Personalizados<\/h3>\n\n\n\n<p>Ofrecemos servicios OEM y ODM para nuestros productos.<br>Entrega r\u00e1pida de muestras.<br>Ofrecemos una gran variedad de formas, colores, impresi\u00f3n personalizada, embalaje y otros servicios a medida para satisfacer sus necesidades espec\u00edficas.<br><a style=\"\" href=\"https:\/\/www.santai-ceramics.com\/es\/custom\/\" data-type=\"page\" data-id=\"13\" target=\"_blank\" rel=\"noreferrer noopener\"><strong><b>M\u00e1s informaci\u00f3n<\/b> detalle de candelabro antiguo.<\/strong><\/a><\/p>\n\n\n\n<div class=\"wp-block-columns is-layout-flex wp-container-core-columns-is-layout-9d6595d7 wp-block-columns-is-layout-flex\">\n<div class=\"wp-block-column is-layout-flow wp-block-column-is-layout-flow\">\n<figure class=\"wp-block-image size-full\"><img decoding=\"async\" width=\"1500\" height=\"1249\" src=\"https:\/\/www.santai-ceramics.com\/wp-content\/uploads\/2024\/10\/Bulk-Decorative-Antique-Candlesticks-2.jpg\" alt=\"Candeleros decorativos antiguos a granel (2)\" class=\"wp-image-846\" srcset=\"https:\/\/www.santai-ceramics.com\/wp-content\/uploads\/2024\/10\/Bulk-Decorative-Antique-Candlesticks-2.jpg 1500w, https:\/\/www.santai-ceramics.com\/wp-content\/uploads\/2024\/10\/Bulk-Decorative-Antique-Candlesticks-2-300x250.jpg 300w, https:\/\/www.santai-ceramics.com\/wp-content\/uploads\/2024\/10\/Bulk-Decorative-Antique-Candlesticks-2-768x639.jpg 768w, https:\/\/www.santai-ceramics.com\/wp-content\/uploads\/2024\/10\/Bulk-Decorative-Antique-Candlesticks-2-1200x999.jpg 1200w, https:\/\/www.santai-ceramics.com\/wp-content\/uploads\/2024\/10\/Bulk-Decorative-Antique-Candlesticks-2-600x500.jpg 600w\" sizes=\"(max-width: 1500px) 100vw, 1500px\" \/><\/figure>\n<\/div>\n\n\n\n<div class=\"wp-block-column is-layout-flow wp-block-column-is-layout-flow\">\n<figure class=\"wp-block-image size-full\"><img decoding=\"async\" width=\"1500\" height=\"1249\" src=\"https:\/\/www.santai-ceramics.com\/wp-content\/uploads\/2024\/10\/Bulk-Decorative-Antique-Candlesticks-3.jpg\" alt=\"Candeleros decorativos antiguos a granel (3)\" class=\"wp-image-847\" srcset=\"https:\/\/www.santai-ceramics.com\/wp-content\/uploads\/2024\/10\/Bulk-Decorative-Antique-Candlesticks-3.jpg 1500w, https:\/\/www.santai-ceramics.com\/wp-content\/uploads\/2024\/10\/Bulk-Decorative-Antique-Candlesticks-3-300x250.jpg 300w, https:\/\/www.santai-ceramics.com\/wp-content\/uploads\/2024\/10\/Bulk-Decorative-Antique-Candlesticks-3-768x639.jpg 768w, https:\/\/www.santai-ceramics.com\/wp-content\/uploads\/2024\/10\/Bulk-Decorative-Antique-Candlesticks-3-1200x999.jpg 1200w, https:\/\/www.santai-ceramics.com\/wp-content\/uploads\/2024\/10\/Bulk-Decorative-Antique-Candlesticks-3-600x500.jpg 600w\" sizes=\"(max-width: 1500px) 100vw, 1500px\" \/><\/figure>\n<\/div>\n<\/div>","protected":false},"excerpt":{"rendered":"<p data-pm-slice=\"0 0 []\">Venta directa de f\u00e1brica de candelabros a granel, estos candelabros decorativos al por mayor est\u00e1n hechos de material de resina de alta calidad y duradero, combinado con un exquisito dise\u00f1o de estilo vintage, a\u00f1adiendo encanto cl\u00e1sico a la decoraci\u00f3n del hogar y eventos. SANTAI alfarer\u00eda fabricante de decoraci\u00f3n del hogar ofrece soluciones profesionales personalizados y candelabros al por mayor, recepci\u00f3n para entrarnos en contacto con para una cita.<\/p>\n<h2>Caracter\u00edsticas del candelabro decorativo antiguo<\/h2>\n<p><strong>Dise\u00f1o en forma de hoja:<\/strong> El dise\u00f1o abstracto en forma de hoja es el modelo de presentaci\u00f3n que adopta. Esta forma general del candelabro decorativo est\u00e1 llena de sentido art\u00edstico y a\u00f1ade un ambiente natural y personalizado a una habitaci\u00f3n. Puede utilizarse tanto para una habitaci\u00f3n de estilo moderno como retro.<\/p>\n<p><strong>Material duradero y de alta calidad:<\/strong> El candelabro decorativo est\u00e1 hecho de material de resina con un s\u00f3lido armaz\u00f3n estructural, y tiene una superficie lisa f\u00e1cil de limpiar y mantener.<\/p>\n<p><strong>Proceso de envejecido:<\/strong> Mediante un fino tratamiento distressing, este candelabro al por mayor presenta una textura met\u00e1lica naturalmente desgastada, como si hubiera sido precipitada por el tiempo, mostrando un fuerte encanto retro, adecuado para los usuarios a los que les gusta el estilo cl\u00e1sico.<\/p>\n<p><strong>Peso ligero:<\/strong> El candelabro decorativo es ligero y f\u00e1cil de mover y colocar. No importa si se pone en una mesa de comedor, repisa de chimenea, estanter\u00eda, o se saca al exterior en algunas situaciones especiales como bodas, esto puede a\u00f1adir un estilo y ambiente \u00fanicos.<\/p>\n<p><strong>Servicio mayorista<\/strong>:Proporcionamos servicios de venta al por mayor de candeleros a compradores B2B a precios superiores para ayudarle a destacar en el mercado.<\/p>","protected":false},"featured_media":845,"comment_status":"closed","ping_status":"closed","template":"","meta":{"_acf_changed":false},"product_brand":[],"product_cat":[18,26,45],"product_tag":[33],"class_list":{"0":"post-844","1":"product","2":"type-product","3":"status-publish","4":"has-post-thumbnail","6":"product_cat-home-decor","7":"product_cat-home-accessories","8":"product_cat-wholesale-resin-candle-holders","9":"product_tag-wholesale-candle-holders","11":"first","12":"instock","13":"shipping-taxable","14":"product-type-simple"},"acf":[],"_links":{"self":[{"href":"https:\/\/www.santai-ceramics.com\/es\/wp-json\/wp\/v2\/product\/844","targetHints":{"allow":["GET"]}}],"collection":[{"href":"https:\/\/www.santai-ceramics.com\/es\/wp-json\/wp\/v2\/product"}],"about":[{"href":"https:\/\/www.santai-ceramics.com\/es\/wp-json\/wp\/v2\/types\/product"}],"replies":[{"embeddable":true,"href":"https:\/\/www.santai-ceramics.com\/es\/wp-json\/wp\/v2\/comments?post=844"}],"wp:featuredmedia":[{"embeddable":true,"href":"https:\/\/www.santai-ceramics.com\/es\/wp-json\/wp\/v2\/media\/845"}],"wp:attachment":[{"href":"https:\/\/www.santai-ceramics.com\/es\/wp-json\/wp\/v2\/media?parent=844"}],"wp:term":[{"taxonomy":"product_brand","embeddable":true,"href":"https:\/\/www.santai-ceramics.com\/es\/wp-json\/wp\/v2\/product_brand?post=844"},{"taxonomy":"product_cat","embeddable":true,"href":"https:\/\/www.santai-ceramics.com\/es\/wp-json\/wp\/v2\/product_cat?post=844"},{"taxonomy":"product_tag","embeddable":true,"href":"https:\/\/www.santai-ceramics.com\/es\/wp-json\/wp\/v2\/product_tag?post=844"}],"curies":[{"name":"wp","href":"https:\/\/api.w.org\/{rel}","templated":true}]}}