{"id":855,"date":"2024-10-18T02:41:52","date_gmt":"2024-10-18T02:41:52","guid":{"rendered":"https:\/\/www.santai-ceramics.com\/?post_type=product&#038;p=855"},"modified":"2024-10-27T14:47:06","modified_gmt":"2024-10-27T14:47:06","slug":"wholesale-animal-ornaments-home-decor-cat","status":"publish","type":"product","link":"https:\/\/www.santai-ceramics.com\/es\/product\/wholesale-animal-ornaments-home-decor-cat\/","title":{"rendered":"Adornos de gato personalizado para la venta, venta directa de f\u00e1brica de adornos de animales a granel,"},"content":{"rendered":"<h3 class=\"wp-block-heading\">Par\u00e1metros de los adornos para gatos<\/h3>\n\n\n\n<figure class=\"wp-block-table\"><table class=\"has-fixed-layout\"><tbody><tr><td>Modelo<\/td><td>Nombre del producto<\/td><td>Color<\/td><td>Material<\/td><td>Utiliza<\/td><td>Dimensiones<\/td><td>Peso<\/td><\/tr><tr><td>E37136-H851-A01<\/td><td>Adorno animal - Gato sentado<\/td><td>Marr\u00f3n antiguo&nbsp;<\/td><td>Resina<\/td><td>decoraci\u00f3n,sal\u00f3n<\/td><td>16,5X8,5X13cm<\/td><td>0,5kg\/PC<\/td><\/tr><tr><td>E37137-H851-A01<\/td><td>Adorno animal-Gato andante<\/td><td>Marr\u00f3n antiguo&nbsp;<\/td><td>Resina<\/td><td>decoraci\u00f3n,sal\u00f3n<\/td><td>14,5X10X16cm<\/td><td>0,6kg\/PC<\/td><\/tr><\/tbody><\/table><\/figure>\n\n\n\n<h3 class=\"wp-block-heading\">Servicio de adornos personalizados para animales<\/h3>\n\n\n\n<p>Ofrecemos servicios OEM y ODM para nuestros productos.<br>Entrega r\u00e1pida de muestras.<br>Ofrecemos una gran variedad de formas, colores, impresi\u00f3n personalizada, embalaje y otros servicios a medida para satisfacer sus necesidades espec\u00edficas.<br><a style=\"\" href=\"https:\/\/www.santai-ceramics.com\/es\/custom\/\" data-type=\"page\" data-id=\"13\" target=\"_blank\" rel=\"noreferrer noopener\"><strong><b>M\u00e1s informaci\u00f3n<\/b> detalle de adornos de animales.<\/strong><\/a><\/p>\n\n\n\n<div class=\"wp-block-columns is-layout-flex wp-container-core-columns-is-layout-9d6595d7 wp-block-columns-is-layout-flex\">\n<div class=\"wp-block-column is-layout-flow wp-block-column-is-layout-flow\">\n<figure class=\"wp-block-image size-full\"><img decoding=\"async\" width=\"1500\" height=\"1250\" src=\"https:\/\/www.santai-ceramics.com\/wp-content\/uploads\/2024\/10\/Animal-Ornaments-Walking-cat-4.jpg\" alt=\"Adornos para animales - Gato andante (4)\" class=\"wp-image-863\" srcset=\"https:\/\/www.santai-ceramics.com\/wp-content\/uploads\/2024\/10\/Animal-Ornaments-Walking-cat-4.jpg 1500w, https:\/\/www.santai-ceramics.com\/wp-content\/uploads\/2024\/10\/Animal-Ornaments-Walking-cat-4-300x250.jpg 300w, https:\/\/www.santai-ceramics.com\/wp-content\/uploads\/2024\/10\/Animal-Ornaments-Walking-cat-4-768x640.jpg 768w, https:\/\/www.santai-ceramics.com\/wp-content\/uploads\/2024\/10\/Animal-Ornaments-Walking-cat-4-1200x1000.jpg 1200w, https:\/\/www.santai-ceramics.com\/wp-content\/uploads\/2024\/10\/Animal-Ornaments-Walking-cat-4-600x500.jpg 600w\" sizes=\"(max-width: 1500px) 100vw, 1500px\" \/><\/figure>\n<\/div>\n\n\n\n<div class=\"wp-block-column is-layout-flow wp-block-column-is-layout-flow\">\n<figure class=\"wp-block-image size-full\"><img decoding=\"async\" width=\"1500\" height=\"1250\" src=\"https:\/\/www.santai-ceramics.com\/wp-content\/uploads\/2024\/10\/Animal-Ornaments-Setting-Cat-4.jpg\" alt=\"Adornos para animales - Gato ambientador (4)\" class=\"wp-image-859\" srcset=\"https:\/\/www.santai-ceramics.com\/wp-content\/uploads\/2024\/10\/Animal-Ornaments-Setting-Cat-4.jpg 1500w, https:\/\/www.santai-ceramics.com\/wp-content\/uploads\/2024\/10\/Animal-Ornaments-Setting-Cat-4-300x250.jpg 300w, https:\/\/www.santai-ceramics.com\/wp-content\/uploads\/2024\/10\/Animal-Ornaments-Setting-Cat-4-768x640.jpg 768w, https:\/\/www.santai-ceramics.com\/wp-content\/uploads\/2024\/10\/Animal-Ornaments-Setting-Cat-4-1200x1000.jpg 1200w, https:\/\/www.santai-ceramics.com\/wp-content\/uploads\/2024\/10\/Animal-Ornaments-Setting-Cat-4-600x500.jpg 600w\" sizes=\"(max-width: 1500px) 100vw, 1500px\" \/><\/figure>\n<\/div>\n<\/div>","protected":false},"excerpt":{"rendered":"<p data-pm-slice=\"0 0 []\">Ofrecemos adornos de animales al por mayor y soluci\u00f3n de adornos personalizados. Estos adornos de animales a\u00f1aden vitalidad y diversi\u00f3n a su espacio. Exquisitos adornos de animales no s\u00f3lo puede decorar su entorno familiar, sino tambi\u00e9n ser dado como regalos a familiares y amigos, adecuados para diversas ocasiones. El fabricante de adornos para el hogar de cer\u00e1mica SANTAI le ofrece precios competitivos.<\/p>\n<h2>Caracter\u00edsticas de los adornos de animales<\/h2>\n<p><strong>Dise\u00f1o bonito y encantador<\/strong>: Los adornos para gatos adoptan una combinaci\u00f3n de colores marr\u00f3n claro y manchas blancas, que resulta c\u00e1lida y adorable. Esta combinaci\u00f3n de colores no s\u00f3lo es f\u00e1cil de integrar en varios estilos de decoraci\u00f3n del hogar, sino que tambi\u00e9n a\u00f1ade un toque vivo y alegre al ambiente del hogar.<\/p>\n<p><strong>Adornos creativos con animales<\/strong>: Los bonitos adornos de animales inspiran la creatividad y la imaginaci\u00f3n de la gente. Tanto si se colocan en el estudio como en el sal\u00f3n, pueden convertirse en una decoraci\u00f3n muy bonita.<\/p>\n<p><strong>Tecnolog\u00eda de producci\u00f3n de alta calidad<\/strong>: Los adornos de gatito est\u00e1n hechos de materiales de resina de alta calidad, con una artesan\u00eda exquisita y un procesamiento adecuado de los detalles. Ya sea el contorno de los adornos o la textura de la superficie, muestra un nivel de producci\u00f3n de alta calidad.<\/p>\n<p><strong>F\u00e1cil de combinar y colocar<\/strong>: Las dos estatuas de animales pueden colocarse por separado o combinadas. No solo son adecuadas para espacios interiores como el estudio y el sal\u00f3n, sino que tambi\u00e9n pueden utilizarse como decoraci\u00f3n para jardines o balcones exteriores.<\/p>\n<p><strong>Servicio profesional de decoraci\u00f3n del hogar al por mayor<\/strong>: SANTAI es un fabricante l\u00edder de decoraci\u00f3n del hogar de cer\u00e1mica de China. Ofrecemos una amplia gama de decoraci\u00f3n de muebles al por mayor, adornos de animales y precios competitivos. B2B compradores son bienvenidos a contactar con nosotros.<\/p>","protected":false},"featured_media":864,"comment_status":"closed","ping_status":"closed","template":"","meta":{"_acf_changed":false},"product_brand":[],"product_cat":[18,25],"product_tag":[32],"class_list":{"0":"post-855","1":"product","2":"type-product","3":"status-publish","4":"has-post-thumbnail","6":"product_cat-home-decor","7":"product_cat-animal-ornaments","8":"product_tag-resin-animal-figurines","10":"first","11":"instock","12":"shipping-taxable","13":"product-type-simple"},"acf":[],"_links":{"self":[{"href":"https:\/\/www.santai-ceramics.com\/es\/wp-json\/wp\/v2\/product\/855","targetHints":{"allow":["GET"]}}],"collection":[{"href":"https:\/\/www.santai-ceramics.com\/es\/wp-json\/wp\/v2\/product"}],"about":[{"href":"https:\/\/www.santai-ceramics.com\/es\/wp-json\/wp\/v2\/types\/product"}],"replies":[{"embeddable":true,"href":"https:\/\/www.santai-ceramics.com\/es\/wp-json\/wp\/v2\/comments?post=855"}],"wp:featuredmedia":[{"embeddable":true,"href":"https:\/\/www.santai-ceramics.com\/es\/wp-json\/wp\/v2\/media\/864"}],"wp:attachment":[{"href":"https:\/\/www.santai-ceramics.com\/es\/wp-json\/wp\/v2\/media?parent=855"}],"wp:term":[{"taxonomy":"product_brand","embeddable":true,"href":"https:\/\/www.santai-ceramics.com\/es\/wp-json\/wp\/v2\/product_brand?post=855"},{"taxonomy":"product_cat","embeddable":true,"href":"https:\/\/www.santai-ceramics.com\/es\/wp-json\/wp\/v2\/product_cat?post=855"},{"taxonomy":"product_tag","embeddable":true,"href":"https:\/\/www.santai-ceramics.com\/es\/wp-json\/wp\/v2\/product_tag?post=855"}],"curies":[{"name":"wp","href":"https:\/\/api.w.org\/{rel}","templated":true}]}}