{"id":866,"date":"2024-10-18T03:25:50","date_gmt":"2024-10-18T03:25:50","guid":{"rendered":"https:\/\/www.santai-ceramics.com\/?post_type=product&#038;p=866"},"modified":"2024-10-24T09:19:09","modified_gmt":"2024-10-24T09:19:09","slug":"wholesale-resin-figurines","status":"publish","type":"product","link":"https:\/\/www.santai-ceramics.com\/es\/product\/wholesale-resin-figurines\/","title":{"rendered":"Mayorista Esculturas Peque\u00f1as para Decoraci\u00f3n : Creaciones Art\u00edsticas \u00danicas"},"content":{"rendered":"<h3 class=\"wp-block-heading\">Par\u00e1metros de Decoraci\u00f3n del hogar Escultura peque\u00f1a<\/h3>\n\n\n\n<figure class=\"wp-block-table\"><table class=\"has-fixed-layout\"><tbody><tr><td>Modelo<\/td><td>Nombre del producto<\/td><td>Color<\/td><td>Material<\/td><td>Utiliza<\/td><td>Dimensiones<\/td><td>Peso<\/td><\/tr><tr><td>E37133-H851-A01<\/td><td>Escultura de resina -Hombre de pie<\/td><td>Marr\u00f3n antiguo&nbsp;<\/td><td>Resina<\/td><td>decoraci\u00f3n,sal\u00f3n<\/td><td>13X11.5X25.5cm<\/td><td>1kg\/PC<\/td><\/tr><tr><td>E37134-H851-A01<\/td><td>Escultura de resina - Hombre sentado<\/td><td>Marr\u00f3n antiguo&nbsp;<\/td><td>Resina<\/td><td>decoraci\u00f3n,sal\u00f3n<\/td><td>12,5X9X17,5cm<\/td><td>0,7kg\/PC<\/td><\/tr><\/tbody><\/table><\/figure>\n\n\n\n<h3 class=\"wp-block-heading\">Servicio de esculturas decorativas a medida<\/h3>\n\n\n\n<p>Ofrecemos servicios OEM y ODM para nuestros productos.<br>Entrega r\u00e1pida de muestras.<br>Ofrecemos una gran variedad de formas, colores, impresi\u00f3n personalizada, embalaje y otros servicios a medida para satisfacer sus necesidades espec\u00edficas.<br><a style=\"\" href=\"https:\/\/www.santai-ceramics.com\/es\/custom\/\" data-type=\"page\" data-id=\"13\" target=\"_blank\" rel=\"noreferrer noopener\"><strong><b>M\u00e1s informaci\u00f3n<\/b> detalle de la escultura.<\/strong><\/a><\/p>\n\n\n\n<div class=\"wp-block-columns is-layout-flex wp-container-core-columns-is-layout-9d6595d7 wp-block-columns-is-layout-flex\">\n<div class=\"wp-block-column is-layout-flow wp-block-column-is-layout-flow\">\n<figure class=\"wp-block-image size-full\"><img decoding=\"async\" width=\"1500\" height=\"1250\" src=\"https:\/\/www.santai-ceramics.com\/wp-content\/uploads\/2024\/10\/Wholesale-Resin-Figurines-2.jpg\" alt=\"Figuras de resina al por mayor (2)\" class=\"wp-image-874\" srcset=\"https:\/\/www.santai-ceramics.com\/wp-content\/uploads\/2024\/10\/Wholesale-Resin-Figurines-2.jpg 1500w, https:\/\/www.santai-ceramics.com\/wp-content\/uploads\/2024\/10\/Wholesale-Resin-Figurines-2-300x250.jpg 300w, https:\/\/www.santai-ceramics.com\/wp-content\/uploads\/2024\/10\/Wholesale-Resin-Figurines-2-768x640.jpg 768w, https:\/\/www.santai-ceramics.com\/wp-content\/uploads\/2024\/10\/Wholesale-Resin-Figurines-2-1200x1000.jpg 1200w, https:\/\/www.santai-ceramics.com\/wp-content\/uploads\/2024\/10\/Wholesale-Resin-Figurines-2-600x500.jpg 600w\" sizes=\"(max-width: 1500px) 100vw, 1500px\" \/><\/figure>\n<\/div>\n\n\n\n<div class=\"wp-block-column is-layout-flow wp-block-column-is-layout-flow\">\n<figure class=\"wp-block-image size-full\"><img decoding=\"async\" width=\"1500\" height=\"1249\" src=\"https:\/\/www.santai-ceramics.com\/wp-content\/uploads\/2024\/10\/Wholesale-Resin-Figurines-1.jpg\" alt=\"Figuras de resina al por mayor (1)\" class=\"wp-image-873\" srcset=\"https:\/\/www.santai-ceramics.com\/wp-content\/uploads\/2024\/10\/Wholesale-Resin-Figurines-1.jpg 1500w, https:\/\/www.santai-ceramics.com\/wp-content\/uploads\/2024\/10\/Wholesale-Resin-Figurines-1-300x250.jpg 300w, https:\/\/www.santai-ceramics.com\/wp-content\/uploads\/2024\/10\/Wholesale-Resin-Figurines-1-768x639.jpg 768w, https:\/\/www.santai-ceramics.com\/wp-content\/uploads\/2024\/10\/Wholesale-Resin-Figurines-1-1200x999.jpg 1200w, https:\/\/www.santai-ceramics.com\/wp-content\/uploads\/2024\/10\/Wholesale-Resin-Figurines-1-600x500.jpg 600w\" sizes=\"(max-width: 1500px) 100vw, 1500px\" \/><\/figure>\n<\/div>\n<\/div>","protected":false},"excerpt":{"rendered":"<p data-pm-slice=\"0 0 []\">Ofrecemos esculturas al por mayor para una exquisita decoraci\u00f3n del hogar. Esta escultura creativa a\u00f1adir\u00e1 encanto art\u00edstico y personal a su espacio. Es adecuada para dormitorio, estudio, biblioteca y otras escenas decorativas. Est\u00e1 hecha de materiales de resina de alta calidad para garantizar su durabilidad y longevidad a la vez que mantiene un aspecto y tacto delicados. No dude en ponerse en contacto con nosotros para pedidos al por mayor.<\/p>\n<h2>Caracter\u00edsticas de Home Decor Escultura peque\u00f1a<\/h2>\n<p><strong>Belleza art\u00edstica:<\/strong> La izquierda es una figura humana sentada y la derecha es una figura humana de pie. Las dos son diferentes, y mediante una combinaci\u00f3n razonable, pueden formar una imagen armoniosa y hermosa. Los tonos claros y la delicada textura de la peque\u00f1a escultura la hacen m\u00e1s ornamental y decorativa.<\/p>\n<p><strong>Funci\u00f3n pr\u00e1ctica:<\/strong> Las esculturas al por mayor no s\u00f3lo son decorativas, sino que, lo que es m\u00e1s importante, tienen funciones pr\u00e1cticas. Pueden evitar eficazmente que los libros resbalen o se desparramen, manteniendo el escritorio ordenado y en orden.<\/p>\n<p><strong>Gran durabilidad:<\/strong> Estas esculturas al por mayor est\u00e1n hechas de resina de alta calidad, con buena durabilidad y resistencia al desgaste. Al mismo tiempo, la limpieza y el mantenimiento de esta escultura es tambi\u00e9n muy conveniente, s\u00f3lo limpie con un pa\u00f1o h\u00famedo.<\/p>\n<p><strong>Personalizaci\u00f3n a medida:<\/strong>Como fabricante profesional de estatuas de decoraci\u00f3n para el hogar. Entendemos la importancia de las diferentes formas de esculturas y colores para diferentes usuarios. Ofrecemos soluci\u00f3n escultura personalizada para los clientes, p\u00f3ngase en contacto con nosotros para obtener soluciones.<\/p>\n<p><strong>Servicio de esculturas al por mayor:<\/strong> Proporcionamos servicio profesional al por mayor de esculturas decorativas para compradores B2B, hoteles, mayoristas, cubriendo dise\u00f1o profesional, muestra r\u00e1pida, producci\u00f3n y entrega, cont\u00e1ctenos para obtener precio competitivo.<\/p>","protected":false},"featured_media":875,"comment_status":"closed","ping_status":"closed","template":"","meta":{"_acf_changed":false},"product_brand":[],"product_cat":[18,25],"product_tag":[32],"class_list":{"0":"post-866","1":"product","2":"type-product","3":"status-publish","4":"has-post-thumbnail","6":"product_cat-home-decor","7":"product_cat-animal-ornaments","8":"product_tag-resin-animal-figurines","10":"first","11":"instock","12":"shipping-taxable","13":"product-type-simple"},"acf":[],"_links":{"self":[{"href":"https:\/\/www.santai-ceramics.com\/es\/wp-json\/wp\/v2\/product\/866","targetHints":{"allow":["GET"]}}],"collection":[{"href":"https:\/\/www.santai-ceramics.com\/es\/wp-json\/wp\/v2\/product"}],"about":[{"href":"https:\/\/www.santai-ceramics.com\/es\/wp-json\/wp\/v2\/types\/product"}],"replies":[{"embeddable":true,"href":"https:\/\/www.santai-ceramics.com\/es\/wp-json\/wp\/v2\/comments?post=866"}],"wp:featuredmedia":[{"embeddable":true,"href":"https:\/\/www.santai-ceramics.com\/es\/wp-json\/wp\/v2\/media\/875"}],"wp:attachment":[{"href":"https:\/\/www.santai-ceramics.com\/es\/wp-json\/wp\/v2\/media?parent=866"}],"wp:term":[{"taxonomy":"product_brand","embeddable":true,"href":"https:\/\/www.santai-ceramics.com\/es\/wp-json\/wp\/v2\/product_brand?post=866"},{"taxonomy":"product_cat","embeddable":true,"href":"https:\/\/www.santai-ceramics.com\/es\/wp-json\/wp\/v2\/product_cat?post=866"},{"taxonomy":"product_tag","embeddable":true,"href":"https:\/\/www.santai-ceramics.com\/es\/wp-json\/wp\/v2\/product_tag?post=866"}],"curies":[{"name":"wp","href":"https:\/\/api.w.org\/{rel}","templated":true}]}}