{"id":885,"date":"2024-10-18T06:40:39","date_gmt":"2024-10-18T06:40:39","guid":{"rendered":"https:\/\/www.santai-ceramics.com\/?post_type=product&#038;p=885"},"modified":"2025-06-12T23:09:43","modified_gmt":"2025-06-12T23:09:43","slug":"wholesale-decorative-ceramic-birds","status":"publish","type":"product","link":"https:\/\/www.santai-ceramics.com\/es\/product\/wholesale-decorative-ceramic-birds\/","title":{"rendered":"Mayorista P\u00e1jaros de Cer\u00e1mica Decorativa, Exquisita Decoraci\u00f3n de P\u00e1jaros de Cer\u00e1mica en Venta"},"content":{"rendered":"<h3 class=\"wp-block-heading\">Par\u00e1metros de los p\u00e1jaros de cer\u00e1mica decorativa<\/h3>\n\n\n\n<figure class=\"wp-block-table\"><table class=\"has-fixed-layout\"><tbody><tr><td>Modelo<\/td><td>Nombre del producto<\/td><td>Color<\/td><td>Material<\/td><td>Utiliza<\/td><td>Dimensiones<\/td><td>Peso<\/td><\/tr><tr><td>A29051-LB24-A01<\/td><td>P\u00e1jaro de pie de cer\u00e1mica<\/td><td>Amarillo brillante<\/td><td>Cer\u00e1mica<\/td><td>decoraci\u00f3n,sal\u00f3n<\/td><td>P:12,5X24 cm<\/td><td>0,6kg\/PC<\/td><\/tr><tr><td>A29052-LB24-A01<\/td><td>P\u00e1jaro agazapado de cer\u00e1mica<\/td><td>Amarillo brillante<\/td><td>Cer\u00e1mica<\/td><td>decoraci\u00f3n,sal\u00f3n<\/td><td>14,5X12X16,5 cm<\/td><td>0,6kg\/PC<\/td><\/tr><tr><td>A29053-LB24-A01<\/td><td>P\u00e1jaro nidificante de cer\u00e1mica<\/td><td>Amarillo brillante<\/td><td>Cer\u00e1mica<\/td><td>decoraci\u00f3n,sal\u00f3n<\/td><td>14X9,5X10 cm<\/td><td>0,3kg\/PC<\/td><\/tr><\/tbody><\/table><\/figure>\n\n\n\n<h3 class=\"wp-block-heading\">Servicio de p\u00e1jaros de cer\u00e1mica decorativos personalizados<\/h3>\n\n\n\n<p>Ofrecemos servicios OEM y ODM para nuestros productos.<br>Entrega r\u00e1pida de muestras.<br>Ofrecemos una gran variedad de formas, colores, impresi\u00f3n personalizada, embalaje y otros servicios a medida para satisfacer sus necesidades espec\u00edficas.<br><a style=\"\" href=\"https:\/\/www.santai-ceramics.com\/es\/custom\/\" data-type=\"page\" data-id=\"13\" target=\"_blank\" rel=\"noreferrer noopener\"><strong><b>M\u00e1s informaci\u00f3n<\/b> detalle de p\u00e1jaro de cer\u00e1mica.<\/strong><\/a><\/p>\n\n\n\n<div class=\"wp-block-columns is-layout-flex wp-container-core-columns-is-layout-9d6595d7 wp-block-columns-is-layout-flex\">\n<div class=\"wp-block-column is-layout-flow wp-block-column-is-layout-flow\">\n<figure class=\"wp-block-image size-full\"><img decoding=\"async\" width=\"1500\" height=\"1249\" src=\"https:\/\/www.santai-ceramics.com\/wp-content\/uploads\/2024\/10\/Wholesale-Decorative-Ceramic-Birds-1.jpg\" alt=\"Mayorista P\u00e1jaros de Cer\u00e1mica Decorativa (1)\" class=\"wp-image-894\" srcset=\"https:\/\/www.santai-ceramics.com\/wp-content\/uploads\/2024\/10\/Wholesale-Decorative-Ceramic-Birds-1.jpg 1500w, https:\/\/www.santai-ceramics.com\/wp-content\/uploads\/2024\/10\/Wholesale-Decorative-Ceramic-Birds-1-300x250.jpg 300w, https:\/\/www.santai-ceramics.com\/wp-content\/uploads\/2024\/10\/Wholesale-Decorative-Ceramic-Birds-1-768x639.jpg 768w, https:\/\/www.santai-ceramics.com\/wp-content\/uploads\/2024\/10\/Wholesale-Decorative-Ceramic-Birds-1-1200x999.jpg 1200w, https:\/\/www.santai-ceramics.com\/wp-content\/uploads\/2024\/10\/Wholesale-Decorative-Ceramic-Birds-1-600x500.jpg 600w\" sizes=\"(max-width: 1500px) 100vw, 1500px\" \/><\/figure>\n<\/div>\n\n\n\n<div class=\"wp-block-column is-layout-flow wp-block-column-is-layout-flow\">\n<figure class=\"wp-block-image size-full\"><img decoding=\"async\" width=\"1500\" height=\"1250\" src=\"https:\/\/www.santai-ceramics.com\/wp-content\/uploads\/2024\/10\/Wholesale-Decorative-Ceramic-Birds-2.jpg\" alt=\"Mayorista P\u00e1jaros de Cer\u00e1mica Decorativa (2)\" class=\"wp-image-895\" srcset=\"https:\/\/www.santai-ceramics.com\/wp-content\/uploads\/2024\/10\/Wholesale-Decorative-Ceramic-Birds-2.jpg 1500w, https:\/\/www.santai-ceramics.com\/wp-content\/uploads\/2024\/10\/Wholesale-Decorative-Ceramic-Birds-2-300x250.jpg 300w, https:\/\/www.santai-ceramics.com\/wp-content\/uploads\/2024\/10\/Wholesale-Decorative-Ceramic-Birds-2-768x640.jpg 768w, https:\/\/www.santai-ceramics.com\/wp-content\/uploads\/2024\/10\/Wholesale-Decorative-Ceramic-Birds-2-1200x1000.jpg 1200w, https:\/\/www.santai-ceramics.com\/wp-content\/uploads\/2024\/10\/Wholesale-Decorative-Ceramic-Birds-2-600x500.jpg 600w\" sizes=\"(max-width: 1500px) 100vw, 1500px\" \/><\/figure>\n<\/div>\n<\/div>","protected":false},"excerpt":{"rendered":"<p data-pm-slice=\"0 0 []\">Ofrecemos exquisitos p\u00e1jaros decorativos de cer\u00e1mica, cada p\u00e1jaro decorativo de cer\u00e1mica est\u00e1 hecho de cer\u00e1mica de alta calidad con una superficie lisa y delicada, adecuada para exhibir en el hogar, restaurantes, caf\u00e9s, etc. Como <a href=\"https:\/\/www.santai-ceramics.com\/es\/\" target=\"_blank\" rel=\"noopener\"><strong>fabricante de cer\u00e1mica decorativa<\/strong><\/a>, ofrecemos precios al por mayor muy competitivos, adecuados para grandes \u00f3rdenes de compra, ayud\u00e1ndole a obtener m\u00e1s espacio de beneficio, bienvenidos compradores B2B a contactarnos.<\/p>\n<h2>Caracter\u00edsticas del p\u00e1jaro de cer\u00e1mica decorativo<\/h2>\n<p><strong>Expresi\u00f3n viva<\/strong>: Esta serie de decoraci\u00f3n de p\u00e1jaros de cer\u00e1mica tiene tres formas, y la combinaci\u00f3n de diferentes formas aumenta la estratificaci\u00f3n visual general y el inter\u00e9s.<\/p>\n<p><strong>Material cer\u00e1mico amarillo<\/strong>: Este p\u00e1jaro decorativo de cer\u00e1mica utiliza cer\u00e1mica de color amarillo brillante, que no s\u00f3lo puede a\u00f1adir calidez y vitalidad al ambiente del hogar, sino tambi\u00e9n garantizar su durabilidad y textura, y mantener su aspecto exquisito durante mucho tiempo.<\/p>\n<p><strong>F\u00e1cil de combinar y adaptar a diversos estilos<\/strong>: Este p\u00e1jaro decorativo de cer\u00e1mica tiene un dise\u00f1o sencillo y personalizado. Ya sea con una simplicidad moderna o con un estilo pastoral retro, puede integrarse perfectamente en el estilo de su hogar.\u00a0<\/p>\n<p><strong>Personalizaci\u00f3n<\/strong>: Como fabricante profesional de decoraci\u00f3n de cer\u00e1mica para el hogar, ofrecemos personalizaci\u00f3n y soporte de m\u00faltiples colores, estilos y tama\u00f1os para satisfacer sus diversas necesidades y ayudar a mejorar su marca.<\/p>","protected":false},"featured_media":894,"comment_status":"closed","ping_status":"closed","template":"","meta":{"_acf_changed":false},"product_brand":[],"product_cat":[18,25,47],"product_tag":[35],"class_list":{"0":"post-885","1":"product","2":"type-product","3":"status-publish","4":"has-post-thumbnail","6":"product_cat-home-decor","7":"product_cat-animal-ornaments","8":"product_cat-wholesale-ceramic-animal-figurines","9":"product_tag-ceramic-animal-figurines","11":"first","12":"instock","13":"shipping-taxable","14":"product-type-simple"},"acf":[],"_links":{"self":[{"href":"https:\/\/www.santai-ceramics.com\/es\/wp-json\/wp\/v2\/product\/885","targetHints":{"allow":["GET"]}}],"collection":[{"href":"https:\/\/www.santai-ceramics.com\/es\/wp-json\/wp\/v2\/product"}],"about":[{"href":"https:\/\/www.santai-ceramics.com\/es\/wp-json\/wp\/v2\/types\/product"}],"replies":[{"embeddable":true,"href":"https:\/\/www.santai-ceramics.com\/es\/wp-json\/wp\/v2\/comments?post=885"}],"wp:featuredmedia":[{"embeddable":true,"href":"https:\/\/www.santai-ceramics.com\/es\/wp-json\/wp\/v2\/media\/894"}],"wp:attachment":[{"href":"https:\/\/www.santai-ceramics.com\/es\/wp-json\/wp\/v2\/media?parent=885"}],"wp:term":[{"taxonomy":"product_brand","embeddable":true,"href":"https:\/\/www.santai-ceramics.com\/es\/wp-json\/wp\/v2\/product_brand?post=885"},{"taxonomy":"product_cat","embeddable":true,"href":"https:\/\/www.santai-ceramics.com\/es\/wp-json\/wp\/v2\/product_cat?post=885"},{"taxonomy":"product_tag","embeddable":true,"href":"https:\/\/www.santai-ceramics.com\/es\/wp-json\/wp\/v2\/product_tag?post=885"}],"curies":[{"name":"wp","href":"https:\/\/api.w.org\/{rel}","templated":true}]}}