{"id":932,"date":"2024-10-18T10:17:28","date_gmt":"2024-10-18T10:17:28","guid":{"rendered":"https:\/\/www.santai-ceramics.com\/?post_type=product&#038;p=932"},"modified":"2025-06-12T23:09:26","modified_gmt":"2025-06-12T23:09:26","slug":"wholesale-ceramic-bird-figurines","status":"publish","type":"product","link":"https:\/\/www.santai-ceramics.com\/es\/product\/wholesale-ceramic-bird-figurines\/","title":{"rendered":"Mayorista Figuras de Cer\u00e1mica de P\u00e1jaros para Decoraci\u00f3n del Hogar y Regalos"},"content":{"rendered":"<h3 class=\"wp-block-heading\">Par\u00e1metros de la figura de p\u00e1jaro de cer\u00e1mica<\/h3>\n\n\n\n<figure class=\"wp-block-table\"><table class=\"has-fixed-layout\"><tbody><tr><td>Modelo<\/td><td>Nombre del producto<\/td><td>Color<\/td><td>Material<\/td><td>Utiliza<\/td><td>Dimensiones<\/td><td>Peso<\/td><\/tr><tr><td>A37467-LC24-A01<\/td><td>P\u00e1jaro de pie de cer\u00e1mica<\/td><td>Blanco y verde<\/td><td>Cer\u00e1mica<\/td><td>decoraci\u00f3n,sal\u00f3n<\/td><td>9,5X7X22cm<\/td><td>0,4kg\/PC<\/td><\/tr><tr><td>A37468-LC24-A01<\/td><td>P\u00e1jaro de pie de cer\u00e1mica<\/td><td>Blanco y verde<\/td><td>Cer\u00e1mica<\/td><td>decoraci\u00f3n,sal\u00f3n<\/td><td>8X7X19cm<\/td><td>0,3kg\/PC<\/td><\/tr><\/tbody><\/table><\/figure>\n\n\n\n<h3 class=\"wp-block-heading\">Servicio de figuritas de cer\u00e1mica personalizadas<\/h3>\n\n\n\n<p>Ofrecemos servicios OEM y ODM para nuestros productos.<br>Entrega r\u00e1pida de muestras.<br>Ofrecemos una gran variedad de formas, colores, impresi\u00f3n personalizada, embalaje y otros servicios a medida para satisfacer sus necesidades espec\u00edficas.<br><a style=\"\" href=\"https:\/\/www.santai-ceramics.com\/es\/custom\/\" data-type=\"page\" data-id=\"13\" target=\"_blank\" rel=\"noreferrer noopener\"><strong><b>M\u00e1s informaci\u00f3n<\/b> detalle de figurita de p\u00e1jaro de cer\u00e1mica.<\/strong><\/a><\/p>\n\n\n\n<div class=\"wp-block-columns is-layout-flex wp-container-core-columns-is-layout-9d6595d7 wp-block-columns-is-layout-flex\">\n<div class=\"wp-block-column is-layout-flow wp-block-column-is-layout-flow\">\n<figure class=\"wp-block-image size-full\"><img decoding=\"async\" width=\"1500\" height=\"1249\" src=\"https:\/\/www.santai-ceramics.com\/wp-content\/uploads\/2024\/10\/Wholesale-Ceramic-Bird-Figurines-3.jpg\" alt=\"Mayorista Figuras de Cer\u00e1mica de P\u00e1jaros (3)\" class=\"wp-image-935\" srcset=\"https:\/\/www.santai-ceramics.com\/wp-content\/uploads\/2024\/10\/Wholesale-Ceramic-Bird-Figurines-3.jpg 1500w, https:\/\/www.santai-ceramics.com\/wp-content\/uploads\/2024\/10\/Wholesale-Ceramic-Bird-Figurines-3-300x250.jpg 300w, https:\/\/www.santai-ceramics.com\/wp-content\/uploads\/2024\/10\/Wholesale-Ceramic-Bird-Figurines-3-768x639.jpg 768w, https:\/\/www.santai-ceramics.com\/wp-content\/uploads\/2024\/10\/Wholesale-Ceramic-Bird-Figurines-3-1200x999.jpg 1200w, https:\/\/www.santai-ceramics.com\/wp-content\/uploads\/2024\/10\/Wholesale-Ceramic-Bird-Figurines-3-600x500.jpg 600w\" sizes=\"(max-width: 1500px) 100vw, 1500px\" \/><\/figure>\n<\/div>\n\n\n\n<div class=\"wp-block-column is-layout-flow wp-block-column-is-layout-flow\">\n<figure class=\"wp-block-image size-full\"><img decoding=\"async\" width=\"1500\" height=\"1250\" src=\"https:\/\/www.santai-ceramics.com\/wp-content\/uploads\/2024\/10\/Wholesale-Ceramic-Bird-Figurines-6.jpg\" alt=\"Mayorista Figuras de Cer\u00e1mica de P\u00e1jaros (6)\" class=\"wp-image-938\" srcset=\"https:\/\/www.santai-ceramics.com\/wp-content\/uploads\/2024\/10\/Wholesale-Ceramic-Bird-Figurines-6.jpg 1500w, https:\/\/www.santai-ceramics.com\/wp-content\/uploads\/2024\/10\/Wholesale-Ceramic-Bird-Figurines-6-300x250.jpg 300w, https:\/\/www.santai-ceramics.com\/wp-content\/uploads\/2024\/10\/Wholesale-Ceramic-Bird-Figurines-6-768x640.jpg 768w, https:\/\/www.santai-ceramics.com\/wp-content\/uploads\/2024\/10\/Wholesale-Ceramic-Bird-Figurines-6-1200x1000.jpg 1200w, https:\/\/www.santai-ceramics.com\/wp-content\/uploads\/2024\/10\/Wholesale-Ceramic-Bird-Figurines-6-600x500.jpg 600w\" sizes=\"(max-width: 1500px) 100vw, 1500px\" \/><\/figure>\n<\/div>\n<\/div>","protected":false},"excerpt":{"rendered":"<p data-pm-slice=\"0 0 []\">Estas encantadoras figuras de p\u00e1jaros de cer\u00e1mica pueden colocarse en estanter\u00edas, escritorios o como adornos florales para a\u00f1adir vitalidad a su hogar. Cada figura de p\u00e1jaro de cer\u00e1mica est\u00e1 cuidadosamente dise\u00f1ada y hecha de cer\u00e1mica de alta calidad con una superficie lisa y un agarre c\u00f3modo, mostrando detalles \u00fanicos y exquisita artesan\u00eda, por lo que es un regalo perfecto. P\u00f3ngase en contacto con nosotros para solicitar un presupuesto.<\/p>\n<h2>Caracter\u00edsticas de la figura de cer\u00e1mica P\u00e1jaro<\/h2>\n<p><strong>Dise\u00f1o exquisito<\/strong>: El color principal de la figura de p\u00e1jaro de cer\u00e1mica es blanco, pero tiene manchas verdes. Todo el dise\u00f1o es sencillo y elegante; esta combinaci\u00f3n de colores puede combinar f\u00e1cilmente con diferentes estilos de decoraci\u00f3n de casas para realzar su belleza.<\/p>\n<p><strong>Placa base con forma cuadrada para mayor estabilidad<\/strong>: Cada escultura de p\u00e1jaro est\u00e1 provista de una base cuadrada de color similar al del cuerpo del p\u00e1jaro. Este dise\u00f1o contribuye a realzar el efecto ornamental y decorativo general, adem\u00e1s de aumentar la estabilidad de la escultura, ya que no puede volcarse f\u00e1cilmente.<\/p>\n<p><strong>Alta durabilidad:<\/strong> La excelente durabilidad y resistencia a la corrosi\u00f3n de los materiales cer\u00e1micos pueden mantener esta colorida figura de p\u00e1jaro de cer\u00e1mica en forma durante mucho tiempo. Incluso si colisi\u00f3n o roce en algunos accidentes sucede durante su uso, no dejar\u00e1 marcas o da\u00f1os f\u00e1cilmente.<\/p>\n<p><strong>Servicio a medida<\/strong>: Ofrecemos servicios personalizados figurine\u3001custom escultura donde los clientes se les permitir\u00e1 elegir de acuerdo a sus preferencias y requerimientos para el tipo, color, patr\u00f3n, e incluso la forma de la base. Permite a cada cliente para obtener una escultura de cer\u00e1mica \u00fanico p\u00e1jaro que se adapte a su personalidad y gusto.<\/p>","protected":false},"featured_media":933,"comment_status":"closed","ping_status":"closed","template":"","meta":{"_acf_changed":false},"product_brand":[],"product_cat":[18,25,47],"product_tag":[35],"class_list":{"0":"post-932","1":"product","2":"type-product","3":"status-publish","4":"has-post-thumbnail","6":"product_cat-home-decor","7":"product_cat-animal-ornaments","8":"product_cat-wholesale-ceramic-animal-figurines","9":"product_tag-ceramic-animal-figurines","11":"first","12":"instock","13":"shipping-taxable","14":"product-type-simple"},"acf":[],"_links":{"self":[{"href":"https:\/\/www.santai-ceramics.com\/es\/wp-json\/wp\/v2\/product\/932","targetHints":{"allow":["GET"]}}],"collection":[{"href":"https:\/\/www.santai-ceramics.com\/es\/wp-json\/wp\/v2\/product"}],"about":[{"href":"https:\/\/www.santai-ceramics.com\/es\/wp-json\/wp\/v2\/types\/product"}],"replies":[{"embeddable":true,"href":"https:\/\/www.santai-ceramics.com\/es\/wp-json\/wp\/v2\/comments?post=932"}],"wp:featuredmedia":[{"embeddable":true,"href":"https:\/\/www.santai-ceramics.com\/es\/wp-json\/wp\/v2\/media\/933"}],"wp:attachment":[{"href":"https:\/\/www.santai-ceramics.com\/es\/wp-json\/wp\/v2\/media?parent=932"}],"wp:term":[{"taxonomy":"product_brand","embeddable":true,"href":"https:\/\/www.santai-ceramics.com\/es\/wp-json\/wp\/v2\/product_brand?post=932"},{"taxonomy":"product_cat","embeddable":true,"href":"https:\/\/www.santai-ceramics.com\/es\/wp-json\/wp\/v2\/product_cat?post=932"},{"taxonomy":"product_tag","embeddable":true,"href":"https:\/\/www.santai-ceramics.com\/es\/wp-json\/wp\/v2\/product_tag?post=932"}],"curies":[{"name":"wp","href":"https:\/\/api.w.org\/{rel}","templated":true}]}}