{"id":939,"date":"2024-10-19T02:22:03","date_gmt":"2024-10-19T02:22:03","guid":{"rendered":"https:\/\/www.santai-ceramics.com\/?post_type=product&#038;p=939"},"modified":"2025-06-12T23:09:19","modified_gmt":"2025-06-12T23:09:19","slug":"wholesale-ceramic-owls-for-home-decor","status":"publish","type":"product","link":"https:\/\/www.santai-ceramics.com\/es\/product\/wholesale-ceramic-owls-for-home-decor\/","title":{"rendered":"Mayorista B\u00fahos de Cer\u00e1mica para Decoraci\u00f3n del Hogar, Figuras de Animales de Cer\u00e1mica en Venta"},"content":{"rendered":"<h3 class=\"wp-block-heading\">Par\u00e1metros del b\u00faho de cer\u00e1mica<\/h3>\n\n\n\n<figure class=\"wp-block-table\"><table class=\"has-fixed-layout\"><tbody><tr><td>Modelo<\/td><td>Nombre del producto<\/td><td>Color<\/td><td>Material<\/td><td>Utiliza<\/td><td>Dimensiones<\/td><td>Peso<\/td><\/tr><tr><td>A37467-LC24-A01<\/td><td>Figurita de cer\u00e1mica B\u00faho<\/td><td>Blanco y verde<\/td><td>Cer\u00e1mica<\/td><td>decoraci\u00f3n,sal\u00f3n<\/td><td>16X16X16,5cm<\/td><td>0,8kg\/PC<\/td><\/tr><tr><td>A37468-LC24-A01<\/td><td>Figurita de cer\u00e1mica B\u00faho<\/td><td>Blanco y verde<\/td><td>Cer\u00e1mica<\/td><td>decoraci\u00f3n,sal\u00f3n<\/td><td>13X13X13,5cm<\/td><td>0,5\/PC<\/td><\/tr><\/tbody><\/table><\/figure>\n\n\n\n<h3 class=\"wp-block-heading\">Servicio de b\u00fahos de cer\u00e1mica personalizados<\/h3>\n\n\n\n<p>Ofrecemos servicios OEM y ODM para nuestros productos.<br>Entrega r\u00e1pida de muestras.<br>Ofrecemos una gran variedad de formas, colores, impresi\u00f3n personalizada, embalaje y otros servicios a medida para satisfacer sus necesidades espec\u00edficas.<br><a style=\"\" href=\"https:\/\/www.santai-ceramics.com\/es\/custom\/\" data-type=\"page\" data-id=\"13\" target=\"_blank\" rel=\"noreferrer noopener\"><strong><b>M\u00e1s informaci\u00f3n<\/b> detalle de figuras de animales de cer\u00e1mica.<\/strong><\/a><\/p>\n\n\n\n<div class=\"wp-block-columns is-layout-flex wp-container-core-columns-is-layout-9d6595d7 wp-block-columns-is-layout-flex\">\n<div class=\"wp-block-column is-layout-flow wp-block-column-is-layout-flow\">\n<figure class=\"wp-block-image size-full\"><img decoding=\"async\" width=\"1500\" height=\"1249\" src=\"https:\/\/www.santai-ceramics.com\/wp-content\/uploads\/2024\/10\/Ceramic-Owl-Statue-Display-4.jpg\" alt=\"Expositor de estatuas de b\u00fahos de cer\u00e1mica (4)\" class=\"wp-image-943\" srcset=\"https:\/\/www.santai-ceramics.com\/wp-content\/uploads\/2024\/10\/Ceramic-Owl-Statue-Display-4.jpg 1500w, https:\/\/www.santai-ceramics.com\/wp-content\/uploads\/2024\/10\/Ceramic-Owl-Statue-Display-4-300x250.jpg 300w, https:\/\/www.santai-ceramics.com\/wp-content\/uploads\/2024\/10\/Ceramic-Owl-Statue-Display-4-768x639.jpg 768w, https:\/\/www.santai-ceramics.com\/wp-content\/uploads\/2024\/10\/Ceramic-Owl-Statue-Display-4-1200x999.jpg 1200w, https:\/\/www.santai-ceramics.com\/wp-content\/uploads\/2024\/10\/Ceramic-Owl-Statue-Display-4-600x500.jpg 600w\" sizes=\"(max-width: 1500px) 100vw, 1500px\" \/><\/figure>\n<\/div>\n\n\n\n<div class=\"wp-block-column is-layout-flow wp-block-column-is-layout-flow\">\n<figure class=\"wp-block-image size-full\"><img decoding=\"async\" width=\"1500\" height=\"1249\" src=\"https:\/\/www.santai-ceramics.com\/wp-content\/uploads\/2024\/10\/Ceramic-Owl-Statue-Display-3.jpg\" alt=\"Expositor de estatuas de b\u00fahos de cer\u00e1mica (3)\" class=\"wp-image-942\" srcset=\"https:\/\/www.santai-ceramics.com\/wp-content\/uploads\/2024\/10\/Ceramic-Owl-Statue-Display-3.jpg 1500w, https:\/\/www.santai-ceramics.com\/wp-content\/uploads\/2024\/10\/Ceramic-Owl-Statue-Display-3-300x250.jpg 300w, https:\/\/www.santai-ceramics.com\/wp-content\/uploads\/2024\/10\/Ceramic-Owl-Statue-Display-3-768x639.jpg 768w, https:\/\/www.santai-ceramics.com\/wp-content\/uploads\/2024\/10\/Ceramic-Owl-Statue-Display-3-1200x999.jpg 1200w, https:\/\/www.santai-ceramics.com\/wp-content\/uploads\/2024\/10\/Ceramic-Owl-Statue-Display-3-600x500.jpg 600w\" sizes=\"(max-width: 1500px) 100vw, 1500px\" \/><\/figure>\n<\/div>\n<\/div>","protected":false},"excerpt":{"rendered":"<p data-pm-slice=\"0 0 []\">La serie de figuras de b\u00faho de cer\u00e1mica es ideal para la decoraci\u00f3n del hogar. Se adapta a cualquier estilo y ocasi\u00f3n, cafeter\u00eda, biblioteca, estudio o dormitorio. Tanto si se colocan solas como combinadas con otras decoraciones, estas estatuillas de b\u00faho pueden aportar calidez y diversi\u00f3n. Hecho de materiales de alta calidad, superficie lisa, excelente tacto, y es muy adecuado como un regalo.Bienvenido a Contacte con nosotros, SANTAI cer\u00e1mica fabricante de decoraci\u00f3n del hogar le proporcionan precios competitivos.<\/p>\n<h2>Caracter\u00edsticas del b\u00faho de cer\u00e1mica<\/h2>\n<p><strong>Forma adorable<\/strong>: La imagen del b\u00faho de cer\u00e1mica es muy apreciada, con un aspecto adorable y un comportamiento inteligente. El detallado tallado expresa plenamente las caracter\u00edsticas del b\u00faho al tiempo que le confiere una personalidad \u00fanica.\u00a0<\/p>\n<p><strong>Exquisita artesan\u00eda:<\/strong> Cada una de las figuras de b\u00faho de cer\u00e1mica ha sido bien elaborada por h\u00e1biles artesanos. La superficie lisa con el elegante color del esmalte se realza mutuamente y hace que la gente tenga un gran deseo de tocarla y apreciarla.<\/p>\n<p><strong>Material de alta calidad:<\/strong> La cer\u00e1mica de alta calidad utilizada garantiza que las figuras de b\u00faho de cer\u00e1mica sean duraderas y pr\u00e1cticas. Su material es a prueba de agua y humedad, f\u00e1cil de limpiar, y puede resistir el desgaste diario; por lo tanto, puede mantener un efecto hermoso de larga duraci\u00f3n.<\/p>\n<p><strong>Multiusos en decoraci\u00f3n:<\/strong> Este b\u00faho de cer\u00e1mica est\u00e1 dise\u00f1ado con un estilo elegante, sencillo y libre que puede integrarse f\u00e1cilmente en diversos estilos decorativos. Adecuado para restaurantes, cafeter\u00edas, bibliotecas, salas de estudio, etc.<\/p>\n<p><strong>Venta al por mayor y personalizaci\u00f3n:<\/strong>SANTAI, como fabricante de cer\u00e1mica, ofrecemos servicios de escultura y figuras de animales personalizadas.<\/p>","protected":false},"featured_media":944,"comment_status":"closed","ping_status":"closed","template":"","meta":{"_acf_changed":false},"product_brand":[],"product_cat":[18,25,47],"product_tag":[35],"class_list":{"0":"post-939","1":"product","2":"type-product","3":"status-publish","4":"has-post-thumbnail","6":"product_cat-home-decor","7":"product_cat-animal-ornaments","8":"product_cat-wholesale-ceramic-animal-figurines","9":"product_tag-ceramic-animal-figurines","11":"first","12":"instock","13":"shipping-taxable","14":"product-type-simple"},"acf":[],"_links":{"self":[{"href":"https:\/\/www.santai-ceramics.com\/es\/wp-json\/wp\/v2\/product\/939","targetHints":{"allow":["GET"]}}],"collection":[{"href":"https:\/\/www.santai-ceramics.com\/es\/wp-json\/wp\/v2\/product"}],"about":[{"href":"https:\/\/www.santai-ceramics.com\/es\/wp-json\/wp\/v2\/types\/product"}],"replies":[{"embeddable":true,"href":"https:\/\/www.santai-ceramics.com\/es\/wp-json\/wp\/v2\/comments?post=939"}],"wp:featuredmedia":[{"embeddable":true,"href":"https:\/\/www.santai-ceramics.com\/es\/wp-json\/wp\/v2\/media\/944"}],"wp:attachment":[{"href":"https:\/\/www.santai-ceramics.com\/es\/wp-json\/wp\/v2\/media?parent=939"}],"wp:term":[{"taxonomy":"product_brand","embeddable":true,"href":"https:\/\/www.santai-ceramics.com\/es\/wp-json\/wp\/v2\/product_brand?post=939"},{"taxonomy":"product_cat","embeddable":true,"href":"https:\/\/www.santai-ceramics.com\/es\/wp-json\/wp\/v2\/product_cat?post=939"},{"taxonomy":"product_tag","embeddable":true,"href":"https:\/\/www.santai-ceramics.com\/es\/wp-json\/wp\/v2\/product_tag?post=939"}],"curies":[{"name":"wp","href":"https:\/\/api.w.org\/{rel}","templated":true}]}}