{"id":946,"date":"2024-10-19T03:08:28","date_gmt":"2024-10-19T03:08:28","guid":{"rendered":"https:\/\/www.santai-ceramics.com\/?post_type=product&#038;p=946"},"modified":"2025-06-12T23:26:31","modified_gmt":"2025-06-12T23:26:31","slug":"wholesale-decorative-bird-figurines","status":"publish","type":"product","link":"https:\/\/www.santai-ceramics.com\/es\/product\/wholesale-decorative-bird-figurines\/","title":{"rendered":"Mayorista Figuras Decorativas de P\u00e1jaros, Esculturas de P\u00e1jaros de Jard\u00edn para Decoraci\u00f3n de Exteriores"},"content":{"rendered":"<h3 class=\"wp-block-heading\">Par\u00e1metros de las figuras decorativas de p\u00e1jaros<\/h3>\n\n\n\n<figure class=\"wp-block-table\"><table class=\"has-fixed-layout\"><tbody><tr><td>Modelo<\/td><td>Nombre del producto<\/td><td>Color<\/td><td>Material<\/td><td>Utiliza<\/td><td>Dimensiones<\/td><td>Peso<\/td><\/tr><tr><td>E37135-H889-A01<\/td><td>Figuras decorativas de p\u00e1jaros<\/td><td>Verde rugoso antiguo<\/td><td>Resina<\/td><td>decoraci\u00f3n,sal\u00f3n<\/td><td>29X8X14,5cm<\/td><td>0,4kg\/PC<\/td><\/tr><\/tbody><\/table><\/figure>\n\n\n\n<h3 class=\"wp-block-heading\">Servicio de figuras decorativas de aves personalizadas<\/h3>\n\n\n\n<p>Ofrecemos servicios OEM y ODM para nuestros productos.<br>Entrega r\u00e1pida de muestras.<br>Ofrecemos una gran variedad de formas, colores, impresi\u00f3n personalizada, embalaje y otros servicios a medida para satisfacer sus necesidades espec\u00edficas.<br><a style=\"\" href=\"https:\/\/www.santai-ceramics.com\/es\/custom\/\" data-type=\"page\" data-id=\"13\" target=\"_blank\" rel=\"noreferrer noopener\"><span><b style=\"font-weight: bold;\">M\u00e1s informaci\u00f3n<\/b><\/span><strong> figuras decorativas de aves detalle.<\/strong><\/a><\/p>\n\n\n\n<div class=\"wp-block-columns is-layout-flex wp-container-core-columns-is-layout-9d6595d7 wp-block-columns-is-layout-flex\">\n<div class=\"wp-block-column is-layout-flow wp-block-column-is-layout-flow\">\n<figure class=\"wp-block-image size-full\"><img decoding=\"async\" width=\"1500\" height=\"1249\" src=\"https:\/\/www.santai-ceramics.com\/wp-content\/uploads\/2024\/10\/decorative-bird-figurines-display-1.jpg\" alt=\"expositor de figuras decorativas de aves (1)\" class=\"wp-image-947\" srcset=\"https:\/\/www.santai-ceramics.com\/wp-content\/uploads\/2024\/10\/decorative-bird-figurines-display-1.jpg 1500w, https:\/\/www.santai-ceramics.com\/wp-content\/uploads\/2024\/10\/decorative-bird-figurines-display-1-300x250.jpg 300w, https:\/\/www.santai-ceramics.com\/wp-content\/uploads\/2024\/10\/decorative-bird-figurines-display-1-768x639.jpg 768w, https:\/\/www.santai-ceramics.com\/wp-content\/uploads\/2024\/10\/decorative-bird-figurines-display-1-1200x999.jpg 1200w, https:\/\/www.santai-ceramics.com\/wp-content\/uploads\/2024\/10\/decorative-bird-figurines-display-1-600x500.jpg 600w\" sizes=\"(max-width: 1500px) 100vw, 1500px\" \/><\/figure>\n<\/div>\n\n\n\n<div class=\"wp-block-column is-layout-flow wp-block-column-is-layout-flow\">\n<figure class=\"wp-block-image size-full\"><img decoding=\"async\" width=\"1500\" height=\"1250\" src=\"https:\/\/www.santai-ceramics.com\/wp-content\/uploads\/2024\/10\/decorative-bird-figurines-display-2.jpg\" alt=\"expositor de figuras decorativas de aves (2)\" class=\"wp-image-948\" srcset=\"https:\/\/www.santai-ceramics.com\/wp-content\/uploads\/2024\/10\/decorative-bird-figurines-display-2.jpg 1500w, https:\/\/www.santai-ceramics.com\/wp-content\/uploads\/2024\/10\/decorative-bird-figurines-display-2-300x250.jpg 300w, https:\/\/www.santai-ceramics.com\/wp-content\/uploads\/2024\/10\/decorative-bird-figurines-display-2-768x640.jpg 768w, https:\/\/www.santai-ceramics.com\/wp-content\/uploads\/2024\/10\/decorative-bird-figurines-display-2-1200x1000.jpg 1200w, https:\/\/www.santai-ceramics.com\/wp-content\/uploads\/2024\/10\/decorative-bird-figurines-display-2-600x500.jpg 600w\" sizes=\"(max-width: 1500px) 100vw, 1500px\" \/><\/figure>\n<\/div>\n<\/div>","protected":false},"excerpt":{"rendered":"<p data-pm-slice=\"0 0 []\">Aporte vida y emoci\u00f3n a jardines, patios y balcones. Las figuras decorativas de p\u00e1jaros est\u00e1n hechas de resina y muestran una meticulosa artesan\u00eda y v\u00edvidos detalles. Perfectas para la decoraci\u00f3n del hogar o el jard\u00edn. Adecuado para minoristas, tiendas de jardiner\u00eda a la venta. P\u00f3ngase en contacto con nosotros para solicitar un presupuesto.<\/p>\n<h2>Caracter\u00edsticas de las figuras decorativas de p\u00e1jaros<\/h2>\n<p><strong>Dise\u00f1o exquisito:<\/strong> Las figuras decorativas de p\u00e1jaros utilizan una combinaci\u00f3n de verde y blanco. El verde simboliza la vitalidad y el blanco representa la pureza y la elegancia, lo que puede dar a la gente una sensaci\u00f3n relajada y agradable.<\/p>\n<p><strong>Artesan\u00eda y materiales nobles:<\/strong> La artesan\u00eda de estas figuras de p\u00e1jaros es muy fina. La forma del p\u00e1jaro y la textura de las plumas muestran un excelente trabajo artesanal.<\/p>\n<p><strong>Decoraci\u00f3n pr\u00e1ctica:<\/strong> Estas figuras de p\u00e1jaros son una decoraci\u00f3n perfecta para el hogar y exteriores. Se puede colocar en la sala de estar, estudio, jard\u00edn y otras \u00e1reas para mejorar el efecto decorativo general del espacio.<\/p>\n<p><strong>Servicio de personalizaci\u00f3n:<\/strong> Ofrecemos servicios profesionales de figuras personalizadas, que abarcan todo el apoyo, desde la selecci\u00f3n de materiales hasta el dise\u00f1o de formas. Elija nuestro servicio de personalizaci\u00f3n para hacer realidad su creatividad.<\/p>","protected":false},"featured_media":950,"comment_status":"closed","ping_status":"closed","template":"","meta":{"_acf_changed":false},"product_brand":[],"product_cat":[18,25,48],"product_tag":[32],"class_list":{"0":"post-946","1":"product","2":"type-product","3":"status-publish","4":"has-post-thumbnail","6":"product_cat-home-decor","7":"product_cat-animal-ornaments","8":"product_cat-wholesale-resin-animal-figurines","9":"product_tag-resin-animal-figurines","11":"first","12":"instock","13":"shipping-taxable","14":"product-type-simple"},"acf":[],"_links":{"self":[{"href":"https:\/\/www.santai-ceramics.com\/es\/wp-json\/wp\/v2\/product\/946","targetHints":{"allow":["GET"]}}],"collection":[{"href":"https:\/\/www.santai-ceramics.com\/es\/wp-json\/wp\/v2\/product"}],"about":[{"href":"https:\/\/www.santai-ceramics.com\/es\/wp-json\/wp\/v2\/types\/product"}],"replies":[{"embeddable":true,"href":"https:\/\/www.santai-ceramics.com\/es\/wp-json\/wp\/v2\/comments?post=946"}],"wp:featuredmedia":[{"embeddable":true,"href":"https:\/\/www.santai-ceramics.com\/es\/wp-json\/wp\/v2\/media\/950"}],"wp:attachment":[{"href":"https:\/\/www.santai-ceramics.com\/es\/wp-json\/wp\/v2\/media?parent=946"}],"wp:term":[{"taxonomy":"product_brand","embeddable":true,"href":"https:\/\/www.santai-ceramics.com\/es\/wp-json\/wp\/v2\/product_brand?post=946"},{"taxonomy":"product_cat","embeddable":true,"href":"https:\/\/www.santai-ceramics.com\/es\/wp-json\/wp\/v2\/product_cat?post=946"},{"taxonomy":"product_tag","embeddable":true,"href":"https:\/\/www.santai-ceramics.com\/es\/wp-json\/wp\/v2\/product_tag?post=946"}],"curies":[{"name":"wp","href":"https:\/\/api.w.org\/{rel}","templated":true}]}}