{"id":952,"date":"2024-10-19T03:47:04","date_gmt":"2024-10-19T03:47:04","guid":{"rendered":"https:\/\/www.santai-ceramics.com\/?post_type=product&#038;p=952"},"modified":"2025-06-30T23:48:17","modified_gmt":"2025-06-30T23:48:17","slug":"wholesale-lizard-figurines","status":"publish","type":"product","link":"https:\/\/www.santai-ceramics.com\/es\/product\/wholesale-lizard-figurines\/","title":{"rendered":"Mayorista Figuras De Lagarto Para Decoracion Del Hogar, Exquisita Estatua De Lagarto Decoracion"},"content":{"rendered":"<h3 class=\"wp-block-heading\">Par\u00e1metros de la Figurita Lagarto<\/h3>\n\n\n\n<figure class=\"wp-block-table\"><table class=\"has-fixed-layout\"><tbody><tr><td>Modelo<\/td><td>Nombre del producto<\/td><td>Color<\/td><td>Material<\/td><td>Utiliza<\/td><td>Dimensiones<\/td><td>Peso<\/td><\/tr><tr><td>E37212-G091-A01<\/td><td>Figurita lagarto de resina<\/td><td>Plata<\/td><td>Resina<\/td><td>decoraci\u00f3n,sal\u00f3n<\/td><td>31,5X17X8cm<\/td><td>0,7kg\/PC<\/td><\/tr><tr><td>E37212-G091-A02<\/td><td>Figurita lagarto de resina<\/td><td>Plata<\/td><td>Resina<\/td><td>decoraci\u00f3n,sal\u00f3n<\/td><td>24,5X15X7cm<\/td><td>0,4kg\/PC<\/td><\/tr><\/tbody><\/table><\/figure>\n\n\n\n<h3 class=\"wp-block-heading\">Servicio de decoraci\u00f3n cer\u00e1mica personalizada<\/h3>\n\n\n\n<p>Ofrecemos servicios OEM y ODM para nuestros productos.<br>Entrega r\u00e1pida de muestras.<br>Ofrecemos una gran variedad de formas, colores, impresi\u00f3n personalizada, embalaje y otros servicios a medida para satisfacer sus necesidades espec\u00edficas.<br><a style=\"\" href=\"https:\/\/www.santai-ceramics.com\/es\/custom\/\" data-type=\"page\" data-id=\"13\" target=\"_blank\" rel=\"noreferrer noopener\"><strong><b>M\u00e1s informaci\u00f3n<\/b> ceramic decor details.<\/strong><\/a><\/p>\n\n\n\n<div class=\"wp-block-columns is-layout-flex wp-container-core-columns-is-layout-9d6595d7 wp-block-columns-is-layout-flex\">\n<div class=\"wp-block-column is-layout-flow wp-block-column-is-layout-flow\">\n<figure class=\"wp-block-image size-full\"><img decoding=\"async\" width=\"2000\" height=\"1666\" src=\"https:\/\/www.santai-ceramics.com\/wp-content\/uploads\/2024\/10\/Wholesale-Lizard-Figurines-Decorations-4.jpg\" alt=\"Mayorista Figuritas Lagarto Decoraci\u00f3n (4)\" class=\"wp-image-956\" srcset=\"https:\/\/www.santai-ceramics.com\/wp-content\/uploads\/2024\/10\/Wholesale-Lizard-Figurines-Decorations-4.jpg 2000w, https:\/\/www.santai-ceramics.com\/wp-content\/uploads\/2024\/10\/Wholesale-Lizard-Figurines-Decorations-4-300x250.jpg 300w, https:\/\/www.santai-ceramics.com\/wp-content\/uploads\/2024\/10\/Wholesale-Lizard-Figurines-Decorations-4-768x640.jpg 768w, https:\/\/www.santai-ceramics.com\/wp-content\/uploads\/2024\/10\/Wholesale-Lizard-Figurines-Decorations-4-1200x1000.jpg 1200w, https:\/\/www.santai-ceramics.com\/wp-content\/uploads\/2024\/10\/Wholesale-Lizard-Figurines-Decorations-4-600x500.jpg 600w\" sizes=\"(max-width: 2000px) 100vw, 2000px\" \/><\/figure>\n<\/div>\n\n\n\n<div class=\"wp-block-column is-layout-flow wp-block-column-is-layout-flow\">\n<figure class=\"wp-block-image size-full\"><img decoding=\"async\" width=\"2000\" height=\"1666\" src=\"https:\/\/www.santai-ceramics.com\/wp-content\/uploads\/2024\/10\/Wholesale-Lizard-Figurines-Decorations-5.jpg\" alt=\"Mayorista Figuras Lagarto Decoraci\u00f3n (5)\" class=\"wp-image-957\" srcset=\"https:\/\/www.santai-ceramics.com\/wp-content\/uploads\/2024\/10\/Wholesale-Lizard-Figurines-Decorations-5.jpg 2000w, https:\/\/www.santai-ceramics.com\/wp-content\/uploads\/2024\/10\/Wholesale-Lizard-Figurines-Decorations-5-300x250.jpg 300w, https:\/\/www.santai-ceramics.com\/wp-content\/uploads\/2024\/10\/Wholesale-Lizard-Figurines-Decorations-5-768x640.jpg 768w, https:\/\/www.santai-ceramics.com\/wp-content\/uploads\/2024\/10\/Wholesale-Lizard-Figurines-Decorations-5-1200x1000.jpg 1200w, https:\/\/www.santai-ceramics.com\/wp-content\/uploads\/2024\/10\/Wholesale-Lizard-Figurines-Decorations-5-600x500.jpg 600w\" sizes=\"(max-width: 2000px) 100vw, 2000px\" \/><\/figure>\n<\/div>\n<\/div>","protected":false},"excerpt":{"rendered":"<p data-pm-slice=\"0 0 []\">Wholesale lizard figurines, designed for home decoration. These lizard figurines are popular for their unique shapes and meticulous craftsmanship, perfectly showing the vivid details of the lizards, made of high-quality resin, with good durability and beauty, and are very suitable for retailers and wholesalers&#8217; purchasing needs. Welcome to contact us for a quote.<\/p>\n<h2>Caracter\u00edsticas de la Figurita Lagarto<\/h2>\n<p><strong>Textura met\u00e1lica realista:<\/strong> Esta figurita de lagarto est\u00e1 hecha de material de resina, m\u00e1s ligero y especialmente tratado para presentar un brillo y una textura met\u00e1licos de gran realismo, lo que a\u00f1ade un efecto visual y un tacto \u00fanicos a la artesan\u00eda.<\/p>\n<p><strong>Finos detalles artesanales:<\/strong> Cada detalle de esta figura de lagarto est\u00e1 cuidadosamente tallado y procesado, mostrando un alt\u00edsimo nivel de artesan\u00eda. Desde las escamas hasta los ojos, cada parte es realista.<\/p>\n<p><strong>Gran durabilidad:<\/strong> El material de resina tiene buena durabilidad y resistencia a la corrosi\u00f3n, lo que permite que esta figura de lagarto mantenga su brillo y forma originales durante mucho tiempo. Incluso si se golpea accidentalmente o se frota en el uso diario, no dejar\u00e1 f\u00e1cilmente marcas o da\u00f1os.<\/p>\n<p><strong>Servicio personalizado:<\/strong> Como fabricante profesional de decoraci\u00f3n para el hogar, SANTAI le ofrece una soluci\u00f3n integral de figuritas personalizadas, que abarca la selecci\u00f3n de materiales, el dise\u00f1o estilizado, las muestras r\u00e1pidas y la producci\u00f3n en serie. P\u00f3ngase en contacto con nosotros para comenzar la personalizaci\u00f3n y hacer realidad su creatividad.<\/p>","protected":false},"featured_media":953,"comment_status":"closed","ping_status":"closed","template":"","meta":{"_acf_changed":false},"product_brand":[],"product_cat":[18,25,48],"product_tag":[32],"class_list":{"0":"post-952","1":"product","2":"type-product","3":"status-publish","4":"has-post-thumbnail","6":"product_cat-home-decor","7":"product_cat-animal-ornaments","8":"product_cat-wholesale-resin-animal-figurines","9":"product_tag-resin-animal-figurines","11":"first","12":"instock","13":"shipping-taxable","14":"product-type-simple"},"acf":[],"_links":{"self":[{"href":"https:\/\/www.santai-ceramics.com\/es\/wp-json\/wp\/v2\/product\/952","targetHints":{"allow":["GET"]}}],"collection":[{"href":"https:\/\/www.santai-ceramics.com\/es\/wp-json\/wp\/v2\/product"}],"about":[{"href":"https:\/\/www.santai-ceramics.com\/es\/wp-json\/wp\/v2\/types\/product"}],"replies":[{"embeddable":true,"href":"https:\/\/www.santai-ceramics.com\/es\/wp-json\/wp\/v2\/comments?post=952"}],"wp:featuredmedia":[{"embeddable":true,"href":"https:\/\/www.santai-ceramics.com\/es\/wp-json\/wp\/v2\/media\/953"}],"wp:attachment":[{"href":"https:\/\/www.santai-ceramics.com\/es\/wp-json\/wp\/v2\/media?parent=952"}],"wp:term":[{"taxonomy":"product_brand","embeddable":true,"href":"https:\/\/www.santai-ceramics.com\/es\/wp-json\/wp\/v2\/product_brand?post=952"},{"taxonomy":"product_cat","embeddable":true,"href":"https:\/\/www.santai-ceramics.com\/es\/wp-json\/wp\/v2\/product_cat?post=952"},{"taxonomy":"product_tag","embeddable":true,"href":"https:\/\/www.santai-ceramics.com\/es\/wp-json\/wp\/v2\/product_tag?post=952"}],"curies":[{"name":"wp","href":"https:\/\/api.w.org\/{rel}","templated":true}]}}