{"id":958,"date":"2024-10-19T07:33:12","date_gmt":"2024-10-19T07:33:12","guid":{"rendered":"https:\/\/www.santai-ceramics.com\/?post_type=product&#038;p=958"},"modified":"2025-06-12T23:26:17","modified_gmt":"2025-06-12T23:26:17","slug":"wholesale-customizable-lizard-ornament","status":"publish","type":"product","link":"https:\/\/www.santai-ceramics.com\/es\/product\/wholesale-customizable-lizard-ornament\/","title":{"rendered":"Mayorista Adornos de Lagarto Personalizables para Decoraci\u00f3n del Hogar, Figuras de Lagarto de Jard\u00edn a Granel"},"content":{"rendered":"<h3 class=\"wp-block-heading\">Par\u00e1metros del ornamento lagarto<\/h3>\n\n\n\n<figure class=\"wp-block-table\"><table class=\"has-fixed-layout\"><tbody><tr><td>Modelo<\/td><td>Nombre del producto<\/td><td>Color<\/td><td>Material<\/td><td>Utiliza<\/td><td>Dimensiones<\/td><td>Peso<\/td><\/tr><tr><td>E37212-H889-A01<\/td><td>Adorno Lagarto<\/td><td>Verde rugoso antiguo<\/td><td>Resina<\/td><td>decoraci\u00f3n,sal\u00f3n<\/td><td>31,5X17X8cm<\/td><td>0,7kg\/PC<\/td><\/tr><tr><td>E37212-H889-A02<\/td><td>Adorno Lagarto<\/td><td>Verde rugoso antiguo<\/td><td>Resina<\/td><td>decoraci\u00f3n,sal\u00f3n<\/td><td>24,5X15X7cm<\/td><td>0,4kg\/PC<\/td><\/tr><\/tbody><\/table><\/figure>\n\n\n\n<h3 class=\"wp-block-heading\">Servicio de adornos lagarto personalizados<\/h3>\n\n\n\n<p>Ofrecemos servicios OEM y ODM para nuestros productos.<br>Entrega r\u00e1pida de muestras.<br>Ofrecemos una gran variedad de formas, colores, impresi\u00f3n personalizada, embalaje y otros servicios a medida para satisfacer sus necesidades espec\u00edficas.<br><a style=\"\" href=\"https:\/\/www.santai-ceramics.com\/es\/custom\/\" data-type=\"page\" data-id=\"13\" target=\"_blank\" rel=\"noreferrer noopener\"><strong><b>M\u00e1s informaci\u00f3n<\/b> detalle de adorno de lagarto.<\/strong><\/a><\/p>\n\n\n\n<div class=\"wp-block-columns is-layout-flex wp-container-core-columns-is-layout-9d6595d7 wp-block-columns-is-layout-flex\">\n<div class=\"wp-block-column is-layout-flow wp-block-column-is-layout-flow\">\n<figure class=\"wp-block-image size-full\"><img decoding=\"async\" width=\"1500\" height=\"1249\" src=\"https:\/\/www.santai-ceramics.com\/wp-content\/uploads\/2024\/10\/Lizard-Ornament-4.jpg\" alt=\"Adorno lagarto (4)\" class=\"wp-image-962\" srcset=\"https:\/\/www.santai-ceramics.com\/wp-content\/uploads\/2024\/10\/Lizard-Ornament-4.jpg 1500w, https:\/\/www.santai-ceramics.com\/wp-content\/uploads\/2024\/10\/Lizard-Ornament-4-300x250.jpg 300w, https:\/\/www.santai-ceramics.com\/wp-content\/uploads\/2024\/10\/Lizard-Ornament-4-768x639.jpg 768w, https:\/\/www.santai-ceramics.com\/wp-content\/uploads\/2024\/10\/Lizard-Ornament-4-1200x999.jpg 1200w, https:\/\/www.santai-ceramics.com\/wp-content\/uploads\/2024\/10\/Lizard-Ornament-4-600x500.jpg 600w\" sizes=\"(max-width: 1500px) 100vw, 1500px\" \/><\/figure>\n<\/div>\n\n\n\n<div class=\"wp-block-column is-layout-flow wp-block-column-is-layout-flow\">\n<figure class=\"wp-block-image size-full\"><img decoding=\"async\" width=\"1500\" height=\"1249\" src=\"https:\/\/www.santai-ceramics.com\/wp-content\/uploads\/2024\/10\/Lizard-Ornament-5.jpg\" alt=\"Adorno lagarto (5)\" class=\"wp-image-963\" srcset=\"https:\/\/www.santai-ceramics.com\/wp-content\/uploads\/2024\/10\/Lizard-Ornament-5.jpg 1500w, https:\/\/www.santai-ceramics.com\/wp-content\/uploads\/2024\/10\/Lizard-Ornament-5-300x250.jpg 300w, https:\/\/www.santai-ceramics.com\/wp-content\/uploads\/2024\/10\/Lizard-Ornament-5-768x639.jpg 768w, https:\/\/www.santai-ceramics.com\/wp-content\/uploads\/2024\/10\/Lizard-Ornament-5-1200x999.jpg 1200w, https:\/\/www.santai-ceramics.com\/wp-content\/uploads\/2024\/10\/Lizard-Ornament-5-600x500.jpg 600w\" sizes=\"(max-width: 1500px) 100vw, 1500px\" \/><\/figure>\n<\/div>\n<\/div>","protected":false},"excerpt":{"rendered":"<p data-pm-slice=\"0 0 []\">Este adorno de lagarto de resina personalizable muestra la forma realista y los detalles del lagarto. Es adecuado para decorar jardines o interiores. Hay muchos tama\u00f1os para elegir. <br \/>Y ofrecemos soluciones de adornos personalizados. Los clientes pueden personalizar los adornos de animales seg\u00fan sus necesidades para satisfacer las necesidades de decoraci\u00f3n de diferentes estilos y ocasiones.\u00a0<\/p>\n<h2>Caracter\u00edsticas del adorno Lagarto<\/h2>\n<p><strong>Arte fuerte:<\/strong> El dise\u00f1o de esta artesan\u00eda ornamental de lagarto no s\u00f3lo se centra en la autenticidad, sino que tambi\u00e9n tiene cierta belleza art\u00edstica, con l\u00edneas suaves y bellas formas, y posee un alto valor ornamental.<\/p>\n<p><strong>Rica estratificaci\u00f3n:<\/strong> Gracias a la textura del material de resina, la textura y los detalles de la superficie del adorno de lagarto son m\u00e1s ricos, lo que a\u00f1ade estratificaci\u00f3n visual y tridimensionalidad.<\/p>\n<p><strong>Adecuado para decoraci\u00f3n:<\/strong> Esta forma realista y art\u00edstica es muy adecuada para exponerla como decoraci\u00f3n en el hogar, la oficina u otros lugares, lo que puede a\u00f1adir un ambiente art\u00edstico al entorno.<\/p>\n<p><strong>Material de resina de alta calidad:<\/strong> Los adornos de lagarto al por mayor utilizan material de resina resistente y duradero que puede soportar el desgaste y el choque en el uso diario y no es f\u00e1cil de da\u00f1ar.<\/p>\n<p><strong>Rentabilidad:<\/strong> En comparaci\u00f3n con algunos materiales caros, el coste de la resina es menor, la eficiencia de producci\u00f3n es alta y tiene una ventaja de precio entre productos similares.<\/p>\n<p><strong>Servicio de personalizaci\u00f3n:<\/strong> Como fabricante de cer\u00e1mica para decoraci\u00f3n del hogar, SANTAI ofrece una soluci\u00f3n integral de adornos personalizados, que abarca la selecci\u00f3n de materiales, el dise\u00f1o y la producci\u00f3n de formas, la producci\u00f3n a gran escala y la entrega.<\/p>","protected":false},"featured_media":959,"comment_status":"closed","ping_status":"closed","template":"","meta":{"_acf_changed":false},"product_brand":[],"product_cat":[18,25,48],"product_tag":[32],"class_list":{"0":"post-958","1":"product","2":"type-product","3":"status-publish","4":"has-post-thumbnail","6":"product_cat-home-decor","7":"product_cat-animal-ornaments","8":"product_cat-wholesale-resin-animal-figurines","9":"product_tag-resin-animal-figurines","11":"first","12":"instock","13":"shipping-taxable","14":"product-type-simple"},"acf":[],"_links":{"self":[{"href":"https:\/\/www.santai-ceramics.com\/es\/wp-json\/wp\/v2\/product\/958","targetHints":{"allow":["GET"]}}],"collection":[{"href":"https:\/\/www.santai-ceramics.com\/es\/wp-json\/wp\/v2\/product"}],"about":[{"href":"https:\/\/www.santai-ceramics.com\/es\/wp-json\/wp\/v2\/types\/product"}],"replies":[{"embeddable":true,"href":"https:\/\/www.santai-ceramics.com\/es\/wp-json\/wp\/v2\/comments?post=958"}],"wp:featuredmedia":[{"embeddable":true,"href":"https:\/\/www.santai-ceramics.com\/es\/wp-json\/wp\/v2\/media\/959"}],"wp:attachment":[{"href":"https:\/\/www.santai-ceramics.com\/es\/wp-json\/wp\/v2\/media?parent=958"}],"wp:term":[{"taxonomy":"product_brand","embeddable":true,"href":"https:\/\/www.santai-ceramics.com\/es\/wp-json\/wp\/v2\/product_brand?post=958"},{"taxonomy":"product_cat","embeddable":true,"href":"https:\/\/www.santai-ceramics.com\/es\/wp-json\/wp\/v2\/product_cat?post=958"},{"taxonomy":"product_tag","embeddable":true,"href":"https:\/\/www.santai-ceramics.com\/es\/wp-json\/wp\/v2\/product_tag?post=958"}],"curies":[{"name":"wp","href":"https:\/\/api.w.org\/{rel}","templated":true}]}}