{"id":964,"date":"2024-10-19T08:28:55","date_gmt":"2024-10-19T08:28:55","guid":{"rendered":"https:\/\/www.santai-ceramics.com\/?post_type=product&#038;p=964"},"modified":"2025-06-12T23:26:09","modified_gmt":"2025-06-12T23:26:09","slug":"wholesale-resin-retro-goat-figurines","status":"publish","type":"product","link":"https:\/\/www.santai-ceramics.com\/es\/product\/wholesale-resin-retro-goat-figurines\/","title":{"rendered":"Mayorista Figuras de Cabra Retro de Resina para Decoraci\u00f3n de Casa, Jard\u00edn y Granja: Soporte Personalizaci\u00f3n"},"content":{"rendered":"<h3 class=\"wp-block-heading\">Par\u00e1metros de la figura de cabra de resina<\/h3>\n\n\n\n<figure class=\"wp-block-table\"><table class=\"has-fixed-layout\"><tbody><tr><td>Modelo<\/td><td>Nombre del producto<\/td><td>Color<\/td><td>Material<\/td><td>Utiliza<\/td><td>Dimensiones<\/td><td>Peso<\/td><\/tr><tr><td>E37216-H856-A01<\/td><td>Cabra sonriente<\/td><td>Marr\u00f3n rugoso antiguo<\/td><td>Resina<\/td><td>decoraci\u00f3n,sal\u00f3n<\/td><td>29X13X13,5cm<\/td><td>1,6 kg\/PC<\/td><\/tr><tr><td>E37216-H856-A02<\/td><td>Cabra sonriente<\/td><td>Marr\u00f3n rugoso antiguo<\/td><td>Resina<\/td><td>decoraci\u00f3n,sal\u00f3n<\/td><td>23,5X11X15cm<\/td><td>1kg\/PC<\/td><\/tr><\/tbody><\/table><\/figure>\n\n\n\n<h3 class=\"wp-block-heading\">Servicio de figuritas de cabra de resina personalizadas<\/h3>\n\n\n\n<p>Ofrecemos servicios OEM y ODM para nuestros productos.<br>Entrega r\u00e1pida de muestras.<br>Ofrecemos una gran variedad de formas, colores, impresi\u00f3n personalizada, embalaje y otros servicios a medida para satisfacer sus necesidades espec\u00edficas.<br><a style=\"\" href=\"https:\/\/www.santai-ceramics.com\/es\/custom\/\" data-type=\"page\" data-id=\"13\" target=\"_blank\" rel=\"noreferrer noopener\"><strong><b>M\u00e1s informaci\u00f3n<\/b> detalle de figurita de cabra de resina.<\/strong><\/a><\/p>\n\n\n\n<div class=\"wp-block-columns is-layout-flex wp-container-core-columns-is-layout-9d6595d7 wp-block-columns-is-layout-flex\">\n<div class=\"wp-block-column is-layout-flow wp-block-column-is-layout-flow\">\n<figure class=\"wp-block-image size-full\"><img decoding=\"async\" width=\"1500\" height=\"1249\" src=\"https:\/\/www.santai-ceramics.com\/wp-content\/uploads\/2024\/10\/wholesale-goat-figurines-5.jpg\" alt=\"mayorista figuras de cabra (5)\" class=\"wp-image-971\" srcset=\"https:\/\/www.santai-ceramics.com\/wp-content\/uploads\/2024\/10\/wholesale-goat-figurines-5.jpg 1500w, https:\/\/www.santai-ceramics.com\/wp-content\/uploads\/2024\/10\/wholesale-goat-figurines-5-300x250.jpg 300w, https:\/\/www.santai-ceramics.com\/wp-content\/uploads\/2024\/10\/wholesale-goat-figurines-5-768x639.jpg 768w, https:\/\/www.santai-ceramics.com\/wp-content\/uploads\/2024\/10\/wholesale-goat-figurines-5-1200x999.jpg 1200w, https:\/\/www.santai-ceramics.com\/wp-content\/uploads\/2024\/10\/wholesale-goat-figurines-5-600x500.jpg 600w\" sizes=\"(max-width: 1500px) 100vw, 1500px\" \/><\/figure>\n<\/div>\n\n\n\n<div class=\"wp-block-column is-layout-flow wp-block-column-is-layout-flow\">\n<figure class=\"wp-block-image size-full\"><img decoding=\"async\" width=\"1500\" height=\"1250\" src=\"https:\/\/www.santai-ceramics.com\/wp-content\/uploads\/2024\/10\/goat-figurine-display-2.jpg\" alt=\"expositor de figuras de cabra (2)\" class=\"wp-image-966\" srcset=\"https:\/\/www.santai-ceramics.com\/wp-content\/uploads\/2024\/10\/goat-figurine-display-2.jpg 1500w, https:\/\/www.santai-ceramics.com\/wp-content\/uploads\/2024\/10\/goat-figurine-display-2-300x250.jpg 300w, https:\/\/www.santai-ceramics.com\/wp-content\/uploads\/2024\/10\/goat-figurine-display-2-768x640.jpg 768w, https:\/\/www.santai-ceramics.com\/wp-content\/uploads\/2024\/10\/goat-figurine-display-2-1200x1000.jpg 1200w, https:\/\/www.santai-ceramics.com\/wp-content\/uploads\/2024\/10\/goat-figurine-display-2-600x500.jpg 600w\" sizes=\"(max-width: 1500px) 100vw, 1500px\" \/><\/figure>\n<\/div>\n<\/div>","protected":false},"excerpt":{"rendered":"<p data-pm-slice=\"0 0 []\">Esta figurita de cabra retro est\u00e1 hecha de material de resina de alta calidad, que es duradero e impermeable, mostrando los exquisitos detalles y formas v\u00edvidas de tallado a mano, adecuado para la colocaci\u00f3n en interiores y exteriores y la colocaci\u00f3n en el patio. Se pueden seleccionar dos tama\u00f1os, proporcionando una combinaci\u00f3n razonable para crear un buen sentido de jerarqu\u00eda.<br \/>Apoyamos los servicios personalizados, los clientes pueden elegir diferentes tama\u00f1os, colores y tratamientos superficiales para crear adornos exclusivos para animales que satisfagan necesidades decorativas espec\u00edficas.<\/p>\n<h2>Caracter\u00edsticas de la figura de cabra de resina<\/h2>\n<p><strong>Dise\u00f1o de estilo retro:<\/strong> La especial artesan\u00eda empleada en la fabricaci\u00f3n de la figurita de cabra muestra un aspecto retro que le confiere una sensaci\u00f3n de historia y textura.<\/p>\n<p><strong>Duradera:<\/strong> La figura de cabra est\u00e1 hecha de resina s\u00f3lida, lo que hace que estas esculturas sean muy duraderas y puedan mantener su forma y belleza durante mucho tiempo.<\/p>\n<p><strong>Buen efecto decorativo:<\/strong> Esta figurita de cabra ser\u00e1 muy adecuada como decoraci\u00f3n para el hogar o la oficina para realzar el ambiente cultural y el gusto art\u00edstico.<\/p>\n<p><strong>Forma viva:<\/strong> Los detalles de la figurita de cabra est\u00e1n tratados con mucha delicadeza. Ya sean los cuernos, el pelo o incluso los rasgos faciales del carnero, todos son tan reales. Con tanta delicadeza artesanal, la escultura es mucho m\u00e1s realista.<\/p>\n<p><strong>Servicio personalizado:<\/strong> Como fabricante de decoraci\u00f3n para el hogar, ofrecemos servicios de figuritas personalizadas. Los clientes pueden elegir el tama\u00f1o, el color, el material y la forma espec\u00edfica de la escultura seg\u00fan sus preferencias y necesidades.<\/p>","protected":false},"featured_media":970,"comment_status":"closed","ping_status":"closed","template":"","meta":{"_acf_changed":false},"product_brand":[],"product_cat":[18,25,48],"product_tag":[32],"class_list":{"0":"post-964","1":"product","2":"type-product","3":"status-publish","4":"has-post-thumbnail","6":"product_cat-home-decor","7":"product_cat-animal-ornaments","8":"product_cat-wholesale-resin-animal-figurines","9":"product_tag-resin-animal-figurines","11":"first","12":"instock","13":"shipping-taxable","14":"product-type-simple"},"acf":[],"_links":{"self":[{"href":"https:\/\/www.santai-ceramics.com\/es\/wp-json\/wp\/v2\/product\/964","targetHints":{"allow":["GET"]}}],"collection":[{"href":"https:\/\/www.santai-ceramics.com\/es\/wp-json\/wp\/v2\/product"}],"about":[{"href":"https:\/\/www.santai-ceramics.com\/es\/wp-json\/wp\/v2\/types\/product"}],"replies":[{"embeddable":true,"href":"https:\/\/www.santai-ceramics.com\/es\/wp-json\/wp\/v2\/comments?post=964"}],"wp:featuredmedia":[{"embeddable":true,"href":"https:\/\/www.santai-ceramics.com\/es\/wp-json\/wp\/v2\/media\/970"}],"wp:attachment":[{"href":"https:\/\/www.santai-ceramics.com\/es\/wp-json\/wp\/v2\/media?parent=964"}],"wp:term":[{"taxonomy":"product_brand","embeddable":true,"href":"https:\/\/www.santai-ceramics.com\/es\/wp-json\/wp\/v2\/product_brand?post=964"},{"taxonomy":"product_cat","embeddable":true,"href":"https:\/\/www.santai-ceramics.com\/es\/wp-json\/wp\/v2\/product_cat?post=964"},{"taxonomy":"product_tag","embeddable":true,"href":"https:\/\/www.santai-ceramics.com\/es\/wp-json\/wp\/v2\/product_tag?post=964"}],"curies":[{"name":"wp","href":"https:\/\/api.w.org\/{rel}","templated":true}]}}