{"id":972,"date":"2024-10-19T09:04:15","date_gmt":"2024-10-19T09:04:15","guid":{"rendered":"https:\/\/www.santai-ceramics.com\/?post_type=product&#038;p=972"},"modified":"2025-06-12T23:25:59","modified_gmt":"2025-06-12T23:25:59","slug":"exquisite-wholesale-vintage-parrot-figurines","status":"publish","type":"product","link":"https:\/\/www.santai-ceramics.com\/es\/product\/exquisite-wholesale-vintage-parrot-figurines\/","title":{"rendered":"Exquisitas Figuras de Loros Vintage al por mayor: Coleccionables Decorativos \u00danicos para el Hogar y el Jard\u00edn"},"content":{"rendered":"<h3 class=\"wp-block-heading\">Par\u00e1metros de las figuras de loros al por mayor<\/h3>\n\n\n\n<figure class=\"wp-block-table\"><table class=\"has-fixed-layout\"><tbody><tr><td>Modelo<\/td><td>Nombre del producto<\/td><td>Color<\/td><td>Material<\/td><td>Utiliza<\/td><td>Dimensiones<\/td><td>Peso<\/td><\/tr><tr><td>E37129-H885-A01<\/td><td>Gentleman Parrot<\/td><td>Marr\u00f3n rugoso antiguo<\/td><td>Resina<\/td><td>decoraci\u00f3n,sal\u00f3n<\/td><td>13,5X12X38cm<\/td><td>1,4kg\/PC<\/td><\/tr><\/tbody><\/table><\/figure>\n\n\n\n<h3 class=\"wp-block-heading\">Servicio de figuras de loros personalizadas<\/h3>\n\n\n\n<p>Ofrecemos servicios OEM y ODM para nuestros productos.<br>Entrega r\u00e1pida de muestras.<br>Ofrecemos una gran variedad de formas, colores, impresi\u00f3n personalizada, embalaje y otros servicios a medida para satisfacer sus necesidades espec\u00edficas.<br><a style=\"\" href=\"https:\/\/www.santai-ceramics.com\/es\/custom\/\" data-type=\"page\" data-id=\"13\" target=\"_blank\" rel=\"noreferrer noopener\"><strong><b>M\u00e1s informaci\u00f3n<\/b> detalle de figurita de loro vintage.<\/strong><\/a><\/p>\n\n\n\n<div class=\"wp-block-columns is-layout-flex wp-container-core-columns-is-layout-9d6595d7 wp-block-columns-is-layout-flex\">\n<div class=\"wp-block-column is-layout-flow wp-block-column-is-layout-flow\">\n<figure class=\"wp-block-image size-full\"><img decoding=\"async\" width=\"1500\" height=\"1250\" src=\"https:\/\/www.santai-ceramics.com\/wp-content\/uploads\/2024\/10\/vintage-parrot-figurine-4.jpg\" alt=\"figura de loro vintage (4)\" class=\"wp-image-976\" srcset=\"https:\/\/www.santai-ceramics.com\/wp-content\/uploads\/2024\/10\/vintage-parrot-figurine-4.jpg 1500w, https:\/\/www.santai-ceramics.com\/wp-content\/uploads\/2024\/10\/vintage-parrot-figurine-4-300x250.jpg 300w, https:\/\/www.santai-ceramics.com\/wp-content\/uploads\/2024\/10\/vintage-parrot-figurine-4-768x640.jpg 768w, https:\/\/www.santai-ceramics.com\/wp-content\/uploads\/2024\/10\/vintage-parrot-figurine-4-1200x1000.jpg 1200w, https:\/\/www.santai-ceramics.com\/wp-content\/uploads\/2024\/10\/vintage-parrot-figurine-4-600x500.jpg 600w\" sizes=\"(max-width: 1500px) 100vw, 1500px\" \/><\/figure>\n<\/div>\n\n\n\n<div class=\"wp-block-column is-layout-flow wp-block-column-is-layout-flow\">\n<figure class=\"wp-block-image size-full\"><img decoding=\"async\" width=\"1500\" height=\"1250\" src=\"https:\/\/www.santai-ceramics.com\/wp-content\/uploads\/2024\/10\/vintage-parrot-figurine-5.jpg\" alt=\"figura de loro vintage (5)\" class=\"wp-image-977\" srcset=\"https:\/\/www.santai-ceramics.com\/wp-content\/uploads\/2024\/10\/vintage-parrot-figurine-5.jpg 1500w, https:\/\/www.santai-ceramics.com\/wp-content\/uploads\/2024\/10\/vintage-parrot-figurine-5-300x250.jpg 300w, https:\/\/www.santai-ceramics.com\/wp-content\/uploads\/2024\/10\/vintage-parrot-figurine-5-768x640.jpg 768w, https:\/\/www.santai-ceramics.com\/wp-content\/uploads\/2024\/10\/vintage-parrot-figurine-5-1200x1000.jpg 1200w, https:\/\/www.santai-ceramics.com\/wp-content\/uploads\/2024\/10\/vintage-parrot-figurine-5-600x500.jpg 600w\" sizes=\"(max-width: 1500px) 100vw, 1500px\" \/><\/figure>\n<\/div>\n<\/div>","protected":false},"excerpt":{"rendered":"<p>Explore nuestra colecci\u00f3n \u00fanica de Figuras de Loro Vintage al por mayor, cada una fabricada con materiales de primera calidad para garantizar su durabilidad y f\u00e1cil mantenimiento. Con artesan\u00eda meticulosa y colores vivos, perfectos para cualquier estilo de interior o al aire libre.<\/p>\n<p>Como fabricante de cer\u00e1mica de decoraci\u00f3n para el hogar, ofrecemos apoyo de personalizaci\u00f3n a los compradores B2B, donde conseguir el tama\u00f1o, color o dise\u00f1o espec\u00edfico que necesita puede mejorar el atractivo de su mercanc\u00eda e impulsar el crecimiento de las ventas. P\u00f3ngase en contacto con nosotros para obtener m\u00e1s informaci\u00f3n sobre los productos.<\/p>\n<h2>Caracter\u00edsticas de las Figuras de loros al por mayor<\/h2>\n<p><strong>Forma original:<\/strong> Dise\u00f1ar la Figurilla del loro sobre un toc\u00f3n de \u00e1rbol la har\u00e1 natural y armoniosa. Tal dise\u00f1o no s\u00f3lo aumentar\u00e1 el sentido tridimensional de la escultura, sino que tambi\u00e9n la har\u00e1 m\u00e1s viva e interesante.<\/p>\n<p><strong>Durabilidad:<\/strong> Esta figura de loro vintage est\u00e1 hecha de resina de alta calidad, que tiene una excelente durabilidad y resistencia a la corrosi\u00f3n. Sus propiedades impermeables y resistentes a la intemperie garantizan que se mantenga como nueva en una gran variedad de condiciones clim\u00e1ticas.<\/p>\n<p><strong>Exquisita artesan\u00eda:<\/strong> Las plumas del loro est\u00e1n muy detalladas y presentan un tono blanco natural, lo que tambi\u00e9n hace que la escultura sea m\u00e1s art\u00edstica y realista en su conjunto.<\/p>\n<p><strong>Servicio a medida:<\/strong> Como fabricante l\u00edder de decoraci\u00f3n para el hogar en China, ofrecemos opciones de personalizaci\u00f3n ilimitadas para satisfacer sus necesidades y preferencias \u00fanicas. Desde tama\u00f1os, colores y materiales espec\u00edficos hasta dise\u00f1os \u00fanicos, nos aseguramos de que cada producto satisfaga sus expectativas.<\/p>\n<p>&nbsp;<\/p>","protected":false},"featured_media":973,"comment_status":"closed","ping_status":"closed","template":"","meta":{"_acf_changed":false},"product_brand":[],"product_cat":[18,25,48],"product_tag":[32],"class_list":{"0":"post-972","1":"product","2":"type-product","3":"status-publish","4":"has-post-thumbnail","6":"product_cat-home-decor","7":"product_cat-animal-ornaments","8":"product_cat-wholesale-resin-animal-figurines","9":"product_tag-resin-animal-figurines","11":"first","12":"instock","13":"shipping-taxable","14":"product-type-simple"},"acf":[],"_links":{"self":[{"href":"https:\/\/www.santai-ceramics.com\/es\/wp-json\/wp\/v2\/product\/972","targetHints":{"allow":["GET"]}}],"collection":[{"href":"https:\/\/www.santai-ceramics.com\/es\/wp-json\/wp\/v2\/product"}],"about":[{"href":"https:\/\/www.santai-ceramics.com\/es\/wp-json\/wp\/v2\/types\/product"}],"replies":[{"embeddable":true,"href":"https:\/\/www.santai-ceramics.com\/es\/wp-json\/wp\/v2\/comments?post=972"}],"wp:featuredmedia":[{"embeddable":true,"href":"https:\/\/www.santai-ceramics.com\/es\/wp-json\/wp\/v2\/media\/973"}],"wp:attachment":[{"href":"https:\/\/www.santai-ceramics.com\/es\/wp-json\/wp\/v2\/media?parent=972"}],"wp:term":[{"taxonomy":"product_brand","embeddable":true,"href":"https:\/\/www.santai-ceramics.com\/es\/wp-json\/wp\/v2\/product_brand?post=972"},{"taxonomy":"product_cat","embeddable":true,"href":"https:\/\/www.santai-ceramics.com\/es\/wp-json\/wp\/v2\/product_cat?post=972"},{"taxonomy":"product_tag","embeddable":true,"href":"https:\/\/www.santai-ceramics.com\/es\/wp-json\/wp\/v2\/product_tag?post=972"}],"curies":[{"name":"wp","href":"https:\/\/api.w.org\/{rel}","templated":true}]}}