{"id":1491,"date":"2024-12-02T14:35:04","date_gmt":"2024-12-02T14:35:04","guid":{"rendered":"https:\/\/www.santai-ceramics.com\/?post_type=product&#038;p=1491"},"modified":"2025-02-02T14:41:27","modified_gmt":"2025-02-02T14:41:27","slug":"elegant-brown-ceramic-vases-wholesale","status":"publish","type":"product","link":"https:\/\/www.santai-ceramics.com\/fr\/product\/elegant-brown-ceramic-vases-wholesale\/","title":{"rendered":"Vases \u00e9l\u00e9gants en c\u00e9ramique brune Wholesale, Bulk Beautiful Ceramic Glazed Vase For Sale"},"content":{"rendered":"<h3 class=\"wp-block-heading\">Param\u00e8tres de l'\u00e9l\u00e9gant vase en c\u00e9ramique marron<\/h3>\n\n\n\n<figure class=\"wp-block-table\"><table class=\"has-fixed-layout\"><tbody><tr><td>Mod\u00e8le<\/td><td>Nom du produit<\/td><td>Couleur<\/td><td>Mat\u00e9riau<\/td><td>Utilisations<\/td><td>Dimensions<\/td><td>Poids<\/td><\/tr><tr><td>A31846-LC17-A03<\/td><td>Marron \u00e9l\u00e9gant<\/td><td>C\u00e9ramique<\/td><td>d\u00e9coration int\u00e9rieure, salon<\/td><td>d\u00e9coration int\u00e9rieure, accessoires pour la maison<\/td><td>D:19X25.5<\/td><td>1,8kg\/pc<\/td><\/tr><tr><td>A31846-LC17-A02<\/td><td>Marron \u00e9l\u00e9gant<\/td><td>C\u00e9ramique<\/td><td>d\u00e9coration int\u00e9rieure, salon<\/td><td>d\u00e9coration int\u00e9rieure, accessoires pour la maison<\/td><td>D:22.5X30.5<\/td><td>2.5kg\/pc<\/td><\/tr><\/tbody><\/table><\/figure>\n\n\n\n<h3 class=\"wp-block-heading\">Service de vases sur mesure<\/h3>\n\n\n\n<p>Nous proposons des services OEM et ODM pour nos produits.<br>Des \u00e9chantillons peuvent \u00eatre livr\u00e9s rapidement.<br>Nous offrons une vari\u00e9t\u00e9 de formes, de couleurs, d'impressions personnalis\u00e9es, d'emballages et d'autres services sur mesure pour r\u00e9pondre \u00e0 vos besoins sp\u00e9cifiques.<br><a style=\"\" href=\"https:\/\/www.santai-ceramics.com\/fr\/custom\/\" data-type=\"page\" data-id=\"13\" target=\"_blank\" rel=\"noreferrer noopener\"><strong><b>En savoir plus sur la personnalisation <\/b>d\u00e9tail du vase.<\/strong><\/a><\/p>\n\n\n\n<div class=\"wp-block-columns is-layout-flex wp-container-core-columns-is-layout-9d6595d7 wp-block-columns-is-layout-flex\">\n<div class=\"wp-block-column is-layout-flow wp-block-column-is-layout-flow\">\n<figure class=\"wp-block-image size-full\"><img decoding=\"async\" width=\"1500\" height=\"1250\" src=\"https:\/\/www.santai-ceramics.com\/wp-content\/uploads\/2024\/12\/Elegant-Brown-Ceramic-Vase-Detail-2.jpg\" alt=\"Vase \u00e9l\u00e9gant en c\u00e9ramique brune D\u00e9tail (2)\" class=\"wp-image-1493\" srcset=\"https:\/\/www.santai-ceramics.com\/wp-content\/uploads\/2024\/12\/Elegant-Brown-Ceramic-Vase-Detail-2.jpg 1500w, https:\/\/www.santai-ceramics.com\/wp-content\/uploads\/2024\/12\/Elegant-Brown-Ceramic-Vase-Detail-2-300x250.jpg 300w, https:\/\/www.santai-ceramics.com\/wp-content\/uploads\/2024\/12\/Elegant-Brown-Ceramic-Vase-Detail-2-768x640.jpg 768w, https:\/\/www.santai-ceramics.com\/wp-content\/uploads\/2024\/12\/Elegant-Brown-Ceramic-Vase-Detail-2-14x12.jpg 14w, https:\/\/www.santai-ceramics.com\/wp-content\/uploads\/2024\/12\/Elegant-Brown-Ceramic-Vase-Detail-2-1200x1000.jpg 1200w, https:\/\/www.santai-ceramics.com\/wp-content\/uploads\/2024\/12\/Elegant-Brown-Ceramic-Vase-Detail-2-600x500.jpg 600w\" sizes=\"(max-width: 1500px) 100vw, 1500px\" \/><\/figure>\n<\/div>\n\n\n\n<div class=\"wp-block-column is-layout-flow wp-block-column-is-layout-flow\">\n<figure class=\"wp-block-image size-full\"><img decoding=\"async\" width=\"1500\" height=\"1250\" src=\"https:\/\/www.santai-ceramics.com\/wp-content\/uploads\/2024\/12\/Elegant-Brown-Ceramic-Vase-Detail-3.jpg\" alt=\"Vase \u00e9l\u00e9gant en c\u00e9ramique brune D\u00e9tail (3)\" class=\"wp-image-1494\" srcset=\"https:\/\/www.santai-ceramics.com\/wp-content\/uploads\/2024\/12\/Elegant-Brown-Ceramic-Vase-Detail-3.jpg 1500w, https:\/\/www.santai-ceramics.com\/wp-content\/uploads\/2024\/12\/Elegant-Brown-Ceramic-Vase-Detail-3-300x250.jpg 300w, https:\/\/www.santai-ceramics.com\/wp-content\/uploads\/2024\/12\/Elegant-Brown-Ceramic-Vase-Detail-3-768x640.jpg 768w, https:\/\/www.santai-ceramics.com\/wp-content\/uploads\/2024\/12\/Elegant-Brown-Ceramic-Vase-Detail-3-14x12.jpg 14w, https:\/\/www.santai-ceramics.com\/wp-content\/uploads\/2024\/12\/Elegant-Brown-Ceramic-Vase-Detail-3-1200x1000.jpg 1200w, https:\/\/www.santai-ceramics.com\/wp-content\/uploads\/2024\/12\/Elegant-Brown-Ceramic-Vase-Detail-3-600x500.jpg 600w\" sizes=\"(max-width: 1500px) 100vw, 1500px\" \/><\/figure>\n<\/div>\n<\/div>","protected":false},"excerpt":{"rendered":"<p data-pm-slice=\"0 0 []\">Vente en gros d'\u00e9l\u00e9gants vases en c\u00e9ramique brune, ce vase a un \u00e9clat unique et une texture stratifi\u00e9e, il convient \u00e0 la composition florale et \u00e0 la d\u00e9coration, c'est un choix id\u00e9al pour la d\u00e9coration de meubles et l'agencement d'espaces commerciaux. En tant que fabricant de vases en c\u00e9ramique, nous fournissons des services de vases personnalis\u00e9s OEM&amp;ODM. N'h\u00e9sitez pas \u00e0 nous contacter pour obtenir des prix pr\u00e9f\u00e9rentiels.<\/p>\n<h2>Caract\u00e9ristiques du vase \u00e9l\u00e9gant en c\u00e9ramique marron<\/h2>\n<p><strong>Aspect \u00e9l\u00e9gant<\/strong>: Cet \u00e9l\u00e9gant vase en c\u00e9ramique brune est le fruit d'un travail artisanal exquis, qui combine parfaitement l'artisanat traditionnel et le design moderne. Il convient comme d\u00e9coration d'int\u00e9rieur en c\u00e9ramique dans le salon, le bureau et d'autres endroits.<\/p>\n<p><strong>Convient \u00e0 divers types de compositions florales :<\/strong> Le design de ce vase en c\u00e9ramique est polyvalent et peut \u00eatre parfaitement assorti \u00e0 des fleurs fra\u00eeches, des fleurs s\u00e9ch\u00e9es et des plantes vertes pour cr\u00e9er diff\u00e9rentes atmosph\u00e8res dans la maison.<\/p>\n<p><strong>Forte durabilit\u00e9 :<\/strong> Il s'agit d'un vase en c\u00e9ramique \u00e9maill\u00e9e. L'\u00e9mail augmente la beaut\u00e9 et la r\u00e9sistance \u00e0 l'usure du vase, r\u00e9siste efficacement aux rayures et aux dommages, et conserve son \u00e9clat m\u00eame apr\u00e8s une longue p\u00e9riode d'utilisation.<\/p>\n<p><strong>Protection de l'environnement et de la sant\u00e9 :<\/strong> L'argile et l'\u00e9mail utilis\u00e9s dans la fabrication du vase sont conformes aux normes de protection de l'environnement, respectueux de l'environnement et sans danger pour la sant\u00e9 humaine. Il convient \u00e0 un usage familial quotidien.<\/p>\n<p><strong>Solution de vase sur mesure :<\/strong> En tant que fabricant de vases en c\u00e9ramique, nous fournissons une solution compl\u00e8te de vases personnalis\u00e9s OEM&amp;ODM, y compris des mat\u00e9riaux, des formes, des emballages et bien plus encore.<\/p>","protected":false},"featured_media":1496,"comment_status":"closed","ping_status":"closed","template":"","meta":{"_acf_changed":false},"product_brand":[],"product_cat":[18,22],"product_tag":[34],"class_list":{"0":"post-1491","1":"product","2":"type-product","3":"status-publish","4":"has-post-thumbnail","6":"product_cat-home-decor","7":"product_cat-vase","8":"product_tag-ceramic-vase","10":"first","11":"instock","12":"shipping-taxable","13":"product-type-simple"},"acf":[],"_links":{"self":[{"href":"https:\/\/www.santai-ceramics.com\/fr\/wp-json\/wp\/v2\/product\/1491","targetHints":{"allow":["GET"]}}],"collection":[{"href":"https:\/\/www.santai-ceramics.com\/fr\/wp-json\/wp\/v2\/product"}],"about":[{"href":"https:\/\/www.santai-ceramics.com\/fr\/wp-json\/wp\/v2\/types\/product"}],"replies":[{"embeddable":true,"href":"https:\/\/www.santai-ceramics.com\/fr\/wp-json\/wp\/v2\/comments?post=1491"}],"wp:featuredmedia":[{"embeddable":true,"href":"https:\/\/www.santai-ceramics.com\/fr\/wp-json\/wp\/v2\/media\/1496"}],"wp:attachment":[{"href":"https:\/\/www.santai-ceramics.com\/fr\/wp-json\/wp\/v2\/media?parent=1491"}],"wp:term":[{"taxonomy":"product_brand","embeddable":true,"href":"https:\/\/www.santai-ceramics.com\/fr\/wp-json\/wp\/v2\/product_brand?post=1491"},{"taxonomy":"product_cat","embeddable":true,"href":"https:\/\/www.santai-ceramics.com\/fr\/wp-json\/wp\/v2\/product_cat?post=1491"},{"taxonomy":"product_tag","embeddable":true,"href":"https:\/\/www.santai-ceramics.com\/fr\/wp-json\/wp\/v2\/product_tag?post=1491"}],"curies":[{"name":"wp","href":"https:\/\/api.w.org\/{rel}","templated":true}]}}