{"id":1498,"date":"2024-12-02T15:19:13","date_gmt":"2024-12-02T15:19:13","guid":{"rendered":"https:\/\/www.santai-ceramics.com\/?post_type=product&#038;p=1498"},"modified":"2025-02-02T14:41:19","modified_gmt":"2025-02-02T14:41:19","slug":"wholesale-ceramic-decorative-flat-vases","status":"publish","type":"product","link":"https:\/\/www.santai-ceramics.com\/fr\/product\/wholesale-ceramic-decorative-flat-vases\/","title":{"rendered":"Vases plats d\u00e9coratifs en c\u00e9ramique pour la maison et le bureau - Fabricant de vases en c\u00e9ramique SANTAi"},"content":{"rendered":"<h3 class=\"wp-block-heading\">Param\u00e8tres du vase plat d\u00e9coratif en c\u00e9ramique<\/h3>\n\n\n\n<figure class=\"wp-block-table\"><table class=\"has-fixed-layout\"><tbody><tr><td>Mod\u00e8le<\/td><td>Nom du produit<\/td><td>Couleur<\/td><td>Mat\u00e9riau<\/td><td>Utilisations<\/td><td>Dimensions<\/td><td>Poids<\/td><\/tr><tr><td>A32066-LC17-A01<\/td><td>Vase \u00e0 fleurs en c\u00e9ramique<\/td><td>Marron \u00e9l\u00e9gant<\/td><td>C\u00e9ramique<\/td><td>d\u00e9coration int\u00e9rieure, salon<\/td><td>25X13,5X22,5<\/td><td>1.5kg\/pc<\/td><\/tr><\/tbody><\/table><\/figure>\n\n\n\n<h3 class=\"wp-block-heading\">Service de vases en c\u00e9ramique sur mesure<\/h3>\n\n\n\n<p>Nous proposons des services OEM et ODM pour nos produits.<br>Des \u00e9chantillons peuvent \u00eatre livr\u00e9s rapidement.<br>Nous offrons une vari\u00e9t\u00e9 de formes, de couleurs, d'impressions personnalis\u00e9es, d'emballages et d'autres services sur mesure pour r\u00e9pondre \u00e0 vos besoins sp\u00e9cifiques.<br><a style=\"\" href=\"https:\/\/www.santai-ceramics.com\/fr\/custom\/\" data-type=\"page\" data-id=\"13\" target=\"_blank\" rel=\"noreferrer noopener\"><strong><b>En savoir plus sur la personnalisation<\/b> d\u00e9tail de la poterie.<\/strong><\/a><\/p>\n\n\n\n<div class=\"wp-block-columns is-layout-flex wp-container-core-columns-is-layout-9d6595d7 wp-block-columns-is-layout-flex\">\n<div class=\"wp-block-column is-layout-flow wp-block-column-is-layout-flow\">\n<figure class=\"wp-block-image size-full\"><img decoding=\"async\" width=\"1500\" height=\"1249\" src=\"https:\/\/www.santai-ceramics.com\/wp-content\/uploads\/2024\/12\/Ceramic-Decorative-Flat-Vase-3.jpg\" alt=\"Vase plat d\u00e9coratif en c\u00e9ramique (3)\" class=\"wp-image-1501\" srcset=\"https:\/\/www.santai-ceramics.com\/wp-content\/uploads\/2024\/12\/Ceramic-Decorative-Flat-Vase-3.jpg 1500w, https:\/\/www.santai-ceramics.com\/wp-content\/uploads\/2024\/12\/Ceramic-Decorative-Flat-Vase-3-300x250.jpg 300w, https:\/\/www.santai-ceramics.com\/wp-content\/uploads\/2024\/12\/Ceramic-Decorative-Flat-Vase-3-768x639.jpg 768w, https:\/\/www.santai-ceramics.com\/wp-content\/uploads\/2024\/12\/Ceramic-Decorative-Flat-Vase-3-14x12.jpg 14w, https:\/\/www.santai-ceramics.com\/wp-content\/uploads\/2024\/12\/Ceramic-Decorative-Flat-Vase-3-1200x999.jpg 1200w, https:\/\/www.santai-ceramics.com\/wp-content\/uploads\/2024\/12\/Ceramic-Decorative-Flat-Vase-3-600x500.jpg 600w\" sizes=\"(max-width: 1500px) 100vw, 1500px\" \/><\/figure>\n<\/div>\n\n\n\n<div class=\"wp-block-column is-layout-flow wp-block-column-is-layout-flow\">\n<figure class=\"wp-block-image size-full\"><img decoding=\"async\" width=\"1500\" height=\"1250\" src=\"https:\/\/www.santai-ceramics.com\/wp-content\/uploads\/2024\/12\/Ceramic-Decorative-Flat-Vase-4.jpg\" alt=\"Vase plat d\u00e9coratif en c\u00e9ramique (4)\" class=\"wp-image-1502\" srcset=\"https:\/\/www.santai-ceramics.com\/wp-content\/uploads\/2024\/12\/Ceramic-Decorative-Flat-Vase-4.jpg 1500w, https:\/\/www.santai-ceramics.com\/wp-content\/uploads\/2024\/12\/Ceramic-Decorative-Flat-Vase-4-300x250.jpg 300w, https:\/\/www.santai-ceramics.com\/wp-content\/uploads\/2024\/12\/Ceramic-Decorative-Flat-Vase-4-768x640.jpg 768w, https:\/\/www.santai-ceramics.com\/wp-content\/uploads\/2024\/12\/Ceramic-Decorative-Flat-Vase-4-14x12.jpg 14w, https:\/\/www.santai-ceramics.com\/wp-content\/uploads\/2024\/12\/Ceramic-Decorative-Flat-Vase-4-1200x1000.jpg 1200w, https:\/\/www.santai-ceramics.com\/wp-content\/uploads\/2024\/12\/Ceramic-Decorative-Flat-Vase-4-600x500.jpg 600w\" sizes=\"(max-width: 1500px) 100vw, 1500px\" \/><\/figure>\n<\/div>\n<\/div>","protected":false},"excerpt":{"rendered":"<p data-pm-slice=\"0 0 []\">Vase en gros en c\u00e9ramique, au design plat unique, combinaison parfaite de simplicit\u00e9 moderne et d'art \u00e9l\u00e9gant. Ce vase plat en c\u00e9ramique convient aux compositions florales et peut \u00e9galement \u00eatre utilis\u00e9 comme d\u00e9coration autonome. C'est un choix id\u00e9al pour la maison, le bureau ou la d\u00e9coration commerciale. Nous fournissons un service de vase en c\u00e9ramique OEM et ODM, contactez-nous pour obtenir un devis d'usine.<\/p>\n<h2>Caract\u00e9ristiques du vase plat d\u00e9coratif en c\u00e9ramique<\/h2>\n<p><strong>Ton naturel :<\/strong> Ce vase plat a une belle apparence brune, qui peut ajouter une sensation de chaleur \u00e0 l'espace et se marier avec des fleurs de diff\u00e9rentes couleurs pour cr\u00e9er un excellent espace d\u00e9coratif.<\/p>\n<p><strong>Gla\u00e7age exquis :<\/strong> Ce vase plat en c\u00e9ramique est recouvert d'une gla\u00e7ure lisse qui lui conf\u00e8re une certaine brillance. Il est \u00e0 la fois beau et pratique. Il est non seulement beau, mais aussi r\u00e9sistant aux taches.<\/p>\n<p><strong>Valeur culturelle :<\/strong> Le design de ce vase s'inspire des vases chinois traditionnels, ce qui peut apporter un charme culturel \u00e0 l'environnement domestique et convient aux utilisateurs pour cr\u00e9er un espace d\u00e9coratif d'une beaut\u00e9 classique.<\/p>\n<p><strong>Performance \u00e0 co\u00fbt \u00e9lev\u00e9 :<\/strong> En tant que fabricant de vases en poterie, nous fournissons des vases en c\u00e9ramique en gros \u00e0 des prix d'usine, qui conviennent aux achats en vrac et constituent un choix id\u00e9al pour les magasins d'articles m\u00e9nagers et les grossistes.<\/p>\n<p><strong>Solution de vase sur mesure :<\/strong> Nous fournissons une solution unique de vase personnalis\u00e9, comprenant une vari\u00e9t\u00e9 d'options de mat\u00e9riaux, une conception flexible de la taille et de la forme, une personnalisation exquise des motifs, etc.<\/p>","protected":false},"featured_media":1500,"comment_status":"closed","ping_status":"closed","template":"","meta":{"_acf_changed":false},"product_brand":[],"product_cat":[18,22],"product_tag":[34],"class_list":{"0":"post-1498","1":"product","2":"type-product","3":"status-publish","4":"has-post-thumbnail","6":"product_cat-home-decor","7":"product_cat-vase","8":"product_tag-ceramic-vase","10":"first","11":"instock","12":"shipping-taxable","13":"product-type-simple"},"acf":[],"_links":{"self":[{"href":"https:\/\/www.santai-ceramics.com\/fr\/wp-json\/wp\/v2\/product\/1498","targetHints":{"allow":["GET"]}}],"collection":[{"href":"https:\/\/www.santai-ceramics.com\/fr\/wp-json\/wp\/v2\/product"}],"about":[{"href":"https:\/\/www.santai-ceramics.com\/fr\/wp-json\/wp\/v2\/types\/product"}],"replies":[{"embeddable":true,"href":"https:\/\/www.santai-ceramics.com\/fr\/wp-json\/wp\/v2\/comments?post=1498"}],"wp:featuredmedia":[{"embeddable":true,"href":"https:\/\/www.santai-ceramics.com\/fr\/wp-json\/wp\/v2\/media\/1500"}],"wp:attachment":[{"href":"https:\/\/www.santai-ceramics.com\/fr\/wp-json\/wp\/v2\/media?parent=1498"}],"wp:term":[{"taxonomy":"product_brand","embeddable":true,"href":"https:\/\/www.santai-ceramics.com\/fr\/wp-json\/wp\/v2\/product_brand?post=1498"},{"taxonomy":"product_cat","embeddable":true,"href":"https:\/\/www.santai-ceramics.com\/fr\/wp-json\/wp\/v2\/product_cat?post=1498"},{"taxonomy":"product_tag","embeddable":true,"href":"https:\/\/www.santai-ceramics.com\/fr\/wp-json\/wp\/v2\/product_tag?post=1498"}],"curies":[{"name":"wp","href":"https:\/\/api.w.org\/{rel}","templated":true}]}}