{"id":1503,"date":"2024-12-03T15:05:56","date_gmt":"2024-12-03T15:05:56","guid":{"rendered":"https:\/\/www.santai-ceramics.com\/?post_type=product&#038;p=1503"},"modified":"2025-02-02T14:41:07","modified_gmt":"2025-02-02T14:41:07","slug":"wholesale-glazed-antique-ceramic-flat-vases","status":"publish","type":"product","link":"https:\/\/www.santai-ceramics.com\/fr\/product\/wholesale-glazed-antique-ceramic-flat-vases\/","title":{"rendered":"Vases plats en c\u00e9ramique antique \u00e9maill\u00e9e en gros pour la d\u00e9coration d'int\u00e9rieur"},"content":{"rendered":"<h3 class=\"wp-block-heading\">Param\u00e8tres du vase plat en c\u00e9ramique antique<\/h3>\n\n\n\n<figure class=\"wp-block-table\"><table class=\"has-fixed-layout\"><tbody><tr><td>Mod\u00e8le<\/td><td>Nom du produit<\/td><td>Couleur<\/td><td>Mat\u00e9riau<\/td><td>Utilisations<\/td><td>Dimensions<\/td><td>Poids<\/td><\/tr><tr><td>A32066-LC17-A01<\/td><td>Vase \u00e0 fleurs en c\u00e9ramique<\/td><td>Marron \u00e9l\u00e9gant<\/td><td>C\u00e9ramique<\/td><td>d\u00e9coration int\u00e9rieure, salon<\/td><td>25X13,5X22,5<\/td><td>1.5kg\/pc<\/td><\/tr><\/tbody><\/table><\/figure>\n\n\n\n<h3 class=\"wp-block-heading\">Service de vases en c\u00e9ramique sur mesure<\/h3>\n\n\n\n<p>Nous proposons des services OEM et ODM pour nos vases.<br>Des \u00e9chantillons peuvent \u00eatre livr\u00e9s rapidement.<br>Nous offrons une vari\u00e9t\u00e9 de formes, de couleurs, d'impressions personnalis\u00e9es, d'emballages et d'autres services sur mesure pour r\u00e9pondre \u00e0 vos besoins sp\u00e9cifiques.<br><a style=\"\" href=\"https:\/\/www.santai-ceramics.com\/fr\/custom\/\" data-type=\"page\" data-id=\"13\" target=\"_blank\" rel=\"noreferrer noopener\"><strong><b>En savoir plus sur la personnalisation<\/b> d\u00e9tail d'un vase en c\u00e9ramique.<\/strong><\/a><\/p>\n\n\n\n<div class=\"wp-block-columns is-layout-flex wp-container-core-columns-is-layout-9d6595d7 wp-block-columns-is-layout-flex\">\n<div class=\"wp-block-column is-layout-flow wp-block-column-is-layout-flow\">\n<figure class=\"wp-block-image size-full\"><img decoding=\"async\" width=\"1500\" height=\"1250\" src=\"https:\/\/www.santai-ceramics.com\/wp-content\/uploads\/2024\/12\/Glazed-Antique-Ceramic-Flat-Vase-2.jpg\" alt=\"Vase plat en c\u00e9ramique ancienne \u00e9maill\u00e9e (2)\" class=\"wp-image-1505\" srcset=\"https:\/\/www.santai-ceramics.com\/wp-content\/uploads\/2024\/12\/Glazed-Antique-Ceramic-Flat-Vase-2.jpg 1500w, https:\/\/www.santai-ceramics.com\/wp-content\/uploads\/2024\/12\/Glazed-Antique-Ceramic-Flat-Vase-2-300x250.jpg 300w, https:\/\/www.santai-ceramics.com\/wp-content\/uploads\/2024\/12\/Glazed-Antique-Ceramic-Flat-Vase-2-768x640.jpg 768w, https:\/\/www.santai-ceramics.com\/wp-content\/uploads\/2024\/12\/Glazed-Antique-Ceramic-Flat-Vase-2-14x12.jpg 14w, https:\/\/www.santai-ceramics.com\/wp-content\/uploads\/2024\/12\/Glazed-Antique-Ceramic-Flat-Vase-2-1200x1000.jpg 1200w, https:\/\/www.santai-ceramics.com\/wp-content\/uploads\/2024\/12\/Glazed-Antique-Ceramic-Flat-Vase-2-600x500.jpg 600w\" sizes=\"(max-width: 1500px) 100vw, 1500px\" \/><\/figure>\n<\/div>\n\n\n\n<div class=\"wp-block-column is-layout-flow wp-block-column-is-layout-flow\">\n<figure class=\"wp-block-image size-full\"><img decoding=\"async\" width=\"1500\" height=\"1250\" src=\"https:\/\/www.santai-ceramics.com\/wp-content\/uploads\/2024\/12\/Glazed-Antique-Ceramic-Flat-Vase-3.jpg\" alt=\"Vase plat en c\u00e9ramique ancienne \u00e9maill\u00e9e (3)\" class=\"wp-image-1506\" srcset=\"https:\/\/www.santai-ceramics.com\/wp-content\/uploads\/2024\/12\/Glazed-Antique-Ceramic-Flat-Vase-3.jpg 1500w, https:\/\/www.santai-ceramics.com\/wp-content\/uploads\/2024\/12\/Glazed-Antique-Ceramic-Flat-Vase-3-300x250.jpg 300w, https:\/\/www.santai-ceramics.com\/wp-content\/uploads\/2024\/12\/Glazed-Antique-Ceramic-Flat-Vase-3-768x640.jpg 768w, https:\/\/www.santai-ceramics.com\/wp-content\/uploads\/2024\/12\/Glazed-Antique-Ceramic-Flat-Vase-3-14x12.jpg 14w, https:\/\/www.santai-ceramics.com\/wp-content\/uploads\/2024\/12\/Glazed-Antique-Ceramic-Flat-Vase-3-1200x1000.jpg 1200w, https:\/\/www.santai-ceramics.com\/wp-content\/uploads\/2024\/12\/Glazed-Antique-Ceramic-Flat-Vase-3-600x500.jpg 600w\" sizes=\"(max-width: 1500px) 100vw, 1500px\" \/><\/figure>\n<\/div>\n<\/div>","protected":false},"excerpt":{"rendered":"<p data-pm-slice=\"0 0 []\">Vases en c\u00e9ramique vintage en gros, le style vintage peut am\u00e9liorer la d\u00e9coration de la maison et donner \u00e0 l'espace domestique une atmosph\u00e8re artistique unique. Ce vase plat en c\u00e9ramique vintage est fabriqu\u00e9 avec un design parfait et un artisanat de qualit\u00e9. Il peut \u00eatre parfaitement int\u00e9gr\u00e9 dans divers designs d'int\u00e9rieur et convient \u00e0 la d\u00e9coration des salons, des salles \u00e0 manger et des salles d'\u00e9tude. Nous invitons les grossistes et les d\u00e9taillants \u00e0 nous contacter.<\/p>\n<h2>Caract\u00e9ristiques du vase plat en c\u00e9ramique antique<\/h2>\n<p><strong>Esth\u00e9tique vintage :<\/strong> Ce vase plat chinois en c\u00e9ramique ancienne a une forme et une couleur uniques, ce qui attire les consommateurs qui aiment le style classique et les \u0153uvres d'art uniques.<\/p>\n<p><strong>Convient \u00e0 une grande vari\u00e9t\u00e9 de fleurs :<\/strong> Ce vase en c\u00e9ramique adopte un design de bouteille plate, qui convient \u00e0 l'insertion de diff\u00e9rents types de fleurs, en particulier les fleurs basses et les herbes, ce qui peut montrer la beaut\u00e9 naturelle des fleurs.<\/p>\n<p><strong>Forte durabilit\u00e9 :<\/strong> Fabriqu\u00e9e en argile naturelle de haute qualit\u00e9, la surface est recouverte d'une gla\u00e7ure, qui est solide et durable, offre une grande r\u00e9sistance aux chutes et une grande stabilit\u00e9, et peut conserver une brillance parfaite apr\u00e8s une utilisation prolong\u00e9e.<\/p>\n<p><strong>Polyvalence :<\/strong> Ce vase en c\u00e9ramique vintage,. Vous pouvez le placer sur le bureau pour ajouter une impression de superposition, ou il peut devenir le centre visuel de l'espace dans le salon. Cr\u00e9ez un environnement de vie confortable.<\/p>\n<p><strong>Service OEM&amp;ODM :<\/strong> Les fabricants de d\u00e9corations en c\u00e9ramique SANTAI proposent des solutions personnalis\u00e9es de vases en c\u00e9ramique, fournissent vos id\u00e9es et cr\u00e9ent parfaitement des vases personnalis\u00e9s qui r\u00e9pondent \u00e0 vos besoins.<\/p>","protected":false},"featured_media":1504,"comment_status":"closed","ping_status":"closed","template":"","meta":{"_acf_changed":false},"product_brand":[],"product_cat":[18,22],"product_tag":[34],"class_list":{"0":"post-1503","1":"product","2":"type-product","3":"status-publish","4":"has-post-thumbnail","6":"product_cat-home-decor","7":"product_cat-vase","8":"product_tag-ceramic-vase","10":"first","11":"instock","12":"shipping-taxable","13":"product-type-simple"},"acf":[],"_links":{"self":[{"href":"https:\/\/www.santai-ceramics.com\/fr\/wp-json\/wp\/v2\/product\/1503","targetHints":{"allow":["GET"]}}],"collection":[{"href":"https:\/\/www.santai-ceramics.com\/fr\/wp-json\/wp\/v2\/product"}],"about":[{"href":"https:\/\/www.santai-ceramics.com\/fr\/wp-json\/wp\/v2\/types\/product"}],"replies":[{"embeddable":true,"href":"https:\/\/www.santai-ceramics.com\/fr\/wp-json\/wp\/v2\/comments?post=1503"}],"wp:featuredmedia":[{"embeddable":true,"href":"https:\/\/www.santai-ceramics.com\/fr\/wp-json\/wp\/v2\/media\/1504"}],"wp:attachment":[{"href":"https:\/\/www.santai-ceramics.com\/fr\/wp-json\/wp\/v2\/media?parent=1503"}],"wp:term":[{"taxonomy":"product_brand","embeddable":true,"href":"https:\/\/www.santai-ceramics.com\/fr\/wp-json\/wp\/v2\/product_brand?post=1503"},{"taxonomy":"product_cat","embeddable":true,"href":"https:\/\/www.santai-ceramics.com\/fr\/wp-json\/wp\/v2\/product_cat?post=1503"},{"taxonomy":"product_tag","embeddable":true,"href":"https:\/\/www.santai-ceramics.com\/fr\/wp-json\/wp\/v2\/product_tag?post=1503"}],"curies":[{"name":"wp","href":"https:\/\/api.w.org\/{rel}","templated":true}]}}