{"id":1507,"date":"2024-12-03T15:41:44","date_gmt":"2024-12-03T15:41:44","guid":{"rendered":"https:\/\/www.santai-ceramics.com\/?post_type=product&#038;p=1507"},"modified":"2025-02-02T14:40:55","modified_gmt":"2025-02-02T14:40:55","slug":"wholesale-chinese-classical-patterned-ceramic-vase","status":"publish","type":"product","link":"https:\/\/www.santai-ceramics.com\/fr\/product\/wholesale-chinese-classical-patterned-ceramic-vase\/","title":{"rendered":"Wholesale Chinese Classical Ceramic Patterned Vase, Traditional Elegant Home Decor Vase (Vase en c\u00e9ramique \u00e0 motif classique chinois, vase traditionnel \u00e9l\u00e9gant pour la maison)"},"content":{"rendered":"<h3 class=\"wp-block-heading\">Param\u00e8tres du vase en c\u00e9ramique \u00e0 motif classique<\/h3>\n\n\n\n<figure class=\"wp-block-table\"><table class=\"has-fixed-layout\"><tbody><tr><td>Mod\u00e8le<\/td><td>Nom du produit<\/td><td>Couleur<\/td><td>Mat\u00e9riau<\/td><td>Utilisations<\/td><td>Dimensions<\/td><td>Poids<\/td><\/tr><tr><td>A32067-LC17-A01<\/td><td>Vase \u00e0 fleurs en c\u00e9ramique<\/td><td>Marron \u00e9l\u00e9gant<\/td><td>C\u00e9ramique<\/td><td>d\u00e9coration int\u00e9rieure, salon<\/td><td>30X16X18.5<\/td><td>2,1kg\/pc<\/td><\/tr><\/tbody><\/table><\/figure>\n\n\n\n<h3 class=\"wp-block-heading\">Service de vases en c\u00e9ramique sur mesure<\/h3>\n\n\n\n<p>Nous proposons des services OEM et ODM pour nos produits.<br>Des \u00e9chantillons peuvent \u00eatre livr\u00e9s rapidement.<br>Nous offrons une vari\u00e9t\u00e9 de formes, de couleurs, d'impressions personnalis\u00e9es, d'emballages et d'autres services sur mesure pour r\u00e9pondre \u00e0 vos besoins sp\u00e9cifiques.<br><a style=\"\" href=\"https:\/\/www.santai-ceramics.com\/fr\/custom\/\" data-type=\"page\" data-id=\"13\" target=\"_blank\" rel=\"noreferrer noopener\"><strong><b>En savoir plus sur la personnalisation<\/b> d\u00e9tail du vase.<\/strong><\/a><\/p>\n\n\n\n<div class=\"wp-block-columns is-layout-flex wp-container-core-columns-is-layout-9d6595d7 wp-block-columns-is-layout-flex\">\n<div class=\"wp-block-column is-layout-flow wp-block-column-is-layout-flow\">\n<figure class=\"wp-block-image size-full\"><img decoding=\"async\" width=\"1500\" height=\"1250\" src=\"https:\/\/www.santai-ceramics.com\/wp-content\/uploads\/2024\/12\/Chinese-Classical-Patterned-Ceramic-Vase-1-1.jpg\" alt=\"Vase en c\u00e9ramique \u00e0 motifs classiques chinois (1)\" class=\"wp-image-1512\" srcset=\"https:\/\/www.santai-ceramics.com\/wp-content\/uploads\/2024\/12\/Chinese-Classical-Patterned-Ceramic-Vase-1-1.jpg 1500w, https:\/\/www.santai-ceramics.com\/wp-content\/uploads\/2024\/12\/Chinese-Classical-Patterned-Ceramic-Vase-1-1-300x250.jpg 300w, https:\/\/www.santai-ceramics.com\/wp-content\/uploads\/2024\/12\/Chinese-Classical-Patterned-Ceramic-Vase-1-1-768x640.jpg 768w, https:\/\/www.santai-ceramics.com\/wp-content\/uploads\/2024\/12\/Chinese-Classical-Patterned-Ceramic-Vase-1-1-14x12.jpg 14w, https:\/\/www.santai-ceramics.com\/wp-content\/uploads\/2024\/12\/Chinese-Classical-Patterned-Ceramic-Vase-1-1-1200x1000.jpg 1200w, https:\/\/www.santai-ceramics.com\/wp-content\/uploads\/2024\/12\/Chinese-Classical-Patterned-Ceramic-Vase-1-1-600x500.jpg 600w\" sizes=\"(max-width: 1500px) 100vw, 1500px\" \/><\/figure>\n<\/div>\n\n\n\n<div class=\"wp-block-column is-layout-flow wp-block-column-is-layout-flow\">\n<figure class=\"wp-block-image size-full\"><img decoding=\"async\" width=\"1500\" height=\"1250\" src=\"https:\/\/www.santai-ceramics.com\/wp-content\/uploads\/2024\/12\/Chinese-Classical-Patterned-Ceramic-Vase-2-1.jpg\" alt=\"Vase en c\u00e9ramique \u00e0 motifs classiques chinois (2)\" class=\"wp-image-1514\" srcset=\"https:\/\/www.santai-ceramics.com\/wp-content\/uploads\/2024\/12\/Chinese-Classical-Patterned-Ceramic-Vase-2-1.jpg 1500w, https:\/\/www.santai-ceramics.com\/wp-content\/uploads\/2024\/12\/Chinese-Classical-Patterned-Ceramic-Vase-2-1-300x250.jpg 300w, https:\/\/www.santai-ceramics.com\/wp-content\/uploads\/2024\/12\/Chinese-Classical-Patterned-Ceramic-Vase-2-1-768x640.jpg 768w, https:\/\/www.santai-ceramics.com\/wp-content\/uploads\/2024\/12\/Chinese-Classical-Patterned-Ceramic-Vase-2-1-14x12.jpg 14w, https:\/\/www.santai-ceramics.com\/wp-content\/uploads\/2024\/12\/Chinese-Classical-Patterned-Ceramic-Vase-2-1-1200x1000.jpg 1200w, https:\/\/www.santai-ceramics.com\/wp-content\/uploads\/2024\/12\/Chinese-Classical-Patterned-Ceramic-Vase-2-1-600x500.jpg 600w\" sizes=\"(max-width: 1500px) 100vw, 1500px\" \/><\/figure>\n<\/div>\n<\/div>","protected":false},"excerpt":{"rendered":"<p data-pm-slice=\"0 0 []\">Les vases classiques en c\u00e9ramique, fabriqu\u00e9s en argile naturelle, ont une texture et une couleur de gla\u00e7ure uniques, un motif chinois et une forme unique. Ce vase classique peut \u00eatre parfaitement int\u00e9gr\u00e9 \u00e0 une vari\u00e9t\u00e9 de styles d'int\u00e9rieur. Il peut \u00eatre utilis\u00e9 comme d\u00e9coration artistique ind\u00e9pendante ou comme arrangement floral. Nous fournissons des services professionnels de vente en gros et personnalis\u00e9s de vases en c\u00e9ramique, veuillez nous contacter.<\/p>\n<h2>Caract\u00e9ristiques du vase en c\u00e9ramique \u00e0 motif classique<\/h2>\n<p><strong>Design chinois classique :<\/strong> Le vase classique adopte des motifs chinois traditionnels, int\u00e9grant de riches \u00e9l\u00e9ments culturels et expressions artistiques, t\u00e9moignant d'une profonde esth\u00e9tique chinoise.<\/p>\n<p><strong>Facile \u00e0 assortir :<\/strong> Ce vase en c\u00e9ramique \u00e0 motif classique s'int\u00e8gre parfaitement \u00e0 divers styles d'int\u00e9rieur, ajoutant une atmosph\u00e8re artistique unique \u00e0 la d\u00e9coration de meubles simples et traditionnels.<\/p>\n<p><strong>Durable et beau :<\/strong> Ce vase classique est fabriqu\u00e9 en argile naturelle et cuit \u00e0 haute temp\u00e9rature pour garantir sa durabilit\u00e9 et sa brillance.<\/p>\n<p><strong>Mat\u00e9riaux de haute qualit\u00e9 :<\/strong> Gr\u00e2ce \u00e0 la s\u00e9lection d'argile de haute qualit\u00e9 et \u00e0 un savoir-faire artisanal exquis, ce vase en c\u00e9ramique \u00e0 motif classique pr\u00e9sente une surface lisse, un toucher agr\u00e9able, une r\u00e9sistance \u00e0 l'usure et une durabilit\u00e9, et peut conserver une brillance parfaite m\u00eame apr\u00e8s une utilisation prolong\u00e9e.<\/p>\n<p><strong>Service OEM et ODM :<\/strong> En tant que fabricant de poteries pour la maison, nous proposons des services de personnalisation oem et odm pour les commandes de gros volumes, couvrant des mat\u00e9riaux, des formes, des tailles et bien d'autres choses encore.<\/p>","protected":false},"featured_media":1512,"comment_status":"closed","ping_status":"closed","template":"","meta":{"_acf_changed":false},"product_brand":[],"product_cat":[18,22],"product_tag":[34],"class_list":{"0":"post-1507","1":"product","2":"type-product","3":"status-publish","4":"has-post-thumbnail","6":"product_cat-home-decor","7":"product_cat-vase","8":"product_tag-ceramic-vase","10":"first","11":"instock","12":"shipping-taxable","13":"product-type-simple"},"acf":[],"_links":{"self":[{"href":"https:\/\/www.santai-ceramics.com\/fr\/wp-json\/wp\/v2\/product\/1507","targetHints":{"allow":["GET"]}}],"collection":[{"href":"https:\/\/www.santai-ceramics.com\/fr\/wp-json\/wp\/v2\/product"}],"about":[{"href":"https:\/\/www.santai-ceramics.com\/fr\/wp-json\/wp\/v2\/types\/product"}],"replies":[{"embeddable":true,"href":"https:\/\/www.santai-ceramics.com\/fr\/wp-json\/wp\/v2\/comments?post=1507"}],"wp:featuredmedia":[{"embeddable":true,"href":"https:\/\/www.santai-ceramics.com\/fr\/wp-json\/wp\/v2\/media\/1512"}],"wp:attachment":[{"href":"https:\/\/www.santai-ceramics.com\/fr\/wp-json\/wp\/v2\/media?parent=1507"}],"wp:term":[{"taxonomy":"product_brand","embeddable":true,"href":"https:\/\/www.santai-ceramics.com\/fr\/wp-json\/wp\/v2\/product_brand?post=1507"},{"taxonomy":"product_cat","embeddable":true,"href":"https:\/\/www.santai-ceramics.com\/fr\/wp-json\/wp\/v2\/product_cat?post=1507"},{"taxonomy":"product_tag","embeddable":true,"href":"https:\/\/www.santai-ceramics.com\/fr\/wp-json\/wp\/v2\/product_tag?post=1507"}],"curies":[{"name":"wp","href":"https:\/\/api.w.org\/{rel}","templated":true}]}}