{"id":1601,"date":"2024-12-30T05:26:26","date_gmt":"2024-12-30T05:26:26","guid":{"rendered":"https:\/\/www.santai-ceramics.com\/?post_type=product&#038;p=1601"},"modified":"2025-06-05T14:26:16","modified_gmt":"2025-06-05T14:26:16","slug":"wholesale-decorative-terracotta-plant-pots","status":"publish","type":"product","link":"https:\/\/www.santai-ceramics.com\/fr\/product\/wholesale-decorative-terracotta-plant-pots\/","title":{"rendered":"Wholesale Decorative Terracotta Plant Pots\uff0cBulk Retro Ceramic Garden Plant Pots"},"content":{"rendered":"<h3 class=\"wp-block-heading\">Param\u00e8tres des pots d\u00e9coratifs en terre cuite<\/h3>\n\n\n\n<figure class=\"wp-block-table\"><table class=\"has-fixed-layout\"><tbody><tr><td>Mod\u00e8le<\/td><td>Nom du produit<\/td><td>Couleur<\/td><td>Mat\u00e9riau<\/td><td>Utilisations<\/td><td>Dimensions<\/td><td>Poids<\/td><\/tr><tr><td>G37391-H911-A01<\/td><td>&nbsp;Jardini\u00e8re\/pot en terre cuite<\/td><td>Pourpre fonc\u00e9 antique<\/td><td>&nbsp;Terre cuite<\/td><td>d\u00e9coration int\u00e9rieure, salon, jardin<\/td><td>D:21X19.5cm<\/td><td>2.7kg\/PC<\/td><\/tr><tr><td>G37391-H911-A02<\/td><td>&nbsp;Jardini\u00e8re\/pot en terre cuite<\/td><td>Pourpre fonc\u00e9 antique<\/td><td>&nbsp;Terre cuite<\/td><td>d\u00e9coration int\u00e9rieure, salon, jardin<\/td><td>D:16.5X15.5cm<\/td><td>1,6kg\/PC<\/td><\/tr><\/tbody><\/table><\/figure>\n\n\n\n<h3 class=\"wp-block-heading\">Service de pots de fleurs sur mesure<\/h3>\n\n\n\n<p>Nous proposons des services OEM et ODM pour nos produits.<br>Des \u00e9chantillons peuvent \u00eatre livr\u00e9s rapidement.<br>Nous offrons une vari\u00e9t\u00e9 de formes, de couleurs, d'impressions personnalis\u00e9es, d'emballages et d'autres services sur mesure pour r\u00e9pondre \u00e0 vos besoins sp\u00e9cifiques.<br><a style=\"\" href=\"https:\/\/www.santai-ceramics.com\/fr\/custom\/\" data-type=\"page\" data-id=\"13\" target=\"_blank\" rel=\"noreferrer noopener\"><strong><b>En savoir plus sur la personnalisation<\/b> d\u00e9tail du pot de fleurs.<\/strong><\/a><\/p>\n\n\n\n<div class=\"wp-block-columns is-layout-flex wp-container-core-columns-is-layout-9d6595d7 wp-block-columns-is-layout-flex\">\n<div class=\"wp-block-column is-layout-flow wp-block-column-is-layout-flow\">\n<figure class=\"wp-block-image size-full\"><img decoding=\"async\" width=\"1500\" height=\"1250\" src=\"https:\/\/www.santai-ceramics.com\/wp-content\/uploads\/2024\/12\/Wholesale-Decorative-Terracotta-Plant-Pots-4.webp\" alt=\"Grossiste Pots d\u00e9coratifs en terre cuite (4)\" class=\"wp-image-1605\" srcset=\"https:\/\/www.santai-ceramics.com\/wp-content\/uploads\/2024\/12\/Wholesale-Decorative-Terracotta-Plant-Pots-4.webp 1500w, https:\/\/www.santai-ceramics.com\/wp-content\/uploads\/2024\/12\/Wholesale-Decorative-Terracotta-Plant-Pots-4-300x250.webp 300w, https:\/\/www.santai-ceramics.com\/wp-content\/uploads\/2024\/12\/Wholesale-Decorative-Terracotta-Plant-Pots-4-768x640.webp 768w, https:\/\/www.santai-ceramics.com\/wp-content\/uploads\/2024\/12\/Wholesale-Decorative-Terracotta-Plant-Pots-4-14x12.webp 14w, https:\/\/www.santai-ceramics.com\/wp-content\/uploads\/2024\/12\/Wholesale-Decorative-Terracotta-Plant-Pots-4-1200x1000.webp 1200w, https:\/\/www.santai-ceramics.com\/wp-content\/uploads\/2024\/12\/Wholesale-Decorative-Terracotta-Plant-Pots-4-600x500.webp 600w\" sizes=\"(max-width: 1500px) 100vw, 1500px\" \/><\/figure>\n<\/div>\n\n\n\n<div class=\"wp-block-column is-layout-flow wp-block-column-is-layout-flow\">\n<figure class=\"wp-block-image size-full\"><img decoding=\"async\" width=\"1500\" height=\"1249\" src=\"https:\/\/www.santai-ceramics.com\/wp-content\/uploads\/2024\/12\/Wholesale-Decorative-Terracotta-Plant-Pots-5.webp\" alt=\"Grossiste Pots d\u00e9coratifs en terre cuite (5)\" class=\"wp-image-1606\" srcset=\"https:\/\/www.santai-ceramics.com\/wp-content\/uploads\/2024\/12\/Wholesale-Decorative-Terracotta-Plant-Pots-5.webp 1500w, https:\/\/www.santai-ceramics.com\/wp-content\/uploads\/2024\/12\/Wholesale-Decorative-Terracotta-Plant-Pots-5-300x250.webp 300w, https:\/\/www.santai-ceramics.com\/wp-content\/uploads\/2024\/12\/Wholesale-Decorative-Terracotta-Plant-Pots-5-768x639.webp 768w, https:\/\/www.santai-ceramics.com\/wp-content\/uploads\/2024\/12\/Wholesale-Decorative-Terracotta-Plant-Pots-5-14x12.webp 14w, https:\/\/www.santai-ceramics.com\/wp-content\/uploads\/2024\/12\/Wholesale-Decorative-Terracotta-Plant-Pots-5-1200x999.webp 1200w, https:\/\/www.santai-ceramics.com\/wp-content\/uploads\/2024\/12\/Wholesale-Decorative-Terracotta-Plant-Pots-5-600x500.webp 600w\" sizes=\"(max-width: 1500px) 100vw, 1500px\" \/><\/figure>\n<\/div>\n<\/div>\n\n\n\n<div class=\"wp-block-columns is-layout-flex wp-container-core-columns-is-layout-9d6595d7 wp-block-columns-is-layout-flex\">\n<div class=\"wp-block-column is-layout-flow wp-block-column-is-layout-flow\"><\/div>\n\n\n\n<div class=\"wp-block-column is-layout-flow wp-block-column-is-layout-flow\"><\/div>\n<\/div>","protected":false},"excerpt":{"rendered":"<p data-pm-slice=\"0 0 []\">Pots d\u00e9coratifs en gros en terre cuite, ce pot de style r\u00e9tro est fabriqu\u00e9 \u00e0 partir d'argile et d'artisanat traditionnel, ce qui est \u00e0 la fois beau et pratique, adapt\u00e9 \u00e0 la plantation de divers types de plantes et leur fournissant un bon environnement de croissance. En outre, ce pot en terre cuite peut \u00eatre utilis\u00e9 comme d\u00e9coration de jardin ou d'int\u00e9rieur, ajoutant une atmosph\u00e8re naturelle et artistique \u00e0 votre espace.<\/p>\n<h2>Caract\u00e9ristiques des pots d\u00e9coratifs en terre cuite<\/h2>\n<p><strong>Mat\u00e9riau naturel :<\/strong> Les pots de fleurs sont en argile, un mat\u00e9riau \u00e9cologique et non toxique, plus respectueux de la croissance des plantes, et qui permet d'\u00e9viter les probl\u00e8mes de pollution caus\u00e9s par les pots en plastique.<\/p>\n<p><strong>Excellente r\u00e9tention d'eau :<\/strong> Les pots d\u00e9coratifs en terre cuite peuvent maintenir une humidit\u00e9 ad\u00e9quate, permettant aux plantes d'absorber l'humidit\u00e9 n\u00e9cessaire dans les environnements arides et d'am\u00e9liorer le taux de survie des plantes.<\/p>\n<p><strong>Bonne perm\u00e9abilit\u00e9 \u00e0 l'air :<\/strong> Le mat\u00e9riau argileux est naturellement perm\u00e9able \u00e0 l'air, ce qui favorise la ventilation du sol, aide les racines des plantes \u00e0 se d\u00e9velopper sainement et emp\u00eache l'accumulation d'eau de provoquer le pourrissement des racines.<\/p>\n<p><strong>Un design unique :<\/strong> La surface des pots d\u00e9coratifs en terre cuite pr\u00e9sente une texture concave et convexe unique, qui ajoute la beaut\u00e9 de la nature et de l'art artisanal. Il s'agit d'un design qui allie praticit\u00e9 et d\u00e9coration.<\/p>\n<p><strong>Convient \u00e0 une vari\u00e9t\u00e9 d'utilisations :<\/strong> En plus d'\u00eatre utilis\u00e9 comme pot de plantation, il peut \u00e9galement \u00eatre utilis\u00e9 comme d\u00e9coration d'int\u00e9rieur, ce qui permet de compl\u00e9ter diff\u00e9rents styles d'environnements domestiques.<\/p>\n<p><strong>Service OEM&amp;ODM :  SANTAI fournit une solution compl\u00e8te et personnalis\u00e9e pour les pots de plantes, couvrant la conception, la fabrication d'\u00e9chantillons et la production de masse, n'h\u00e9sitez pas \u00e0 nous contacter.<\/strong><\/p>","protected":false},"featured_media":1602,"comment_status":"closed","ping_status":"closed","template":"","meta":{"_acf_changed":false},"product_brand":[],"product_cat":[18,42,21,23],"product_tag":[38],"class_list":{"0":"post-1601","1":"product","2":"type-product","3":"status-publish","4":"has-post-thumbnail","6":"product_cat-home-decor","7":"product_cat-wholesale-ceramic-plant-pots","8":"product_cat-garden-decor","9":"product_cat-ceramic-pots-planters","10":"product_tag-wholesale-terracotta-flower-pots","12":"first","13":"instock","14":"shipping-taxable","15":"product-type-simple"},"acf":[],"_links":{"self":[{"href":"https:\/\/www.santai-ceramics.com\/fr\/wp-json\/wp\/v2\/product\/1601","targetHints":{"allow":["GET"]}}],"collection":[{"href":"https:\/\/www.santai-ceramics.com\/fr\/wp-json\/wp\/v2\/product"}],"about":[{"href":"https:\/\/www.santai-ceramics.com\/fr\/wp-json\/wp\/v2\/types\/product"}],"replies":[{"embeddable":true,"href":"https:\/\/www.santai-ceramics.com\/fr\/wp-json\/wp\/v2\/comments?post=1601"}],"wp:featuredmedia":[{"embeddable":true,"href":"https:\/\/www.santai-ceramics.com\/fr\/wp-json\/wp\/v2\/media\/1602"}],"wp:attachment":[{"href":"https:\/\/www.santai-ceramics.com\/fr\/wp-json\/wp\/v2\/media?parent=1601"}],"wp:term":[{"taxonomy":"product_brand","embeddable":true,"href":"https:\/\/www.santai-ceramics.com\/fr\/wp-json\/wp\/v2\/product_brand?post=1601"},{"taxonomy":"product_cat","embeddable":true,"href":"https:\/\/www.santai-ceramics.com\/fr\/wp-json\/wp\/v2\/product_cat?post=1601"},{"taxonomy":"product_tag","embeddable":true,"href":"https:\/\/www.santai-ceramics.com\/fr\/wp-json\/wp\/v2\/product_tag?post=1601"}],"curies":[{"name":"wp","href":"https:\/\/api.w.org\/{rel}","templated":true}]}}