{"id":1608,"date":"2024-12-30T05:47:21","date_gmt":"2024-12-30T05:47:21","guid":{"rendered":"https:\/\/www.santai-ceramics.com\/?post_type=product&#038;p=1608"},"modified":"2025-02-02T14:37:12","modified_gmt":"2025-02-02T14:37:12","slug":"custom-vintage-ceramic-vase-wholesale","status":"publish","type":"product","link":"https:\/\/www.santai-ceramics.com\/fr\/product\/custom-vintage-ceramic-vase-wholesale\/","title":{"rendered":"Vase en c\u00e9ramique vintage personnalis\u00e9 en gros - SANTAI Professional Pottery Manufacturer"},"content":{"rendered":"<h3 class=\"wp-block-heading\">Parameters of Customizable Vintage Vase<\/h3>\n\n\n\n<figure class=\"wp-block-table\"><table class=\"has-fixed-layout\"><tbody><tr><td>Mod\u00e8le<\/td><td>Nom du produit<\/td><td>Couleur<\/td><td>Mat\u00e9riau<\/td><td>Utilisations<\/td><td>Dimensions<\/td><td>Poids<\/td><\/tr><tr><td>G37385-H911-A02<\/td><td>&nbsp;Jardini\u00e8re\/pot en terre cuite<\/td><td>Pourpre fonc\u00e9 antique<\/td><td>&nbsp;Terre cuite<\/td><td>d\u00e9coration int\u00e9rieure, salon, jardin<\/td><td>D:19X25cm<\/td><td>2.3kg\/PC<\/td><\/tr><tr><td>G37386-H911-A01<\/td><td>&nbsp;Jardini\u00e8re\/pot en terre cuite<\/td><td>Pourpre fonc\u00e9 antique<\/td><td>&nbsp;Terre cuite<\/td><td>d\u00e9coration int\u00e9rieure, salon, jardin<\/td><td>D:16.5X19.5cm<br><\/td><td>1.5kg\/PC<\/td><\/tr><\/tbody><\/table><\/figure>\n\n\n\n<h3 class=\"wp-block-heading\">Service de vases sur mesure<\/h3>\n\n\n\n<p>Nous proposons des services OEM et ODM pour nos produits.<br>Des \u00e9chantillons peuvent \u00eatre livr\u00e9s rapidement.<br>Nous offrons une vari\u00e9t\u00e9 de formes, de couleurs, d'impressions personnalis\u00e9es, d'emballages et d'autres services sur mesure pour r\u00e9pondre \u00e0 vos besoins sp\u00e9cifiques.<br><a style=\"\" href=\"https:\/\/www.santai-ceramics.com\/fr\/custom\/\" data-type=\"page\" data-id=\"13\" target=\"_blank\" rel=\"noreferrer noopener\"><strong><b>En savoir plus sur la personnalisation<\/b> d\u00e9tail du vase.<\/strong><\/a><\/p>\n\n\n\n<div class=\"wp-block-columns is-layout-flex wp-container-core-columns-is-layout-9d6595d7 wp-block-columns-is-layout-flex\">\n<div class=\"wp-block-column is-layout-flow wp-block-column-is-layout-flow\">\n<figure class=\"wp-block-image size-full\"><img decoding=\"async\" width=\"1500\" height=\"1249\" src=\"https:\/\/www.santai-ceramics.com\/wp-content\/uploads\/2024\/12\/Custom-Vintage-Ceramic-Vase-4.webp\" alt=\"Custom Vintage Ceramic Vase (4)\" class=\"wp-image-1624\" srcset=\"https:\/\/www.santai-ceramics.com\/wp-content\/uploads\/2024\/12\/Custom-Vintage-Ceramic-Vase-4.webp 1500w, https:\/\/www.santai-ceramics.com\/wp-content\/uploads\/2024\/12\/Custom-Vintage-Ceramic-Vase-4-300x250.webp 300w, https:\/\/www.santai-ceramics.com\/wp-content\/uploads\/2024\/12\/Custom-Vintage-Ceramic-Vase-4-768x639.webp 768w, https:\/\/www.santai-ceramics.com\/wp-content\/uploads\/2024\/12\/Custom-Vintage-Ceramic-Vase-4-14x12.webp 14w, https:\/\/www.santai-ceramics.com\/wp-content\/uploads\/2024\/12\/Custom-Vintage-Ceramic-Vase-4-1200x999.webp 1200w, https:\/\/www.santai-ceramics.com\/wp-content\/uploads\/2024\/12\/Custom-Vintage-Ceramic-Vase-4-600x500.webp 600w\" sizes=\"(max-width: 1500px) 100vw, 1500px\" \/><\/figure>\n<\/div>\n\n\n\n<div class=\"wp-block-column is-layout-flow wp-block-column-is-layout-flow\">\n<figure class=\"wp-block-image size-full\"><img decoding=\"async\" width=\"1500\" height=\"1249\" src=\"https:\/\/www.santai-ceramics.com\/wp-content\/uploads\/2024\/12\/Custom-Vintage-Ceramic-Vase-6.webp\" alt=\"Custom Vintage Ceramic Vase (6)\" class=\"wp-image-1626\" srcset=\"https:\/\/www.santai-ceramics.com\/wp-content\/uploads\/2024\/12\/Custom-Vintage-Ceramic-Vase-6.webp 1500w, https:\/\/www.santai-ceramics.com\/wp-content\/uploads\/2024\/12\/Custom-Vintage-Ceramic-Vase-6-300x250.webp 300w, https:\/\/www.santai-ceramics.com\/wp-content\/uploads\/2024\/12\/Custom-Vintage-Ceramic-Vase-6-768x639.webp 768w, https:\/\/www.santai-ceramics.com\/wp-content\/uploads\/2024\/12\/Custom-Vintage-Ceramic-Vase-6-14x12.webp 14w, https:\/\/www.santai-ceramics.com\/wp-content\/uploads\/2024\/12\/Custom-Vintage-Ceramic-Vase-6-1200x999.webp 1200w, https:\/\/www.santai-ceramics.com\/wp-content\/uploads\/2024\/12\/Custom-Vintage-Ceramic-Vase-6-600x500.webp 600w\" sizes=\"(max-width: 1500px) 100vw, 1500px\" \/><\/figure>\n<\/div>\n<\/div>","protected":false},"excerpt":{"rendered":"<p data-pm-slice=\"0 0 []\">Vase en c\u00e9ramique vintage personnalis\u00e9 en gros, combinant l'artisanat traditionnel avec des concepts de design modernes, ce vase en c\u00e9ramique vintage fait preuve d'une beaut\u00e9 artistique \u00e9l\u00e9gante. Nous soutenons les vases en c\u00e9ramique personnalis\u00e9s d'un seul tenant, n'h\u00e9sitez pas \u00e0 nous faire part de vos id\u00e9es.<\/p>\n<h2>Caract\u00e9ristiques du vase en c\u00e9ramique vintage personnalis\u00e9\u00a0<\/h2>\n<p><strong>Design vintage :<\/strong> La surface de ce vase est d\u00e9cor\u00e9e de textures vintage, d\u00e9gageant une atmosph\u00e8re classique unique et rendant votre espace plus artistique.<\/p>\n<p><strong>Mat\u00e9riau argileux de haute qualit\u00e9 :<\/strong> Le vase personnalisable en c\u00e9ramique vintage est fabriqu\u00e9 en argile de haute qualit\u00e9, avec une texture fine, un toucher agr\u00e9able et une bonne durabilit\u00e9.<\/p>\n<p><strong>Fabrication artisanale respectueuse de l'environnement :<\/strong> Fabriqu\u00e9 selon un savoir-faire traditionnel, il conserve les caract\u00e9ristiques naturelles de l'argile, est respectueux de l'environnement et ne pollue pas, et son aspect naturel et simple s'adapte \u00e0 une vari\u00e9t\u00e9 de styles de d\u00e9coration int\u00e9rieure.<\/p>\n<p><strong>Service de solutions de vases sur mesure :<\/strong> Nous proposons des solutions de vases sur mesure, couvrant une vari\u00e9t\u00e9 de dimensions de personnalisation, y compris le mat\u00e9riau, la taille, la forme, le motif et plus encore.<\/p>","protected":false},"featured_media":1621,"comment_status":"closed","ping_status":"closed","template":"","meta":{"_acf_changed":false},"product_brand":[],"product_cat":[18,21,22],"product_tag":[34],"class_list":{"0":"post-1608","1":"product","2":"type-product","3":"status-publish","4":"has-post-thumbnail","6":"product_cat-home-decor","7":"product_cat-garden-decor","8":"product_cat-vase","9":"product_tag-ceramic-vase","11":"first","12":"instock","13":"shipping-taxable","14":"product-type-simple"},"acf":[],"_links":{"self":[{"href":"https:\/\/www.santai-ceramics.com\/fr\/wp-json\/wp\/v2\/product\/1608","targetHints":{"allow":["GET"]}}],"collection":[{"href":"https:\/\/www.santai-ceramics.com\/fr\/wp-json\/wp\/v2\/product"}],"about":[{"href":"https:\/\/www.santai-ceramics.com\/fr\/wp-json\/wp\/v2\/types\/product"}],"replies":[{"embeddable":true,"href":"https:\/\/www.santai-ceramics.com\/fr\/wp-json\/wp\/v2\/comments?post=1608"}],"wp:featuredmedia":[{"embeddable":true,"href":"https:\/\/www.santai-ceramics.com\/fr\/wp-json\/wp\/v2\/media\/1621"}],"wp:attachment":[{"href":"https:\/\/www.santai-ceramics.com\/fr\/wp-json\/wp\/v2\/media?parent=1608"}],"wp:term":[{"taxonomy":"product_brand","embeddable":true,"href":"https:\/\/www.santai-ceramics.com\/fr\/wp-json\/wp\/v2\/product_brand?post=1608"},{"taxonomy":"product_cat","embeddable":true,"href":"https:\/\/www.santai-ceramics.com\/fr\/wp-json\/wp\/v2\/product_cat?post=1608"},{"taxonomy":"product_tag","embeddable":true,"href":"https:\/\/www.santai-ceramics.com\/fr\/wp-json\/wp\/v2\/product_tag?post=1608"}],"curies":[{"name":"wp","href":"https:\/\/api.w.org\/{rel}","templated":true}]}}