{"id":1634,"date":"2024-12-30T06:59:02","date_gmt":"2024-12-30T06:59:02","guid":{"rendered":"https:\/\/www.santai-ceramics.com\/?post_type=product&#038;p=1634"},"modified":"2025-06-05T10:14:01","modified_gmt":"2025-06-05T10:14:01","slug":"wholesale-fiber-cement-retro-custom-planter","status":"publish","type":"product","link":"https:\/\/www.santai-ceramics.com\/fr\/product\/wholesale-fiber-cement-retro-custom-planter\/","title":{"rendered":"Jardini\u00e8re en fibre de ciment r\u00e9tro personnalis\u00e9e en gros - Jardini\u00e8res en b\u00e9ton d\u00e9coratives personnalis\u00e9es pour la maison et le jardin"},"content":{"rendered":"<h3 class=\"wp-block-heading\">Param\u00e8tres de la jardini\u00e8re personnalis\u00e9e en fibre-ciment <\/h3>\n\n\n\n<figure class=\"wp-block-table\"><table class=\"has-fixed-layout\"><tbody><tr><td>Mod\u00e8le<\/td><td>Nom du produit<\/td><td>Couleur<\/td><td>Mat\u00e9riau<\/td><td>Utilisations<\/td><td>Dimensions<\/td><td>Poids<\/td><\/tr><tr><td>J37029-H911-A01<\/td><td>Jardini\u00e8re en fibre-ciment&nbsp;<\/td><td>Pourpre fonc\u00e9 antique<\/td><td>Fibre-ciment<\/td><td>d\u00e9coration int\u00e9rieure, salon, jardin<\/td><td>D:34X41.5cm<\/td><td>7kg\/PC<\/td><\/tr><tr><td>J37029-H911-A02<\/td><td>Jardini\u00e8re en fibre-ciment&nbsp;<\/td><td>Pourpre fonc\u00e9 antique<\/td><td>Fibre-ciment<\/td><td>d\u00e9coration int\u00e9rieure, salon, jardin<\/td><td>D:29X34cm<\/td><td>5.7kg\/PC<\/td><\/tr><\/tbody><\/table><\/figure>\n\n\n\n<h3 class=\"wp-block-heading\">Service de plantation sur mesure<\/h3>\n\n\n\n<p>Nous proposons des services OEM et ODM pour nos produits.<br>Des \u00e9chantillons peuvent \u00eatre livr\u00e9s rapidement.<br>Nous offrons une vari\u00e9t\u00e9 de formes, de couleurs, d'impressions personnalis\u00e9es, d'emballages et d'autres services sur mesure pour r\u00e9pondre \u00e0 vos besoins sp\u00e9cifiques.<br><a style=\"\" href=\"https:\/\/www.santai-ceramics.com\/fr\/custom\/\" data-type=\"page\" data-id=\"13\" target=\"_blank\" rel=\"noreferrer noopener\"><strong><b>En savoir plus sur la personnalisation<\/b> d\u00e9tail de la jardini\u00e8re.<\/strong><\/a><\/p>\n\n\n\n<div class=\"wp-block-columns is-layout-flex wp-container-core-columns-is-layout-9d6595d7 wp-block-columns-is-layout-flex\">\n<div class=\"wp-block-column is-layout-flow wp-block-column-is-layout-flow\">\n<figure class=\"wp-block-image size-full\"><img decoding=\"async\" width=\"1500\" height=\"1249\" src=\"https:\/\/www.santai-ceramics.com\/wp-content\/uploads\/2024\/12\/Fiber-Cement-Custom-Planter-4.webp\" alt=\"Jardini\u00e8re personnalis\u00e9e en fibre-ciment (4)\" class=\"wp-image-1638\" srcset=\"https:\/\/www.santai-ceramics.com\/wp-content\/uploads\/2024\/12\/Fiber-Cement-Custom-Planter-4.webp 1500w, https:\/\/www.santai-ceramics.com\/wp-content\/uploads\/2024\/12\/Fiber-Cement-Custom-Planter-4-300x250.webp 300w, https:\/\/www.santai-ceramics.com\/wp-content\/uploads\/2024\/12\/Fiber-Cement-Custom-Planter-4-768x639.webp 768w, https:\/\/www.santai-ceramics.com\/wp-content\/uploads\/2024\/12\/Fiber-Cement-Custom-Planter-4-14x12.webp 14w, https:\/\/www.santai-ceramics.com\/wp-content\/uploads\/2024\/12\/Fiber-Cement-Custom-Planter-4-1200x999.webp 1200w, https:\/\/www.santai-ceramics.com\/wp-content\/uploads\/2024\/12\/Fiber-Cement-Custom-Planter-4-600x500.webp 600w\" sizes=\"(max-width: 1500px) 100vw, 1500px\" \/><\/figure>\n<\/div>\n\n\n\n<div class=\"wp-block-column is-layout-flow wp-block-column-is-layout-flow\">\n<figure class=\"wp-block-image size-full\"><img decoding=\"async\" width=\"1500\" height=\"1250\" src=\"https:\/\/www.santai-ceramics.com\/wp-content\/uploads\/2024\/12\/Fiber-Cement-Custom-Planter-5.webp\" alt=\"Jardini\u00e8re personnalis\u00e9e en fibre-ciment (5)\" class=\"wp-image-1639\" srcset=\"https:\/\/www.santai-ceramics.com\/wp-content\/uploads\/2024\/12\/Fiber-Cement-Custom-Planter-5.webp 1500w, https:\/\/www.santai-ceramics.com\/wp-content\/uploads\/2024\/12\/Fiber-Cement-Custom-Planter-5-300x250.webp 300w, https:\/\/www.santai-ceramics.com\/wp-content\/uploads\/2024\/12\/Fiber-Cement-Custom-Planter-5-768x640.webp 768w, https:\/\/www.santai-ceramics.com\/wp-content\/uploads\/2024\/12\/Fiber-Cement-Custom-Planter-5-14x12.webp 14w, https:\/\/www.santai-ceramics.com\/wp-content\/uploads\/2024\/12\/Fiber-Cement-Custom-Planter-5-1200x1000.webp 1200w, https:\/\/www.santai-ceramics.com\/wp-content\/uploads\/2024\/12\/Fiber-Cement-Custom-Planter-5-600x500.webp 600w\" sizes=\"(max-width: 1500px) 100vw, 1500px\" \/><\/figure>\n<\/div>\n<\/div>","protected":false},"excerpt":{"rendered":"<p data-pm-slice=\"0 0 []\">Nos jardini\u00e8res en ciment de haute qualit\u00e9 sont durables et adaptables \u00e0 divers environnements, et peuvent rester comme neuves pendant longtemps, m\u00eame dans des conditions climatiques ext\u00e9rieures changeantes. Nous fournissons une vari\u00e9t\u00e9 d'options de personnalisation, y compris les mat\u00e9riaux, les tailles et les formes des jardini\u00e8res, etc. N'h\u00e9sitez pas \u00e0 nous contacter.<\/p>\n<h2>Caract\u00e9ristiques de la jardini\u00e8re sur mesure en fibre-ciment\u00a0<\/h2>\n<p><strong>Durabilit\u00e9 :<\/strong> Fabriqu\u00e9es en fibre de ciment, ces jardini\u00e8res personnalis\u00e9es peuvent \u00eatre utilis\u00e9es pendant longtemps \u00e0 l'int\u00e9rieur et \u00e0 l'ext\u00e9rieur. Elles r\u00e9sistent au vent et au soleil et ne sont pas faciles \u00e0 casser ou \u00e0 d\u00e9former.<\/p>\n<p><strong>Personnalisation :<\/strong> Nous proposons une solution unique de jardini\u00e8res personnalis\u00e9es, y compris en termes de taille, de couleur, de forme et de motif, afin de fabriquer des jardini\u00e8res qui peuvent \u00eatre int\u00e9gr\u00e9es dans diff\u00e9rents styles d\u00e9coratifs.<\/p>\n<p><strong>Excellente respirabilit\u00e9 :<\/strong> Le mat\u00e9riau en fibrociment a une bonne respirabilit\u00e9, ce qui permet de maintenir l'humidit\u00e9 et le drainage du sol et de favoriser une croissance saine des plantes.<\/p>\n<p><strong>Faibles exigences en mati\u00e8re d'entretien :<\/strong> Compar\u00e9s aux pots de fleurs traditionnels en c\u00e9ramique ou en plastique, nos pots de fleurs personnalis\u00e9s en fibre-ciment sont plus faciles \u00e0 nettoyer et \u00e0 entretenir, et ne se d\u00e9coloreront pas et ne vieilliront pas apr\u00e8s une utilisation \u00e0 long terme.<\/p>","protected":false},"featured_media":1635,"comment_status":"closed","ping_status":"closed","template":"","meta":{"_acf_changed":false},"product_brand":[],"product_cat":[18,41,21,23],"product_tag":[40],"class_list":{"0":"post-1634","1":"product","2":"type-product","3":"status-publish","4":"has-post-thumbnail","6":"product_cat-home-decor","7":"product_cat-wholesale-fiber-cement-plant-pots","8":"product_cat-garden-decor","9":"product_cat-ceramic-pots-planters","10":"product_tag-cement-flower-pot","12":"first","13":"instock","14":"shipping-taxable","15":"product-type-simple"},"acf":[],"_links":{"self":[{"href":"https:\/\/www.santai-ceramics.com\/fr\/wp-json\/wp\/v2\/product\/1634","targetHints":{"allow":["GET"]}}],"collection":[{"href":"https:\/\/www.santai-ceramics.com\/fr\/wp-json\/wp\/v2\/product"}],"about":[{"href":"https:\/\/www.santai-ceramics.com\/fr\/wp-json\/wp\/v2\/types\/product"}],"replies":[{"embeddable":true,"href":"https:\/\/www.santai-ceramics.com\/fr\/wp-json\/wp\/v2\/comments?post=1634"}],"wp:featuredmedia":[{"embeddable":true,"href":"https:\/\/www.santai-ceramics.com\/fr\/wp-json\/wp\/v2\/media\/1635"}],"wp:attachment":[{"href":"https:\/\/www.santai-ceramics.com\/fr\/wp-json\/wp\/v2\/media?parent=1634"}],"wp:term":[{"taxonomy":"product_brand","embeddable":true,"href":"https:\/\/www.santai-ceramics.com\/fr\/wp-json\/wp\/v2\/product_brand?post=1634"},{"taxonomy":"product_cat","embeddable":true,"href":"https:\/\/www.santai-ceramics.com\/fr\/wp-json\/wp\/v2\/product_cat?post=1634"},{"taxonomy":"product_tag","embeddable":true,"href":"https:\/\/www.santai-ceramics.com\/fr\/wp-json\/wp\/v2\/product_tag?post=1634"}],"curies":[{"name":"wp","href":"https:\/\/api.w.org\/{rel}","templated":true}]}}