{"id":1694,"date":"2025-01-05T10:09:51","date_gmt":"2025-01-05T10:09:51","guid":{"rendered":"https:\/\/www.santai-ceramics.com\/?post_type=product&#038;p=1694"},"modified":"2025-06-12T16:12:31","modified_gmt":"2025-06-12T16:12:31","slug":"custom-ceramic-candle-holder-wholesale","status":"publish","type":"product","link":"https:\/\/www.santai-ceramics.com\/fr\/product\/custom-ceramic-candle-holder-wholesale\/","title":{"rendered":"Bougeoir en c\u00e9ramique sur mesure Wholesale\uff0cBougies d\u00e9coratives en vrac Factory Direct Sales"},"content":{"rendered":"<h3 class=\"wp-block-heading\">Caract\u00e9ristiques du bougeoir en c\u00e9ramique<\/h3>\n\n\n\n<p><strong>Design \u00e9l\u00e9gant :<\/strong> Le bougeoir adopte une forme conique classique et pr\u00e9sente des motifs floraux exquis, ce qui en fait un choix id\u00e9al pour la d\u00e9coration d'une maison ou d'un \u00e9v\u00e9nement, en faisant preuve d'\u00e9l\u00e9gance.<\/p>\n\n\n\n<p><br><strong>Fabrication de haute qualit\u00e9 : <\/strong>Fabriqu\u00e9e \u00e0 partir de mat\u00e9riaux de haute qualit\u00e9, combin\u00e9e \u00e0 la machine et \u00e0 la main, la surface est lisse et d\u00e9licate, refl\u00e9tant le superbe savoir-faire artisanal.<\/p>\n\n\n\n<p><br><strong>Polyvalence : <\/strong>Nous proposons des bougeoirs en c\u00e9ramique de diff\u00e9rentes tailles, adapt\u00e9s \u00e0 divers types de bougies, comme les bougies piliers et les petites bougies, afin de r\u00e9pondre \u00e0 diff\u00e9rents besoins.<\/p>\n\n\n\n<p><br><strong>Convient \u00e0 une vari\u00e9t\u00e9 d'occasions : <\/strong>Convient \u00e0 la d\u00e9coration de la maison, du restaurant et du bureau, en particulier pour les sc\u00e8nes solennelles ou r\u00e9tro.<\/p>\n\n\n\n<p><br><strong>Service OEM&amp;ODM :<\/strong> Nous proposons un service unique de cr\u00e9ation de bougeoirs personnalis\u00e9s pour cr\u00e9er des bougeoirs en c\u00e9ramique exclusifs en fonction de vos besoins.<\/p>\n\n\n\n<h3 class=\"wp-block-heading\">Service de bougeoirs personnalis\u00e9s<\/h3>\n\n\n\n<p><\/p>\n\n\n\n<p>Nous proposons des services OEM et ODM pour nos produits.<br>Des \u00e9chantillons peuvent \u00eatre livr\u00e9s rapidement.<br>Nous offrons une vari\u00e9t\u00e9 de formes, de couleurs, d'impressions personnalis\u00e9es, d'emballages et d'autres services sur mesure pour r\u00e9pondre \u00e0 vos besoins sp\u00e9cifiques.<br><a style=\"\" href=\"https:\/\/www.santai-ceramics.com\/fr\/custom\/\" data-type=\"page\" data-id=\"13\" target=\"_blank\" rel=\"noreferrer noopener\"><strong><b>En savoir plus sur la personnalisation<\/b>  d\u00e9tail.<\/strong><\/a><\/p>\n\n\n\n<div class=\"wp-block-columns is-layout-flex wp-container-core-columns-is-layout-9d6595d7 wp-block-columns-is-layout-flex\">\n<div class=\"wp-block-column is-layout-flow wp-block-column-is-layout-flow\">\n<figure class=\"wp-block-image size-full\"><img decoding=\"async\" width=\"1500\" height=\"1249\" src=\"https:\/\/www.santai-ceramics.com\/wp-content\/uploads\/2025\/01\/Customizable-Ceramic-Candle-Holder-2.jpg\" alt=\"Bougeoir en c\u00e9ramique personnalisable (2)\" class=\"wp-image-1696\" srcset=\"https:\/\/www.santai-ceramics.com\/wp-content\/uploads\/2025\/01\/Customizable-Ceramic-Candle-Holder-2.jpg 1500w, https:\/\/www.santai-ceramics.com\/wp-content\/uploads\/2025\/01\/Customizable-Ceramic-Candle-Holder-2-300x250.jpg 300w, https:\/\/www.santai-ceramics.com\/wp-content\/uploads\/2025\/01\/Customizable-Ceramic-Candle-Holder-2-768x639.jpg 768w, https:\/\/www.santai-ceramics.com\/wp-content\/uploads\/2025\/01\/Customizable-Ceramic-Candle-Holder-2-14x12.jpg 14w, https:\/\/www.santai-ceramics.com\/wp-content\/uploads\/2025\/01\/Customizable-Ceramic-Candle-Holder-2-1200x999.jpg 1200w, https:\/\/www.santai-ceramics.com\/wp-content\/uploads\/2025\/01\/Customizable-Ceramic-Candle-Holder-2-600x500.jpg 600w\" sizes=\"(max-width: 1500px) 100vw, 1500px\" \/><\/figure>\n<\/div>\n\n\n\n<div class=\"wp-block-column is-layout-flow wp-block-column-is-layout-flow\">\n<figure class=\"wp-block-image size-full\"><img decoding=\"async\" width=\"1500\" height=\"1250\" src=\"https:\/\/www.santai-ceramics.com\/wp-content\/uploads\/2025\/01\/Customizable-Ceramic-Candle-Holder-3.jpg\" alt=\"Bougeoir en c\u00e9ramique personnalisable (3)\" class=\"wp-image-1697\" srcset=\"https:\/\/www.santai-ceramics.com\/wp-content\/uploads\/2025\/01\/Customizable-Ceramic-Candle-Holder-3.jpg 1500w, https:\/\/www.santai-ceramics.com\/wp-content\/uploads\/2025\/01\/Customizable-Ceramic-Candle-Holder-3-300x250.jpg 300w, https:\/\/www.santai-ceramics.com\/wp-content\/uploads\/2025\/01\/Customizable-Ceramic-Candle-Holder-3-768x640.jpg 768w, https:\/\/www.santai-ceramics.com\/wp-content\/uploads\/2025\/01\/Customizable-Ceramic-Candle-Holder-3-14x12.jpg 14w, https:\/\/www.santai-ceramics.com\/wp-content\/uploads\/2025\/01\/Customizable-Ceramic-Candle-Holder-3-1200x1000.jpg 1200w, https:\/\/www.santai-ceramics.com\/wp-content\/uploads\/2025\/01\/Customizable-Ceramic-Candle-Holder-3-600x500.jpg 600w\" sizes=\"(max-width: 1500px) 100vw, 1500px\" \/><\/figure>\n<\/div>\n<\/div>","protected":false},"excerpt":{"rendered":"<p data-pm-slice=\"0 0 []\">Bougeoirs en c\u00e9ramique personnalisables en gros, ce bougeoir glac\u00e9 exquis convient \u00e0 la d\u00e9coration de la maison, du restaurant et de bien d'autres sc\u00e8nes. Nous fournissons une vari\u00e9t\u00e9 de tailles pour r\u00e9pondre aux besoins de diff\u00e9rents placements de bougies. Ce bougeoir peut \u00eatre personnalis\u00e9 en termes d'apparence, de motif et de taille pour r\u00e9pondre aux besoins de diff\u00e9rentes occasions et marques. N'h\u00e9sitez pas \u00e0 nous contacter.<\/p>\n<h2>Sp\u00e9cification du bougeoir en c\u00e9ramique\u00a0<\/h2>\n<table style=\"border-collapse: collapse; width: 100%; table-layout: fixed;\" border=\"0\" cellspacing=\"0\" cellpadding=\"5\">\n<tbody>\n<tr style=\"height: 12.75pt;\">\n<td style=\"height: 12.75pt;\">Num\u00e9ro de mod\u00e8le<\/td>\n<td>A34889-LC17-A01<\/td>\n<td>A34889-LC17-A02<\/td>\n<\/tr>\n<tr>\n<td>Nom du produit<\/td>\n<td>Vase \u00e0 fleurs en c\u00e9ramique<\/td>\n<td>Vase \u00e0 fleurs en c\u00e9ramique<\/td>\n<\/tr>\n<tr>\n<td>Couleur<\/td>\n<td>Marron \u00e9l\u00e9gant<\/td>\n<td>Marron \u00e9l\u00e9gant<\/td>\n<\/tr>\n<tr>\n<td>Mat\u00e9riau<\/td>\n<td>C\u00e9ramique<\/td>\n<td>C\u00e9ramique<\/td>\n<\/tr>\n<tr>\n<td>Utilisations<\/td>\n<td>d\u00e9coration int\u00e9rieure, salon<\/td>\n<td>d\u00e9coration int\u00e9rieure, salon<\/td>\n<\/tr>\n<tr>\n<td>Dimensions<\/td>\n<td>D:11.5X28cm<\/td>\n<td>D:11.5X23cm<\/td>\n<\/tr>\n<tr>\n<td>Poids<\/td>\n<td>1,1kg\/pc<\/td>\n<td>0,65kg\/pc<\/td>\n<\/tr>\n<\/tbody>\n<\/table>","protected":false},"featured_media":1695,"comment_status":"closed","ping_status":"closed","template":"","meta":{"_acf_changed":false},"product_brand":[],"product_cat":[18,46,26],"product_tag":[33],"class_list":{"0":"post-1694","1":"product","2":"type-product","3":"status-publish","4":"has-post-thumbnail","6":"product_cat-home-decor","7":"product_cat-wholesale-ceramic-candle-holders","8":"product_cat-home-accessories","9":"product_tag-wholesale-candle-holders","11":"first","12":"instock","13":"shipping-taxable","14":"product-type-simple"},"acf":[],"_links":{"self":[{"href":"https:\/\/www.santai-ceramics.com\/fr\/wp-json\/wp\/v2\/product\/1694","targetHints":{"allow":["GET"]}}],"collection":[{"href":"https:\/\/www.santai-ceramics.com\/fr\/wp-json\/wp\/v2\/product"}],"about":[{"href":"https:\/\/www.santai-ceramics.com\/fr\/wp-json\/wp\/v2\/types\/product"}],"replies":[{"embeddable":true,"href":"https:\/\/www.santai-ceramics.com\/fr\/wp-json\/wp\/v2\/comments?post=1694"}],"wp:featuredmedia":[{"embeddable":true,"href":"https:\/\/www.santai-ceramics.com\/fr\/wp-json\/wp\/v2\/media\/1695"}],"wp:attachment":[{"href":"https:\/\/www.santai-ceramics.com\/fr\/wp-json\/wp\/v2\/media?parent=1694"}],"wp:term":[{"taxonomy":"product_brand","embeddable":true,"href":"https:\/\/www.santai-ceramics.com\/fr\/wp-json\/wp\/v2\/product_brand?post=1694"},{"taxonomy":"product_cat","embeddable":true,"href":"https:\/\/www.santai-ceramics.com\/fr\/wp-json\/wp\/v2\/product_cat?post=1694"},{"taxonomy":"product_tag","embeddable":true,"href":"https:\/\/www.santai-ceramics.com\/fr\/wp-json\/wp\/v2\/product_tag?post=1694"}],"curies":[{"name":"wp","href":"https:\/\/api.w.org\/{rel}","templated":true}]}}