{"id":1710,"date":"2025-01-08T09:16:00","date_gmt":"2025-01-08T09:16:00","guid":{"rendered":"https:\/\/www.santai-ceramics.com\/?post_type=product&#038;p=1710"},"modified":"2025-06-05T14:24:44","modified_gmt":"2025-06-05T14:24:44","slug":"wholesale-nature-style-handmade-flower-pot","status":"publish","type":"product","link":"https:\/\/www.santai-ceramics.com\/fr\/product\/wholesale-nature-style-handmade-flower-pot\/","title":{"rendered":"Pot de fleurs en gros, fait \u00e0 la main, de style naturel, support OEM &amp; ODM"},"content":{"rendered":"<h3 class=\"wp-block-heading\">Caract\u00e9ristiques du pot de fleurs fait main<\/h3>\n\n\n\n<p><strong>Design r\u00e9tro et vieilli : <\/strong>La surface du pot de fleurs fait main de style nature utilise un processus de gla\u00e7ure craquel\u00e9e, pr\u00e9sentant un effet de d\u00e9tresse naturel, comme s'il avait \u00e9t\u00e9 pr\u00e9cipit\u00e9 au fil des ans, plein d'une atmosph\u00e8re historique et artistique.<\/p>\n\n\n\n<p><strong>Style rustique et naturel : <\/strong>Le pot de fleurs fait \u00e0 la main est fabriqu\u00e9 en argile naturelle, avec une texture distincte faite \u00e0 la main, et l'aspect g\u00e9n\u00e9ral est proche de la nature, convenant \u00e0 la d\u00e9coration d'int\u00e9rieur de style pastoral ou nordique.<\/p>\n\n\n\n<p><strong>Utilisation multifonctionnelle :<\/strong> Ce pot de fleurs convient \u00e0 la plantation de petites plantes vertes, de plantes grasses ou comme contenant de fleurs s\u00e9ch\u00e9es. Il peut \u00e9galement \u00eatre utilis\u00e9 comme d\u00e9coration s\u00e9par\u00e9e pour renforcer le sens artistique de l'espace.<\/p>\n\n\n\n<p><strong>Service de personnalisation OEM et ODM<\/strong>: Gr\u00e2ce \u00e0 notre service de personnalisation, vous pouvez facilement b\u00e9n\u00e9ficier d'un service unique, de la conception \u00e0 la production, et cr\u00e9er des pots de fleurs en poterie avec des styles uniques adapt\u00e9s \u00e0 diff\u00e9rentes r\u00e9gions.<\/p>\n\n\n\n<h3 class=\"wp-block-heading\">Service de pots de fleurs personnalis\u00e9s<\/h3>\n\n\n\n<p>Nous proposons des services OEM et ODM pour nos produits.<br>Des \u00e9chantillons peuvent \u00eatre livr\u00e9s rapidement.<br>Nous offrons une vari\u00e9t\u00e9 de formes, de couleurs, d'impressions personnalis\u00e9es, d'emballages et d'autres services sur mesure pour r\u00e9pondre \u00e0 vos besoins sp\u00e9cifiques.<br><a href=\"https:\/\/www.santai-ceramics.com\/fr\/custom\/\" data-type=\"page\" data-id=\"13\" target=\"_blank\" rel=\"noreferrer noopener\"><strong><b>En savoir plus sur la personnalisation<\/b> d\u00e9tail du pot de fleurs.<\/strong><\/a><\/p>\n\n\n\n<div class=\"wp-block-columns is-layout-flex wp-container-core-columns-is-layout-9d6595d7 wp-block-columns-is-layout-flex\">\n<div class=\"wp-block-column is-layout-flow wp-block-column-is-layout-flow\">\n<figure class=\"wp-block-image size-full\"><img decoding=\"async\" width=\"1500\" height=\"1249\" src=\"https:\/\/www.santai-ceramics.com\/wp-content\/uploads\/2025\/01\/Nature-Style-Handmade-Flower-Pot-1.webp\" alt=\"Pot de fleurs fait main de style nature (1)\" class=\"wp-image-1753\" srcset=\"https:\/\/www.santai-ceramics.com\/wp-content\/uploads\/2025\/01\/Nature-Style-Handmade-Flower-Pot-1.webp 1500w, https:\/\/www.santai-ceramics.com\/wp-content\/uploads\/2025\/01\/Nature-Style-Handmade-Flower-Pot-1-300x250.webp 300w, https:\/\/www.santai-ceramics.com\/wp-content\/uploads\/2025\/01\/Nature-Style-Handmade-Flower-Pot-1-768x639.webp 768w, https:\/\/www.santai-ceramics.com\/wp-content\/uploads\/2025\/01\/Nature-Style-Handmade-Flower-Pot-1-14x12.webp 14w, https:\/\/www.santai-ceramics.com\/wp-content\/uploads\/2025\/01\/Nature-Style-Handmade-Flower-Pot-1-1200x999.webp 1200w, https:\/\/www.santai-ceramics.com\/wp-content\/uploads\/2025\/01\/Nature-Style-Handmade-Flower-Pot-1-600x500.webp 600w\" sizes=\"(max-width: 1500px) 100vw, 1500px\" \/><\/figure>\n<\/div>\n\n\n\n<div class=\"wp-block-column is-layout-flow wp-block-column-is-layout-flow\">\n<figure class=\"wp-block-image size-full\"><img decoding=\"async\" width=\"1500\" height=\"1249\" src=\"https:\/\/www.santai-ceramics.com\/wp-content\/uploads\/2025\/01\/Nature-Style-Handmade-Flower-Pot-2.webp\" alt=\"Pot de fleurs fait main de style nature (2)\" class=\"wp-image-1754\" srcset=\"https:\/\/www.santai-ceramics.com\/wp-content\/uploads\/2025\/01\/Nature-Style-Handmade-Flower-Pot-2.webp 1500w, https:\/\/www.santai-ceramics.com\/wp-content\/uploads\/2025\/01\/Nature-Style-Handmade-Flower-Pot-2-300x250.webp 300w, https:\/\/www.santai-ceramics.com\/wp-content\/uploads\/2025\/01\/Nature-Style-Handmade-Flower-Pot-2-768x639.webp 768w, https:\/\/www.santai-ceramics.com\/wp-content\/uploads\/2025\/01\/Nature-Style-Handmade-Flower-Pot-2-14x12.webp 14w, https:\/\/www.santai-ceramics.com\/wp-content\/uploads\/2025\/01\/Nature-Style-Handmade-Flower-Pot-2-1200x999.webp 1200w, https:\/\/www.santai-ceramics.com\/wp-content\/uploads\/2025\/01\/Nature-Style-Handmade-Flower-Pot-2-600x500.webp 600w\" sizes=\"(max-width: 1500px) 100vw, 1500px\" \/><\/figure>\n<\/div>\n<\/div>\n\n\n\n<p><\/p>","protected":false},"excerpt":{"rendered":"<p data-pm-slice=\"0 0 []\">Les pots de fleurs sont fabriqu\u00e9s en argile naturelle et sont fabriqu\u00e9s \u00e0 la main et \u00e0 la machine. Chaque pot conserve une texture unique et est tr\u00e8s appr\u00e9ci\u00e9 par les amateurs de style pastoral, de style nordique et de style r\u00e9tro. Ces pots conviennent aux marques de d\u00e9coration d'int\u00e9rieur, aux fournisseurs de fleurs et de jardinage ou aux soci\u00e9t\u00e9s de cadeaux, veuillez nous contacter.<\/p>\n<h2>Sp\u00e9cification du pot de fleurs fait \u00e0 la main de style naturel<\/h2>\n<table width=\"570\">\n<tbody>\n<tr>\n<td width=\"285\">Num\u00e9ro de mod\u00e8le<\/td>\n<td width=\"285\">G36609-WD14-A02<\/td>\n<\/tr>\n<tr>\n<td>Nom du produit<\/td>\n<td>Pot de fleurs en terre cuite<\/td>\n<\/tr>\n<tr>\n<td>Couleur<\/td>\n<td>Blanc brut<\/td>\n<\/tr>\n<tr>\n<td>Mat\u00e9riau<\/td>\n<td>Terre cuite<\/td>\n<\/tr>\n<tr>\n<td>Sc\u00e9narios d'utilisation<\/td>\n<td>d\u00e9coration int\u00e9rieure, d\u00e9coration de jardin<\/td>\n<\/tr>\n<tr>\n<td>Dimensions<\/td>\n<td>D:17X14.5cm<\/td>\n<\/tr>\n<tr>\n<td>Poids<\/td>\n<td>1,4kg\/pc<\/td>\n<\/tr>\n<\/tbody>\n<\/table>\n<p>&nbsp;<\/p>","protected":false},"featured_media":1753,"comment_status":"closed","ping_status":"closed","template":"","meta":{"_acf_changed":false},"product_brand":[],"product_cat":[18,42,21,23],"product_tag":[39],"class_list":{"0":"post-1710","1":"product","2":"type-product","3":"status-publish","4":"has-post-thumbnail","6":"product_cat-home-decor","7":"product_cat-wholesale-ceramic-plant-pots","8":"product_cat-garden-decor","9":"product_cat-ceramic-pots-planters","10":"product_tag-ceramic-flower-pot","12":"first","13":"instock","14":"shipping-taxable","15":"product-type-simple"},"acf":[],"_links":{"self":[{"href":"https:\/\/www.santai-ceramics.com\/fr\/wp-json\/wp\/v2\/product\/1710","targetHints":{"allow":["GET"]}}],"collection":[{"href":"https:\/\/www.santai-ceramics.com\/fr\/wp-json\/wp\/v2\/product"}],"about":[{"href":"https:\/\/www.santai-ceramics.com\/fr\/wp-json\/wp\/v2\/types\/product"}],"replies":[{"embeddable":true,"href":"https:\/\/www.santai-ceramics.com\/fr\/wp-json\/wp\/v2\/comments?post=1710"}],"wp:featuredmedia":[{"embeddable":true,"href":"https:\/\/www.santai-ceramics.com\/fr\/wp-json\/wp\/v2\/media\/1753"}],"wp:attachment":[{"href":"https:\/\/www.santai-ceramics.com\/fr\/wp-json\/wp\/v2\/media?parent=1710"}],"wp:term":[{"taxonomy":"product_brand","embeddable":true,"href":"https:\/\/www.santai-ceramics.com\/fr\/wp-json\/wp\/v2\/product_brand?post=1710"},{"taxonomy":"product_cat","embeddable":true,"href":"https:\/\/www.santai-ceramics.com\/fr\/wp-json\/wp\/v2\/product_cat?post=1710"},{"taxonomy":"product_tag","embeddable":true,"href":"https:\/\/www.santai-ceramics.com\/fr\/wp-json\/wp\/v2\/product_tag?post=1710"}],"curies":[{"name":"wp","href":"https:\/\/api.w.org\/{rel}","templated":true}]}}