{"id":1712,"date":"2025-01-08T08:36:19","date_gmt":"2025-01-08T08:36:19","guid":{"rendered":"https:\/\/www.santai-ceramics.com\/?post_type=product&#038;p=1712"},"modified":"2025-02-02T13:50:17","modified_gmt":"2025-02-02T13:50:17","slug":"wholesale-custom-classic-textured-ceramic-vase","status":"publish","type":"product","link":"https:\/\/www.santai-ceramics.com\/fr\/product\/wholesale-custom-classic-textured-ceramic-vase\/","title":{"rendered":"Vase classique en c\u00e9ramique textur\u00e9e pour la d\u00e9coration d'espaces int\u00e9rieurs Wholesale,Support OEM &amp; ODM"},"content":{"rendered":"<h3 class=\"wp-block-heading\">Caract\u00e9ristiques du vase en c\u00e9ramique textur\u00e9e<\/h3>\n\n\n\n<p><strong>Conception unique : <\/strong>Le style r\u00e9tro du vase classique en c\u00e9ramique textur\u00e9e apporte une touche artistique unique, ajoutant un point de vue visuel unique et une atmosph\u00e8re chaleureuse \u00e0 votre environnement int\u00e9rieur.<\/p>\n\n\n\n<p><strong>Texture naturelle : <\/strong>La surface de ce vase classique en c\u00e9ramique est textur\u00e9e, ce qui lui conf\u00e8re un aspect chaleureux et naturel.<\/p>\n\n\n\n<p><strong>Combinaison d'artisanat traditionnel et moderne :<\/strong> Elle combine l'artisanat traditionnel et les machines, ce qui lui permet d'allier haute qualit\u00e9 et efficacit\u00e9 de production.<\/p>\n\n\n\n<p><strong>Service de personnalisation OEM&amp;ODM :<\/strong> En tant que fabricant de poteries, Santai vous propose une multitude d'options de vases personnalis\u00e9s, y compris des mat\u00e9riaux, des formes et des emballages personnalis\u00e9s, afin de cr\u00e9er des vases de marque exclusifs pour vous.<\/p>\n\n\n\n<p><strong>Service de vente en gros de vases :<\/strong> Nous vous fournissons des vases en c\u00e9ramique en gros \u00e0 des prix d'usine afin que vos produits soient plus comp\u00e9titifs sur le march\u00e9, n'h\u00e9sitez pas \u00e0 nous contacter.<\/p>\n\n\n\n<h3 class=\"wp-block-heading\">Service de vases en c\u00e9ramique sur mesure<\/h3>\n\n\n\n<p>Nous proposons des services OEM et ODM pour nos produits.<br>Des \u00e9chantillons peuvent \u00eatre livr\u00e9s rapidement.<br>Nous offrons une vari\u00e9t\u00e9 de formes, de couleurs, d'impressions personnalis\u00e9es, d'emballages et d'autres services sur mesure pour r\u00e9pondre \u00e0 vos besoins sp\u00e9cifiques.<br><a href=\"https:\/\/www.santai-ceramics.com\/fr\/custom\/\" data-type=\"page\" data-id=\"13\" target=\"_blank\" rel=\"noreferrer noopener\"><strong><b>En savoir plus sur la personnalisation<\/b> d\u00e9tail du vase.<\/strong><\/a><\/p>\n\n\n\n<div class=\"wp-block-columns is-layout-flex wp-container-core-columns-is-layout-9d6595d7 wp-block-columns-is-layout-flex\">\n<div class=\"wp-block-column is-layout-flow wp-block-column-is-layout-flow\"><div class=\"wp-block-image\">\n<figure class=\"aligncenter size-full\"><img decoding=\"async\" width=\"1500\" height=\"1250\" src=\"https:\/\/www.santai-ceramics.com\/wp-content\/uploads\/2025\/01\/Custom-Classic-Textured-Ceramic-Vase-1.webp\" alt=\"Vase personnalis\u00e9 en c\u00e9ramique textur\u00e9e classique (1)\" class=\"wp-image-1730\" srcset=\"https:\/\/www.santai-ceramics.com\/wp-content\/uploads\/2025\/01\/Custom-Classic-Textured-Ceramic-Vase-1.webp 1500w, https:\/\/www.santai-ceramics.com\/wp-content\/uploads\/2025\/01\/Custom-Classic-Textured-Ceramic-Vase-1-300x250.webp 300w, https:\/\/www.santai-ceramics.com\/wp-content\/uploads\/2025\/01\/Custom-Classic-Textured-Ceramic-Vase-1-768x640.webp 768w, https:\/\/www.santai-ceramics.com\/wp-content\/uploads\/2025\/01\/Custom-Classic-Textured-Ceramic-Vase-1-14x12.webp 14w, https:\/\/www.santai-ceramics.com\/wp-content\/uploads\/2025\/01\/Custom-Classic-Textured-Ceramic-Vase-1-1200x1000.webp 1200w, https:\/\/www.santai-ceramics.com\/wp-content\/uploads\/2025\/01\/Custom-Classic-Textured-Ceramic-Vase-1-600x500.webp 600w\" sizes=\"(max-width: 1500px) 100vw, 1500px\" \/><figcaption class=\"wp-element-caption\">Vase classique en c\u00e9ramique textur\u00e9e sur mesure <\/figcaption><\/figure>\n<\/div><\/div>\n\n\n\n<div class=\"wp-block-column is-layout-flow wp-block-column-is-layout-flow\"><div class=\"wp-block-image\">\n<figure class=\"aligncenter size-full\"><img decoding=\"async\" width=\"1500\" height=\"1249\" src=\"https:\/\/www.santai-ceramics.com\/wp-content\/uploads\/2025\/01\/Custom-Classic-Textured-Ceramic-Vase-2.webp\" alt=\"Vase en c\u00e9ramique textur\u00e9e classique personnalis\u00e9 (2)\" class=\"wp-image-1731\" srcset=\"https:\/\/www.santai-ceramics.com\/wp-content\/uploads\/2025\/01\/Custom-Classic-Textured-Ceramic-Vase-2.webp 1500w, https:\/\/www.santai-ceramics.com\/wp-content\/uploads\/2025\/01\/Custom-Classic-Textured-Ceramic-Vase-2-300x250.webp 300w, https:\/\/www.santai-ceramics.com\/wp-content\/uploads\/2025\/01\/Custom-Classic-Textured-Ceramic-Vase-2-768x639.webp 768w, https:\/\/www.santai-ceramics.com\/wp-content\/uploads\/2025\/01\/Custom-Classic-Textured-Ceramic-Vase-2-14x12.webp 14w, https:\/\/www.santai-ceramics.com\/wp-content\/uploads\/2025\/01\/Custom-Classic-Textured-Ceramic-Vase-2-1200x999.webp 1200w, https:\/\/www.santai-ceramics.com\/wp-content\/uploads\/2025\/01\/Custom-Classic-Textured-Ceramic-Vase-2-600x500.webp 600w\" sizes=\"(max-width: 1500px) 100vw, 1500px\" \/><figcaption class=\"wp-element-caption\">Vase classique en c\u00e9ramique textur\u00e9e sur mesure <\/figcaption><\/figure>\n<\/div><\/div>\n<\/div>","protected":false},"excerpt":{"rendered":"<p>Vente en gros de vases en c\u00e9ramique textur\u00e9e, ce vase est devenu un choix id\u00e9al pour la d\u00e9coration d'int\u00e9rieur gr\u00e2ce \u00e0 son design r\u00e9tro unique et \u00e0 sa fabrication exquise. Fournir aux clients une vari\u00e9t\u00e9 de solutions d'arrangements floraux pour am\u00e9liorer le sens artistique et la personnalit\u00e9 de l'espace. N'h\u00e9sitez pas \u00e0 nous contacter pour obtenir un devis.<\/p>\n<h2>Sp\u00e9cification du vase classique en c\u00e9ramique textur\u00e9e<\/h2>\n<table width=\"1140\">\n<tbody>\n<tr>\n<td width=\"285\">Num\u00e9ro de mod\u00e8le<\/td>\n<td width=\"285\">G37629-WD14-A01<\/td>\n<td width=\"285\">G37629-WD14-A02<\/td>\n<td width=\"285\">G37629-WD14-A03<\/td>\n<\/tr>\n<tr>\n<td>Nom du produit<\/td>\n<td>Pot de fleurs en terre cuite<\/td>\n<td>Pot de fleurs en terre cuite<\/td>\n<td>Pot de fleurs en terre cuite<\/td>\n<\/tr>\n<tr>\n<td>Couleur<\/td>\n<td>Blanc brut<\/td>\n<td>Blanc brut<\/td>\n<td>Blanc brut<\/td>\n<\/tr>\n<tr>\n<td>Mat\u00e9riau<\/td>\n<td>Terre cuite<\/td>\n<td>Terre cuite<\/td>\n<td>Terre cuite<\/td>\n<\/tr>\n<tr>\n<td>Sc\u00e9narios d'utilisation<\/td>\n<td>d\u00e9coration int\u00e9rieure, d\u00e9coration de jardin<\/td>\n<td>d\u00e9coration int\u00e9rieure, d\u00e9coration de jardin<\/td>\n<td>d\u00e9coration int\u00e9rieure, d\u00e9coration de jardin<\/td>\n<\/tr>\n<tr>\n<td>Dimensions<\/td>\n<td>D:22.5X30cm<\/td>\n<td>D:18.5X25.5cm<\/td>\n<td>D:20X20cm<\/td>\n<\/tr>\n<tr>\n<td>Poids<\/td>\n<td>3,2kg\/pc<\/td>\n<td>2,3kg\/pc<\/td>\n<td>2,3kg\/pc<\/td>\n<\/tr>\n<\/tbody>\n<\/table>","protected":false},"featured_media":1730,"comment_status":"closed","ping_status":"closed","template":"","meta":{"_acf_changed":false},"product_brand":[],"product_cat":[18,21,22],"product_tag":[34],"class_list":{"0":"post-1712","1":"product","2":"type-product","3":"status-publish","4":"has-post-thumbnail","6":"product_cat-home-decor","7":"product_cat-garden-decor","8":"product_cat-vase","9":"product_tag-ceramic-vase","11":"first","12":"instock","13":"shipping-taxable","14":"product-type-simple"},"acf":[],"_links":{"self":[{"href":"https:\/\/www.santai-ceramics.com\/fr\/wp-json\/wp\/v2\/product\/1712","targetHints":{"allow":["GET"]}}],"collection":[{"href":"https:\/\/www.santai-ceramics.com\/fr\/wp-json\/wp\/v2\/product"}],"about":[{"href":"https:\/\/www.santai-ceramics.com\/fr\/wp-json\/wp\/v2\/types\/product"}],"replies":[{"embeddable":true,"href":"https:\/\/www.santai-ceramics.com\/fr\/wp-json\/wp\/v2\/comments?post=1712"}],"wp:featuredmedia":[{"embeddable":true,"href":"https:\/\/www.santai-ceramics.com\/fr\/wp-json\/wp\/v2\/media\/1730"}],"wp:attachment":[{"href":"https:\/\/www.santai-ceramics.com\/fr\/wp-json\/wp\/v2\/media?parent=1712"}],"wp:term":[{"taxonomy":"product_brand","embeddable":true,"href":"https:\/\/www.santai-ceramics.com\/fr\/wp-json\/wp\/v2\/product_brand?post=1712"},{"taxonomy":"product_cat","embeddable":true,"href":"https:\/\/www.santai-ceramics.com\/fr\/wp-json\/wp\/v2\/product_cat?post=1712"},{"taxonomy":"product_tag","embeddable":true,"href":"https:\/\/www.santai-ceramics.com\/fr\/wp-json\/wp\/v2\/product_tag?post=1712"}],"curies":[{"name":"wp","href":"https:\/\/api.w.org\/{rel}","templated":true}]}}