{"id":1713,"date":"2025-01-08T09:01:34","date_gmt":"2025-01-08T09:01:34","guid":{"rendered":"https:\/\/www.santai-ceramics.com\/?post_type=product&#038;p=1713"},"modified":"2025-02-02T13:45:39","modified_gmt":"2025-02-02T13:45:39","slug":"wholesale-custom-rustic-retro-ceramic-vase","status":"publish","type":"product","link":"https:\/\/www.santai-ceramics.com\/fr\/product\/wholesale-custom-rustic-retro-ceramic-vase\/","title":{"rendered":"Vase rustique r\u00e9tro en c\u00e9ramique pour la d\u00e9coration d'int\u00e9rieur Wholesale, Support OEM &amp; ODM - SANTAI Pottery Manufacturer"},"content":{"rendered":"<h3 class=\"wp-block-heading\">Caract\u00e9ristiques du vase rustique en c\u00e9ramique<\/h3>\n\n\n\n<p><strong>Charme vintage : <\/strong>Ce vase rustique en c\u00e9ramique r\u00e9tro a une texture unique et d\u00e9licate, apportant une atmosph\u00e8re artistique unique. Il peut \u00eatre plac\u00e9 dans le salon, la salle \u00e0 manger ou le bureau.<br><br><strong>Beaut\u00e9 naturelle : <\/strong>Les tons naturels et les textures de ce vase rustique en c\u00e9ramique r\u00e9tro sont coordonn\u00e9s avec diff\u00e9rents styles d'int\u00e9rieur, ce qui permet de rehausser efficacement la beaut\u00e9 g\u00e9n\u00e9rale de l'espace.<br><br><strong>Conception polyvalente : <\/strong>Ce vase convient non seulement \u00e0 l'insertion de diverses fleurs, mais il peut \u00e9galement \u00eatre utilis\u00e9 comme \u00e9l\u00e9ment de d\u00e9coration unique, ce qui lui conf\u00e8re un effet visuellement stup\u00e9fiant.<br><br><strong>Service personnalis\u00e9 OEM&amp;ODM :<\/strong> Nous proposons des solutions personnalis\u00e9es pour cr\u00e9er des vases adapt\u00e9s au style de votre r\u00e9gion.<\/p>\n\n\n\n<h3 class=\"wp-block-heading\">Service de vases en c\u00e9ramique sur mesure<\/h3>\n\n\n\n<p>Nous proposons des services OEM et ODM pour nos produits.<br>Des \u00e9chantillons peuvent \u00eatre livr\u00e9s rapidement.<br>Nous offrons une vari\u00e9t\u00e9 de formes, de couleurs, d'impressions personnalis\u00e9es, d'emballages et d'autres services sur mesure pour r\u00e9pondre \u00e0 vos besoins sp\u00e9cifiques.<br><a href=\"https:\/\/www.santai-ceramics.com\/fr\/custom\/\" data-type=\"page\" data-id=\"13\" target=\"_blank\" rel=\"noreferrer noopener\"><strong><b>En savoir plus sur la personnalisation<\/b> d\u00e9tail d'un vase en c\u00e9ramique.<\/strong><\/a><\/p>\n\n\n\n<div class=\"wp-block-columns is-layout-flex wp-container-core-columns-is-layout-9d6595d7 wp-block-columns-is-layout-flex\">\n<div class=\"wp-block-column is-layout-flow wp-block-column-is-layout-flow\">\n<figure class=\"wp-block-image size-full\"><img decoding=\"async\" width=\"1500\" height=\"1250\" src=\"https:\/\/www.santai-ceramics.com\/wp-content\/uploads\/2025\/01\/Custom-Rustic-Retro-Ceramic-Vase-1.webp\" alt=\"Vase en c\u00e9ramique rustique r\u00e9tro personnalis\u00e9 (1)\" class=\"wp-image-1743\" srcset=\"https:\/\/www.santai-ceramics.com\/wp-content\/uploads\/2025\/01\/Custom-Rustic-Retro-Ceramic-Vase-1.webp 1500w, https:\/\/www.santai-ceramics.com\/wp-content\/uploads\/2025\/01\/Custom-Rustic-Retro-Ceramic-Vase-1-300x250.webp 300w, https:\/\/www.santai-ceramics.com\/wp-content\/uploads\/2025\/01\/Custom-Rustic-Retro-Ceramic-Vase-1-768x640.webp 768w, https:\/\/www.santai-ceramics.com\/wp-content\/uploads\/2025\/01\/Custom-Rustic-Retro-Ceramic-Vase-1-14x12.webp 14w, https:\/\/www.santai-ceramics.com\/wp-content\/uploads\/2025\/01\/Custom-Rustic-Retro-Ceramic-Vase-1-1200x1000.webp 1200w, https:\/\/www.santai-ceramics.com\/wp-content\/uploads\/2025\/01\/Custom-Rustic-Retro-Ceramic-Vase-1-600x500.webp 600w\" sizes=\"(max-width: 1500px) 100vw, 1500px\" \/><\/figure>\n<\/div>\n\n\n\n<div class=\"wp-block-column is-layout-flow wp-block-column-is-layout-flow\">\n<figure class=\"wp-block-image size-full\"><img decoding=\"async\" width=\"1500\" height=\"1249\" src=\"https:\/\/www.santai-ceramics.com\/wp-content\/uploads\/2025\/01\/Custom-Rustic-Retro-Ceramic-Vase-2.webp\" alt=\"Vase en c\u00e9ramique rustique r\u00e9tro personnalis\u00e9 (2)\" class=\"wp-image-1744\" srcset=\"https:\/\/www.santai-ceramics.com\/wp-content\/uploads\/2025\/01\/Custom-Rustic-Retro-Ceramic-Vase-2.webp 1500w, https:\/\/www.santai-ceramics.com\/wp-content\/uploads\/2025\/01\/Custom-Rustic-Retro-Ceramic-Vase-2-300x250.webp 300w, https:\/\/www.santai-ceramics.com\/wp-content\/uploads\/2025\/01\/Custom-Rustic-Retro-Ceramic-Vase-2-768x639.webp 768w, https:\/\/www.santai-ceramics.com\/wp-content\/uploads\/2025\/01\/Custom-Rustic-Retro-Ceramic-Vase-2-14x12.webp 14w, https:\/\/www.santai-ceramics.com\/wp-content\/uploads\/2025\/01\/Custom-Rustic-Retro-Ceramic-Vase-2-1200x999.webp 1200w, https:\/\/www.santai-ceramics.com\/wp-content\/uploads\/2025\/01\/Custom-Rustic-Retro-Ceramic-Vase-2-600x500.webp 600w\" sizes=\"(max-width: 1500px) 100vw, 1500px\" \/><\/figure>\n<\/div>\n<\/div>","protected":false},"excerpt":{"rendered":"<p>Les vases rustiques vintage en gros, avec leur atmosph\u00e8re chaleureuse et leur beaut\u00e9 naturelle, s'int\u00e8grent facilement dans diff\u00e9rents styles d'int\u00e9rieur pour cr\u00e9er une atmosph\u00e8re chaleureuse et confortable. Ils conviennent aussi bien aux compositions florales qu'aux d\u00e9corations ind\u00e9pendantes. Nous proposons des services de vases personnalis\u00e9s pour cr\u00e9er des produits de poterie qui r\u00e9pondent \u00e0 vos besoins. N'h\u00e9sitez pas \u00e0 nous contacter.<\/p>\n<h2>Sp\u00e9cification du vase rustique r\u00e9tro en c\u00e9ramique<\/h2>\n<table width=\"1140\">\n<tbody>\n<tr>\n<td width=\"285\">Num\u00e9ro de mod\u00e8le<\/td>\n<td width=\"285\">G37630-WD14-A01<\/td>\n<td width=\"285\">G37630-WD14-A02<\/td>\n<td width=\"285\">G37630-WD14-A03<\/td>\n<\/tr>\n<tr>\n<td>Nom du produit<\/td>\n<td>Pot de fleurs en terre cuite<\/td>\n<td>Pot de fleurs en terre cuite<\/td>\n<td>Pot de fleurs en terre cuite<\/td>\n<\/tr>\n<tr>\n<td>Couleur<\/td>\n<td>Blanc brut<\/td>\n<td>Blanc brut<\/td>\n<td>Blanc brut<\/td>\n<\/tr>\n<tr>\n<td>Mat\u00e9riau<\/td>\n<td>Terre cuite<\/td>\n<td>Terre cuite<\/td>\n<td>Terre cuite<\/td>\n<\/tr>\n<tr>\n<td>Sc\u00e9narios d'utilisation<\/td>\n<td>d\u00e9coration de la maison, d\u00e9coration du jardin<\/td>\n<td>d\u00e9coration de la maison, d\u00e9coration du jardin<\/td>\n<td>d\u00e9coration de la maison, d\u00e9coration du jardin<\/td>\n<\/tr>\n<tr>\n<td>Dimensions<\/td>\n<td>D:21.5X34.5cm<\/td>\n<td>D:18.5X28.5cm<\/td>\n<td>D:18.5X22cm<\/td>\n<\/tr>\n<tr>\n<td>Poids<\/td>\n<td>4,1kg\/pc<\/td>\n<td>3kg\/pc<\/td>\n<td>2.2kg\/pc<\/td>\n<\/tr>\n<\/tbody>\n<\/table>","protected":false},"featured_media":1743,"comment_status":"closed","ping_status":"closed","template":"","meta":{"_acf_changed":false},"product_brand":[],"product_cat":[22,21,18],"product_tag":[34],"class_list":{"0":"post-1713","1":"product","2":"type-product","3":"status-publish","4":"has-post-thumbnail","6":"product_cat-vase","7":"product_cat-garden-decor","8":"product_cat-home-decor","9":"product_tag-ceramic-vase","11":"first","12":"instock","13":"shipping-taxable","14":"product-type-simple"},"acf":[],"_links":{"self":[{"href":"https:\/\/www.santai-ceramics.com\/fr\/wp-json\/wp\/v2\/product\/1713","targetHints":{"allow":["GET"]}}],"collection":[{"href":"https:\/\/www.santai-ceramics.com\/fr\/wp-json\/wp\/v2\/product"}],"about":[{"href":"https:\/\/www.santai-ceramics.com\/fr\/wp-json\/wp\/v2\/types\/product"}],"replies":[{"embeddable":true,"href":"https:\/\/www.santai-ceramics.com\/fr\/wp-json\/wp\/v2\/comments?post=1713"}],"wp:featuredmedia":[{"embeddable":true,"href":"https:\/\/www.santai-ceramics.com\/fr\/wp-json\/wp\/v2\/media\/1743"}],"wp:attachment":[{"href":"https:\/\/www.santai-ceramics.com\/fr\/wp-json\/wp\/v2\/media?parent=1713"}],"wp:term":[{"taxonomy":"product_brand","embeddable":true,"href":"https:\/\/www.santai-ceramics.com\/fr\/wp-json\/wp\/v2\/product_brand?post=1713"},{"taxonomy":"product_cat","embeddable":true,"href":"https:\/\/www.santai-ceramics.com\/fr\/wp-json\/wp\/v2\/product_cat?post=1713"},{"taxonomy":"product_tag","embeddable":true,"href":"https:\/\/www.santai-ceramics.com\/fr\/wp-json\/wp\/v2\/product_tag?post=1713"}],"curies":[{"name":"wp","href":"https:\/\/api.w.org\/{rel}","templated":true}]}}