{"id":1716,"date":"2025-01-08T09:35:31","date_gmt":"2025-01-08T09:35:31","guid":{"rendered":"https:\/\/www.santai-ceramics.com\/?post_type=product&#038;p=1716"},"modified":"2025-06-08T15:06:46","modified_gmt":"2025-06-08T15:06:46","slug":"custom-rustic-textured-planter-pot","status":"publish","type":"product","link":"https:\/\/www.santai-ceramics.com\/fr\/product\/custom-rustic-textured-planter-pot\/","title":{"rendered":"Pot de fleurs rustique textur\u00e9 pour d\u00e9coration de jardin Wholesale,Support OEM &amp; ODM"},"content":{"rendered":"<h3 class=\"wp-block-heading\">Caract\u00e9ristiques de la jardini\u00e8re rustique textur\u00e9e <\/h3>\n\n\n\n<p><strong>Forme jambe haute : <\/strong>Le pied haut au fond de ce pot de fleurs am\u00e9liore la superposition et la stabilit\u00e9 de l'ensemble, et convient \u00e0 un placement sur diff\u00e9rents bureaux ou sols.<\/p>\n\n\n\n<p><strong>Utilisation multifonctionnelle :<\/strong> Ce pot de texture rustique peut \u00eatre utilis\u00e9 non seulement comme pot de plantes vertes, mais aussi comme objet d'ameublement pour am\u00e9liorer l'effet d\u00e9coratif des espaces int\u00e9rieurs et ext\u00e9rieurs.<\/p>\n\n\n\n<p><strong>Combinaison de plusieurs tailles :<\/strong> Une vari\u00e9t\u00e9 de sp\u00e9cifications et de tailles est fournie pour r\u00e9pondre aux besoins d'adaptation des diff\u00e9rentes sc\u00e8nes. Il peut \u00eatre utilis\u00e9 seul ou en combinaison pour cr\u00e9er un effet visuel riche.<\/p>\n\n\n\n<p><strong>Facile \u00e0 assortir :<\/strong> La couleur de surface de ce pot de texture est douce et peut \u00eatre coordonn\u00e9e avec une vari\u00e9t\u00e9 de styles de maison, de types de plantes vertes ou d'environnements ext\u00e9rieurs.<\/p>\n\n\n\n<p><strong>Service de personnalisation OEM et ODM :<\/strong> Nous proposons \u00e9galement des services complets de pots personnalis\u00e9s pour cr\u00e9er des produits de poterie exclusifs pour votre projet.<\/p>\n\n\n\n<h3 class=\"wp-block-heading\">Service de pots de fleurs sur mesure<\/h3>\n\n\n\n<p>Nous proposons des services OEM et ODM pour nos produits.<br>Des \u00e9chantillons peuvent \u00eatre livr\u00e9s rapidement.<br>Nous offrons une vari\u00e9t\u00e9 de formes, de couleurs, d'impressions personnalis\u00e9es, d'emballages et d'autres services sur mesure pour r\u00e9pondre \u00e0 vos besoins sp\u00e9cifiques.<br><a href=\"https:\/\/www.santai-ceramics.com\/fr\/custom\/\" data-type=\"page\" data-id=\"13\" target=\"_blank\" rel=\"noreferrer noopener\"><strong><b>En savoir plus sur la personnalisation<\/b> d\u00e9tail du pot de fleurs.<\/strong><\/a><\/p>\n\n\n\n<div class=\"wp-block-columns is-layout-flex wp-container-core-columns-is-layout-9d6595d7 wp-block-columns-is-layout-flex\">\n<div class=\"wp-block-column is-layout-flow wp-block-column-is-layout-flow\">\n<figure class=\"wp-block-image size-full\"><img decoding=\"async\" width=\"1500\" height=\"1249\" src=\"https:\/\/www.santai-ceramics.com\/wp-content\/uploads\/2025\/01\/Rustic-Textured-Planter-Pot-4.webp\" alt=\"Jardini\u00e8re rustique textur\u00e9e (4)\" class=\"wp-image-1759\" srcset=\"https:\/\/www.santai-ceramics.com\/wp-content\/uploads\/2025\/01\/Rustic-Textured-Planter-Pot-4.webp 1500w, https:\/\/www.santai-ceramics.com\/wp-content\/uploads\/2025\/01\/Rustic-Textured-Planter-Pot-4-300x250.webp 300w, https:\/\/www.santai-ceramics.com\/wp-content\/uploads\/2025\/01\/Rustic-Textured-Planter-Pot-4-768x639.webp 768w, https:\/\/www.santai-ceramics.com\/wp-content\/uploads\/2025\/01\/Rustic-Textured-Planter-Pot-4-14x12.webp 14w, https:\/\/www.santai-ceramics.com\/wp-content\/uploads\/2025\/01\/Rustic-Textured-Planter-Pot-4-1200x999.webp 1200w, https:\/\/www.santai-ceramics.com\/wp-content\/uploads\/2025\/01\/Rustic-Textured-Planter-Pot-4-600x500.webp 600w\" sizes=\"(max-width: 1500px) 100vw, 1500px\" \/><\/figure>\n<\/div>\n\n\n\n<div class=\"wp-block-column is-layout-flow wp-block-column-is-layout-flow\">\n<figure class=\"wp-block-image size-full\"><img decoding=\"async\" width=\"1500\" height=\"1249\" src=\"https:\/\/www.santai-ceramics.com\/wp-content\/uploads\/2025\/01\/Rustic-Textured-Planter-Pot-5.webp\" alt=\"Jardini\u00e8re rustique textur\u00e9e (5)\" class=\"wp-image-1760\" srcset=\"https:\/\/www.santai-ceramics.com\/wp-content\/uploads\/2025\/01\/Rustic-Textured-Planter-Pot-5.webp 1500w, https:\/\/www.santai-ceramics.com\/wp-content\/uploads\/2025\/01\/Rustic-Textured-Planter-Pot-5-300x250.webp 300w, https:\/\/www.santai-ceramics.com\/wp-content\/uploads\/2025\/01\/Rustic-Textured-Planter-Pot-5-768x639.webp 768w, https:\/\/www.santai-ceramics.com\/wp-content\/uploads\/2025\/01\/Rustic-Textured-Planter-Pot-5-14x12.webp 14w, https:\/\/www.santai-ceramics.com\/wp-content\/uploads\/2025\/01\/Rustic-Textured-Planter-Pot-5-1200x999.webp 1200w, https:\/\/www.santai-ceramics.com\/wp-content\/uploads\/2025\/01\/Rustic-Textured-Planter-Pot-5-600x500.webp 600w\" sizes=\"(max-width: 1500px) 100vw, 1500px\" \/><\/figure>\n<\/div>\n<\/div>","protected":false},"excerpt":{"rendered":"<p>Nous fournissons \u00e0 nos clients des pots de fleurs uniques de style naturel, \u00e0 la fois beaux et pratiques. Les pots de fleurs sont faits \u00e0 la main, combin\u00e9s avec un design de jambe haute et une gla\u00e7ure craquel\u00e9e ancienne, ce qui est un choix id\u00e9al pour la d\u00e9coration de la maison et le jardinage. Les acheteurs B2B tels que les magasins d'articles m\u00e9nagers, les jardineries et les d\u00e9taillants de marque sont invit\u00e9s \u00e0 nous contacter.<\/p>\n<h2>Sp\u00e9cification du pot de fleurs textur\u00e9\u00a0<\/h2>\n<table width=\"855\">\n<tbody>\n<tr>\n<td width=\"285\">Num\u00e9ro de mod\u00e8le<\/td>\n<td width=\"285\">G36610-WD14-A01<\/td>\n<td width=\"285\">G36610-WD14-A02<\/td>\n<\/tr>\n<tr>\n<td>Nom du produit<\/td>\n<td>Pot de fleurs en terre cuite<\/td>\n<td>Pot de fleurs en terre cuite<\/td>\n<\/tr>\n<tr>\n<td>Couleur<\/td>\n<td>Blanc brut<\/td>\n<td>Blanc brut<\/td>\n<\/tr>\n<tr>\n<td>Mat\u00e9riau<\/td>\n<td>Terre cuite<\/td>\n<td>Terre cuite<\/td>\n<\/tr>\n<tr>\n<td>Sc\u00e9narios d'utilisation<\/td>\n<td>d\u00e9coration int\u00e9rieure, d\u00e9coration de jardin<\/td>\n<td>d\u00e9coration int\u00e9rieure, d\u00e9coration de jardin<\/td>\n<\/tr>\n<tr>\n<td>Dimensions<\/td>\n<td>D:18.5X27.5cm<\/td>\n<td>D:17X23cm<\/td>\n<\/tr>\n<tr>\n<td>Poids<\/td>\n<td>3.5kg\/pc<\/td>\n<td>2kg\/pc<\/td>\n<\/tr>\n<\/tbody>\n<\/table>\n<p>&nbsp;<\/p>","protected":false},"featured_media":1756,"comment_status":"closed","ping_status":"closed","template":"","meta":{"_acf_changed":false},"product_brand":[],"product_cat":[18,42,21,23],"product_tag":[39],"class_list":{"0":"post-1716","1":"product","2":"type-product","3":"status-publish","4":"has-post-thumbnail","6":"product_cat-home-decor","7":"product_cat-wholesale-ceramic-plant-pots","8":"product_cat-garden-decor","9":"product_cat-ceramic-pots-planters","10":"product_tag-ceramic-flower-pot","12":"first","13":"instock","14":"shipping-taxable","15":"product-type-simple"},"acf":[],"_links":{"self":[{"href":"https:\/\/www.santai-ceramics.com\/fr\/wp-json\/wp\/v2\/product\/1716","targetHints":{"allow":["GET"]}}],"collection":[{"href":"https:\/\/www.santai-ceramics.com\/fr\/wp-json\/wp\/v2\/product"}],"about":[{"href":"https:\/\/www.santai-ceramics.com\/fr\/wp-json\/wp\/v2\/types\/product"}],"replies":[{"embeddable":true,"href":"https:\/\/www.santai-ceramics.com\/fr\/wp-json\/wp\/v2\/comments?post=1716"}],"wp:featuredmedia":[{"embeddable":true,"href":"https:\/\/www.santai-ceramics.com\/fr\/wp-json\/wp\/v2\/media\/1756"}],"wp:attachment":[{"href":"https:\/\/www.santai-ceramics.com\/fr\/wp-json\/wp\/v2\/media?parent=1716"}],"wp:term":[{"taxonomy":"product_brand","embeddable":true,"href":"https:\/\/www.santai-ceramics.com\/fr\/wp-json\/wp\/v2\/product_brand?post=1716"},{"taxonomy":"product_cat","embeddable":true,"href":"https:\/\/www.santai-ceramics.com\/fr\/wp-json\/wp\/v2\/product_cat?post=1716"},{"taxonomy":"product_tag","embeddable":true,"href":"https:\/\/www.santai-ceramics.com\/fr\/wp-json\/wp\/v2\/product_tag?post=1716"}],"curies":[{"name":"wp","href":"https:\/\/api.w.org\/{rel}","templated":true}]}}