{"id":1788,"date":"2025-01-15T01:21:17","date_gmt":"2025-01-15T01:21:17","guid":{"rendered":"https:\/\/www.santai-ceramics.com\/?post_type=product&#038;p=1788"},"modified":"2025-02-02T13:40:29","modified_gmt":"2025-02-02T13:40:29","slug":"wholesale-custom-small-ceramic-vases","status":"publish","type":"product","link":"https:\/\/www.santai-ceramics.com\/fr\/product\/wholesale-custom-small-ceramic-vases\/","title":{"rendered":"Petits vases en c\u00e9ramique en vrac, Vase en c\u00e9ramique bleu en gros, Service OEM"},"content":{"rendered":"<h3 class=\"wp-block-heading\">Caract\u00e9ristiques du petit vase bleu en c\u00e9ramique<\/h3>\n\n\n\n<p><strong>Gla\u00e7ure r\u00e9tro bleu profond : <\/strong>La surface de ce petit vase en c\u00e9ramique est recouverte d'une gla\u00e7ure bleu fonc\u00e9, pleine et brillante.<\/p>\n\n\n\n<p><strong>Texture g\u00e9om\u00e9trique :<\/strong> La paroi ext\u00e9rieure de ce petit vase bleu en c\u00e9ramique est d\u00e9cor\u00e9e de textures g\u00e9om\u00e9triques tridimensionnelles et les lignes sont d\u00e9cal\u00e9es, ce qui donne une impression g\u00e9n\u00e9rale de superposition et d'atmosph\u00e8re artistique.<\/p>\n\n\n\n<p><strong>Mat\u00e9riau argileux naturel : <\/strong>Le petit vase en c\u00e9ramique est fabriqu\u00e9 \u00e0 la main avec de l'argile de haute qualit\u00e9, avec une texture naturelle et une surface l\u00e9g\u00e8rement granuleuse, ce qui renforce l'effet r\u00e9tro.<\/p>\n\n\n\n<p><strong>Petite taille : <\/strong>La taille de ce petit vase en c\u00e9ramique est de 16,5 x 12 cm, ce qui lui permet d'\u00eatre plac\u00e9 \u00e0 diff\u00e9rents endroits, tels que les tables basses du salon et les bureaux d'\u00e9tude.<br><br><strong>Solution de vase sur mesure : <\/strong>Nous proposons des services de personnalisation personnalis\u00e9s, couvrant un large \u00e9ventail d'options de personnalisation, notamment la couleur, la taille, la texture et le mat\u00e9riau du vase.<\/p>\n\n\n\n<h3 class=\"wp-block-heading\">Service de vases en c\u00e9ramique sur mesure<\/h3>\n\n\n\n<p>Nous proposons des services OEM et ODM pour nos produits.<br>Des \u00e9chantillons peuvent \u00eatre livr\u00e9s rapidement.<br>Nous offrons une vari\u00e9t\u00e9 de formes, de couleurs, d'impressions personnalis\u00e9es, d'emballages et d'autres services sur mesure pour r\u00e9pondre \u00e0 vos besoins sp\u00e9cifiques.<br><a href=\"https:\/\/www.santai-ceramics.com\/fr\/custom\/\" data-type=\"page\" data-id=\"13\" target=\"_blank\" rel=\"noreferrer noopener\"><strong><b>En savoir plus sur la personnalisation<\/b> d\u00e9tail d'un vase en c\u00e9ramique.<\/strong><\/a><\/p>\n\n\n\n<div class=\"wp-block-columns is-layout-flex wp-container-core-columns-is-layout-9d6595d7 wp-block-columns-is-layout-flex\">\n<div class=\"wp-block-column is-layout-flow wp-block-column-is-layout-flow\">\n<figure class=\"wp-block-image size-full\"><img decoding=\"async\" width=\"1500\" height=\"1250\" src=\"https:\/\/www.santai-ceramics.com\/wp-content\/uploads\/2025\/01\/Small-Ceramic-Blue-Vase-3.webp\" alt=\"Petit vase bleu en c\u00e9ramique (3)\" class=\"wp-image-1819\" srcset=\"https:\/\/www.santai-ceramics.com\/wp-content\/uploads\/2025\/01\/Small-Ceramic-Blue-Vase-3.webp 1500w, https:\/\/www.santai-ceramics.com\/wp-content\/uploads\/2025\/01\/Small-Ceramic-Blue-Vase-3-300x250.webp 300w, https:\/\/www.santai-ceramics.com\/wp-content\/uploads\/2025\/01\/Small-Ceramic-Blue-Vase-3-768x640.webp 768w, https:\/\/www.santai-ceramics.com\/wp-content\/uploads\/2025\/01\/Small-Ceramic-Blue-Vase-3-14x12.webp 14w, https:\/\/www.santai-ceramics.com\/wp-content\/uploads\/2025\/01\/Small-Ceramic-Blue-Vase-3-1200x1000.webp 1200w, https:\/\/www.santai-ceramics.com\/wp-content\/uploads\/2025\/01\/Small-Ceramic-Blue-Vase-3-600x500.webp 600w\" sizes=\"(max-width: 1500px) 100vw, 1500px\" \/><\/figure>\n<\/div>\n\n\n\n<div class=\"wp-block-column is-layout-flow wp-block-column-is-layout-flow\">\n<figure class=\"wp-block-image size-full\"><img decoding=\"async\" width=\"1500\" height=\"1249\" src=\"https:\/\/www.santai-ceramics.com\/wp-content\/uploads\/2025\/01\/Small-Ceramic-Blue-Vase-4.webp\" alt=\"Petit vase bleu en c\u00e9ramique (4)\" class=\"wp-image-1820\" srcset=\"https:\/\/www.santai-ceramics.com\/wp-content\/uploads\/2025\/01\/Small-Ceramic-Blue-Vase-4.webp 1500w, https:\/\/www.santai-ceramics.com\/wp-content\/uploads\/2025\/01\/Small-Ceramic-Blue-Vase-4-300x250.webp 300w, https:\/\/www.santai-ceramics.com\/wp-content\/uploads\/2025\/01\/Small-Ceramic-Blue-Vase-4-768x639.webp 768w, https:\/\/www.santai-ceramics.com\/wp-content\/uploads\/2025\/01\/Small-Ceramic-Blue-Vase-4-14x12.webp 14w, https:\/\/www.santai-ceramics.com\/wp-content\/uploads\/2025\/01\/Small-Ceramic-Blue-Vase-4-1200x999.webp 1200w, https:\/\/www.santai-ceramics.com\/wp-content\/uploads\/2025\/01\/Small-Ceramic-Blue-Vase-4-600x500.webp 600w\" sizes=\"(max-width: 1500px) 100vw, 1500px\" \/><\/figure>\n<\/div>\n<\/div>\n\n\n\n<p><\/p>","protected":false},"excerpt":{"rendered":"<p data-pm-slice=\"0 0 []\">Vase bleu vintage de petite taille en gros, le gla\u00e7age bleu fonc\u00e9 brillant et la texture g\u00e9om\u00e9trique font de chaque vase un objet plein de sens artistique, qui peut \u00eatre utilis\u00e9 comme contenant pour les fleurs ou comme d\u00e9coration ind\u00e9pendante. Nous fournissons des services OEM et ODM, n'h\u00e9sitez pas \u00e0 nous contacter pour obtenir un devis.<\/p>\n<h2>Sp\u00e9cification du petit vase bleu en c\u00e9ramique<\/h2>\n<table width=\"570\">\n<tbody>\n<tr>\n<td width=\"285\">Num\u00e9ro de mod\u00e8le<\/td>\n<td width=\"285\">A35556-LD39-A01<\/td>\n<\/tr>\n<tr>\n<td>Nom du produit<\/td>\n<td>Vase en c\u00e9ramique<\/td>\n<\/tr>\n<tr>\n<td>Couleur<\/td>\n<td>Bleu brut<\/td>\n<\/tr>\n<tr>\n<td>Mat\u00e9riau<\/td>\n<td>Vase en c\u00e9ramique<\/td>\n<\/tr>\n<tr>\n<td>Sc\u00e9narios d'utilisation<\/td>\n<td>d\u00e9coration int\u00e9rieure<\/td>\n<\/tr>\n<tr>\n<td>Dimensions<\/td>\n<td>D:16.5X12cm<\/td>\n<\/tr>\n<tr>\n<td>Poids<\/td>\n<td>0,8kg\/pc<\/td>\n<\/tr>\n<\/tbody>\n<\/table>","protected":false},"featured_media":1817,"comment_status":"closed","ping_status":"closed","template":"","meta":{"_acf_changed":false},"product_brand":[],"product_cat":[18,22],"product_tag":[34],"class_list":{"0":"post-1788","1":"product","2":"type-product","3":"status-publish","4":"has-post-thumbnail","6":"product_cat-home-decor","7":"product_cat-vase","8":"product_tag-ceramic-vase","10":"first","11":"instock","12":"shipping-taxable","13":"product-type-simple"},"acf":[],"_links":{"self":[{"href":"https:\/\/www.santai-ceramics.com\/fr\/wp-json\/wp\/v2\/product\/1788","targetHints":{"allow":["GET"]}}],"collection":[{"href":"https:\/\/www.santai-ceramics.com\/fr\/wp-json\/wp\/v2\/product"}],"about":[{"href":"https:\/\/www.santai-ceramics.com\/fr\/wp-json\/wp\/v2\/types\/product"}],"replies":[{"embeddable":true,"href":"https:\/\/www.santai-ceramics.com\/fr\/wp-json\/wp\/v2\/comments?post=1788"}],"wp:featuredmedia":[{"embeddable":true,"href":"https:\/\/www.santai-ceramics.com\/fr\/wp-json\/wp\/v2\/media\/1817"}],"wp:attachment":[{"href":"https:\/\/www.santai-ceramics.com\/fr\/wp-json\/wp\/v2\/media?parent=1788"}],"wp:term":[{"taxonomy":"product_brand","embeddable":true,"href":"https:\/\/www.santai-ceramics.com\/fr\/wp-json\/wp\/v2\/product_brand?post=1788"},{"taxonomy":"product_cat","embeddable":true,"href":"https:\/\/www.santai-ceramics.com\/fr\/wp-json\/wp\/v2\/product_cat?post=1788"},{"taxonomy":"product_tag","embeddable":true,"href":"https:\/\/www.santai-ceramics.com\/fr\/wp-json\/wp\/v2\/product_tag?post=1788"}],"curies":[{"name":"wp","href":"https:\/\/api.w.org\/{rel}","templated":true}]}}