{"id":1790,"date":"2025-01-15T00:11:32","date_gmt":"2025-01-15T00:11:32","guid":{"rendered":"https:\/\/www.santai-ceramics.com\/?post_type=product&#038;p=1790"},"modified":"2025-03-13T14:37:22","modified_gmt":"2025-03-13T14:37:22","slug":"custom-deep-blue-vase-in-bulk","status":"publish","type":"product","link":"https:\/\/www.santai-ceramics.com\/fr\/product\/custom-deep-blue-vase-in-bulk\/","title":{"rendered":"Vase moyen personnalis\u00e9 en vrac\uff0cVases bleu fonc\u00e9 en gros\uff0cSupport OEM &amp; ODM"},"content":{"rendered":"<h3 class=\"wp-block-heading\">Caract\u00e9ristiques du vase moyen bleu profond<\/h3>\n\n\n\n<p><strong>Taille moyenne :<\/strong> Ce vase bleu fonc\u00e9 est disponible en deux tailles moyennes, 14\u00d728 cm et 16,5\u00d733 cm, et convient \u00e0 une vari\u00e9t\u00e9 de besoins en mati\u00e8re d'am\u00e9nagement de l'espace.<\/p>\n\n\n\n<p><strong>Gla\u00e7ure bleu fonc\u00e9 : <\/strong>Ce vase bleu profond utilise un processus d'\u00e9maillage multicouche pour pr\u00e9senter un ton bleu profond, exsudant une atmosph\u00e8re r\u00e9tro \u00e9l\u00e9gante.<\/p>\n\n\n\n<p><strong>Texture du mat\u00e9riau : <\/strong>Ce vase d'un bleu profond est fabriqu\u00e9 \u00e0 partir d'argile de haute qualit\u00e9 et conserve une couleur naturelle au fond, qui forme un contraste frappant avec la gla\u00e7ure d'un bleu profond, renfor\u00e7ant ainsi le sens g\u00e9n\u00e9ral du design.<\/p>\n\n\n\n<p><strong>Fonction polyvalente : <\/strong>Il peut \u00eatre utilis\u00e9 non seulement comme r\u00e9cipient pour compositions florales, mais aussi comme ornement d\u00e9coratif, convenant \u00e0 la maison, au bureau ou \u00e0 l'espace commercial, ajoutant une atmosph\u00e8re artistique.<\/p>\n\n\n\n<h3 class=\"wp-block-heading\">Service de vases en c\u00e9ramique sur mesure<\/h3>\n\n\n\n<p>Nous proposons des services OEM et ODM pour nos produits.<br>Des \u00e9chantillons peuvent \u00eatre livr\u00e9s rapidement.<br>Nous offrons une vari\u00e9t\u00e9 de formes, de couleurs, d'impressions personnalis\u00e9es, d'emballages et d'autres services sur mesure pour r\u00e9pondre \u00e0 vos besoins sp\u00e9cifiques.<br><a href=\"https:\/\/www.santai-ceramics.com\/fr\/custom\/\" data-type=\"page\" data-id=\"13\" target=\"_blank\" rel=\"noreferrer noopener\"><strong><b>En savoir plus sur la personnalisation<\/b> d\u00e9tail d'un vase en c\u00e9ramique.<\/strong><\/a><\/p>\n\n\n\n<div class=\"wp-block-columns is-layout-flex wp-container-core-columns-is-layout-9d6595d7 wp-block-columns-is-layout-flex\">\n<div class=\"wp-block-column is-layout-flow wp-block-column-is-layout-flow\">\n<figure class=\"wp-block-image size-full\"><img decoding=\"async\" width=\"1500\" height=\"1249\" src=\"https:\/\/www.santai-ceramics.com\/wp-content\/uploads\/2025\/01\/Custom-Medium-Deep-Blue-Vase-6.webp\" alt=\"Vase moyen bleu profond personnalis\u00e9 (6)\" class=\"wp-image-1813\" srcset=\"https:\/\/www.santai-ceramics.com\/wp-content\/uploads\/2025\/01\/Custom-Medium-Deep-Blue-Vase-6.webp 1500w, https:\/\/www.santai-ceramics.com\/wp-content\/uploads\/2025\/01\/Custom-Medium-Deep-Blue-Vase-6-300x250.webp 300w, https:\/\/www.santai-ceramics.com\/wp-content\/uploads\/2025\/01\/Custom-Medium-Deep-Blue-Vase-6-768x639.webp 768w, https:\/\/www.santai-ceramics.com\/wp-content\/uploads\/2025\/01\/Custom-Medium-Deep-Blue-Vase-6-14x12.webp 14w, https:\/\/www.santai-ceramics.com\/wp-content\/uploads\/2025\/01\/Custom-Medium-Deep-Blue-Vase-6-1200x999.webp 1200w, https:\/\/www.santai-ceramics.com\/wp-content\/uploads\/2025\/01\/Custom-Medium-Deep-Blue-Vase-6-600x500.webp 600w\" sizes=\"(max-width: 1500px) 100vw, 1500px\" \/><\/figure>\n<\/div>\n\n\n\n<div class=\"wp-block-column is-layout-flow wp-block-column-is-layout-flow\">\n<figure class=\"wp-block-image size-full\"><img decoding=\"async\" width=\"1500\" height=\"1250\" src=\"https:\/\/www.santai-ceramics.com\/wp-content\/uploads\/2025\/01\/Custom-Medium-Deep-Blue-Vase-7.webp\" alt=\"Vase moyen bleu profond personnalis\u00e9 (7)\" class=\"wp-image-1814\" srcset=\"https:\/\/www.santai-ceramics.com\/wp-content\/uploads\/2025\/01\/Custom-Medium-Deep-Blue-Vase-7.webp 1500w, https:\/\/www.santai-ceramics.com\/wp-content\/uploads\/2025\/01\/Custom-Medium-Deep-Blue-Vase-7-300x250.webp 300w, https:\/\/www.santai-ceramics.com\/wp-content\/uploads\/2025\/01\/Custom-Medium-Deep-Blue-Vase-7-768x640.webp 768w, https:\/\/www.santai-ceramics.com\/wp-content\/uploads\/2025\/01\/Custom-Medium-Deep-Blue-Vase-7-14x12.webp 14w, https:\/\/www.santai-ceramics.com\/wp-content\/uploads\/2025\/01\/Custom-Medium-Deep-Blue-Vase-7-1200x1000.webp 1200w, https:\/\/www.santai-ceramics.com\/wp-content\/uploads\/2025\/01\/Custom-Medium-Deep-Blue-Vase-7-600x500.webp 600w\" sizes=\"(max-width: 1500px) 100vw, 1500px\" \/><\/figure>\n<\/div>\n<\/div>","protected":false},"excerpt":{"rendered":"<p data-pm-slice=\"0 0 []\">Vase moyen vintage bleu fonc\u00e9 en gros, disponible en deux tailles moyennes de 14\u00d728cm et 16.5\u00d733cm, fait d'argile de haute qualit\u00e9, plein d'\u00e9l\u00e9gance vintage. Convient pour la maison, le bureau, le caf\u00e9 et d'autres sc\u00e8nes, SANTAI fabricant de poterie fournit des services professionnels OEM et ODM, bienvenue \u00e0 l'achat en vrac !<\/p>\n<h2>Sp\u00e9cification du vase moyen bleu profond<\/h2>\n<table width=\"855\">\n<tbody>\n<tr>\n<td width=\"285\">Num\u00e9ro de mod\u00e8le<\/td>\n<td width=\"285\">A35533-LD39-A01<\/td>\n<td width=\"285\">A35533-LD39-A02<\/td>\n<\/tr>\n<tr>\n<td>Nom du produit<\/td>\n<td>Vase en c\u00e9ramique<\/td>\n<td>Vase en c\u00e9ramique<\/td>\n<\/tr>\n<tr>\n<td>Couleur<\/td>\n<td>Bleu brut<\/td>\n<td>Bleu brut<\/td>\n<\/tr>\n<tr>\n<td>Mat\u00e9riau<\/td>\n<td>Vase en c\u00e9ramique<\/td>\n<td>Vase en c\u00e9ramique<\/td>\n<\/tr>\n<tr>\n<td>Sc\u00e9narios d'utilisation<\/td>\n<td>d\u00e9coration int\u00e9rieure<\/td>\n<td>d\u00e9coration int\u00e9rieure<\/td>\n<\/tr>\n<tr>\n<td>Dimensions<\/td>\n<td>D:16.5X33cm<\/td>\n<td>D:14X28cm<\/td>\n<\/tr>\n<tr>\n<td>Poids<\/td>\n<td>1,7kg\/pc<\/td>\n<td>1kg\/pc<\/td>\n<\/tr>\n<\/tbody>\n<\/table>","protected":false},"featured_media":1809,"comment_status":"closed","ping_status":"closed","template":"","meta":{"_acf_changed":false},"product_brand":[],"product_cat":[18,22],"product_tag":[34],"class_list":{"0":"post-1790","1":"product","2":"type-product","3":"status-publish","4":"has-post-thumbnail","6":"product_cat-home-decor","7":"product_cat-vase","8":"product_tag-ceramic-vase","10":"first","11":"instock","12":"shipping-taxable","13":"product-type-simple"},"acf":[],"_links":{"self":[{"href":"https:\/\/www.santai-ceramics.com\/fr\/wp-json\/wp\/v2\/product\/1790","targetHints":{"allow":["GET"]}}],"collection":[{"href":"https:\/\/www.santai-ceramics.com\/fr\/wp-json\/wp\/v2\/product"}],"about":[{"href":"https:\/\/www.santai-ceramics.com\/fr\/wp-json\/wp\/v2\/types\/product"}],"replies":[{"embeddable":true,"href":"https:\/\/www.santai-ceramics.com\/fr\/wp-json\/wp\/v2\/comments?post=1790"}],"wp:featuredmedia":[{"embeddable":true,"href":"https:\/\/www.santai-ceramics.com\/fr\/wp-json\/wp\/v2\/media\/1809"}],"wp:attachment":[{"href":"https:\/\/www.santai-ceramics.com\/fr\/wp-json\/wp\/v2\/media?parent=1790"}],"wp:term":[{"taxonomy":"product_brand","embeddable":true,"href":"https:\/\/www.santai-ceramics.com\/fr\/wp-json\/wp\/v2\/product_brand?post=1790"},{"taxonomy":"product_cat","embeddable":true,"href":"https:\/\/www.santai-ceramics.com\/fr\/wp-json\/wp\/v2\/product_cat?post=1790"},{"taxonomy":"product_tag","embeddable":true,"href":"https:\/\/www.santai-ceramics.com\/fr\/wp-json\/wp\/v2\/product_tag?post=1790"}],"curies":[{"name":"wp","href":"https:\/\/api.w.org\/{rel}","templated":true}]}}