{"id":1792,"date":"2025-01-15T02:18:17","date_gmt":"2025-01-15T02:18:17","guid":{"rendered":"https:\/\/www.santai-ceramics.com\/?post_type=product&#038;p=1792"},"modified":"2025-02-02T13:39:50","modified_gmt":"2025-02-02T13:39:50","slug":"wholesale-retro-ceramic-round-vase","status":"publish","type":"product","link":"https:\/\/www.santai-ceramics.com\/fr\/product\/wholesale-retro-ceramic-round-vase\/","title":{"rendered":"Vase rond en c\u00e9ramique r\u00e9tro avec texture tridimensionnelle - Fabricant de poteries SANTAI"},"content":{"rendered":"<h3 class=\"wp-block-heading\">Caract\u00e9ristiques du vase rond en c\u00e9ramique r\u00e9tro<\/h3>\n\n\n\n<p><strong>Design rond classique : <\/strong>Le vase en c\u00e9ramique a une forme ronde unique, \u00e9l\u00e9gante et adapt\u00e9e \u00e0 une vari\u00e9t\u00e9 de styles d'int\u00e9rieur.<\/p>\n\n\n\n<p><strong>Gla\u00e7ure bleu fonc\u00e9 : <\/strong>Le vase rond en c\u00e9ramique est recouvert d'une gla\u00e7ure bleu fonc\u00e9 brillante, ce qui lui conf\u00e8re une forte connotation artistique et une atmosph\u00e8re r\u00e9tro. Il convient \u00e0 la d\u00e9coration d'occasions r\u00e9tro et solennelles.<\/p>\n\n\n\n<p><strong>Texture tridimensionnelle : <\/strong>Le vase rond en c\u00e9ramique adopte une texture de diamant tridimensionnelle unique, qui ajoute une impression de superposition visuelle et rend le vase plus vivant.<\/p>\n\n\n\n<p><strong>Mat\u00e9riau durable : <\/strong>Fabriqu\u00e9 en c\u00e9ramique de haute qualit\u00e9, il est \u00e0 la fois beau et durable, et peut conserver sa couleur et sa forme pendant longtemps.<\/p>\n\n\n\n<p><strong>Vente en gros et service personnalis\u00e9 : <\/strong>Les fabricants de poterie SANTAI vous fournissent des services de vase en c\u00e9ramique en gros et sur mesure \u00e0 des prix d'usine, avec de nombreuses options de personnalisation.<\/p>\n\n\n\n<h3 class=\"wp-block-heading\">Service de vases en c\u00e9ramique sur mesure<\/h3>\n\n\n\n<p>Nous proposons des services OEM et ODM pour nos produits.<br>Des \u00e9chantillons peuvent \u00eatre livr\u00e9s rapidement.<br>Nous offrons une vari\u00e9t\u00e9 de formes, de couleurs, d'impressions personnalis\u00e9es, d'emballages et d'autres services sur mesure pour r\u00e9pondre \u00e0 vos besoins sp\u00e9cifiques.<br><a href=\"https:\/\/www.santai-ceramics.com\/fr\/custom\/\" data-type=\"page\" data-id=\"13\" target=\"_blank\" rel=\"noreferrer noopener\"><strong><b>En savoir plus sur la personnalisation<\/b> d\u00e9tail d'un vase en c\u00e9ramique.<\/strong><\/a><\/p>\n\n\n\n<div class=\"wp-block-columns is-layout-flex wp-container-core-columns-is-layout-9d6595d7 wp-block-columns-is-layout-flex\">\n<div class=\"wp-block-column is-layout-flow wp-block-column-is-layout-flow\">\n<figure class=\"wp-block-image size-full\"><img decoding=\"async\" width=\"1500\" height=\"1250\" src=\"https:\/\/www.santai-ceramics.com\/wp-content\/uploads\/2025\/01\/wholesale-retro-ceramic-round-vase-6.webp\" alt=\"vente en gros de vases ronds en c\u00e9ramique r\u00e9tro (6)\" class=\"wp-image-1850\" srcset=\"https:\/\/www.santai-ceramics.com\/wp-content\/uploads\/2025\/01\/wholesale-retro-ceramic-round-vase-6.webp 1500w, https:\/\/www.santai-ceramics.com\/wp-content\/uploads\/2025\/01\/wholesale-retro-ceramic-round-vase-6-300x250.webp 300w, https:\/\/www.santai-ceramics.com\/wp-content\/uploads\/2025\/01\/wholesale-retro-ceramic-round-vase-6-768x640.webp 768w, https:\/\/www.santai-ceramics.com\/wp-content\/uploads\/2025\/01\/wholesale-retro-ceramic-round-vase-6-14x12.webp 14w, https:\/\/www.santai-ceramics.com\/wp-content\/uploads\/2025\/01\/wholesale-retro-ceramic-round-vase-6-1200x1000.webp 1200w, https:\/\/www.santai-ceramics.com\/wp-content\/uploads\/2025\/01\/wholesale-retro-ceramic-round-vase-6-600x500.webp 600w\" sizes=\"(max-width: 1500px) 100vw, 1500px\" \/><\/figure>\n<\/div>\n\n\n\n<div class=\"wp-block-column is-layout-flow wp-block-column-is-layout-flow\">\n<figure class=\"wp-block-image size-full\"><img decoding=\"async\" width=\"1500\" height=\"1250\" src=\"https:\/\/www.santai-ceramics.com\/wp-content\/uploads\/2025\/01\/wholesale-retro-ceramic-round-vase-7.webp\" alt=\"vase rond en c\u00e9ramique r\u00e9tro en gros (7)\" class=\"wp-image-1851\" srcset=\"https:\/\/www.santai-ceramics.com\/wp-content\/uploads\/2025\/01\/wholesale-retro-ceramic-round-vase-7.webp 1500w, https:\/\/www.santai-ceramics.com\/wp-content\/uploads\/2025\/01\/wholesale-retro-ceramic-round-vase-7-300x250.webp 300w, https:\/\/www.santai-ceramics.com\/wp-content\/uploads\/2025\/01\/wholesale-retro-ceramic-round-vase-7-768x640.webp 768w, https:\/\/www.santai-ceramics.com\/wp-content\/uploads\/2025\/01\/wholesale-retro-ceramic-round-vase-7-14x12.webp 14w, https:\/\/www.santai-ceramics.com\/wp-content\/uploads\/2025\/01\/wholesale-retro-ceramic-round-vase-7-1200x1000.webp 1200w, https:\/\/www.santai-ceramics.com\/wp-content\/uploads\/2025\/01\/wholesale-retro-ceramic-round-vase-7-600x500.webp 600w\" sizes=\"(max-width: 1500px) 100vw, 1500px\" \/><\/figure>\n<\/div>\n<\/div>","protected":false},"excerpt":{"rendered":"<p data-pm-slice=\"0 0 []\">Les vases ronds en c\u00e9ramique de gros, fabriqu\u00e9s en c\u00e9ramique de haute qualit\u00e9, rendent ce vase \u00e0 la fois beau et durable, adapt\u00e9 \u00e0 la d\u00e9coration artistique et \u00e0 l'affichage ind\u00e9pendant. N'h\u00e9sitez pas \u00e0 nous contacter pour un devis.<\/p>\n<h2>Sp\u00e9cification du vase rond en c\u00e9ramique r\u00e9tro<\/h2>\n<table width=\"855\">\n<tbody>\n<tr>\n<td width=\"285\">Num\u00e9ro de mod\u00e8le<\/td>\n<td width=\"285\">A37421-LD39-A01<\/td>\n<td width=\"285\">A37421-LD39-A02<\/td>\n<\/tr>\n<tr>\n<td>Nom du produit<\/td>\n<td>Vase en c\u00e9ramique<\/td>\n<td>Vase en c\u00e9ramique<\/td>\n<\/tr>\n<tr>\n<td>Couleur<\/td>\n<td>Bleu brut<\/td>\n<td>Bleu brut<\/td>\n<\/tr>\n<tr>\n<td>Mat\u00e9riau<\/td>\n<td>Vase en c\u00e9ramique<\/td>\n<td>Vase en c\u00e9ramique<\/td>\n<\/tr>\n<tr>\n<td>Sc\u00e9narios d'utilisation<\/td>\n<td>d\u00e9coration int\u00e9rieure<\/td>\n<td>d\u00e9coration int\u00e9rieure<\/td>\n<\/tr>\n<tr>\n<td>Dimensions<\/td>\n<td>D:19.5X21.5cm<\/td>\n<td>D:16.5X17cm<\/td>\n<\/tr>\n<tr>\n<td>Poids<\/td>\n<td>1,6kg\/pc<\/td>\n<td>1kg\/pc<\/td>\n<\/tr>\n<\/tbody>\n<\/table>","protected":false},"featured_media":1845,"comment_status":"closed","ping_status":"closed","template":"","meta":{"_acf_changed":false},"product_brand":[],"product_cat":[18,22],"product_tag":[34],"class_list":{"0":"post-1792","1":"product","2":"type-product","3":"status-publish","4":"has-post-thumbnail","6":"product_cat-home-decor","7":"product_cat-vase","8":"product_tag-ceramic-vase","10":"first","11":"instock","12":"shipping-taxable","13":"product-type-simple"},"acf":[],"_links":{"self":[{"href":"https:\/\/www.santai-ceramics.com\/fr\/wp-json\/wp\/v2\/product\/1792","targetHints":{"allow":["GET"]}}],"collection":[{"href":"https:\/\/www.santai-ceramics.com\/fr\/wp-json\/wp\/v2\/product"}],"about":[{"href":"https:\/\/www.santai-ceramics.com\/fr\/wp-json\/wp\/v2\/types\/product"}],"replies":[{"embeddable":true,"href":"https:\/\/www.santai-ceramics.com\/fr\/wp-json\/wp\/v2\/comments?post=1792"}],"wp:featuredmedia":[{"embeddable":true,"href":"https:\/\/www.santai-ceramics.com\/fr\/wp-json\/wp\/v2\/media\/1845"}],"wp:attachment":[{"href":"https:\/\/www.santai-ceramics.com\/fr\/wp-json\/wp\/v2\/media?parent=1792"}],"wp:term":[{"taxonomy":"product_brand","embeddable":true,"href":"https:\/\/www.santai-ceramics.com\/fr\/wp-json\/wp\/v2\/product_brand?post=1792"},{"taxonomy":"product_cat","embeddable":true,"href":"https:\/\/www.santai-ceramics.com\/fr\/wp-json\/wp\/v2\/product_cat?post=1792"},{"taxonomy":"product_tag","embeddable":true,"href":"https:\/\/www.santai-ceramics.com\/fr\/wp-json\/wp\/v2\/product_tag?post=1792"}],"curies":[{"name":"wp","href":"https:\/\/api.w.org\/{rel}","templated":true}]}}