{"id":1793,"date":"2025-01-15T02:41:44","date_gmt":"2025-01-15T02:41:44","guid":{"rendered":"https:\/\/www.santai-ceramics.com\/?post_type=product&#038;p=1793"},"modified":"2025-02-02T13:39:24","modified_gmt":"2025-02-02T13:39:24","slug":"wholesale-vintage-decorative-ceramic-vase","status":"publish","type":"product","link":"https:\/\/www.santai-ceramics.com\/fr\/product\/wholesale-vintage-decorative-ceramic-vase\/","title":{"rendered":"Vase d\u00e9coratif en c\u00e9ramique vintage en gros, mod\u00e8les personnalisables et commandes en gros disponibles"},"content":{"rendered":"<h3 class=\"wp-block-heading\">Caract\u00e9ristiques du vase d\u00e9coratif vintage en c\u00e9ramique<\/h3>\n\n\n\n<p><strong>Forme unique : <\/strong>Le design du vase s'inspire de la forme traditionnelle d'une jarre, ce qui lui conf\u00e8re un style unique et ajoute de l'ambiance \u00e0 votre d\u00e9coration d'int\u00e9rieur.<\/p>\n\n\n\n<p><strong>Conception polyvalente : <\/strong>Ce vase d\u00e9coratif r\u00e9tro peut servir d'arrangement floral, de d\u00e9coration ind\u00e9pendante ou de r\u00e9cipient de stockage, r\u00e9pondant ainsi \u00e0 diff\u00e9rents besoins fonctionnels et am\u00e9liorant la diversit\u00e9 de l'espace.<\/p>\n\n\n\n<p><strong>Mat\u00e9riau durable :<\/strong> Fabriqu\u00e9 en c\u00e9ramique de haute qualit\u00e9, il garantit que le vase est robuste et durable, et qu'il peut conserver sa beaut\u00e9 et sa fonctionnalit\u00e9 pendant longtemps.<\/p>\n\n\n\n<p><strong>Service de vente en gros : <\/strong>Nous fournissons des services professionnels pour les vases en c\u00e9ramique, en offrant un soutien professionnel tel qu'une personnalisation flexible, des prix pr\u00e9f\u00e9rentiels et une livraison rapide.<\/p>\n\n\n\n<h3 class=\"wp-block-heading\">Service de vases en c\u00e9ramique sur mesure<\/h3>\n\n\n\n<p>Nous proposons des services OEM et ODM pour nos produits.<br>Des \u00e9chantillons peuvent \u00eatre livr\u00e9s rapidement.<br>Nous offrons une vari\u00e9t\u00e9 de formes, de couleurs, d'impressions personnalis\u00e9es, d'emballages et d'autres services sur mesure pour r\u00e9pondre \u00e0 vos besoins sp\u00e9cifiques.<br><a href=\"https:\/\/www.santai-ceramics.com\/fr\/custom\/\" data-type=\"page\" data-id=\"13\" target=\"_blank\" rel=\"noreferrer noopener\"><strong><b>En savoir plus sur la personnalisation<\/b> d\u00e9tail d'un vase en c\u00e9ramique.<\/strong><\/a><\/p>\n\n\n\n<div class=\"wp-block-columns is-layout-flex wp-container-core-columns-is-layout-9d6595d7 wp-block-columns-is-layout-flex\">\n<div class=\"wp-block-column is-layout-flow wp-block-column-is-layout-flow\">\n<figure class=\"wp-block-image size-full\"><img decoding=\"async\" width=\"1500\" height=\"1249\" src=\"https:\/\/www.santai-ceramics.com\/wp-content\/uploads\/2025\/01\/Wholesale-Vintage-Decorative-Ceramic-Vase-4.webp\" alt=\"Vase d\u00e9coratif en c\u00e9ramique vintage en gros (4)\" class=\"wp-image-1857\" srcset=\"https:\/\/www.santai-ceramics.com\/wp-content\/uploads\/2025\/01\/Wholesale-Vintage-Decorative-Ceramic-Vase-4.webp 1500w, https:\/\/www.santai-ceramics.com\/wp-content\/uploads\/2025\/01\/Wholesale-Vintage-Decorative-Ceramic-Vase-4-300x250.webp 300w, https:\/\/www.santai-ceramics.com\/wp-content\/uploads\/2025\/01\/Wholesale-Vintage-Decorative-Ceramic-Vase-4-768x639.webp 768w, https:\/\/www.santai-ceramics.com\/wp-content\/uploads\/2025\/01\/Wholesale-Vintage-Decorative-Ceramic-Vase-4-14x12.webp 14w, https:\/\/www.santai-ceramics.com\/wp-content\/uploads\/2025\/01\/Wholesale-Vintage-Decorative-Ceramic-Vase-4-1200x999.webp 1200w, https:\/\/www.santai-ceramics.com\/wp-content\/uploads\/2025\/01\/Wholesale-Vintage-Decorative-Ceramic-Vase-4-600x500.webp 600w\" sizes=\"(max-width: 1500px) 100vw, 1500px\" \/><\/figure>\n<\/div>\n\n\n\n<div class=\"wp-block-column is-layout-flow wp-block-column-is-layout-flow\">\n<figure class=\"wp-block-image size-full\"><img decoding=\"async\" width=\"1500\" height=\"1250\" src=\"https:\/\/www.santai-ceramics.com\/wp-content\/uploads\/2025\/01\/Wholesale-Vintage-Decorative-Ceramic-Vase-6.webp\" alt=\"Vase d\u00e9coratif en c\u00e9ramique vintage en gros (6)\" class=\"wp-image-1859\" srcset=\"https:\/\/www.santai-ceramics.com\/wp-content\/uploads\/2025\/01\/Wholesale-Vintage-Decorative-Ceramic-Vase-6.webp 1500w, https:\/\/www.santai-ceramics.com\/wp-content\/uploads\/2025\/01\/Wholesale-Vintage-Decorative-Ceramic-Vase-6-300x250.webp 300w, https:\/\/www.santai-ceramics.com\/wp-content\/uploads\/2025\/01\/Wholesale-Vintage-Decorative-Ceramic-Vase-6-768x640.webp 768w, https:\/\/www.santai-ceramics.com\/wp-content\/uploads\/2025\/01\/Wholesale-Vintage-Decorative-Ceramic-Vase-6-14x12.webp 14w, https:\/\/www.santai-ceramics.com\/wp-content\/uploads\/2025\/01\/Wholesale-Vintage-Decorative-Ceramic-Vase-6-1200x1000.webp 1200w, https:\/\/www.santai-ceramics.com\/wp-content\/uploads\/2025\/01\/Wholesale-Vintage-Decorative-Ceramic-Vase-6-600x500.webp 600w\" sizes=\"(max-width: 1500px) 100vw, 1500px\" \/><\/figure>\n<\/div>\n<\/div>\n\n\n\n<p><\/p>","protected":false},"excerpt":{"rendered":"<p data-pm-slice=\"0 0 []\">Vente en gros de vases d\u00e9coratifs vintage en c\u00e9ramique, avec des designs classiques et \u00e9l\u00e9gants, parfaits pour la d\u00e9coration de la maison, du bureau et du jardin. Mod\u00e8les personnalis\u00e9s et commandes en gros disponibles. N'h\u00e9sitez pas \u00e0 nous contacter.<\/p>\n<h2>Sp\u00e9cification du vase d\u00e9coratif vintage en c\u00e9ramique<\/h2>\n<table width=\"855\">\n<tbody>\n<tr>\n<td width=\"285\">Num\u00e9ro de mod\u00e8le<\/td>\n<td width=\"285\">A35549-LD39-A01<\/td>\n<td width=\"285\">A35549-LD39-A02<\/td>\n<\/tr>\n<tr>\n<td>Nom du produit<\/td>\n<td>Vase en c\u00e9ramique<\/td>\n<td>Vase en c\u00e9ramique<\/td>\n<\/tr>\n<tr>\n<td>Couleur<\/td>\n<td>Bleu brut<\/td>\n<td>Bleu brut<\/td>\n<\/tr>\n<tr>\n<td>Mat\u00e9riau<\/td>\n<td>C\u00e9ramique\u00a0\u00a0<\/td>\n<td>C\u00e9ramique\u00a0\u00a0<\/td>\n<\/tr>\n<tr>\n<td>Sc\u00e9narios d'utilisation<\/td>\n<td>d\u00e9coration int\u00e9rieure<\/td>\n<td>d\u00e9coration int\u00e9rieure<\/td>\n<\/tr>\n<tr>\n<td>Dimensions<\/td>\n<td>D:16.5X31.5cm<\/td>\n<td>D:14X26.5cm<\/td>\n<\/tr>\n<tr>\n<td>Poids<\/td>\n<td>2kg\/pc<\/td>\n<td>1,6kg\/pc<\/td>\n<\/tr>\n<\/tbody>\n<\/table>","protected":false},"featured_media":1854,"comment_status":"closed","ping_status":"closed","template":"","meta":{"_acf_changed":false},"product_brand":[],"product_cat":[18,22],"product_tag":[34],"class_list":{"0":"post-1793","1":"product","2":"type-product","3":"status-publish","4":"has-post-thumbnail","6":"product_cat-home-decor","7":"product_cat-vase","8":"product_tag-ceramic-vase","10":"first","11":"instock","12":"shipping-taxable","13":"product-type-simple"},"acf":[],"_links":{"self":[{"href":"https:\/\/www.santai-ceramics.com\/fr\/wp-json\/wp\/v2\/product\/1793","targetHints":{"allow":["GET"]}}],"collection":[{"href":"https:\/\/www.santai-ceramics.com\/fr\/wp-json\/wp\/v2\/product"}],"about":[{"href":"https:\/\/www.santai-ceramics.com\/fr\/wp-json\/wp\/v2\/types\/product"}],"replies":[{"embeddable":true,"href":"https:\/\/www.santai-ceramics.com\/fr\/wp-json\/wp\/v2\/comments?post=1793"}],"wp:featuredmedia":[{"embeddable":true,"href":"https:\/\/www.santai-ceramics.com\/fr\/wp-json\/wp\/v2\/media\/1854"}],"wp:attachment":[{"href":"https:\/\/www.santai-ceramics.com\/fr\/wp-json\/wp\/v2\/media?parent=1793"}],"wp:term":[{"taxonomy":"product_brand","embeddable":true,"href":"https:\/\/www.santai-ceramics.com\/fr\/wp-json\/wp\/v2\/product_brand?post=1793"},{"taxonomy":"product_cat","embeddable":true,"href":"https:\/\/www.santai-ceramics.com\/fr\/wp-json\/wp\/v2\/product_cat?post=1793"},{"taxonomy":"product_tag","embeddable":true,"href":"https:\/\/www.santai-ceramics.com\/fr\/wp-json\/wp\/v2\/product_tag?post=1793"}],"curies":[{"name":"wp","href":"https:\/\/api.w.org\/{rel}","templated":true}]}}