{"id":1795,"date":"2025-01-14T23:55:51","date_gmt":"2025-01-14T23:55:51","guid":{"rendered":"https:\/\/www.santai-ceramics.com\/?post_type=product&#038;p=1795"},"modified":"2025-02-02T13:40:51","modified_gmt":"2025-02-02T13:40:51","slug":"wholesale-elegant-deep-blue-vases","status":"publish","type":"product","link":"https:\/\/www.santai-ceramics.com\/fr\/product\/wholesale-elegant-deep-blue-vases\/","title":{"rendered":"Vente en gros de vases anciens en poterie, vases \u00e9l\u00e9gants bleu fonc\u00e9 en vrac\uff0cSupport Customization"},"content":{"rendered":"<h3 class=\"wp-block-heading\">Caract\u00e9ristiques du vase Deep Blue<\/h3>\n\n\n\n<p><strong>Bleu profond unique : <\/strong>L'\u00e9l\u00e9gante gla\u00e7ure bleu fonc\u00e9 avec une texture r\u00e9tro donne une impression de calme et d'art.<br>Design de texture : La surface de ce vase bleu fonc\u00e9 est d\u00e9cor\u00e9e de d\u00e9licates rayures horizontales, ce qui lui conf\u00e8re un aspect tridimensionnel et le charme unique du fait main.<br><br><strong>Performance des mat\u00e9riaux : <\/strong>La gla\u00e7ure de ce vase d'un bleu profond est lisse avec quelques taches naturelles, montrant la texture unique de la poterie faite \u00e0 la main.<br><br><strong>Une fabrication soign\u00e9e : <\/strong>Le vase est fabriqu\u00e9 selon la technique traditionnelle du tournage \u00e0 la main, et chaque pi\u00e8ce est unique et ing\u00e9nieuse.<br><br><strong>Polyvalence : <\/strong>Il peut \u00eatre utilis\u00e9 comme vase et convient \u00e9galement \u00e0 la d\u00e9coration d'espaces, ajoutant un style unique aux maisons, aux h\u00f4tels ou aux caf\u00e9s.<\/p>\n\n\n\n<h3 class=\"wp-block-heading\">Service de vases sur mesure<\/h3>\n\n\n\n<p>Nous proposons des services OEM et ODM pour nos produits.<br>Des \u00e9chantillons peuvent \u00eatre livr\u00e9s rapidement.<br>Nous offrons une vari\u00e9t\u00e9 de formes, de couleurs, d'impressions personnalis\u00e9es, d'emballages et d'autres services sur mesure pour r\u00e9pondre \u00e0 vos besoins sp\u00e9cifiques.<br><a href=\"https:\/\/www.santai-ceramics.com\/fr\/custom\/\" data-type=\"page\" data-id=\"13\" target=\"_blank\" rel=\"noreferrer noopener\"><strong><b>En savoir plus sur la personnalisation<\/b> d\u00e9tail d'un vase en poterie.<\/strong><\/a><\/p>\n\n\n\n<div class=\"wp-block-columns is-layout-flex wp-container-core-columns-is-layout-9d6595d7 wp-block-columns-is-layout-flex\">\n<div class=\"wp-block-column is-layout-flow wp-block-column-is-layout-flow\">\n<figure class=\"wp-block-image size-full\"><img decoding=\"async\" width=\"1500\" height=\"1249\" src=\"https:\/\/www.santai-ceramics.com\/wp-content\/uploads\/2025\/01\/vintage-deep-blue-vase-display-3.webp\" alt=\"Pr\u00e9sentoir de vases vintage bleu profond (3)\" class=\"wp-image-1803\" srcset=\"https:\/\/www.santai-ceramics.com\/wp-content\/uploads\/2025\/01\/vintage-deep-blue-vase-display-3.webp 1500w, https:\/\/www.santai-ceramics.com\/wp-content\/uploads\/2025\/01\/vintage-deep-blue-vase-display-3-300x250.webp 300w, https:\/\/www.santai-ceramics.com\/wp-content\/uploads\/2025\/01\/vintage-deep-blue-vase-display-3-768x639.webp 768w, https:\/\/www.santai-ceramics.com\/wp-content\/uploads\/2025\/01\/vintage-deep-blue-vase-display-3-14x12.webp 14w, https:\/\/www.santai-ceramics.com\/wp-content\/uploads\/2025\/01\/vintage-deep-blue-vase-display-3-1200x999.webp 1200w, https:\/\/www.santai-ceramics.com\/wp-content\/uploads\/2025\/01\/vintage-deep-blue-vase-display-3-600x500.webp 600w\" sizes=\"(max-width: 1500px) 100vw, 1500px\" \/><\/figure>\n<\/div>\n\n\n\n<div class=\"wp-block-column is-layout-flow wp-block-column-is-layout-flow\">\n<figure class=\"wp-block-image size-full\"><img decoding=\"async\" width=\"1500\" height=\"1250\" src=\"https:\/\/www.santai-ceramics.com\/wp-content\/uploads\/2025\/01\/vintage-deep-blue-vase-display-4.webp\" alt=\"Pr\u00e9sentoir de vases vintage bleu profond (4)\" class=\"wp-image-1804\" srcset=\"https:\/\/www.santai-ceramics.com\/wp-content\/uploads\/2025\/01\/vintage-deep-blue-vase-display-4.webp 1500w, https:\/\/www.santai-ceramics.com\/wp-content\/uploads\/2025\/01\/vintage-deep-blue-vase-display-4-300x250.webp 300w, https:\/\/www.santai-ceramics.com\/wp-content\/uploads\/2025\/01\/vintage-deep-blue-vase-display-4-768x640.webp 768w, https:\/\/www.santai-ceramics.com\/wp-content\/uploads\/2025\/01\/vintage-deep-blue-vase-display-4-14x12.webp 14w, https:\/\/www.santai-ceramics.com\/wp-content\/uploads\/2025\/01\/vintage-deep-blue-vase-display-4-1200x1000.webp 1200w, https:\/\/www.santai-ceramics.com\/wp-content\/uploads\/2025\/01\/vintage-deep-blue-vase-display-4-600x500.webp 600w\" sizes=\"(max-width: 1500px) 100vw, 1500px\" \/><\/figure>\n<\/div>\n<\/div>","protected":false},"excerpt":{"rendered":"<p data-pm-slice=\"0 0 []\">Vase vintage bleu fonc\u00e9 en gros, fabriqu\u00e9 par l'artisanat traditionnel \u00e0 la main, avec une gla\u00e7ure bleu fonc\u00e9 obtenue par des cuissons multiples, adapt\u00e9 \u00e0 la d\u00e9coration de la maison, \u00e0 l'affichage de l'espace commercial et \u00e0 l'affichage de l'art de l'arrangement floral, le fabricant de poterie SANTAI fournit des services professionnels OEM et ODM, bienvenue \u00e0 nous contacter.<\/p>\n<h2>Sp\u00e9cification du vase bleu profond<\/h2>\n<table width=\"855\">\n<tbody>\n<tr>\n<td width=\"285\">Num\u00e9ro de mod\u00e8le<\/td>\n<td width=\"285\">A33926-LD39-A03<\/td>\n<td width=\"285\">A33926-LD39-A02<\/td>\n<\/tr>\n<tr>\n<td>Nom du produit<\/td>\n<td>Vase en c\u00e9ramique<\/td>\n<td>Vase en c\u00e9ramique<\/td>\n<\/tr>\n<tr>\n<td>Couleur<\/td>\n<td>Bleu brut<\/td>\n<td>Bleu brut<\/td>\n<\/tr>\n<tr>\n<td>Mat\u00e9riau<\/td>\n<td>Vase en c\u00e9ramique<\/td>\n<td>Vase en c\u00e9ramique<\/td>\n<\/tr>\n<tr>\n<td>Sc\u00e9narios d'utilisation<\/td>\n<td>d\u00e9coration int\u00e9rieure<\/td>\n<td>d\u00e9coration int\u00e9rieure<\/td>\n<\/tr>\n<tr>\n<td>Dimensions<\/td>\n<td>D:25X29cm<\/td>\n<td>D:22X25.5cm<\/td>\n<\/tr>\n<tr>\n<td>Poids<\/td>\n<td>2.8kg\/pc<\/td>\n<td>1,8kg\/pc<\/td>\n<\/tr>\n<\/tbody>\n<\/table>","protected":false},"featured_media":1806,"comment_status":"closed","ping_status":"closed","template":"","meta":{"_acf_changed":false},"product_brand":[],"product_cat":[18,22],"product_tag":[34],"class_list":{"0":"post-1795","1":"product","2":"type-product","3":"status-publish","4":"has-post-thumbnail","6":"product_cat-home-decor","7":"product_cat-vase","8":"product_tag-ceramic-vase","10":"first","11":"instock","12":"shipping-taxable","13":"product-type-simple"},"acf":[],"_links":{"self":[{"href":"https:\/\/www.santai-ceramics.com\/fr\/wp-json\/wp\/v2\/product\/1795","targetHints":{"allow":["GET"]}}],"collection":[{"href":"https:\/\/www.santai-ceramics.com\/fr\/wp-json\/wp\/v2\/product"}],"about":[{"href":"https:\/\/www.santai-ceramics.com\/fr\/wp-json\/wp\/v2\/types\/product"}],"replies":[{"embeddable":true,"href":"https:\/\/www.santai-ceramics.com\/fr\/wp-json\/wp\/v2\/comments?post=1795"}],"wp:featuredmedia":[{"embeddable":true,"href":"https:\/\/www.santai-ceramics.com\/fr\/wp-json\/wp\/v2\/media\/1806"}],"wp:attachment":[{"href":"https:\/\/www.santai-ceramics.com\/fr\/wp-json\/wp\/v2\/media?parent=1795"}],"wp:term":[{"taxonomy":"product_brand","embeddable":true,"href":"https:\/\/www.santai-ceramics.com\/fr\/wp-json\/wp\/v2\/product_brand?post=1795"},{"taxonomy":"product_cat","embeddable":true,"href":"https:\/\/www.santai-ceramics.com\/fr\/wp-json\/wp\/v2\/product_cat?post=1795"},{"taxonomy":"product_tag","embeddable":true,"href":"https:\/\/www.santai-ceramics.com\/fr\/wp-json\/wp\/v2\/product_tag?post=1795"}],"curies":[{"name":"wp","href":"https:\/\/api.w.org\/{rel}","templated":true}]}}