{"id":1901,"date":"2025-01-24T08:55:35","date_gmt":"2025-01-24T08:55:35","guid":{"rendered":"https:\/\/www.santai-ceramics.com\/?post_type=product&#038;p=1901"},"modified":"2025-06-10T00:54:50","modified_gmt":"2025-06-10T00:54:50","slug":"wholesale-rustic-wide-mouth-textured-vases","status":"publish","type":"product","link":"https:\/\/www.santai-ceramics.com\/fr\/product\/wholesale-rustic-wide-mouth-textured-vases\/","title":{"rendered":"Vente en gros de vases rustiques \u00e0 large embouchure textur\u00e9e, support OEM et ODM"},"content":{"rendered":"<h3 class=\"wp-block-heading\">Caract\u00e9ristiques des vases rustiques textur\u00e9s \u00e0 large ouverture<\/h3>\n\n\n\n<p><strong>Conception \u00e0 large ouverture :<\/strong> L'ouverture sup\u00e9rieure de ce vase rustique \u00e0 large ouverture est plus large, ce qui facilite l'insertion et le remplacement des fleurs, et permet de mieux voir l'ensemble des fleurs.<\/p>\n\n\n\n<p><strong>Style vintage :<\/strong> Le design du vase rustique \u00e0 large ouverture a un aspect vintage, et la surface a un effet us\u00e9 et tachet\u00e9, donnant l'impression d'avoir \u00e9t\u00e9 pr\u00e9cipit\u00e9e pendant des ann\u00e9es.<\/p>\n\n\n\n<p><strong>Facile \u00e0 assortir :<\/strong> Ce vase textur\u00e9 peut \u00eatre assorti \u00e0 divers styles d'int\u00e9rieur, qu'il s'agisse d'une simplicit\u00e9 moderne ou d'un style campagnard, il s'y int\u00e8gre parfaitement.<\/p>\n\n\n\n<p><strong>Polyvalence :<\/strong> Ce vase rustique \u00e0 large ouverture textur\u00e9e peut \u00eatre utilis\u00e9 pour les compositions florales, mais aussi comme d\u00e9coration ou comme pot de rangement.<\/p>\n\n\n\n<p><strong>Service OEM et ODM :<\/strong> Santai propose une solution unique de vases en c\u00e9ramique personnalis\u00e9s, couvrant le traitement de surface, la taille, la forme, etc.<\/p>\n\n\n\n<h3 class=\"wp-block-heading\">Service de vases en c\u00e9ramique sur mesure<\/h3>\n\n\n\n<p>Nous proposons des services OEM et ODM pour nos produits.<br>Des \u00e9chantillons peuvent \u00eatre livr\u00e9s rapidement.<br>Nous offrons une vari\u00e9t\u00e9 de formes, de couleurs, d'impressions personnalis\u00e9es, d'emballages et d'autres services sur mesure pour r\u00e9pondre \u00e0 vos besoins sp\u00e9cifiques.<br><a href=\"https:\/\/www.santai-ceramics.com\/fr\/custom\/\" data-type=\"page\" data-id=\"13\" target=\"_blank\" rel=\"noreferrer noopener\"><strong><b>En savoir plus sur la personnalisation<\/b> d\u00e9tail d'un vase en c\u00e9ramique.<\/strong><\/a><\/p>\n\n\n\n<div class=\"wp-block-columns is-layout-flex wp-container-core-columns-is-layout-9d6595d7 wp-block-columns-is-layout-flex\">\n<div class=\"wp-block-column is-layout-flow wp-block-column-is-layout-flow\">\n<figure class=\"wp-block-image size-full\"><img decoding=\"async\" width=\"1500\" height=\"1250\" src=\"https:\/\/www.santai-ceramics.com\/wp-content\/uploads\/2025\/01\/Wholesale-Rustic-Wide-Mouth-Textured-Vases-5.webp\" alt=\"Grossiste Vases Rustiques Textur\u00e9s \u00e0 Large Bouche (5)\" class=\"wp-image-1923\" srcset=\"https:\/\/www.santai-ceramics.com\/wp-content\/uploads\/2025\/01\/Wholesale-Rustic-Wide-Mouth-Textured-Vases-5.webp 1500w, https:\/\/www.santai-ceramics.com\/wp-content\/uploads\/2025\/01\/Wholesale-Rustic-Wide-Mouth-Textured-Vases-5-300x250.webp 300w, https:\/\/www.santai-ceramics.com\/wp-content\/uploads\/2025\/01\/Wholesale-Rustic-Wide-Mouth-Textured-Vases-5-768x640.webp 768w, https:\/\/www.santai-ceramics.com\/wp-content\/uploads\/2025\/01\/Wholesale-Rustic-Wide-Mouth-Textured-Vases-5-14x12.webp 14w, https:\/\/www.santai-ceramics.com\/wp-content\/uploads\/2025\/01\/Wholesale-Rustic-Wide-Mouth-Textured-Vases-5-1200x1000.webp 1200w, https:\/\/www.santai-ceramics.com\/wp-content\/uploads\/2025\/01\/Wholesale-Rustic-Wide-Mouth-Textured-Vases-5-600x500.webp 600w\" sizes=\"(max-width: 1500px) 100vw, 1500px\" \/><\/figure>\n<\/div>\n\n\n\n<div class=\"wp-block-column is-layout-flow wp-block-column-is-layout-flow\">\n<figure class=\"wp-block-image size-full\"><img decoding=\"async\" width=\"1500\" height=\"1249\" src=\"https:\/\/www.santai-ceramics.com\/wp-content\/uploads\/2025\/01\/Wholesale-Rustic-Wide-Mouth-Textured-Vases-6.webp\" alt=\"Grossiste Vases Rustiques Textur\u00e9s \u00e0 Large Bouche (6)\" class=\"wp-image-1924\" srcset=\"https:\/\/www.santai-ceramics.com\/wp-content\/uploads\/2025\/01\/Wholesale-Rustic-Wide-Mouth-Textured-Vases-6.webp 1500w, https:\/\/www.santai-ceramics.com\/wp-content\/uploads\/2025\/01\/Wholesale-Rustic-Wide-Mouth-Textured-Vases-6-300x250.webp 300w, https:\/\/www.santai-ceramics.com\/wp-content\/uploads\/2025\/01\/Wholesale-Rustic-Wide-Mouth-Textured-Vases-6-768x639.webp 768w, https:\/\/www.santai-ceramics.com\/wp-content\/uploads\/2025\/01\/Wholesale-Rustic-Wide-Mouth-Textured-Vases-6-14x12.webp 14w, https:\/\/www.santai-ceramics.com\/wp-content\/uploads\/2025\/01\/Wholesale-Rustic-Wide-Mouth-Textured-Vases-6-1200x999.webp 1200w, https:\/\/www.santai-ceramics.com\/wp-content\/uploads\/2025\/01\/Wholesale-Rustic-Wide-Mouth-Textured-Vases-6-600x500.webp 600w\" sizes=\"(max-width: 1500px) 100vw, 1500px\" \/><\/figure>\n<\/div>\n<\/div>","protected":false},"excerpt":{"rendered":"<p>Vases rustiques en gros \u00e0 large embouchure textur\u00e9e, le design unique de la texture et la forme large de l'embouchure en font un choix parfait pour pr\u00e9senter des fleurs ou des plantes vertes, avec une atmosph\u00e8re pastorale. Convient \u00e0 l'affichage dans de nombreuses occasions telles que la maison, l'h\u00f4tel, le bureau, etc. Nous fournissons des services en gros et personnalis\u00e9s \u00e0 des prix d'usine, ce qui est un choix id\u00e9al pour les grossistes et les d\u00e9taillants. N'h\u00e9sitez pas \u00e0 nous contacter pour obtenir un devis.<\/p>\n<h2>Sp\u00e9cification des vases rustiques textur\u00e9s \u00e0 large ouverture<\/h2>\n<table width=\"855\">\n<tbody>\n<tr>\n<td width=\"285\">Num\u00e9ro de mod\u00e8le<\/td>\n<td width=\"285\">A37101-LD40-A01<\/td>\n<td width=\"285\">A37101-LD40-A02<\/td>\n<\/tr>\n<tr>\n<td>Nom du produit<\/td>\n<td>Vase en c\u00e9ramique<\/td>\n<td>Vase en c\u00e9ramique<\/td>\n<\/tr>\n<tr>\n<td>Couleur<\/td>\n<td>Gris antique<\/td>\n<td>Gris antique<\/td>\n<\/tr>\n<tr>\n<td>Mat\u00e9riau<\/td>\n<td>C\u00e9ramique<\/td>\n<td>C\u00e9ramique<\/td>\n<\/tr>\n<tr>\n<td>Sc\u00e9narios d'utilisation<\/td>\n<td>d\u00e9coration int\u00e9rieure<\/td>\n<td>d\u00e9coration int\u00e9rieure<\/td>\n<\/tr>\n<tr>\n<td>Dimensions<\/td>\n<td>D:15X21cm<\/td>\n<td>D:12.5X17.5cm<\/td>\n<\/tr>\n<tr>\n<td>Poids<\/td>\n<td>1,1kg\/pc<\/td>\n<td>0,7kg\/pc<\/td>\n<\/tr>\n<\/tbody>\n<\/table>","protected":false},"featured_media":1919,"comment_status":"closed","ping_status":"closed","template":"","meta":{"_acf_changed":false},"product_brand":[],"product_cat":[22,18],"product_tag":[34],"class_list":{"0":"post-1901","1":"product","2":"type-product","3":"status-publish","4":"has-post-thumbnail","6":"product_cat-vase","7":"product_cat-home-decor","8":"product_tag-ceramic-vase","10":"first","11":"instock","12":"shipping-taxable","13":"product-type-simple"},"acf":[],"_links":{"self":[{"href":"https:\/\/www.santai-ceramics.com\/fr\/wp-json\/wp\/v2\/product\/1901","targetHints":{"allow":["GET"]}}],"collection":[{"href":"https:\/\/www.santai-ceramics.com\/fr\/wp-json\/wp\/v2\/product"}],"about":[{"href":"https:\/\/www.santai-ceramics.com\/fr\/wp-json\/wp\/v2\/types\/product"}],"replies":[{"embeddable":true,"href":"https:\/\/www.santai-ceramics.com\/fr\/wp-json\/wp\/v2\/comments?post=1901"}],"wp:featuredmedia":[{"embeddable":true,"href":"https:\/\/www.santai-ceramics.com\/fr\/wp-json\/wp\/v2\/media\/1919"}],"wp:attachment":[{"href":"https:\/\/www.santai-ceramics.com\/fr\/wp-json\/wp\/v2\/media?parent=1901"}],"wp:term":[{"taxonomy":"product_brand","embeddable":true,"href":"https:\/\/www.santai-ceramics.com\/fr\/wp-json\/wp\/v2\/product_brand?post=1901"},{"taxonomy":"product_cat","embeddable":true,"href":"https:\/\/www.santai-ceramics.com\/fr\/wp-json\/wp\/v2\/product_cat?post=1901"},{"taxonomy":"product_tag","embeddable":true,"href":"https:\/\/www.santai-ceramics.com\/fr\/wp-json\/wp\/v2\/product_tag?post=1901"}],"curies":[{"name":"wp","href":"https:\/\/api.w.org\/{rel}","templated":true}]}}