{"id":1903,"date":"2025-01-24T09:12:31","date_gmt":"2025-01-24T09:12:31","guid":{"rendered":"https:\/\/www.santai-ceramics.com\/?post_type=product&#038;p=1903"},"modified":"2025-02-02T13:38:31","modified_gmt":"2025-02-02T13:38:31","slug":"wholesale-vintage-textured-ceramic-vase","status":"publish","type":"product","link":"https:\/\/www.santai-ceramics.com\/fr\/product\/wholesale-vintage-textured-ceramic-vase\/","title":{"rendered":"Vente en gros de vases en c\u00e9ramique textur\u00e9s, solution de vases en c\u00e9ramique personnalis\u00e9s - SANTAI Pottery Manufacturer"},"content":{"rendered":"<h3 class=\"wp-block-heading\">Caract\u00e9ristiques du vase vintage en c\u00e9ramique textur\u00e9e<\/h3>\n\n\n\n<p><strong>Conception simple :<\/strong> La forme du vase vintage en c\u00e9ramique textur\u00e9e est simple et \u00e9l\u00e9gante, avec des lignes arrondies et un aspect \u00e9pur\u00e9, convenant \u00e0 une vari\u00e9t\u00e9 de d\u00e9corations d'int\u00e9rieur.<\/p>\n\n\n\n<p><strong>Bandes d\u00e9coratives uniques :<\/strong> Ce vase vintage en c\u00e9ramique textur\u00e9e est d\u00e9cor\u00e9 d'une d\u00e9licate bande de sable, ce qui lui donne un aspect plus stratifi\u00e9 et textur\u00e9.<\/p>\n\n\n\n<p><strong>Mat\u00e9riau de haute qualit\u00e9 : <\/strong>Fabriqu\u00e9 en argile de haute qualit\u00e9, il pr\u00e9sente une surface lisse, agr\u00e9able au toucher, durable et facile \u00e0 nettoyer.<\/p>\n\n\n\n<p><strong>Diff\u00e9rentes options de taille :<\/strong> Nous proposons des vases en c\u00e9ramique textur\u00e9e vintage dans une vari\u00e9t\u00e9 de tailles pour r\u00e9pondre aux besoins des diff\u00e9rents utilisateurs et aux besoins des diff\u00e9rents espaces d\u00e9coratifs.<\/p>\n\n\n\n<p><strong>Service OEM et ODM : <\/strong>Nous proposons une solution unique de vases personnalis\u00e9s. Nous assurons la conception du produit, la fabrication d'\u00e9chantillons et la production en s\u00e9rie.<\/p>\n\n\n\n<h3 class=\"wp-block-heading\">Service de vases en c\u00e9ramique sur mesure<\/h3>\n\n\n\n<p>Nous proposons des services OEM et ODM pour nos produits.<br>Des \u00e9chantillons peuvent \u00eatre livr\u00e9s rapidement.<br>Nous offrons une vari\u00e9t\u00e9 de formes, de couleurs, d'impressions personnalis\u00e9es, d'emballages et d'autres services sur mesure pour r\u00e9pondre \u00e0 vos besoins sp\u00e9cifiques.<br><a href=\"https:\/\/www.santai-ceramics.com\/fr\/custom\/\" data-type=\"page\" data-id=\"13\" target=\"_blank\" rel=\"noreferrer noopener\"><strong><b>En savoir plus sur la personnalisation<\/b> d\u00e9tail d'un vase en c\u00e9ramique.<\/strong><\/a><\/p>\n\n\n\n<div class=\"wp-block-columns is-layout-flex wp-container-core-columns-is-layout-9d6595d7 wp-block-columns-is-layout-flex\">\n<div class=\"wp-block-column is-layout-flow wp-block-column-is-layout-flow\">\n<figure class=\"wp-block-image size-full\"><img decoding=\"async\" width=\"1500\" height=\"1250\" src=\"https:\/\/www.santai-ceramics.com\/wp-content\/uploads\/2025\/01\/wholesale-vintage-textured-ceramic-vase-10.webp\" alt=\"vase en c\u00e9ramique textur\u00e9e vintage en gros (10)\" class=\"wp-image-1936\" srcset=\"https:\/\/www.santai-ceramics.com\/wp-content\/uploads\/2025\/01\/wholesale-vintage-textured-ceramic-vase-10.webp 1500w, https:\/\/www.santai-ceramics.com\/wp-content\/uploads\/2025\/01\/wholesale-vintage-textured-ceramic-vase-10-300x250.webp 300w, https:\/\/www.santai-ceramics.com\/wp-content\/uploads\/2025\/01\/wholesale-vintage-textured-ceramic-vase-10-768x640.webp 768w, https:\/\/www.santai-ceramics.com\/wp-content\/uploads\/2025\/01\/wholesale-vintage-textured-ceramic-vase-10-14x12.webp 14w, https:\/\/www.santai-ceramics.com\/wp-content\/uploads\/2025\/01\/wholesale-vintage-textured-ceramic-vase-10-1200x1000.webp 1200w, https:\/\/www.santai-ceramics.com\/wp-content\/uploads\/2025\/01\/wholesale-vintage-textured-ceramic-vase-10-600x500.webp 600w\" sizes=\"(max-width: 1500px) 100vw, 1500px\" \/><\/figure>\n<\/div>\n\n\n\n<div class=\"wp-block-column is-layout-flow wp-block-column-is-layout-flow\">\n<figure class=\"wp-block-image size-full\"><img decoding=\"async\" width=\"1500\" height=\"1249\" src=\"https:\/\/www.santai-ceramics.com\/wp-content\/uploads\/2025\/01\/wholesale-vintage-textured-ceramic-vase-11.webp\" alt=\"vase en c\u00e9ramique textur\u00e9e vintage en gros (11)\" class=\"wp-image-1937\" srcset=\"https:\/\/www.santai-ceramics.com\/wp-content\/uploads\/2025\/01\/wholesale-vintage-textured-ceramic-vase-11.webp 1500w, https:\/\/www.santai-ceramics.com\/wp-content\/uploads\/2025\/01\/wholesale-vintage-textured-ceramic-vase-11-300x250.webp 300w, https:\/\/www.santai-ceramics.com\/wp-content\/uploads\/2025\/01\/wholesale-vintage-textured-ceramic-vase-11-768x639.webp 768w, https:\/\/www.santai-ceramics.com\/wp-content\/uploads\/2025\/01\/wholesale-vintage-textured-ceramic-vase-11-14x12.webp 14w, https:\/\/www.santai-ceramics.com\/wp-content\/uploads\/2025\/01\/wholesale-vintage-textured-ceramic-vase-11-1200x999.webp 1200w, https:\/\/www.santai-ceramics.com\/wp-content\/uploads\/2025\/01\/wholesale-vintage-textured-ceramic-vase-11-600x500.webp 600w\" sizes=\"(max-width: 1500px) 100vw, 1500px\" \/><\/figure>\n<\/div>\n<\/div>","protected":false},"excerpt":{"rendered":"<p>Vase en c\u00e9ramique textur\u00e9e vintage en gros, ce vase pr\u00e9sente un design moderne simple et des tons naturels, parfait pour tout style de maison. Nous offrons une vari\u00e9t\u00e9 de tailles et de styles de design, convenant aux d\u00e9taillants et aux entreprises de d\u00e9coration, et nous supportons les services oem et odm, n'h\u00e9sitez pas \u00e0 nous contacter pour un devis.<\/p>\n<h2>Sp\u00e9cification du vase vintage en c\u00e9ramique textur\u00e9e<\/h2>\n<table width=\"1140\">\n<tbody>\n<tr>\n<td width=\"285\">Num\u00e9ro de mod\u00e8le<\/td>\n<td width=\"285\">A34352-LD40-A01<\/td>\n<td width=\"285\">A34352-LD40-A02<\/td>\n<td width=\"285\">A34352-LD40-A03<\/td>\n<\/tr>\n<tr>\n<td>Nom du produit<\/td>\n<td>Pot de fleurs en c\u00e9ramique<\/td>\n<td>Pot de fleurs en c\u00e9ramique<\/td>\n<td>Pot de fleurs en c\u00e9ramique<\/td>\n<\/tr>\n<tr>\n<td>Couleur<\/td>\n<td>Gris antique<\/td>\n<td>Gris antique<\/td>\n<td>Gris antique<\/td>\n<\/tr>\n<tr>\n<td>Mat\u00e9riau<\/td>\n<td>C\u00e9ramique<\/td>\n<td>C\u00e9ramique<\/td>\n<td>C\u00e9ramique<\/td>\n<\/tr>\n<tr>\n<td>Sc\u00e9narios d'utilisation<\/td>\n<td>d\u00e9coration int\u00e9rieure<\/td>\n<td>d\u00e9coration int\u00e9rieure<\/td>\n<td>d\u00e9coration int\u00e9rieure<\/td>\n<\/tr>\n<tr>\n<td>Dimensions<\/td>\n<td>D:11.5X20cm<\/td>\n<td>D:11X14cm<\/td>\n<td>D:13X12.5cm<\/td>\n<\/tr>\n<tr>\n<td>Poids<\/td>\n<td>0,55kg\/pc<\/td>\n<td>0,4kg\/pc<\/td>\n<td>0,4kg\/pc<\/td>\n<\/tr>\n<\/tbody>\n<\/table>","protected":false},"featured_media":1927,"comment_status":"closed","ping_status":"closed","template":"","meta":{"_acf_changed":false},"product_brand":[],"product_cat":[18,22],"product_tag":[34],"class_list":{"0":"post-1903","1":"product","2":"type-product","3":"status-publish","4":"has-post-thumbnail","6":"product_cat-home-decor","7":"product_cat-vase","8":"product_tag-ceramic-vase","10":"first","11":"instock","12":"shipping-taxable","13":"product-type-simple"},"acf":[],"_links":{"self":[{"href":"https:\/\/www.santai-ceramics.com\/fr\/wp-json\/wp\/v2\/product\/1903","targetHints":{"allow":["GET"]}}],"collection":[{"href":"https:\/\/www.santai-ceramics.com\/fr\/wp-json\/wp\/v2\/product"}],"about":[{"href":"https:\/\/www.santai-ceramics.com\/fr\/wp-json\/wp\/v2\/types\/product"}],"replies":[{"embeddable":true,"href":"https:\/\/www.santai-ceramics.com\/fr\/wp-json\/wp\/v2\/comments?post=1903"}],"wp:featuredmedia":[{"embeddable":true,"href":"https:\/\/www.santai-ceramics.com\/fr\/wp-json\/wp\/v2\/media\/1927"}],"wp:attachment":[{"href":"https:\/\/www.santai-ceramics.com\/fr\/wp-json\/wp\/v2\/media?parent=1903"}],"wp:term":[{"taxonomy":"product_brand","embeddable":true,"href":"https:\/\/www.santai-ceramics.com\/fr\/wp-json\/wp\/v2\/product_brand?post=1903"},{"taxonomy":"product_cat","embeddable":true,"href":"https:\/\/www.santai-ceramics.com\/fr\/wp-json\/wp\/v2\/product_cat?post=1903"},{"taxonomy":"product_tag","embeddable":true,"href":"https:\/\/www.santai-ceramics.com\/fr\/wp-json\/wp\/v2\/product_tag?post=1903"}],"curies":[{"name":"wp","href":"https:\/\/api.w.org\/{rel}","templated":true}]}}