{"id":1905,"date":"2025-01-25T02:51:54","date_gmt":"2025-01-25T02:51:54","guid":{"rendered":"https:\/\/www.santai-ceramics.com\/?post_type=product&#038;p=1905"},"modified":"2025-01-25T02:51:55","modified_gmt":"2025-01-25T02:51:55","slug":"wholesale-ceramic-glazed-striped-vase","status":"publish","type":"product","link":"https:\/\/www.santai-ceramics.com\/fr\/product\/wholesale-ceramic-glazed-striped-vase\/","title":{"rendered":"Vente en gros de vases en c\u00e9ramique \u00e9maill\u00e9e, vases \u00e9l\u00e9gants traditionnels r\u00e9tro, support OEM et ODM"},"content":{"rendered":"<h3 class=\"wp-block-heading\">Caract\u00e9ristiques du vase ray\u00e9 en c\u00e9ramique \u00e9maill\u00e9e<\/h3>\n\n\n\n<p><strong>Effet d\u00e9coratif important : <\/strong>Le design simple du vase ray\u00e9 en c\u00e9ramique \u00e9maill\u00e9e en fait une excellente d\u00e9coration qui peut rehausser la beaut\u00e9 de l'environnement int\u00e9rieur.<\/p>\n\n\n\n<p><strong>Sens artistique fait \u00e0 la main :<\/strong> Le vase ray\u00e9 en c\u00e9ramique \u00e9maill\u00e9e combine le travail manuel traditionnel et les machines modernes. Les rayures uniques et la gla\u00e7ure d\u00e9licate ajoutent une valeur artistique au vase.<\/p>\n\n\n\n<p><strong>Forte capacit\u00e9 d'adaptation : <\/strong>Gr\u00e2ce \u00e0 sa couleur neutre et naturelle, il peut \u00eatre assorti \u00e0 une vari\u00e9t\u00e9 de styles de meubles et de d\u00e9corations, convenant ainsi \u00e0 diff\u00e9rents styles de d\u00e9coration d'int\u00e9rieur.<\/p>\n\n\n\n<p><strong>Mat\u00e9riaux respectueux de l'environnement :<\/strong> Fabriqu\u00e9 \u00e0 partir de mat\u00e9riaux naturels, il est s\u00fbr \u00e0 utiliser et respectueux de l'environnement, conform\u00e9ment au concept de d\u00e9veloppement durable des consommateurs modernes.<\/p>\n\n\n\n<p><strong>Service OEM et ODM : <\/strong>Nous fournissons des services de vases en c\u00e9ramique personnalis\u00e9s et pouvons concevoir des styles et des couleurs de vases uniques en fonction des besoins des clients afin de r\u00e9aliser leurs concepts de design.<\/p>\n\n\n\n<h3 class=\"wp-block-heading\">Service de vases en c\u00e9ramique sur mesure<\/h3>\n\n\n\n<p>Nous proposons des services OEM et ODM pour nos produits.<br>Des \u00e9chantillons peuvent \u00eatre livr\u00e9s rapidement.<br>Nous offrons une vari\u00e9t\u00e9 de formes, de couleurs, d'impressions personnalis\u00e9es, d'emballages et d'autres services sur mesure pour r\u00e9pondre \u00e0 vos besoins sp\u00e9cifiques.<br><a href=\"https:\/\/www.santai-ceramics.com\/fr\/custom\/\" data-type=\"page\" data-id=\"13\" target=\"_blank\" rel=\"noreferrer noopener\"><strong><b>En savoir plus sur la personnalisation<\/b> d\u00e9tail d'un vase en c\u00e9ramique.<\/strong><\/a><\/p>\n\n\n\n<div class=\"wp-block-columns is-layout-flex wp-container-core-columns-is-layout-9d6595d7 wp-block-columns-is-layout-flex\">\n<div class=\"wp-block-column is-layout-flow wp-block-column-is-layout-flow\">\n<figure class=\"wp-block-image size-full\"><img decoding=\"async\" width=\"1500\" height=\"1250\" src=\"https:\/\/www.santai-ceramics.com\/wp-content\/uploads\/2025\/01\/Wholesale-Ceramic-Glazed-Striped-Vase-5.webp\" alt=\"Vase \u00e0 rayures en c\u00e9ramique \u00e9maill\u00e9e en gros (5)\" class=\"wp-image-1951\" srcset=\"https:\/\/www.santai-ceramics.com\/wp-content\/uploads\/2025\/01\/Wholesale-Ceramic-Glazed-Striped-Vase-5.webp 1500w, https:\/\/www.santai-ceramics.com\/wp-content\/uploads\/2025\/01\/Wholesale-Ceramic-Glazed-Striped-Vase-5-300x250.webp 300w, https:\/\/www.santai-ceramics.com\/wp-content\/uploads\/2025\/01\/Wholesale-Ceramic-Glazed-Striped-Vase-5-768x640.webp 768w, https:\/\/www.santai-ceramics.com\/wp-content\/uploads\/2025\/01\/Wholesale-Ceramic-Glazed-Striped-Vase-5-14x12.webp 14w, https:\/\/www.santai-ceramics.com\/wp-content\/uploads\/2025\/01\/Wholesale-Ceramic-Glazed-Striped-Vase-5-1200x1000.webp 1200w, https:\/\/www.santai-ceramics.com\/wp-content\/uploads\/2025\/01\/Wholesale-Ceramic-Glazed-Striped-Vase-5-600x500.webp 600w\" sizes=\"(max-width: 1500px) 100vw, 1500px\" \/><\/figure>\n<\/div>\n\n\n\n<div class=\"wp-block-column is-layout-flow wp-block-column-is-layout-flow\">\n<figure class=\"wp-block-image size-full\"><img decoding=\"async\" width=\"1500\" height=\"1250\" src=\"https:\/\/www.santai-ceramics.com\/wp-content\/uploads\/2025\/01\/Wholesale-Ceramic-Glazed-Striped-Vase-6.webp\" alt=\"Vase en gros en c\u00e9ramique \u00e9maill\u00e9e \u00e0 rayures (6)\" class=\"wp-image-1952\" srcset=\"https:\/\/www.santai-ceramics.com\/wp-content\/uploads\/2025\/01\/Wholesale-Ceramic-Glazed-Striped-Vase-6.webp 1500w, https:\/\/www.santai-ceramics.com\/wp-content\/uploads\/2025\/01\/Wholesale-Ceramic-Glazed-Striped-Vase-6-300x250.webp 300w, https:\/\/www.santai-ceramics.com\/wp-content\/uploads\/2025\/01\/Wholesale-Ceramic-Glazed-Striped-Vase-6-768x640.webp 768w, https:\/\/www.santai-ceramics.com\/wp-content\/uploads\/2025\/01\/Wholesale-Ceramic-Glazed-Striped-Vase-6-14x12.webp 14w, https:\/\/www.santai-ceramics.com\/wp-content\/uploads\/2025\/01\/Wholesale-Ceramic-Glazed-Striped-Vase-6-1200x1000.webp 1200w, https:\/\/www.santai-ceramics.com\/wp-content\/uploads\/2025\/01\/Wholesale-Ceramic-Glazed-Striped-Vase-6-600x500.webp 600w\" sizes=\"(max-width: 1500px) 100vw, 1500px\" \/><\/figure>\n<\/div>\n<\/div>","protected":false},"excerpt":{"rendered":"<p>Vase d\u00e9coratif \u00e0 rayures en c\u00e9ramique \u00e9maill\u00e9e, pouvant \u00eatre utilis\u00e9 pour des compositions florales ou comme \u0153uvre d'art autonome plac\u00e9e sur des \u00e9tag\u00e8res, des tables basses ou des fen\u00eatres. Nous acceptons les commandes en gros et pouvons concevoir des styles uniques en fonction de vos besoins. N'h\u00e9sitez pas \u00e0 nous contacter pour un devis.<\/p>\n<h2>Sp\u00e9cification du vase ray\u00e9 en c\u00e9ramique \u00e9maill\u00e9e<\/h2>\n<table width=\"855\">\n<tbody>\n<tr>\n<td width=\"285\">Num\u00e9ro de mod\u00e8le<\/td>\n<td width=\"285\">A34845-LD40-A01<\/td>\n<td width=\"285\">A34845-LD40-A02<\/td>\n<\/tr>\n<tr>\n<td>Nom du produit<\/td>\n<td>Pot de fleurs en c\u00e9ramique<\/td>\n<td>Pot de fleurs en c\u00e9ramique<\/td>\n<\/tr>\n<tr>\n<td>Couleur<\/td>\n<td>Bleu antique<\/td>\n<td>Bleu antique<\/td>\n<\/tr>\n<tr>\n<td>Mat\u00e9riau<\/td>\n<td>C\u00e9ramique<\/td>\n<td>C\u00e9ramique<\/td>\n<\/tr>\n<tr>\n<td>Sc\u00e9narios d'utilisation<\/td>\n<td>d\u00e9coration int\u00e9rieure<\/td>\n<td>d\u00e9coration int\u00e9rieure<\/td>\n<\/tr>\n<tr>\n<td>Dimensions<\/td>\n<td>D:11.5X23cm<\/td>\n<td>D:10.5X18cm<\/td>\n<\/tr>\n<tr>\n<td>Poids<\/td>\n<td>0,5kg\/pc<\/td>\n<td>0,4kg\/pc<\/td>\n<\/tr>\n<\/tbody>\n<\/table>","protected":false},"featured_media":1947,"comment_status":"closed","ping_status":"closed","template":"","meta":{"_acf_changed":false},"product_brand":[],"product_cat":[18,22],"product_tag":[],"class_list":{"0":"post-1905","1":"product","2":"type-product","3":"status-publish","4":"has-post-thumbnail","6":"product_cat-home-decor","7":"product_cat-vase","9":"first","10":"instock","11":"shipping-taxable","12":"product-type-simple"},"acf":[],"_links":{"self":[{"href":"https:\/\/www.santai-ceramics.com\/fr\/wp-json\/wp\/v2\/product\/1905","targetHints":{"allow":["GET"]}}],"collection":[{"href":"https:\/\/www.santai-ceramics.com\/fr\/wp-json\/wp\/v2\/product"}],"about":[{"href":"https:\/\/www.santai-ceramics.com\/fr\/wp-json\/wp\/v2\/types\/product"}],"replies":[{"embeddable":true,"href":"https:\/\/www.santai-ceramics.com\/fr\/wp-json\/wp\/v2\/comments?post=1905"}],"wp:featuredmedia":[{"embeddable":true,"href":"https:\/\/www.santai-ceramics.com\/fr\/wp-json\/wp\/v2\/media\/1947"}],"wp:attachment":[{"href":"https:\/\/www.santai-ceramics.com\/fr\/wp-json\/wp\/v2\/media?parent=1905"}],"wp:term":[{"taxonomy":"product_brand","embeddable":true,"href":"https:\/\/www.santai-ceramics.com\/fr\/wp-json\/wp\/v2\/product_brand?post=1905"},{"taxonomy":"product_cat","embeddable":true,"href":"https:\/\/www.santai-ceramics.com\/fr\/wp-json\/wp\/v2\/product_cat?post=1905"},{"taxonomy":"product_tag","embeddable":true,"href":"https:\/\/www.santai-ceramics.com\/fr\/wp-json\/wp\/v2\/product_tag?post=1905"}],"curies":[{"name":"wp","href":"https:\/\/api.w.org\/{rel}","templated":true}]}}