{"id":1906,"date":"2025-01-25T03:12:59","date_gmt":"2025-01-25T03:12:59","guid":{"rendered":"https:\/\/www.santai-ceramics.com\/?post_type=product&#038;p=1906"},"modified":"2025-06-12T16:12:10","modified_gmt":"2025-06-12T16:12:10","slug":"wholesale-vintage-ceramic-striped-candle-holder","status":"publish","type":"product","link":"https:\/\/www.santai-ceramics.com\/fr\/product\/wholesale-vintage-ceramic-striped-candle-holder\/","title":{"rendered":"Bougeoir en c\u00e9ramique \u00e0 rayures en gros, Bougeoir vintage \u00e9l\u00e9gant en vrac \u00e0 vendre, Support OEM et ODM"},"content":{"rendered":"<h3 class=\"wp-block-heading\">Caract\u00e9ristiques du bougeoir vintage en c\u00e9ramique \u00e0 rayures<\/h3>\n\n\n\n<p><strong>Robuste et durable :<\/strong> Le mat\u00e9riau c\u00e9ramique rend le bougeoir solide et durable, il peut supporter efficacement le poids de la bougie et a une longue dur\u00e9e de vie.<\/p>\n\n\n\n<p><strong>Forme \u00e9l\u00e9gante : <\/strong>Ce bougeoir en c\u00e9ramique combine une gla\u00e7ure gris clair et des rayures dor\u00e9es, ce qui lui conf\u00e8re un sens artistique unique et un temp\u00e9rament \u00e9l\u00e9gant, renfor\u00e7ant ainsi l'effet de d\u00e9coration g\u00e9n\u00e9rale de la maison.<\/p>\n\n\n\n<p><strong>Effet d'\u00e9clairage :<\/strong> Apr\u00e8s avoir plac\u00e9 la bougie, ce bougeoir vintage en c\u00e9ramique peut cr\u00e9er un effet de lumi\u00e8re douce, ajoutant une atmosph\u00e8re chaleureuse et romantique \u00e0 la pi\u00e8ce.<\/p>\n\n\n\n<p><strong>Facile \u00e0 nettoyer :<\/strong> Ce bougeoir en c\u00e9ramique adopte un design \u00e9maill\u00e9 avec une surface lisse, ce qui facilite le nettoyage de la cire et ne laisse pas de traces.<\/p>\n\n\n\n<p><strong>Services OEM et ODM : <\/strong>Nous fournissons des services OEM et ODM pour r\u00e9pondre \u00e0 des exigences sp\u00e9cifiques en mati\u00e8re de conception et de fonctionnement et satisfaire les besoins d'approvisionnement des acheteurs finaux.<\/p>\n\n\n\n<h3 class=\"wp-block-heading\">Service de bougeoirs personnalis\u00e9s<\/h3>\n\n\n\n<p>Nous proposons des services OEM et ODM pour nos produits.<br>Des \u00e9chantillons peuvent \u00eatre livr\u00e9s rapidement.<br>Nous offrons une vari\u00e9t\u00e9 de formes, de couleurs, d'impressions personnalis\u00e9es, d'emballages et d'autres services sur mesure pour r\u00e9pondre \u00e0 vos besoins sp\u00e9cifiques.<br><a href=\"https:\/\/www.santai-ceramics.com\/fr\/custom\/\" data-type=\"page\" data-id=\"13\" target=\"_blank\" rel=\"noreferrer noopener\"><strong><b>En savoir plus sur la personnalisation<\/b> d\u00e9tail du bougeoir.<\/strong><\/a><\/p>\n\n\n\n<div class=\"wp-block-columns is-layout-flex wp-container-core-columns-is-layout-9d6595d7 wp-block-columns-is-layout-flex\">\n<div class=\"wp-block-column is-layout-flow wp-block-column-is-layout-flow\">\n<figure class=\"wp-block-image size-full\"><img decoding=\"async\" width=\"1500\" height=\"1250\" src=\"https:\/\/www.santai-ceramics.com\/wp-content\/uploads\/2025\/01\/vintage-ceramic-candle-holder-9.webp\" alt=\"Bougeoir vintage en c\u00e9ramique (9)\" class=\"wp-image-1963\" srcset=\"https:\/\/www.santai-ceramics.com\/wp-content\/uploads\/2025\/01\/vintage-ceramic-candle-holder-9.webp 1500w, https:\/\/www.santai-ceramics.com\/wp-content\/uploads\/2025\/01\/vintage-ceramic-candle-holder-9-300x250.webp 300w, https:\/\/www.santai-ceramics.com\/wp-content\/uploads\/2025\/01\/vintage-ceramic-candle-holder-9-768x640.webp 768w, https:\/\/www.santai-ceramics.com\/wp-content\/uploads\/2025\/01\/vintage-ceramic-candle-holder-9-14x12.webp 14w, https:\/\/www.santai-ceramics.com\/wp-content\/uploads\/2025\/01\/vintage-ceramic-candle-holder-9-1200x1000.webp 1200w, https:\/\/www.santai-ceramics.com\/wp-content\/uploads\/2025\/01\/vintage-ceramic-candle-holder-9-600x500.webp 600w\" sizes=\"(max-width: 1500px) 100vw, 1500px\" \/><\/figure>\n<\/div>\n\n\n\n<div class=\"wp-block-column is-layout-flow wp-block-column-is-layout-flow\">\n<figure class=\"wp-block-image size-full\"><img decoding=\"async\" width=\"1500\" height=\"1249\" src=\"https:\/\/www.santai-ceramics.com\/wp-content\/uploads\/2025\/01\/vintage-ceramic-candle-holder-10.webp\" alt=\"Bougeoir vintage en c\u00e9ramique (10)\" class=\"wp-image-1964\" srcset=\"https:\/\/www.santai-ceramics.com\/wp-content\/uploads\/2025\/01\/vintage-ceramic-candle-holder-10.webp 1500w, https:\/\/www.santai-ceramics.com\/wp-content\/uploads\/2025\/01\/vintage-ceramic-candle-holder-10-300x250.webp 300w, https:\/\/www.santai-ceramics.com\/wp-content\/uploads\/2025\/01\/vintage-ceramic-candle-holder-10-768x639.webp 768w, https:\/\/www.santai-ceramics.com\/wp-content\/uploads\/2025\/01\/vintage-ceramic-candle-holder-10-14x12.webp 14w, https:\/\/www.santai-ceramics.com\/wp-content\/uploads\/2025\/01\/vintage-ceramic-candle-holder-10-1200x999.webp 1200w, https:\/\/www.santai-ceramics.com\/wp-content\/uploads\/2025\/01\/vintage-ceramic-candle-holder-10-600x500.webp 600w\" sizes=\"(max-width: 1500px) 100vw, 1500px\" \/><\/figure>\n<\/div>\n<\/div>","protected":false},"excerpt":{"rendered":"<p>Bougeoirs en c\u00e9ramique vintage en gros, chaque bougeoir combine une gla\u00e7ure gris clair avec des rayures dor\u00e9es, une forme \u00e9l\u00e9gante, peut am\u00e9liorer l'atmosph\u00e8re g\u00e9n\u00e9rale de l'environnement int\u00e9rieur. En nous choisissant pour la vente en gros de bougeoirs en c\u00e9ramique, vous obtiendrez des mat\u00e9riaux et une fabrication de haute qualit\u00e9, des services de personnalisation flexibles et des prix d'usine abordables. N'h\u00e9sitez pas \u00e0 nous contacter pour obtenir un devis.<\/p>\n<h2>\nSp\u00e9cification du Bougeoir Vintage en C\u00e9ramique \u00e0 Rayures<\/h2>\n<table width=\"855\">\n<tbody>\n<tr>\n<td width=\"285\">Num\u00e9ro de mod\u00e8le<\/td>\n<td width=\"285\">A34889-LD40-A01<\/td>\n<td width=\"285\">A34889-LD40-A02<\/td>\n<\/tr>\n<tr>\n<td>Nom du produit<\/td>\n<td>Pot de fleurs en c\u00e9ramique<\/td>\n<td>Pot de fleurs en c\u00e9ramique<\/td>\n<\/tr>\n<tr>\n<td>Couleur<\/td>\n<td>Gris antique<\/td>\n<td>Gris antique<\/td>\n<\/tr>\n<tr>\n<td>Mat\u00e9riau<\/td>\n<td>C\u00e9ramique<\/td>\n<td>C\u00e9ramique<\/td>\n<\/tr>\n<tr>\n<td>Sc\u00e9narios d'utilisation<\/td>\n<td>d\u00e9coration int\u00e9rieure<\/td>\n<td>d\u00e9coration int\u00e9rieure<\/td>\n<\/tr>\n<tr>\n<td>Dimensions<\/td>\n<td>D:11.5X28cm<\/td>\n<td>D:11.5X18cm<\/td>\n<\/tr>\n<tr>\n<td>Poids<\/td>\n<td>0,8kg\/pc<\/td>\n<td>0,6kg\/pc<\/td>\n<\/tr>\n<\/tbody>\n<\/table>","protected":false},"featured_media":1955,"comment_status":"closed","ping_status":"closed","template":"","meta":{"_acf_changed":false},"product_brand":[],"product_cat":[18,46,26],"product_tag":[],"class_list":{"0":"post-1906","1":"product","2":"type-product","3":"status-publish","4":"has-post-thumbnail","6":"product_cat-home-decor","7":"product_cat-wholesale-ceramic-candle-holders","8":"product_cat-home-accessories","10":"first","11":"instock","12":"shipping-taxable","13":"product-type-simple"},"acf":[],"_links":{"self":[{"href":"https:\/\/www.santai-ceramics.com\/fr\/wp-json\/wp\/v2\/product\/1906","targetHints":{"allow":["GET"]}}],"collection":[{"href":"https:\/\/www.santai-ceramics.com\/fr\/wp-json\/wp\/v2\/product"}],"about":[{"href":"https:\/\/www.santai-ceramics.com\/fr\/wp-json\/wp\/v2\/types\/product"}],"replies":[{"embeddable":true,"href":"https:\/\/www.santai-ceramics.com\/fr\/wp-json\/wp\/v2\/comments?post=1906"}],"wp:featuredmedia":[{"embeddable":true,"href":"https:\/\/www.santai-ceramics.com\/fr\/wp-json\/wp\/v2\/media\/1955"}],"wp:attachment":[{"href":"https:\/\/www.santai-ceramics.com\/fr\/wp-json\/wp\/v2\/media?parent=1906"}],"wp:term":[{"taxonomy":"product_brand","embeddable":true,"href":"https:\/\/www.santai-ceramics.com\/fr\/wp-json\/wp\/v2\/product_brand?post=1906"},{"taxonomy":"product_cat","embeddable":true,"href":"https:\/\/www.santai-ceramics.com\/fr\/wp-json\/wp\/v2\/product_cat?post=1906"},{"taxonomy":"product_tag","embeddable":true,"href":"https:\/\/www.santai-ceramics.com\/fr\/wp-json\/wp\/v2\/product_tag?post=1906"}],"curies":[{"name":"wp","href":"https:\/\/api.w.org\/{rel}","templated":true}]}}