{"id":2015,"date":"2025-02-20T03:55:10","date_gmt":"2025-02-20T03:55:10","guid":{"rendered":"https:\/\/www.santai-ceramics.com\/?post_type=product&#038;p=2015"},"modified":"2025-02-20T03:55:12","modified_gmt":"2025-02-20T03:55:12","slug":"wholesale-yellow-glazed-ceramic-vases","status":"publish","type":"product","link":"https:\/\/www.santai-ceramics.com\/fr\/product\/wholesale-yellow-glazed-ceramic-vases\/","title":{"rendered":"Vente en gros de vases en c\u00e9ramique \u00e9maill\u00e9e jaune, support OEM et ODM - SANTAI Fabricant de vases en c\u00e9ramique"},"content":{"rendered":"<h3 class=\"wp-block-heading\">Caract\u00e9ristiques des vases en c\u00e9ramique \u00e9maill\u00e9e jaune<\/h3>\n\n\n\n<p><strong>Parfait pour les fleurs de saison :<\/strong> tulipes au printemps, tournesols en \u00e9t\u00e9 ou fleurs s\u00e9ch\u00e9es en automne et en hiver, le design du vase peut mettre en valeur la beaut\u00e9 des fleurs.<\/p>\n\n\n\n<p><strong>Apparence exquise : <\/strong>Ce vase adopte un gla\u00e7age jaune vif, qui est brillant et vibrant, et convient \u00e0 tous les styles d'espaces.<\/p>\n\n\n\n<p><strong>Taille parfaite : <\/strong>La taille de ce vase est tr\u00e8s raisonnable, il convient aux bureaux, aux salons, aux tables \u00e0 manger ou aux bureaux, pour une d\u00e9coration parfaite et efficace de l'environnement.<\/p>\n\n\n\n<p><strong>Excellent rapport co\u00fbt-efficacit\u00e9 : <\/strong>En tant que produit de gros, ce vase offre des prix comp\u00e9titifs tout en garantissant une qualit\u00e9 \u00e9lev\u00e9e. Il convient aux d\u00e9taillants et aux clients qui ach\u00e8tent en gros.<\/p>\n\n\n\n<p><strong>Support OEM et ODM : <\/strong>Les fabricants de vases en c\u00e9ramique SANTAI prennent en charge les conceptions personnalis\u00e9es et fournissent diff\u00e9rents styles de vases pour r\u00e9pondre aux besoins des diff\u00e9rentes r\u00e9gions et des diff\u00e9rents march\u00e9s. Ils personnalisent la taille, la forme, le motif et la couleur du vase pour les clients.<\/p>\n\n\n\n<h3 class=\"wp-block-heading\">Service de vases en c\u00e9ramique sur mesure<\/h3>\n\n\n\n<p>Nous proposons des services OEM et ODM pour nos produits.<br>Des \u00e9chantillons peuvent \u00eatre livr\u00e9s rapidement.<br>Nous offrons une vari\u00e9t\u00e9 de formes, de couleurs, d'impressions personnalis\u00e9es, d'emballages et d'autres services sur mesure pour r\u00e9pondre \u00e0 vos besoins sp\u00e9cifiques.<br><a href=\"https:\/\/www.santai-ceramics.com\/fr\/custom\/\" data-type=\"page\" data-id=\"13\" target=\"_blank\" rel=\"noreferrer noopener\"><strong><b>En savoir plus sur la personnalisation<\/b> d\u00e9tail d'un vase en c\u00e9ramique.<\/strong><\/a><\/p>\n\n\n\n<div class=\"wp-block-columns is-layout-flex wp-container-core-columns-is-layout-9d6595d7 wp-block-columns-is-layout-flex\">\n<div class=\"wp-block-column is-layout-flow wp-block-column-is-layout-flow\">\n<figure class=\"wp-block-image size-full\"><img decoding=\"async\" width=\"1500\" height=\"1250\" src=\"https:\/\/www.santai-ceramics.com\/wp-content\/uploads\/2025\/02\/Wholesale-Yellow-Glazed-Ceramic-Vases\u200b-4.webp\" alt=\"Grossiste Vases en c\u00e9ramique \u00e9maill\u00e9e jaune (4)\" class=\"wp-image-2027\" srcset=\"https:\/\/www.santai-ceramics.com\/wp-content\/uploads\/2025\/02\/Wholesale-Yellow-Glazed-Ceramic-Vases\u200b-4.webp 1500w, https:\/\/www.santai-ceramics.com\/wp-content\/uploads\/2025\/02\/Wholesale-Yellow-Glazed-Ceramic-Vases\u200b-4-300x250.webp 300w, https:\/\/www.santai-ceramics.com\/wp-content\/uploads\/2025\/02\/Wholesale-Yellow-Glazed-Ceramic-Vases\u200b-4-768x640.webp 768w, https:\/\/www.santai-ceramics.com\/wp-content\/uploads\/2025\/02\/Wholesale-Yellow-Glazed-Ceramic-Vases\u200b-4-14x12.webp 14w, https:\/\/www.santai-ceramics.com\/wp-content\/uploads\/2025\/02\/Wholesale-Yellow-Glazed-Ceramic-Vases\u200b-4-1200x1000.webp 1200w, https:\/\/www.santai-ceramics.com\/wp-content\/uploads\/2025\/02\/Wholesale-Yellow-Glazed-Ceramic-Vases\u200b-4-600x500.webp 600w\" sizes=\"(max-width: 1500px) 100vw, 1500px\" \/><\/figure>\n<\/div>\n\n\n\n<div class=\"wp-block-column is-layout-flow wp-block-column-is-layout-flow\">\n<figure class=\"wp-block-image size-full\"><img decoding=\"async\" width=\"1500\" height=\"1249\" src=\"https:\/\/www.santai-ceramics.com\/wp-content\/uploads\/2025\/02\/Wholesale-Yellow-Glazed-Ceramic-Vases\u200b-5.webp\" alt=\"Grossiste Vases en c\u00e9ramique \u00e9maill\u00e9e jaune (5)\" class=\"wp-image-2028\" srcset=\"https:\/\/www.santai-ceramics.com\/wp-content\/uploads\/2025\/02\/Wholesale-Yellow-Glazed-Ceramic-Vases\u200b-5.webp 1500w, https:\/\/www.santai-ceramics.com\/wp-content\/uploads\/2025\/02\/Wholesale-Yellow-Glazed-Ceramic-Vases\u200b-5-300x250.webp 300w, https:\/\/www.santai-ceramics.com\/wp-content\/uploads\/2025\/02\/Wholesale-Yellow-Glazed-Ceramic-Vases\u200b-5-768x639.webp 768w, https:\/\/www.santai-ceramics.com\/wp-content\/uploads\/2025\/02\/Wholesale-Yellow-Glazed-Ceramic-Vases\u200b-5-14x12.webp 14w, https:\/\/www.santai-ceramics.com\/wp-content\/uploads\/2025\/02\/Wholesale-Yellow-Glazed-Ceramic-Vases\u200b-5-1200x999.webp 1200w, https:\/\/www.santai-ceramics.com\/wp-content\/uploads\/2025\/02\/Wholesale-Yellow-Glazed-Ceramic-Vases\u200b-5-600x500.webp 600w\" sizes=\"(max-width: 1500px) 100vw, 1500px\" \/><\/figure>\n<\/div>\n<\/div>\n\n\n\n<div class=\"wp-block-columns is-layout-flex wp-container-core-columns-is-layout-9d6595d7 wp-block-columns-is-layout-flex\">\n<div class=\"wp-block-column is-layout-flow wp-block-column-is-layout-flow\"><\/div>\n\n\n\n<div class=\"wp-block-column is-layout-flow wp-block-column-is-layout-flow\"><\/div>\n<\/div>","protected":false},"excerpt":{"rendered":"<p data-pm-slice=\"0 0 []\">Les vases en gros en c\u00e9ramique \u00e9maill\u00e9e jaune ajoutent de la chaleur et de la vitalit\u00e9 \u00e0 la d\u00e9coration des espaces int\u00e9rieurs. En tant que produits de gros, le prix est comp\u00e9titif, adapt\u00e9 \u00e0 l'achat en gros. Parfait support oem et odm, nous vous invitons \u00e0 nous contacter pour en savoir plus.<\/p>\n<h2>Sp\u00e9cification des vases en c\u00e9ramique \u00e9maill\u00e9e jaune<\/h2>\n<table width=\"570\">\n<tbody>\n<tr>\n<td width=\"285\">Num\u00e9ro de mod\u00e8le<\/td>\n<td width=\"285\">G37681-WC18-A01<\/td>\n<\/tr>\n<tr>\n<td>Nom du produit<\/td>\n<td>Pot de fleurs en c\u00e9ramique<\/td>\n<\/tr>\n<tr>\n<td>Couleur<\/td>\n<td>Jaune antique<\/td>\n<\/tr>\n<tr>\n<td>Mat\u00e9riau<\/td>\n<td>C\u00e9ramique<\/td>\n<\/tr>\n<tr>\n<td>Sc\u00e9narios d'utilisation<\/td>\n<td>d\u00e9coration int\u00e9rieure<\/td>\n<\/tr>\n<tr>\n<td>Dimensions<\/td>\n<td>D:20.5X37cm<\/td>\n<\/tr>\n<tr>\n<td>Poids<\/td>\n<td>5.5kg\/pc<\/td>\n<\/tr>\n<\/tbody>\n<\/table>","protected":false},"featured_media":2024,"comment_status":"closed","ping_status":"closed","template":"","meta":{"_acf_changed":false},"product_brand":[],"product_cat":[18,22],"product_tag":[],"class_list":{"0":"post-2015","1":"product","2":"type-product","3":"status-publish","4":"has-post-thumbnail","6":"product_cat-home-decor","7":"product_cat-vase","9":"first","10":"instock","11":"shipping-taxable","12":"product-type-simple"},"acf":[],"_links":{"self":[{"href":"https:\/\/www.santai-ceramics.com\/fr\/wp-json\/wp\/v2\/product\/2015","targetHints":{"allow":["GET"]}}],"collection":[{"href":"https:\/\/www.santai-ceramics.com\/fr\/wp-json\/wp\/v2\/product"}],"about":[{"href":"https:\/\/www.santai-ceramics.com\/fr\/wp-json\/wp\/v2\/types\/product"}],"replies":[{"embeddable":true,"href":"https:\/\/www.santai-ceramics.com\/fr\/wp-json\/wp\/v2\/comments?post=2015"}],"wp:featuredmedia":[{"embeddable":true,"href":"https:\/\/www.santai-ceramics.com\/fr\/wp-json\/wp\/v2\/media\/2024"}],"wp:attachment":[{"href":"https:\/\/www.santai-ceramics.com\/fr\/wp-json\/wp\/v2\/media?parent=2015"}],"wp:term":[{"taxonomy":"product_brand","embeddable":true,"href":"https:\/\/www.santai-ceramics.com\/fr\/wp-json\/wp\/v2\/product_brand?post=2015"},{"taxonomy":"product_cat","embeddable":true,"href":"https:\/\/www.santai-ceramics.com\/fr\/wp-json\/wp\/v2\/product_cat?post=2015"},{"taxonomy":"product_tag","embeddable":true,"href":"https:\/\/www.santai-ceramics.com\/fr\/wp-json\/wp\/v2\/product_tag?post=2015"}],"curies":[{"name":"wp","href":"https:\/\/api.w.org\/{rel}","templated":true}]}}