{"id":2018,"date":"2025-02-20T07:42:41","date_gmt":"2025-02-20T07:42:41","guid":{"rendered":"https:\/\/www.santai-ceramics.com\/?post_type=product&#038;p=2018"},"modified":"2025-02-20T07:42:42","modified_gmt":"2025-02-20T07:42:42","slug":"wholesale-double-handle-vase-for-home-decor","status":"publish","type":"product","link":"https:\/\/www.santai-ceramics.com\/fr\/product\/wholesale-double-handle-vase-for-home-decor\/","title":{"rendered":"Vase \u00e0 double poign\u00e9e pour la d\u00e9coration int\u00e9rieure - Fabricant de vases en c\u00e9ramique SANTAI"},"content":{"rendered":"<h3 class=\"wp-block-heading\">Caract\u00e9ristiques du vase \u00e0 double poign\u00e9e<\/h3>\n\n\n\n<p><strong>Conception unique : <\/strong>Le vase \u00e0 double anse est con\u00e7u \u00e0 partir d'un m\u00e9lange d'art moderne et d'art traditionnel. Le design \u00e0 double poign\u00e9e n'est pas seulement une am\u00e9lioration fonctionnelle, facile \u00e0 d\u00e9placer et \u00e0 placer, mais il ajoute \u00e9galement \u00e0 l'attrait esth\u00e9tique du vase.<\/p>\n\n\n\n<p><strong>Utilisation polyvalente :<\/strong> Le vase n'est pas n\u00e9cessairement utilis\u00e9 pour placer des fleurs ou des plantes vertes. Il peut \u00eatre plac\u00e9 dans n'importe quel coin de la maison comme pi\u00e8ce d\u00e9corative pour ajouter une touche de couleur vive \u00e0 l'environnement.<\/p>\n\n\n\n<p><strong>Artisanat :<\/strong> Chaque vase en c\u00e9ramique \u00e0 double anse est fabriqu\u00e9 avec soin par des artisans exp\u00e9riment\u00e9s. Le travail \u00e0 la main conf\u00e8re au vase un caract\u00e8re et une personnalit\u00e9 uniques.<\/p>\n\n\n\n<p><strong>Service personnalis\u00e9 : <\/strong>Un service de vase personnalis\u00e9 OEM et ODM peut \u00eatre fourni, qui peut \u00eatre con\u00e7u en fonction de la taille, de la couleur, du motif et d'autres sp\u00e9cifications du vase selon les besoins du client.<\/p>\n\n\n\n<h3 class=\"wp-block-heading\">Service de vases en c\u00e9ramique sur mesure<\/h3>\n\n\n\n<p>Nous proposons des services OEM et ODM pour nos produits.<br>Des \u00e9chantillons peuvent \u00eatre livr\u00e9s rapidement.<br>Nous offrons une vari\u00e9t\u00e9 de formes, de couleurs, d'impressions personnalis\u00e9es, d'emballages et d'autres services sur mesure pour r\u00e9pondre \u00e0 vos besoins sp\u00e9cifiques.<br><a href=\"https:\/\/www.santai-ceramics.com\/fr\/custom\/\" data-type=\"page\" data-id=\"13\" target=\"_blank\" rel=\"noreferrer noopener\"><strong><b>En savoir plus sur la personnalisation<\/b> d\u00e9tail d'un vase en c\u00e9ramique.<\/strong><\/a><\/p>\n\n\n\n<div class=\"wp-block-columns is-layout-flex wp-container-core-columns-is-layout-9d6595d7 wp-block-columns-is-layout-flex\">\n<div class=\"wp-block-column is-layout-flow wp-block-column-is-layout-flow\">\n<figure class=\"wp-block-image size-full\"><img decoding=\"async\" width=\"1500\" height=\"1250\" src=\"https:\/\/www.santai-ceramics.com\/wp-content\/uploads\/2025\/02\/Wholesale-Double-Handle-Vase-5.webp\" alt=\"Vase \u00e0 double poign\u00e9e en gros (5)\" class=\"wp-image-2067\" srcset=\"https:\/\/www.santai-ceramics.com\/wp-content\/uploads\/2025\/02\/Wholesale-Double-Handle-Vase-5.webp 1500w, https:\/\/www.santai-ceramics.com\/wp-content\/uploads\/2025\/02\/Wholesale-Double-Handle-Vase-5-300x250.webp 300w, https:\/\/www.santai-ceramics.com\/wp-content\/uploads\/2025\/02\/Wholesale-Double-Handle-Vase-5-768x640.webp 768w, https:\/\/www.santai-ceramics.com\/wp-content\/uploads\/2025\/02\/Wholesale-Double-Handle-Vase-5-14x12.webp 14w, https:\/\/www.santai-ceramics.com\/wp-content\/uploads\/2025\/02\/Wholesale-Double-Handle-Vase-5-1200x1000.webp 1200w, https:\/\/www.santai-ceramics.com\/wp-content\/uploads\/2025\/02\/Wholesale-Double-Handle-Vase-5-600x500.webp 600w\" sizes=\"(max-width: 1500px) 100vw, 1500px\" \/><\/figure>\n<\/div>\n\n\n\n<div class=\"wp-block-column is-layout-flow wp-block-column-is-layout-flow\">\n<figure class=\"wp-block-image size-full\"><img decoding=\"async\" width=\"1500\" height=\"1250\" src=\"https:\/\/www.santai-ceramics.com\/wp-content\/uploads\/2025\/02\/Wholesale-Double-Handle-Vase\uff086\uff09.webp\" alt=\"Vase \u00e0 double poign\u00e9e en gros\uff086\uff09\" class=\"wp-image-2068\" srcset=\"https:\/\/www.santai-ceramics.com\/wp-content\/uploads\/2025\/02\/Wholesale-Double-Handle-Vase\uff086\uff09.webp 1500w, https:\/\/www.santai-ceramics.com\/wp-content\/uploads\/2025\/02\/Wholesale-Double-Handle-Vase\uff086\uff09-300x250.webp 300w, https:\/\/www.santai-ceramics.com\/wp-content\/uploads\/2025\/02\/Wholesale-Double-Handle-Vase\uff086\uff09-768x640.webp 768w, https:\/\/www.santai-ceramics.com\/wp-content\/uploads\/2025\/02\/Wholesale-Double-Handle-Vase\uff086\uff09-14x12.webp 14w, https:\/\/www.santai-ceramics.com\/wp-content\/uploads\/2025\/02\/Wholesale-Double-Handle-Vase\uff086\uff09-1200x1000.webp 1200w, https:\/\/www.santai-ceramics.com\/wp-content\/uploads\/2025\/02\/Wholesale-Double-Handle-Vase\uff086\uff09-600x500.webp 600w\" sizes=\"(max-width: 1500px) 100vw, 1500px\" \/><\/figure>\n<\/div>\n<\/div>\n\n\n\n<div class=\"wp-block-columns is-layout-flex wp-container-core-columns-is-layout-9d6595d7 wp-block-columns-is-layout-flex\">\n<div class=\"wp-block-column is-layout-flow wp-block-column-is-layout-flow\"><\/div>\n\n\n\n<div class=\"wp-block-column is-layout-flow wp-block-column-is-layout-flow\"><\/div>\n<\/div>","protected":false},"excerpt":{"rendered":"<p data-pm-slice=\"0 0 []\">Vente en gros de vases en c\u00e9ramique \u00e0 double poign\u00e9e, parfaits pour la d\u00e9coration d'int\u00e9rieur. Gr\u00e2ce \u00e0 notre service de vente en gros, vous pouvez obtenir des vases en c\u00e9ramique exquis \u00e0 un prix plus comp\u00e9titif, ajoutant des \u00e9l\u00e9ments d\u00e9coratifs accrocheurs \u00e0 votre magasin ou \u00e0 votre projet. Nous prenons en charge les demandes OEM et ODM, contactez-nous pour un devis.<\/p>\n<h2>Sp\u00e9cification du vase \u00e0 double poign\u00e9e en c\u00e9ramique<\/h2>\n<table width=\"855\">\n<tbody>\n<tr>\n<td width=\"285\">Num\u00e9ro de mod\u00e8le<\/td>\n<td width=\"285\">G37685-WC18-A01<\/td>\n<td width=\"285\">G37685-WC18-A02<\/td>\n<\/tr>\n<tr>\n<td>Nom du produit<\/td>\n<td>Pot de fleurs en c\u00e9ramique<\/td>\n<td>Pot de fleurs en c\u00e9ramique<\/td>\n<\/tr>\n<tr>\n<td>Couleur<\/td>\n<td>Jaune antique<\/td>\n<td>Jaune antique<\/td>\n<\/tr>\n<tr>\n<td>Mat\u00e9riau<\/td>\n<td>C\u00e9ramique<\/td>\n<td>C\u00e9ramique<\/td>\n<\/tr>\n<tr>\n<td>Sc\u00e9narios d'utilisation<\/td>\n<td>d\u00e9coration int\u00e9rieure<\/td>\n<td>d\u00e9coration int\u00e9rieure<\/td>\n<\/tr>\n<tr>\n<td>Dimensions<\/td>\n<td>25X24.5X34cm<\/td>\n<td>20.5X19.5X25.5cm<\/td>\n<\/tr>\n<tr>\n<td>Poids<\/td>\n<td>6,4kg\/pc<\/td>\n<td>3kg\/pc<\/td>\n<\/tr>\n<\/tbody>\n<\/table>","protected":false},"featured_media":2063,"comment_status":"closed","ping_status":"closed","template":"","meta":{"_acf_changed":false},"product_brand":[],"product_cat":[18,22],"product_tag":[],"class_list":{"0":"post-2018","1":"product","2":"type-product","3":"status-publish","4":"has-post-thumbnail","6":"product_cat-home-decor","7":"product_cat-vase","9":"first","10":"instock","11":"shipping-taxable","12":"product-type-simple"},"acf":[],"_links":{"self":[{"href":"https:\/\/www.santai-ceramics.com\/fr\/wp-json\/wp\/v2\/product\/2018","targetHints":{"allow":["GET"]}}],"collection":[{"href":"https:\/\/www.santai-ceramics.com\/fr\/wp-json\/wp\/v2\/product"}],"about":[{"href":"https:\/\/www.santai-ceramics.com\/fr\/wp-json\/wp\/v2\/types\/product"}],"replies":[{"embeddable":true,"href":"https:\/\/www.santai-ceramics.com\/fr\/wp-json\/wp\/v2\/comments?post=2018"}],"wp:featuredmedia":[{"embeddable":true,"href":"https:\/\/www.santai-ceramics.com\/fr\/wp-json\/wp\/v2\/media\/2063"}],"wp:attachment":[{"href":"https:\/\/www.santai-ceramics.com\/fr\/wp-json\/wp\/v2\/media?parent=2018"}],"wp:term":[{"taxonomy":"product_brand","embeddable":true,"href":"https:\/\/www.santai-ceramics.com\/fr\/wp-json\/wp\/v2\/product_brand?post=2018"},{"taxonomy":"product_cat","embeddable":true,"href":"https:\/\/www.santai-ceramics.com\/fr\/wp-json\/wp\/v2\/product_cat?post=2018"},{"taxonomy":"product_tag","embeddable":true,"href":"https:\/\/www.santai-ceramics.com\/fr\/wp-json\/wp\/v2\/product_tag?post=2018"}],"curies":[{"name":"wp","href":"https:\/\/api.w.org\/{rel}","templated":true}]}}