{"id":2019,"date":"2025-02-20T06:24:35","date_gmt":"2025-02-20T06:24:35","guid":{"rendered":"https:\/\/www.santai-ceramics.com\/?post_type=product&#038;p=2019"},"modified":"2025-02-20T06:24:36","modified_gmt":"2025-02-20T06:24:36","slug":"wholesale-yellow-ceramic-vases-for-retail-stores","status":"publish","type":"product","link":"https:\/\/www.santai-ceramics.com\/fr\/product\/wholesale-yellow-ceramic-vases-for-retail-stores\/","title":{"rendered":"Vases en c\u00e9ramique jaune en gros, Vases \u00e0 fleurs en vrac pour votre magasin de d\u00e9tail, commerce de gros"},"content":{"rendered":"<h3 class=\"wp-block-heading\">Features of\u00a0Yellow Small Ceramic Vases\u200b<\/h3>\n\n\n\n<p><strong>Suitable size: <\/strong>The yellow ceramic vase has a moderate size and can accommodate a variety of flowers, such as silk flowers and fresh flowers, perfectly showing the graceful curves of flowers.<\/p>\n\n\n\n<p><strong>Un sens aigu de l'art : <\/strong>The unique texture design shows the exquisite craftsmanship level and the user&#8217;s pursuit and taste of beauty.<\/p>\n\n\n\n<p><strong>Suitable as commercial decoration: <\/strong>This vase is not only suitable for home use, but also very suitable as a decoration for commercial spaces such as hotels, restaurants, and cafes.<\/p>\n\n\n\n<p><strong>Noble gift choice: T<\/strong>his vintage ceramic vase has become a very suitable gift choice with its unique design and exquisite craftsmanship.<\/p>\n\n\n\n<h3 class=\"wp-block-heading\">Service de vases en c\u00e9ramique sur mesure<\/h3>\n\n\n\n<p>Nous proposons des services OEM et ODM pour nos produits.<br>Des \u00e9chantillons peuvent \u00eatre livr\u00e9s rapidement.<br>Nous offrons une vari\u00e9t\u00e9 de formes, de couleurs, d'impressions personnalis\u00e9es, d'emballages et d'autres services sur mesure pour r\u00e9pondre \u00e0 vos besoins sp\u00e9cifiques.<br><a href=\"https:\/\/www.santai-ceramics.com\/fr\/custom\/\" data-type=\"page\" data-id=\"13\" target=\"_blank\" rel=\"noreferrer noopener\"><strong><b>En savoir plus sur la personnalisation<\/b> d\u00e9tail d'un vase en c\u00e9ramique.<\/strong><\/a><\/p>\n\n\n\n<div class=\"wp-block-columns is-layout-flex wp-container-core-columns-is-layout-9d6595d7 wp-block-columns-is-layout-flex\">\n<div class=\"wp-block-column is-layout-flow wp-block-column-is-layout-flow\"><\/div>\n\n\n\n<div class=\"wp-block-column is-layout-flow wp-block-column-is-layout-flow\"><\/div>\n<\/div>","protected":false},"excerpt":{"rendered":"<p data-pm-slice=\"0 0 []\">Vase en gros en c\u00e9ramique jaune, la conception lisse de l'\u00e9mail facilite le nettoyage et l'entretien, il suffit d'essuyer avec un chiffon humide pour garder le vase brillant et beau, adapt\u00e9 pour placer des fleurs fra\u00eeches, des fleurs artificielles, ou comme une d\u00e9coration d'int\u00e9rieur autonome. Contactez-nous pour un devis.<\/p>\n<h2>Sp\u00e9cification du vase en c\u00e9ramique jaune<\/h2>\n<table width=\"570\">\n<tbody>\n<tr>\n<td width=\"285\">Num\u00e9ro de mod\u00e8le<\/td>\n<td width=\"285\">G37683-WC18-A01<\/td>\n<\/tr>\n<tr>\n<td>Nom du produit<\/td>\n<td>Pot de fleurs en c\u00e9ramique<\/td>\n<\/tr>\n<tr>\n<td>Couleur<\/td>\n<td>Jaune antique<\/td>\n<\/tr>\n<tr>\n<td>Mat\u00e9riau<\/td>\n<td>C\u00e9ramique<\/td>\n<\/tr>\n<tr>\n<td>Sc\u00e9narios d'utilisation<\/td>\n<td>d\u00e9coration int\u00e9rieure<\/td>\n<\/tr>\n<tr>\n<td>Dimensions<\/td>\n<td>D:20X20.5cm<\/td>\n<\/tr>\n<tr>\n<td>Poids<\/td>\n<td>3,2kg\/pc<\/td>\n<\/tr>\n<\/tbody>\n<\/table>","protected":false},"featured_media":2036,"comment_status":"closed","ping_status":"closed","template":"","meta":{"_acf_changed":false},"product_brand":[],"product_cat":[18,22],"product_tag":[],"class_list":{"0":"post-2019","1":"product","2":"type-product","3":"status-publish","4":"has-post-thumbnail","6":"product_cat-home-decor","7":"product_cat-vase","9":"first","10":"instock","11":"shipping-taxable","12":"product-type-simple"},"acf":[],"_links":{"self":[{"href":"https:\/\/www.santai-ceramics.com\/fr\/wp-json\/wp\/v2\/product\/2019","targetHints":{"allow":["GET"]}}],"collection":[{"href":"https:\/\/www.santai-ceramics.com\/fr\/wp-json\/wp\/v2\/product"}],"about":[{"href":"https:\/\/www.santai-ceramics.com\/fr\/wp-json\/wp\/v2\/types\/product"}],"replies":[{"embeddable":true,"href":"https:\/\/www.santai-ceramics.com\/fr\/wp-json\/wp\/v2\/comments?post=2019"}],"wp:featuredmedia":[{"embeddable":true,"href":"https:\/\/www.santai-ceramics.com\/fr\/wp-json\/wp\/v2\/media\/2036"}],"wp:attachment":[{"href":"https:\/\/www.santai-ceramics.com\/fr\/wp-json\/wp\/v2\/media?parent=2019"}],"wp:term":[{"taxonomy":"product_brand","embeddable":true,"href":"https:\/\/www.santai-ceramics.com\/fr\/wp-json\/wp\/v2\/product_brand?post=2019"},{"taxonomy":"product_cat","embeddable":true,"href":"https:\/\/www.santai-ceramics.com\/fr\/wp-json\/wp\/v2\/product_cat?post=2019"},{"taxonomy":"product_tag","embeddable":true,"href":"https:\/\/www.santai-ceramics.com\/fr\/wp-json\/wp\/v2\/product_tag?post=2019"}],"curies":[{"name":"wp","href":"https:\/\/api.w.org\/{rel}","templated":true}]}}