{"id":2020,"date":"2025-02-20T07:19:40","date_gmt":"2025-02-20T07:19:40","guid":{"rendered":"https:\/\/www.santai-ceramics.com\/?post_type=product&#038;p=2020"},"modified":"2025-02-20T07:19:51","modified_gmt":"2025-02-20T07:19:51","slug":"wholesale-vintage-bud-vases","status":"publish","type":"product","link":"https:\/\/www.santai-ceramics.com\/fr\/product\/wholesale-vintage-bud-vases\/","title":{"rendered":"Vases \u00e0 bourgeons Vintage en gros, design \u00e9troit, adapt\u00e9s \u00e0 la d\u00e9coration d'arrangements floraux - SANTAI fabricant de vases en c\u00e9ramique"},"content":{"rendered":"<h3 class=\"wp-block-heading\">Caract\u00e9ristiques des vases \u00e0 bourgeons vintage<\/h3>\n\n\n\n<p><strong>Style r\u00e9tro classique : <\/strong>Le vase est recouvert d'une gla\u00e7ure jaune r\u00e9tro, et sa couleur unique s'accorde parfaitement avec diff\u00e9rents styles d'int\u00e9rieur.<\/p>\n\n\n\n<p><strong>Convient \u00e0 de nombreuses occasions :<\/strong> Le vase \u00e0 bourgeons vintage peut \u00eatre utilis\u00e9 pour la d\u00e9coration du salon, de la table \u00e0 manger, de l'\u00e9tude, du bureau et des lieux commerciaux.<\/p>\n\n\n\n<p><strong>Convient \u00e0 l'achat en gros : <\/strong>Vente directe \u00e0 l'usine, prix plus comp\u00e9titif, convient aux d\u00e9taillants et aux entreprises de d\u00e9coration pour effectuer des achats en gros afin de r\u00e9pondre aux besoins du march\u00e9.<\/p>\n\n\n\n<p><strong>Support OEM et ODM : <\/strong>Le fabricant de vases en c\u00e9ramique Santai fournit des solutions de vases personnalis\u00e9s \u00e0 partir d'un guichet unique, offrant une multitude d'options de vases personnalis\u00e9s.<\/p>\n\n\n\n<h3 class=\"wp-block-heading\">Service de vases en c\u00e9ramique sur mesure<\/h3>\n\n\n\n<p>Nous proposons des services OEM et ODM pour nos produits.<br>Des \u00e9chantillons peuvent \u00eatre livr\u00e9s rapidement.<br>Nous offrons une vari\u00e9t\u00e9 de formes, de couleurs, d'impressions personnalis\u00e9es, d'emballages et d'autres services sur mesure pour r\u00e9pondre \u00e0 vos besoins sp\u00e9cifiques.<br><a href=\"https:\/\/www.santai-ceramics.com\/fr\/custom\/\" data-type=\"page\" data-id=\"13\" target=\"_blank\" rel=\"noreferrer noopener\"><strong><b>En savoir plus sur la personnalisation<\/b> vase en c\u00e9ramique d\u00e9tails.<\/strong><\/a><\/p>\n\n\n\n<div class=\"wp-block-columns is-layout-flex wp-container-core-columns-is-layout-9d6595d7 wp-block-columns-is-layout-flex\">\n<div class=\"wp-block-column is-layout-flow wp-block-column-is-layout-flow\">\n<figure class=\"wp-block-image size-full\"><img decoding=\"async\" width=\"1500\" height=\"1249\" src=\"https:\/\/www.santai-ceramics.com\/wp-content\/uploads\/2025\/02\/Wholesale-Vintage-Bud-Vase-7.webp\" alt=\"Vase \u00e0 bourgeons vintage en gros (7)\" class=\"wp-image-2053\" srcset=\"https:\/\/www.santai-ceramics.com\/wp-content\/uploads\/2025\/02\/Wholesale-Vintage-Bud-Vase-7.webp 1500w, https:\/\/www.santai-ceramics.com\/wp-content\/uploads\/2025\/02\/Wholesale-Vintage-Bud-Vase-7-300x250.webp 300w, https:\/\/www.santai-ceramics.com\/wp-content\/uploads\/2025\/02\/Wholesale-Vintage-Bud-Vase-7-768x639.webp 768w, https:\/\/www.santai-ceramics.com\/wp-content\/uploads\/2025\/02\/Wholesale-Vintage-Bud-Vase-7-14x12.webp 14w, https:\/\/www.santai-ceramics.com\/wp-content\/uploads\/2025\/02\/Wholesale-Vintage-Bud-Vase-7-1200x999.webp 1200w, https:\/\/www.santai-ceramics.com\/wp-content\/uploads\/2025\/02\/Wholesale-Vintage-Bud-Vase-7-600x500.webp 600w\" sizes=\"(max-width: 1500px) 100vw, 1500px\" \/><\/figure>\n<\/div>\n\n\n\n<div class=\"wp-block-column is-layout-flow wp-block-column-is-layout-flow\">\n<figure class=\"wp-block-image size-full\"><img decoding=\"async\" width=\"1500\" height=\"1249\" src=\"https:\/\/www.santai-ceramics.com\/wp-content\/uploads\/2025\/02\/Wholesale-Vintage-Bud-Vase-8.webp\" alt=\"Vase \u00e0 bourgeons vintage en gros (8)\" class=\"wp-image-2054\" srcset=\"https:\/\/www.santai-ceramics.com\/wp-content\/uploads\/2025\/02\/Wholesale-Vintage-Bud-Vase-8.webp 1500w, https:\/\/www.santai-ceramics.com\/wp-content\/uploads\/2025\/02\/Wholesale-Vintage-Bud-Vase-8-300x250.webp 300w, https:\/\/www.santai-ceramics.com\/wp-content\/uploads\/2025\/02\/Wholesale-Vintage-Bud-Vase-8-768x639.webp 768w, https:\/\/www.santai-ceramics.com\/wp-content\/uploads\/2025\/02\/Wholesale-Vintage-Bud-Vase-8-14x12.webp 14w, https:\/\/www.santai-ceramics.com\/wp-content\/uploads\/2025\/02\/Wholesale-Vintage-Bud-Vase-8-1200x999.webp 1200w, https:\/\/www.santai-ceramics.com\/wp-content\/uploads\/2025\/02\/Wholesale-Vintage-Bud-Vase-8-600x500.webp 600w\" sizes=\"(max-width: 1500px) 100vw, 1500px\" \/><\/figure>\n<\/div>\n<\/div>","protected":false},"excerpt":{"rendered":"<p data-pm-slice=\"0 0 []\">Les vases \u00e0 bourgeons vintage en gros, qu'il s'agisse de fleurs fra\u00eeches, de fleurs s\u00e9ch\u00e9es ou de branches d\u00e9coratives, peuvent \u00eatre pr\u00e9sent\u00e9s de mani\u00e8re exquise dans ce vase, apportant un plaisir visuel \u00e9l\u00e9gant. Santai prend en charge l'oem et l'odm, contactez-nous pour un devis.<\/p>\n<h2>Sp\u00e9cification des vases \u00e0 bourgeons vintage en c\u00e9ramique<\/h2>\n<table style=\"border-collapse: collapse; width: 855.02pt;\" border=\"0\" width=\"1140\" cellspacing=\"0\" cellpadding=\"0\">\n<tbody>\n<tr style=\"height: 24.95pt;\">\n<td class=\"et2\" style=\"height: 24.95pt; width: 213.75pt;\" width=\"285\" height=\"33\">Num\u00e9ro de mod\u00e8le<\/td>\n<td class=\"et3\" style=\"width: 213.75pt;\" width=\"285\">G37686-WC18-A01<\/td>\n<td class=\"et3\" style=\"width: 213.75pt;\" width=\"285\">G37686-WC18-A02<\/td>\n<td class=\"et3\" style=\"width: 213.75pt;\" width=\"285\">G37686-WC18-A03<\/td>\n<\/tr>\n<tr style=\"height: 24.95pt;\">\n<td class=\"et2\" style=\"height: 24.95pt;\" height=\"33\">Nom du produit<\/td>\n<td class=\"et3\">Pot de fleurs en c\u00e9ramique<\/td>\n<td class=\"et3\">Pot de fleurs en c\u00e9ramique<\/td>\n<td class=\"et3\">Pot de fleurs en c\u00e9ramique<\/td>\n<\/tr>\n<tr style=\"height: 24.95pt;\">\n<td class=\"et2\" style=\"height: 24.95pt;\" height=\"33\">Couleur<\/td>\n<td class=\"et3\">Jaune antique<\/td>\n<td class=\"et3\">Jaune antique<\/td>\n<td class=\"et3\">Jaune antique<\/td>\n<\/tr>\n<tr style=\"height: 24.95pt;\">\n<td class=\"et2\" style=\"height: 24.95pt;\" height=\"33\">Mat\u00e9riau<\/td>\n<td class=\"et3\">C\u00e9ramique<\/td>\n<td class=\"et3\">C\u00e9ramique<\/td>\n<td class=\"et3\">C\u00e9ramique<\/td>\n<\/tr>\n<tr style=\"height: 24.95pt;\">\n<td class=\"et2\" style=\"height: 24.95pt;\" height=\"33\">Sc\u00e9narios d'utilisation<\/td>\n<td class=\"et3\">d\u00e9coration int\u00e9rieure<\/td>\n<td class=\"et3\">d\u00e9coration int\u00e9rieure<\/td>\n<td class=\"et3\">d\u00e9coration int\u00e9rieure<\/td>\n<\/tr>\n<tr style=\"height: 24.95pt;\">\n<td class=\"et2\" style=\"height: 24.95pt;\" height=\"33\">Dimensions<\/td>\n<td class=\"et3\">D:15.5X30.5cm<\/td>\n<td class=\"et3\">D:17.5X24cm<\/td>\n<td class=\"et3\">D:17.5X18cm<\/td>\n<\/tr>\n<tr style=\"height: 24.95pt;\">\n<td class=\"et2\" style=\"height: 24.95pt;\" height=\"33\">Poids<\/td>\n<td class=\"et3\">3.5kg\/pc<\/td>\n<td class=\"et3\">3,1kg\/pc<\/td>\n<td class=\"et3\">2,6 kg\/pc<\/td>\n<\/tr>\n<\/tbody>\n<\/table>","protected":false},"featured_media":2047,"comment_status":"closed","ping_status":"closed","template":"","meta":{"_acf_changed":false},"product_brand":[],"product_cat":[18,22],"product_tag":[],"class_list":{"0":"post-2020","1":"product","2":"type-product","3":"status-publish","4":"has-post-thumbnail","6":"product_cat-home-decor","7":"product_cat-vase","9":"first","10":"instock","11":"shipping-taxable","12":"product-type-simple"},"acf":[],"_links":{"self":[{"href":"https:\/\/www.santai-ceramics.com\/fr\/wp-json\/wp\/v2\/product\/2020","targetHints":{"allow":["GET"]}}],"collection":[{"href":"https:\/\/www.santai-ceramics.com\/fr\/wp-json\/wp\/v2\/product"}],"about":[{"href":"https:\/\/www.santai-ceramics.com\/fr\/wp-json\/wp\/v2\/types\/product"}],"replies":[{"embeddable":true,"href":"https:\/\/www.santai-ceramics.com\/fr\/wp-json\/wp\/v2\/comments?post=2020"}],"wp:featuredmedia":[{"embeddable":true,"href":"https:\/\/www.santai-ceramics.com\/fr\/wp-json\/wp\/v2\/media\/2047"}],"wp:attachment":[{"href":"https:\/\/www.santai-ceramics.com\/fr\/wp-json\/wp\/v2\/media?parent=2020"}],"wp:term":[{"taxonomy":"product_brand","embeddable":true,"href":"https:\/\/www.santai-ceramics.com\/fr\/wp-json\/wp\/v2\/product_brand?post=2020"},{"taxonomy":"product_cat","embeddable":true,"href":"https:\/\/www.santai-ceramics.com\/fr\/wp-json\/wp\/v2\/product_cat?post=2020"},{"taxonomy":"product_tag","embeddable":true,"href":"https:\/\/www.santai-ceramics.com\/fr\/wp-json\/wp\/v2\/product_tag?post=2020"}],"curies":[{"name":"wp","href":"https:\/\/api.w.org\/{rel}","templated":true}]}}