{"id":2146,"date":"2025-03-06T15:06:01","date_gmt":"2025-03-06T15:06:01","guid":{"rendered":"https:\/\/www.santai-ceramics.com\/?post_type=product&#038;p=2146"},"modified":"2025-06-07T16:39:57","modified_gmt":"2025-06-07T16:39:57","slug":"wholesale-electroplated-finish-retro-small-plant-pots","status":"publish","type":"product","link":"https:\/\/www.santai-ceramics.com\/fr\/product\/wholesale-electroplated-finish-retro-small-plant-pots\/","title":{"rendered":"Vente en gros de petits pots \u00e0 plantes r\u00e9tro en finition galvanis\u00e9e - SANTAI Pottery Manufacturer"},"content":{"rendered":"<h3 class=\"wp-block-heading\">Caract\u00e9ristiques de Retro Small Plant Pots <\/h3>\n\n\n\n<p><strong>Applications polyvalentes : <\/strong>Les petits pots r\u00e9tro en gros conviennent \u00e0 une vari\u00e9t\u00e9 de plantes, y compris les fleurs, les plantes grasses et les herbes, ce qui les rend polyvalents pour une utilisation \u00e0 l'int\u00e9rieur et \u00e0 l'ext\u00e9rieur.<\/p>\n\n\n\n<p><strong>Une esth\u00e9tique attrayante : <\/strong>Il s'agit d'une jardini\u00e8re bien con\u00e7ue qui peut rehausser le d\u00e9cor de votre maison et de votre jardin, augmentant ainsi son attrait pour les consommateurs \u00e0 la recherche de solutions de jardinage \u00e9l\u00e9gantes.<\/p>\n\n\n\n<p><strong>Demande du march\u00e9 : <\/strong>Avec la tendance croissante du jardinage domestique et des plantes d'int\u00e9rieur, ces petits pots \u00e0 plantes r\u00e9tro peuvent r\u00e9pondre \u00e0 la demande croissante des consommateurs en mati\u00e8re de produits de soin des plantes.<\/p>\n\n\n\n<p><strong>Opportunit\u00e9s de vente en gros : <\/strong>Convenant aux entreprises souhaitant faire de la vente en gros, ces petits pots de fleurs r\u00e9tro sont populaires aupr\u00e8s des d\u00e9taillants et des jardineries.<\/p>\n\n\n\n<p><strong>Prix d'usine : <\/strong>Les usines proposent souvent des tarifs comp\u00e9titifs, ce qui permet de s'approvisionner en produits de mani\u00e8re \u00e9conomique.<\/p>\n\n\n\n<h3 class=\"wp-block-heading\">Service de pots de fleurs sur mesure<\/h3>\n\n\n\n<p>Nous proposons des services OEM et ODM pour nos produits.<br>Des \u00e9chantillons peuvent \u00eatre livr\u00e9s rapidement.<br>Nous offrons une vari\u00e9t\u00e9 de formes, de couleurs, d'impressions personnalis\u00e9es, d'emballages et d'autres services sur mesure pour r\u00e9pondre \u00e0 vos besoins sp\u00e9cifiques.<br><a href=\"https:\/\/www.santai-ceramics.com\/fr\/custom\/\" data-type=\"page\" data-id=\"13\" target=\"_blank\" rel=\"noreferrer noopener\"><strong><b>En savoir plus sur la personnalisation<\/b> d\u00e9tail du pot de fleurs.<\/strong><\/a><\/p>\n\n\n\n<div class=\"wp-block-columns is-layout-flex wp-container-core-columns-is-layout-9d6595d7 wp-block-columns-is-layout-flex\">\n<div class=\"wp-block-column is-layout-flow wp-block-column-is-layout-flow\">\n<figure class=\"wp-block-image size-full\"><img decoding=\"async\" width=\"1500\" height=\"1249\" src=\"https:\/\/www.santai-ceramics.com\/wp-content\/uploads\/2025\/03\/Wholesale-Retro-Small-Plant-Pots-3.webp\" alt=\"Grossiste Retro Petits Pots de Plantes (3)\" class=\"wp-image-2165\" srcset=\"https:\/\/www.santai-ceramics.com\/wp-content\/uploads\/2025\/03\/Wholesale-Retro-Small-Plant-Pots-3.webp 1500w, https:\/\/www.santai-ceramics.com\/wp-content\/uploads\/2025\/03\/Wholesale-Retro-Small-Plant-Pots-3-300x250.webp 300w, https:\/\/www.santai-ceramics.com\/wp-content\/uploads\/2025\/03\/Wholesale-Retro-Small-Plant-Pots-3-768x639.webp 768w, https:\/\/www.santai-ceramics.com\/wp-content\/uploads\/2025\/03\/Wholesale-Retro-Small-Plant-Pots-3-14x12.webp 14w, https:\/\/www.santai-ceramics.com\/wp-content\/uploads\/2025\/03\/Wholesale-Retro-Small-Plant-Pots-3-1200x999.webp 1200w, https:\/\/www.santai-ceramics.com\/wp-content\/uploads\/2025\/03\/Wholesale-Retro-Small-Plant-Pots-3-600x500.webp 600w\" sizes=\"(max-width: 1500px) 100vw, 1500px\" \/><\/figure>\n<\/div>\n\n\n\n<div class=\"wp-block-column is-layout-flow wp-block-column-is-layout-flow\">\n<figure class=\"wp-block-image size-full\"><img decoding=\"async\" width=\"1500\" height=\"1249\" src=\"https:\/\/www.santai-ceramics.com\/wp-content\/uploads\/2025\/03\/Wholesale-Retro-Small-Plant-Pots-4.webp\" alt=\"Wholesale Retro Small Plant Pots (4)\" class=\"wp-image-2166\" srcset=\"https:\/\/www.santai-ceramics.com\/wp-content\/uploads\/2025\/03\/Wholesale-Retro-Small-Plant-Pots-4.webp 1500w, https:\/\/www.santai-ceramics.com\/wp-content\/uploads\/2025\/03\/Wholesale-Retro-Small-Plant-Pots-4-300x250.webp 300w, https:\/\/www.santai-ceramics.com\/wp-content\/uploads\/2025\/03\/Wholesale-Retro-Small-Plant-Pots-4-768x639.webp 768w, https:\/\/www.santai-ceramics.com\/wp-content\/uploads\/2025\/03\/Wholesale-Retro-Small-Plant-Pots-4-14x12.webp 14w, https:\/\/www.santai-ceramics.com\/wp-content\/uploads\/2025\/03\/Wholesale-Retro-Small-Plant-Pots-4-1200x999.webp 1200w, https:\/\/www.santai-ceramics.com\/wp-content\/uploads\/2025\/03\/Wholesale-Retro-Small-Plant-Pots-4-600x500.webp 600w\" sizes=\"(max-width: 1500px) 100vw, 1500px\" \/><\/figure>\n<\/div>\n<\/div>\n\n\n\n<div class=\"wp-block-columns is-layout-flex wp-container-core-columns-is-layout-9d6595d7 wp-block-columns-is-layout-flex\">\n<div class=\"wp-block-column is-layout-flow wp-block-column-is-layout-flow\"><\/div>\n\n\n\n<div class=\"wp-block-column is-layout-flow wp-block-column-is-layout-flow\"><\/div>\n<\/div>","protected":false},"excerpt":{"rendered":"<p data-pm-slice=\"0 0 []\">Vente en gros de petits pots \u00e0 plantes r\u00e9tro en finition galvanis\u00e9e, parfaits pour mettre en valeur tout environnement ayant besoin de d\u00e9coration et pour conqu\u00e9rir le c\u0153ur des amoureux des plantes partout dans le monde. Commandez en gros d\u00e8s maintenant pour profiter de nos prix comp\u00e9titifs et de nos options personnalisables !<\/p>\n<h2>Sp\u00e9cification des petits pots \u00e0 plantes Retro \u00e0 finition galvanis\u00e9e<\/h2>\n<table width=\"855\">\n<tbody>\n<tr>\n<td width=\"285\">Num\u00e9ro de mod\u00e8le<\/td>\n<td width=\"285\">A36546-G094-A01<\/td>\n<td width=\"285\">A36546-G094-A02<\/td>\n<\/tr>\n<tr>\n<td>Nom du produit<\/td>\n<td>Pot de fleurs en c\u00e9ramique<\/td>\n<td>Pot de fleurs en c\u00e9ramique<\/td>\n<\/tr>\n<tr>\n<td>Couleur<\/td>\n<td>Or antique galvanis\u00e9<\/td>\n<td>Or antique galvanis\u00e9<\/td>\n<\/tr>\n<tr>\n<td>Mat\u00e9riau<\/td>\n<td>C\u00e9ramique<\/td>\n<td>C\u00e9ramique<\/td>\n<\/tr>\n<tr>\n<td>Sc\u00e9narios d'utilisation<\/td>\n<td>d\u00e9coration int\u00e9rieure<\/td>\n<td>d\u00e9coration int\u00e9rieure<\/td>\n<\/tr>\n<tr>\n<td>Dimensions<\/td>\n<td>D:18.5X17cm<\/td>\n<td>D:15X13.5cm<\/td>\n<\/tr>\n<tr>\n<td>Poids<\/td>\n<td>1,2kg\/pc<\/td>\n<td>0,7kg\/pc<\/td>\n<\/tr>\n<\/tbody>\n<\/table>","protected":false},"featured_media":2163,"comment_status":"closed","ping_status":"closed","template":"","meta":{"_acf_changed":false},"product_brand":[],"product_cat":[18,42,23],"product_tag":[],"class_list":{"0":"post-2146","1":"product","2":"type-product","3":"status-publish","4":"has-post-thumbnail","6":"product_cat-home-decor","7":"product_cat-wholesale-ceramic-plant-pots","8":"product_cat-ceramic-pots-planters","10":"first","11":"instock","12":"shipping-taxable","13":"product-type-simple"},"acf":[],"_links":{"self":[{"href":"https:\/\/www.santai-ceramics.com\/fr\/wp-json\/wp\/v2\/product\/2146","targetHints":{"allow":["GET"]}}],"collection":[{"href":"https:\/\/www.santai-ceramics.com\/fr\/wp-json\/wp\/v2\/product"}],"about":[{"href":"https:\/\/www.santai-ceramics.com\/fr\/wp-json\/wp\/v2\/types\/product"}],"replies":[{"embeddable":true,"href":"https:\/\/www.santai-ceramics.com\/fr\/wp-json\/wp\/v2\/comments?post=2146"}],"wp:featuredmedia":[{"embeddable":true,"href":"https:\/\/www.santai-ceramics.com\/fr\/wp-json\/wp\/v2\/media\/2163"}],"wp:attachment":[{"href":"https:\/\/www.santai-ceramics.com\/fr\/wp-json\/wp\/v2\/media?parent=2146"}],"wp:term":[{"taxonomy":"product_brand","embeddable":true,"href":"https:\/\/www.santai-ceramics.com\/fr\/wp-json\/wp\/v2\/product_brand?post=2146"},{"taxonomy":"product_cat","embeddable":true,"href":"https:\/\/www.santai-ceramics.com\/fr\/wp-json\/wp\/v2\/product_cat?post=2146"},{"taxonomy":"product_tag","embeddable":true,"href":"https:\/\/www.santai-ceramics.com\/fr\/wp-json\/wp\/v2\/product_tag?post=2146"}],"curies":[{"name":"wp","href":"https:\/\/api.w.org\/{rel}","templated":true}]}}