{"id":2213,"date":"2025-03-23T15:54:38","date_gmt":"2025-03-23T15:54:38","guid":{"rendered":"https:\/\/www.santai-ceramics.com\/?post_type=product&#038;p=2213"},"modified":"2025-03-23T15:55:48","modified_gmt":"2025-03-23T15:55:48","slug":"wholesale-tranquil-soft-olive-green-ceramic-vase","status":"publish","type":"product","link":"https:\/\/www.santai-ceramics.com\/fr\/product\/wholesale-tranquil-soft-olive-green-ceramic-vase\/","title":{"rendered":"Wholesale Tranquil Soft Olive Green Ceramic Vase, Modern Simple Sage Green Vase For Home Decor"},"content":{"rendered":"<h3 class=\"wp-block-heading\">Caract\u00e9ristiques du vase en c\u00e9ramique vert olive<\/h3>\n\n\n\n<p><strong>Conception simple :<\/strong> Ce vase en c\u00e9ramique vert olive respecte le principe du style minimaliste, avec des lignes douces et des formes \u00e9l\u00e9gantes, qui conviennent \u00e0 la d\u00e9coration d'int\u00e9rieur minimaliste contemporaine.<\/p>\n\n\n\n<p><strong>Couleur raffin\u00e9e : <\/strong>Le vert olive donne aux individus un sentiment de fra\u00eecheur et de nature, comme s'ils se trouvaient dans un jardin de printemps, et transmet un sentiment de paix et de tranquillit\u00e9.<\/p>\n\n\n\n<p><strong>Diff\u00e9rentes tailles : <\/strong>Ce vase en c\u00e9ramique vert olive est disponible en diff\u00e9rentes tailles pour r\u00e9pondre aux demandes des diff\u00e9rents consommateurs.<\/p>\n\n\n\n<p><strong>Conception sp\u00e9ciale : <\/strong>L'embouchure du vase est relativement bien con\u00e7ue, ce qui est pratique pour l'arrangement des fleurs et des branches de fleurs. Le corps de la bouteille est stable, peut bien supporter les branches de fleurs et ne risque pas de se renverser.<\/p>\n\n\n\n<h3 class=\"wp-block-heading\">Service de vases en c\u00e9ramique sur mesure<\/h3>\n\n\n\n<p>Nous proposons des services OEM et ODM pour nos produits.<br>Des \u00e9chantillons peuvent \u00eatre livr\u00e9s rapidement.<br>Nous offrons une vari\u00e9t\u00e9 de formes, de couleurs, d'impressions personnalis\u00e9es, d'emballages et d'autres services sur mesure pour r\u00e9pondre \u00e0 vos besoins sp\u00e9cifiques.<br><a href=\"https:\/\/www.santai-ceramics.com\/fr\/custom\/\" data-type=\"page\" data-id=\"13\" target=\"_blank\" rel=\"noreferrer noopener\"><strong><b>En savoir plus sur la personnalisation<\/b> d\u00e9tail d'un vase en c\u00e9ramique.<\/strong><\/a><\/p>\n\n\n\n<div class=\"wp-block-columns is-layout-flex wp-container-core-columns-is-layout-9d6595d7 wp-block-columns-is-layout-flex\">\n<div class=\"wp-block-column is-layout-flow wp-block-column-is-layout-flow\">\n<figure class=\"wp-block-image size-full\"><img decoding=\"async\" width=\"2500\" height=\"2083\" src=\"https:\/\/www.santai-ceramics.com\/wp-content\/uploads\/2025\/03\/Olive-Green-Ceramic-Vase-Details-1.webp\" alt=\"Vase en c\u00e9ramique vert olive D\u00e9tails (1)\" class=\"wp-image-2253\" srcset=\"https:\/\/www.santai-ceramics.com\/wp-content\/uploads\/2025\/03\/Olive-Green-Ceramic-Vase-Details-1.webp 2500w, https:\/\/www.santai-ceramics.com\/wp-content\/uploads\/2025\/03\/Olive-Green-Ceramic-Vase-Details-1-300x250.webp 300w, https:\/\/www.santai-ceramics.com\/wp-content\/uploads\/2025\/03\/Olive-Green-Ceramic-Vase-Details-1-768x640.webp 768w, https:\/\/www.santai-ceramics.com\/wp-content\/uploads\/2025\/03\/Olive-Green-Ceramic-Vase-Details-1-14x12.webp 14w, https:\/\/www.santai-ceramics.com\/wp-content\/uploads\/2025\/03\/Olive-Green-Ceramic-Vase-Details-1-1200x1000.webp 1200w, https:\/\/www.santai-ceramics.com\/wp-content\/uploads\/2025\/03\/Olive-Green-Ceramic-Vase-Details-1-600x500.webp 600w\" sizes=\"(max-width: 2500px) 100vw, 2500px\" \/><\/figure>\n<\/div>\n\n\n\n<div class=\"wp-block-column is-layout-flow wp-block-column-is-layout-flow\">\n<figure class=\"wp-block-image size-full\"><img decoding=\"async\" width=\"2500\" height=\"2083\" src=\"https:\/\/www.santai-ceramics.com\/wp-content\/uploads\/2025\/03\/Olive-Green-Ceramic-Vase-Details-2.webp\" alt=\"Vase en c\u00e9ramique vert olive D\u00e9tails (2)\" class=\"wp-image-2254\" srcset=\"https:\/\/www.santai-ceramics.com\/wp-content\/uploads\/2025\/03\/Olive-Green-Ceramic-Vase-Details-2.webp 2500w, https:\/\/www.santai-ceramics.com\/wp-content\/uploads\/2025\/03\/Olive-Green-Ceramic-Vase-Details-2-300x250.webp 300w, https:\/\/www.santai-ceramics.com\/wp-content\/uploads\/2025\/03\/Olive-Green-Ceramic-Vase-Details-2-768x640.webp 768w, https:\/\/www.santai-ceramics.com\/wp-content\/uploads\/2025\/03\/Olive-Green-Ceramic-Vase-Details-2-14x12.webp 14w, https:\/\/www.santai-ceramics.com\/wp-content\/uploads\/2025\/03\/Olive-Green-Ceramic-Vase-Details-2-1200x1000.webp 1200w, https:\/\/www.santai-ceramics.com\/wp-content\/uploads\/2025\/03\/Olive-Green-Ceramic-Vase-Details-2-600x500.webp 600w\" sizes=\"(max-width: 2500px) 100vw, 2500px\" \/><\/figure>\n<\/div>\n<\/div>\n\n\n\n<div class=\"wp-block-columns is-layout-flex wp-container-core-columns-is-layout-9d6595d7 wp-block-columns-is-layout-flex\">\n<div class=\"wp-block-column is-layout-flow wp-block-column-is-layout-flow\"><\/div>\n\n\n\n<div class=\"wp-block-column is-layout-flow wp-block-column-is-layout-flow\"><\/div>\n<\/div>","protected":false},"excerpt":{"rendered":"<p data-pm-slice=\"0 0 []\">Vase en gros en c\u00e9ramique vert olive, donnant \u00e0 votre espace domestique vitalit\u00e9 et \u00e9l\u00e9gance, fabriqu\u00e9 avec un artisanat exquis, et conservant une bonne apparence pendant une longue p\u00e9riode. Support oem et odm, nous vous invitons \u00e0 nous contacter pour des devis en gros.<\/p>\n<h2>Sp\u00e9cification du vase en c\u00e9ramique vert olive<\/h2>\n<table width=\"1140\">\n<tbody>\n<tr>\n<td width=\"285\">Num\u00e9ro de mod\u00e8le<\/td>\n<td width=\"285\">A37754-LD53-A01<\/td>\n<td width=\"285\">A37754-LD53-A02<\/td>\n<td width=\"285\">A37754-LD53-A03<\/td>\n<\/tr>\n<tr>\n<td>Nom du produit<\/td>\n<td>Vase \u00e0 fleurs en c\u00e9ramique<\/td>\n<td>Vase \u00e0 fleurs en c\u00e9ramique<\/td>\n<td>Vase \u00e0 fleurs en c\u00e9ramique<\/td>\n<\/tr>\n<tr>\n<td>Couleur<\/td>\n<td>Vert clair<\/td>\n<td>Vert clair<\/td>\n<td>Vert clair<\/td>\n<\/tr>\n<tr>\n<td>Mat\u00e9riau<\/td>\n<td>C\u00e9ramique<\/td>\n<td>C\u00e9ramique<\/td>\n<td>C\u00e9ramique<\/td>\n<\/tr>\n<tr>\n<td>Sc\u00e9narios d'utilisation<\/td>\n<td>d\u00e9coration int\u00e9rieure<\/td>\n<td>d\u00e9coration int\u00e9rieure<\/td>\n<td>d\u00e9coration int\u00e9rieure<\/td>\n<\/tr>\n<tr>\n<td>Dimensions<\/td>\n<td>D:8.5X19.5cm<\/td>\n<td>D:9.5X17cm<\/td>\n<td>D:8X14cm<\/td>\n<\/tr>\n<tr>\n<td>Poids<\/td>\n<td>0,4kg\/pc<\/td>\n<td>0,4kg\/pc<\/td>\n<td>0,3kg\/pc<\/td>\n<\/tr>\n<\/tbody>\n<\/table>","protected":false},"featured_media":2255,"comment_status":"closed","ping_status":"closed","template":"","meta":{"_acf_changed":false},"product_brand":[],"product_cat":[18,22],"product_tag":[],"class_list":{"0":"post-2213","1":"product","2":"type-product","3":"status-publish","4":"has-post-thumbnail","6":"product_cat-home-decor","7":"product_cat-vase","9":"first","10":"instock","11":"shipping-taxable","12":"product-type-simple"},"acf":[],"_links":{"self":[{"href":"https:\/\/www.santai-ceramics.com\/fr\/wp-json\/wp\/v2\/product\/2213","targetHints":{"allow":["GET"]}}],"collection":[{"href":"https:\/\/www.santai-ceramics.com\/fr\/wp-json\/wp\/v2\/product"}],"about":[{"href":"https:\/\/www.santai-ceramics.com\/fr\/wp-json\/wp\/v2\/types\/product"}],"replies":[{"embeddable":true,"href":"https:\/\/www.santai-ceramics.com\/fr\/wp-json\/wp\/v2\/comments?post=2213"}],"wp:featuredmedia":[{"embeddable":true,"href":"https:\/\/www.santai-ceramics.com\/fr\/wp-json\/wp\/v2\/media\/2255"}],"wp:attachment":[{"href":"https:\/\/www.santai-ceramics.com\/fr\/wp-json\/wp\/v2\/media?parent=2213"}],"wp:term":[{"taxonomy":"product_brand","embeddable":true,"href":"https:\/\/www.santai-ceramics.com\/fr\/wp-json\/wp\/v2\/product_brand?post=2213"},{"taxonomy":"product_cat","embeddable":true,"href":"https:\/\/www.santai-ceramics.com\/fr\/wp-json\/wp\/v2\/product_cat?post=2213"},{"taxonomy":"product_tag","embeddable":true,"href":"https:\/\/www.santai-ceramics.com\/fr\/wp-json\/wp\/v2\/product_tag?post=2213"}],"curies":[{"name":"wp","href":"https:\/\/api.w.org\/{rel}","templated":true}]}}