{"id":2214,"date":"2025-03-23T16:12:29","date_gmt":"2025-03-23T16:12:29","guid":{"rendered":"https:\/\/www.santai-ceramics.com\/?post_type=product&#038;p=2214"},"modified":"2025-03-23T16:12:31","modified_gmt":"2025-03-23T16:12:31","slug":"wholesale-blooming-petal-shaped-ceramic-vase","status":"publish","type":"product","link":"https:\/\/www.santai-ceramics.com\/fr\/product\/wholesale-blooming-petal-shaped-ceramic-vase\/","title":{"rendered":"Vase en c\u00e9ramique \u00e0 p\u00e9tales fleuris, simple et frais, de style vert olive - Fabricant de vases en c\u00e9ramique SANTAI"},"content":{"rendered":"<h3 class=\"wp-block-heading\">Features of Petal Ceramic Vase<\/h3>\n\n\n\n<p><strong>Conception unique : <\/strong>The petal shape design of the ceramic vase is unique, with a special visual effect, and the inserted flowers and plants are more stable.<\/p>\n\n\n\n<p><strong>Fresh color: <\/strong>The petal vase is fresh and natural in olive green appearance, making people feel comfortable and tranquil. Different kinds of flowers and green plants are well matched to create a unified and harmonious atmosphere.<\/p>\n\n\n\n<p><strong>Good quality material: <\/strong>Made of high-quality high-temperature fired ceramic material, the petal vase has subtle surface texture, vibrant color, and a pleasant touch.<\/p>\n\n\n\n<p><strong>Plusieurs tailles : <\/strong>The vase set offers several specifications to choose from, which can be combined to decorate the home, and can also be easily paired with flowers of various lengths or shapes.<\/p>\n\n\n\n<h3 class=\"wp-block-heading\">Service de vases en c\u00e9ramique sur mesure<\/h3>\n\n\n\n<p>Nous proposons des services OEM et ODM pour nos produits.<br>Des \u00e9chantillons peuvent \u00eatre livr\u00e9s rapidement.<br>Nous offrons une vari\u00e9t\u00e9 de formes, de couleurs, d'impressions personnalis\u00e9es, d'emballages et d'autres services sur mesure pour r\u00e9pondre \u00e0 vos besoins sp\u00e9cifiques.<br><a href=\"https:\/\/www.santai-ceramics.com\/fr\/custom\/\" data-type=\"page\" data-id=\"13\" target=\"_blank\" rel=\"noreferrer noopener\"><strong><b>En savoir plus sur la personnalisation<\/b> d\u00e9tail d'un vase en c\u00e9ramique.<\/strong><\/a><\/p>\n\n\n\n<div class=\"wp-block-columns is-layout-flex wp-container-core-columns-is-layout-9d6595d7 wp-block-columns-is-layout-flex\">\n<div class=\"wp-block-column is-layout-flow wp-block-column-is-layout-flow\"><\/div>\n\n\n\n<div class=\"wp-block-column is-layout-flow wp-block-column-is-layout-flow\"><\/div>\n<\/div>","protected":false},"excerpt":{"rendered":"<p data-pm-slice=\"0 0 []\">Les vases en c\u00e9ramique en forme de p\u00e9tales sont des pi\u00e8ces d'art hautement d\u00e9coratives avec une gla\u00e7ure douce qui accentue la beaut\u00e9 naturelle des fleurs, ce qui les rend id\u00e9aux pour la d\u00e9coration de la maison. Contactez-nous pour un devis en gros !<\/p>\n<h2>Sp\u00e9cification du vase en c\u00e9ramique Petal<\/h2>\n<table width=\"1140\">\n<tbody>\n<tr>\n<td width=\"285\">Num\u00e9ro de mod\u00e8le<\/td>\n<td width=\"285\">A37753-LD53-A01<\/td>\n<td width=\"285\">A37753-LD53-A02<\/td>\n<td width=\"285\">A37753-LD53-A03<\/td>\n<\/tr>\n<tr>\n<td>Nom du produit<\/td>\n<td>Pot de fleurs en c\u00e9ramique<\/td>\n<td>Pot de fleurs en c\u00e9ramique<\/td>\n<td>Pot de fleurs en c\u00e9ramique<\/td>\n<\/tr>\n<tr>\n<td>Couleur<\/td>\n<td>Vert clair<\/td>\n<td>Vert clair<\/td>\n<td>Vert clair<\/td>\n<\/tr>\n<tr>\n<td>Mat\u00e9riau<\/td>\n<td>C\u00e9ramique<\/td>\n<td>C\u00e9ramique<\/td>\n<td>C\u00e9ramique<\/td>\n<\/tr>\n<tr>\n<td>Sc\u00e9narios d'utilisation<\/td>\n<td>d\u00e9coration int\u00e9rieure<\/td>\n<td>d\u00e9coration int\u00e9rieure<\/td>\n<td>d\u00e9coration int\u00e9rieure<\/td>\n<\/tr>\n<tr>\n<td>Dimensions<\/td>\n<td>D:16.5X14cm<\/td>\n<td>D:12.5X11cm<\/td>\n<td>D:10X8.5cm<\/td>\n<\/tr>\n<tr>\n<td>Poids<\/td>\n<td>0,9kg\/pc<\/td>\n<td>0,4kg\/pc<\/td>\n<td>0,3kg\/pc<\/td>\n<\/tr>\n<\/tbody>\n<\/table>","protected":false},"featured_media":2260,"comment_status":"closed","ping_status":"closed","template":"","meta":{"_acf_changed":false},"product_brand":[],"product_cat":[18,22],"product_tag":[],"class_list":{"0":"post-2214","1":"product","2":"type-product","3":"status-publish","4":"has-post-thumbnail","6":"product_cat-home-decor","7":"product_cat-vase","9":"first","10":"instock","11":"shipping-taxable","12":"product-type-simple"},"acf":[],"_links":{"self":[{"href":"https:\/\/www.santai-ceramics.com\/fr\/wp-json\/wp\/v2\/product\/2214","targetHints":{"allow":["GET"]}}],"collection":[{"href":"https:\/\/www.santai-ceramics.com\/fr\/wp-json\/wp\/v2\/product"}],"about":[{"href":"https:\/\/www.santai-ceramics.com\/fr\/wp-json\/wp\/v2\/types\/product"}],"replies":[{"embeddable":true,"href":"https:\/\/www.santai-ceramics.com\/fr\/wp-json\/wp\/v2\/comments?post=2214"}],"wp:featuredmedia":[{"embeddable":true,"href":"https:\/\/www.santai-ceramics.com\/fr\/wp-json\/wp\/v2\/media\/2260"}],"wp:attachment":[{"href":"https:\/\/www.santai-ceramics.com\/fr\/wp-json\/wp\/v2\/media?parent=2214"}],"wp:term":[{"taxonomy":"product_brand","embeddable":true,"href":"https:\/\/www.santai-ceramics.com\/fr\/wp-json\/wp\/v2\/product_brand?post=2214"},{"taxonomy":"product_cat","embeddable":true,"href":"https:\/\/www.santai-ceramics.com\/fr\/wp-json\/wp\/v2\/product_cat?post=2214"},{"taxonomy":"product_tag","embeddable":true,"href":"https:\/\/www.santai-ceramics.com\/fr\/wp-json\/wp\/v2\/product_tag?post=2214"}],"curies":[{"name":"wp","href":"https:\/\/api.w.org\/{rel}","templated":true}]}}