{"id":2216,"date":"2025-03-23T14:58:19","date_gmt":"2025-03-23T14:58:19","guid":{"rendered":"https:\/\/www.santai-ceramics.com\/?post_type=product&#038;p=2216"},"modified":"2025-03-23T14:58:20","modified_gmt":"2025-03-23T14:58:20","slug":"wholesale-minimalist-modern-green-ceramic-vase-set","status":"publish","type":"product","link":"https:\/\/www.santai-ceramics.com\/fr\/product\/wholesale-minimalist-modern-green-ceramic-vase-set\/","title":{"rendered":"Wholesale Modern Green Ceramic Vase Set , Handmade Home Decor Vases, Minimalist Ceramic Vases"},"content":{"rendered":"<h3 class=\"wp-block-heading\">Features of\u00a0Minimalist Modern Green Ceramic Vase <\/h3>\n\n\n\n<p>Minimalist aesthetics: 10cm golden waistline ratio creates an art display-grade decorative container, suitable for modern\/bohemian and other style spaces.<\/p>\n\n\n\n<p>Elegant visual presentation: The minimalist modern green ceramic vase has an exclusive &#8220;bud green&#8221; glaze, and the low-saturation color easily blends into the nordic style living room\/ins style coffee corner, etc.<\/p>\n\n\n\n<p>Wide-mouth compatible design: The modern green ceramic vase is suitable for various forms of plant materials such as flowers\/dry branches\/cattails, combined with a green appearance, perfectly showing the elegant posture of plants.<\/p>\n\n\n\n<p>OEM and ODM: SANTAI is a leading decorative pottery manufacturer in China, providing perfect one-stop customization services and providing the best factory prices for you to better develop the market.<\/p>\n\n\n\n<h3 class=\"wp-block-heading\">Service de vases en c\u00e9ramique sur mesure<\/h3>\n\n\n\n<p>Nous proposons des services OEM et ODM pour nos produits.<br>Des \u00e9chantillons peuvent \u00eatre livr\u00e9s rapidement.<br>Nous offrons une vari\u00e9t\u00e9 de formes, de couleurs, d'impressions personnalis\u00e9es, d'emballages et d'autres services sur mesure pour r\u00e9pondre \u00e0 vos besoins sp\u00e9cifiques.<br><a href=\"https:\/\/www.santai-ceramics.com\/fr\/custom\/\" data-type=\"page\" data-id=\"13\" target=\"_blank\" rel=\"noreferrer noopener\"><strong><b>En savoir plus sur la personnalisation<\/b> d\u00e9tail d'un vase en c\u00e9ramique.<\/strong><\/a><\/p>\n\n\n\n<div class=\"wp-block-columns is-layout-flex wp-container-core-columns-is-layout-9d6595d7 wp-block-columns-is-layout-flex\">\n<div class=\"wp-block-column is-layout-flow wp-block-column-is-layout-flow\">\n<figure class=\"wp-block-image size-full\"><img decoding=\"async\" width=\"2500\" height=\"2083\" src=\"https:\/\/www.santai-ceramics.com\/wp-content\/uploads\/2025\/03\/Wholesale-Minimalist-Modern-Green-Ceramic-Vase-8.webp\" alt=\"Wholesale Minimalist Modern Green Ceramic Vase (8)\" class=\"wp-image-2243\" srcset=\"https:\/\/www.santai-ceramics.com\/wp-content\/uploads\/2025\/03\/Wholesale-Minimalist-Modern-Green-Ceramic-Vase-8.webp 2500w, https:\/\/www.santai-ceramics.com\/wp-content\/uploads\/2025\/03\/Wholesale-Minimalist-Modern-Green-Ceramic-Vase-8-300x250.webp 300w, https:\/\/www.santai-ceramics.com\/wp-content\/uploads\/2025\/03\/Wholesale-Minimalist-Modern-Green-Ceramic-Vase-8-768x640.webp 768w, https:\/\/www.santai-ceramics.com\/wp-content\/uploads\/2025\/03\/Wholesale-Minimalist-Modern-Green-Ceramic-Vase-8-14x12.webp 14w, https:\/\/www.santai-ceramics.com\/wp-content\/uploads\/2025\/03\/Wholesale-Minimalist-Modern-Green-Ceramic-Vase-8-1200x1000.webp 1200w, https:\/\/www.santai-ceramics.com\/wp-content\/uploads\/2025\/03\/Wholesale-Minimalist-Modern-Green-Ceramic-Vase-8-600x500.webp 600w\" sizes=\"(max-width: 2500px) 100vw, 2500px\" \/><\/figure>\n<\/div>\n\n\n\n<div class=\"wp-block-column is-layout-flow wp-block-column-is-layout-flow\">\n<figure class=\"wp-block-image size-full\"><img decoding=\"async\" width=\"2500\" height=\"2083\" src=\"https:\/\/www.santai-ceramics.com\/wp-content\/uploads\/2025\/03\/Wholesale-Minimalist-Modern-Green-Ceramic-Vase-9.webp\" alt=\"Wholesale Minimalist Modern Green Ceramic Vase (9)\" class=\"wp-image-2244\" srcset=\"https:\/\/www.santai-ceramics.com\/wp-content\/uploads\/2025\/03\/Wholesale-Minimalist-Modern-Green-Ceramic-Vase-9.webp 2500w, https:\/\/www.santai-ceramics.com\/wp-content\/uploads\/2025\/03\/Wholesale-Minimalist-Modern-Green-Ceramic-Vase-9-300x250.webp 300w, https:\/\/www.santai-ceramics.com\/wp-content\/uploads\/2025\/03\/Wholesale-Minimalist-Modern-Green-Ceramic-Vase-9-768x640.webp 768w, https:\/\/www.santai-ceramics.com\/wp-content\/uploads\/2025\/03\/Wholesale-Minimalist-Modern-Green-Ceramic-Vase-9-14x12.webp 14w, https:\/\/www.santai-ceramics.com\/wp-content\/uploads\/2025\/03\/Wholesale-Minimalist-Modern-Green-Ceramic-Vase-9-1200x1000.webp 1200w, https:\/\/www.santai-ceramics.com\/wp-content\/uploads\/2025\/03\/Wholesale-Minimalist-Modern-Green-Ceramic-Vase-9-600x500.webp 600w\" sizes=\"(max-width: 2500px) 100vw, 2500px\" \/><\/figure>\n<\/div>\n<\/div>\n\n\n\n<div class=\"wp-block-columns is-layout-flex wp-container-core-columns-is-layout-9d6595d7 wp-block-columns-is-layout-flex\">\n<div class=\"wp-block-column is-layout-flow wp-block-column-is-layout-flow\"><\/div>\n\n\n\n<div class=\"wp-block-column is-layout-flow wp-block-column-is-layout-flow\"><\/div>\n<\/div>","protected":false},"excerpt":{"rendered":"<p data-pm-slice=\"0 0 []\">Wholesale modern green ceramic vase set, simple and modern design, suitable for home decoration, hotel furnishings and gift market. Support oem &amp; odm customization, welcome to contact us for wholesale quotation!<\/p>\n<h2>Specification of\u00a0 Minimalist Modern Green Ceramic Vase\u00a0<\/h2>\n<table width=\"1140\">\n<tbody>\n<tr>\n<td width=\"285\">Num\u00e9ro de mod\u00e8le<\/td>\n<td width=\"285\">A37756-LD53-A01<\/td>\n<td width=\"285\">A37757-LD53-A01<\/td>\n<td width=\"285\">A37758-LD53-A01<\/td>\n<\/tr>\n<tr>\n<td>Nom du produit<\/td>\n<td>Vase \u00e0 fleurs en c\u00e9ramique<\/td>\n<td>Vase \u00e0 fleurs en c\u00e9ramique<\/td>\n<td>Vase \u00e0 fleurs en c\u00e9ramique<\/td>\n<\/tr>\n<tr>\n<td>Couleur<\/td>\n<td>Vert clair<\/td>\n<td>Vert clair<\/td>\n<td>Vert clair<\/td>\n<\/tr>\n<tr>\n<td>Mat\u00e9riau<\/td>\n<td>C\u00e9ramique<\/td>\n<td>C\u00e9ramique<\/td>\n<td>C\u00e9ramique<\/td>\n<\/tr>\n<tr>\n<td>Sc\u00e9narios d'utilisation<\/td>\n<td>d\u00e9coration int\u00e9rieure<\/td>\n<td>d\u00e9coration int\u00e9rieure<\/td>\n<td>d\u00e9coration int\u00e9rieure<\/td>\n<\/tr>\n<tr>\n<td>Dimensions<\/td>\n<td>D:10X22cm<\/td>\n<td>D:12X16cm<\/td>\n<td>D:11X13.5cm<\/td>\n<\/tr>\n<tr>\n<td>Poids<\/td>\n<td>0,7kg\/pc<\/td>\n<td>0,5kg\/pc<\/td>\n<td>0,4kg\/pc<\/td>\n<\/tr>\n<\/tbody>\n<\/table>","protected":false},"featured_media":2236,"comment_status":"closed","ping_status":"closed","template":"","meta":{"_acf_changed":false},"product_brand":[],"product_cat":[18,22],"product_tag":[],"class_list":{"0":"post-2216","1":"product","2":"type-product","3":"status-publish","4":"has-post-thumbnail","6":"product_cat-home-decor","7":"product_cat-vase","9":"first","10":"instock","11":"shipping-taxable","12":"product-type-simple"},"acf":[],"_links":{"self":[{"href":"https:\/\/www.santai-ceramics.com\/fr\/wp-json\/wp\/v2\/product\/2216","targetHints":{"allow":["GET"]}}],"collection":[{"href":"https:\/\/www.santai-ceramics.com\/fr\/wp-json\/wp\/v2\/product"}],"about":[{"href":"https:\/\/www.santai-ceramics.com\/fr\/wp-json\/wp\/v2\/types\/product"}],"replies":[{"embeddable":true,"href":"https:\/\/www.santai-ceramics.com\/fr\/wp-json\/wp\/v2\/comments?post=2216"}],"wp:featuredmedia":[{"embeddable":true,"href":"https:\/\/www.santai-ceramics.com\/fr\/wp-json\/wp\/v2\/media\/2236"}],"wp:attachment":[{"href":"https:\/\/www.santai-ceramics.com\/fr\/wp-json\/wp\/v2\/media?parent=2216"}],"wp:term":[{"taxonomy":"product_brand","embeddable":true,"href":"https:\/\/www.santai-ceramics.com\/fr\/wp-json\/wp\/v2\/product_brand?post=2216"},{"taxonomy":"product_cat","embeddable":true,"href":"https:\/\/www.santai-ceramics.com\/fr\/wp-json\/wp\/v2\/product_cat?post=2216"},{"taxonomy":"product_tag","embeddable":true,"href":"https:\/\/www.santai-ceramics.com\/fr\/wp-json\/wp\/v2\/product_tag?post=2216"}],"curies":[{"name":"wp","href":"https:\/\/api.w.org\/{rel}","templated":true}]}}