{"id":2358,"date":"2025-04-06T07:24:47","date_gmt":"2025-04-06T07:24:47","guid":{"rendered":"https:\/\/www.santai-ceramics.com\/?post_type=product&#038;p=2358"},"modified":"2025-06-05T10:12:55","modified_gmt":"2025-06-05T10:12:55","slug":"wholesale-elegant-fiber-cement-plant-pots","status":"publish","type":"product","link":"https:\/\/www.santai-ceramics.com\/fr\/product\/wholesale-elegant-fiber-cement-plant-pots\/","title":{"rendered":"Vente en gros de pots de fleurs \u00e9l\u00e9gants en fibrociment"},"content":{"rendered":"<h3 class=\"wp-block-heading\">Caract\u00e9ristiques des pots de fleurs \u00e9l\u00e9gants en fibrociment<\/h3>\n\n\n\n<p><strong>Bon effet visuel : <\/strong>Les belles finitions brun antique et or conf\u00e8rent \u00e0 ces jardini\u00e8res de bons effets visuels pour les d\u00e9cors rustiques, classiques et modernes, et compl\u00e8tent la verdure et les arrangements floraux.<\/p>\n\n\n\n<p><strong>Durabilit\u00e9 : <\/strong>Le fibrociment poss\u00e8de une plus grande r\u00e9sistance et une meilleure int\u00e9grit\u00e9 structurelle que les jardini\u00e8res en terre cuite et constitue une solution parfaite \u00e0 long terme pour les projets d'am\u00e9nagement paysager r\u00e9sidentiels et commerciaux.<\/p>\n\n\n\n<p><strong>L\u00e9ger : <\/strong>Les jardini\u00e8res en fibres-ciment sont beaucoup plus l\u00e9g\u00e8res que les jardini\u00e8res traditionnelles en ciment ou en b\u00e9ton, ce qui permet de red\u00e9corer plus facilement un patio ou de r\u00e9am\u00e9nager un jardin.<\/p>\n\n\n\n<p><strong>R\u00e9sistant aux intemp\u00e9ries : <\/strong>Les jardini\u00e8res en fibrociment sont r\u00e9sistantes aux intemp\u00e9ries. Elles ne se d\u00e9forment pas sous l'effet du soleil, ne se fissurent pas sous l'effet du gel et ne se d\u00e9sagr\u00e8gent pas sous l'effet de la pluie.<\/p>\n\n\n\n<p><strong>OEM et ODM : <\/strong>Nous proposons \u00e0 nos clients des services de d\u00e9veloppement sur mesure, y compris des demandes personnalis\u00e9es telles que la taille, la forme, la couleur, la texture, etc.<\/p>\n\n\n\n<h3 class=\"wp-block-heading\">Service sur mesure<\/h3>\n\n\n\n<p>Nous proposons des services OEM et ODM pour nos produits.<br>Des \u00e9chantillons peuvent \u00eatre livr\u00e9s rapidement.<br>Nous offrons une vari\u00e9t\u00e9 de formes, de couleurs, d'impressions personnalis\u00e9es, d'emballages et d'autres services sur mesure pour r\u00e9pondre \u00e0 vos besoins sp\u00e9cifiques.<br><a href=\"https:\/\/www.santai-ceramics.com\/fr\/custom\/\" data-type=\"page\" data-id=\"13\" target=\"_blank\" rel=\"noreferrer noopener\"><strong><b>En savoir plus sur la personnalisation<\/b> d\u00e9tail du pot de fleurs.<\/strong><\/a><\/p>\n\n\n\n<div class=\"wp-block-columns is-layout-flex wp-container-core-columns-is-layout-9d6595d7 wp-block-columns-is-layout-flex\">\n<div class=\"wp-block-column is-layout-flow wp-block-column-is-layout-flow\">\n<figure class=\"wp-block-image size-full\"><img decoding=\"async\" width=\"1500\" height=\"1249\" src=\"https:\/\/www.santai-ceramics.com\/wp-content\/uploads\/2025\/04\/Elegant-Fiber-Cement-Plant-Pots-5.webp\" alt=\"El\u00e9gants pots de fleurs en fibrociment (5)\" class=\"wp-image-2406\" srcset=\"https:\/\/www.santai-ceramics.com\/wp-content\/uploads\/2025\/04\/Elegant-Fiber-Cement-Plant-Pots-5.webp 1500w, https:\/\/www.santai-ceramics.com\/wp-content\/uploads\/2025\/04\/Elegant-Fiber-Cement-Plant-Pots-5-300x250.webp 300w, https:\/\/www.santai-ceramics.com\/wp-content\/uploads\/2025\/04\/Elegant-Fiber-Cement-Plant-Pots-5-768x639.webp 768w, https:\/\/www.santai-ceramics.com\/wp-content\/uploads\/2025\/04\/Elegant-Fiber-Cement-Plant-Pots-5-14x12.webp 14w, https:\/\/www.santai-ceramics.com\/wp-content\/uploads\/2025\/04\/Elegant-Fiber-Cement-Plant-Pots-5-1200x999.webp 1200w, https:\/\/www.santai-ceramics.com\/wp-content\/uploads\/2025\/04\/Elegant-Fiber-Cement-Plant-Pots-5-600x500.webp 600w\" sizes=\"(max-width: 1500px) 100vw, 1500px\" \/><\/figure>\n<\/div>\n\n\n\n<div class=\"wp-block-column is-layout-flow wp-block-column-is-layout-flow\">\n<figure class=\"wp-block-image size-full\"><img decoding=\"async\" width=\"1500\" height=\"1250\" src=\"https:\/\/www.santai-ceramics.com\/wp-content\/uploads\/2025\/04\/Elegant-Fiber-Cement-Plant-Pots-6.webp\" alt=\"El\u00e9gants pots de fleurs en fibrociment (6)\" class=\"wp-image-2407\" srcset=\"https:\/\/www.santai-ceramics.com\/wp-content\/uploads\/2025\/04\/Elegant-Fiber-Cement-Plant-Pots-6.webp 1500w, https:\/\/www.santai-ceramics.com\/wp-content\/uploads\/2025\/04\/Elegant-Fiber-Cement-Plant-Pots-6-300x250.webp 300w, https:\/\/www.santai-ceramics.com\/wp-content\/uploads\/2025\/04\/Elegant-Fiber-Cement-Plant-Pots-6-768x640.webp 768w, https:\/\/www.santai-ceramics.com\/wp-content\/uploads\/2025\/04\/Elegant-Fiber-Cement-Plant-Pots-6-14x12.webp 14w, https:\/\/www.santai-ceramics.com\/wp-content\/uploads\/2025\/04\/Elegant-Fiber-Cement-Plant-Pots-6-1200x1000.webp 1200w, https:\/\/www.santai-ceramics.com\/wp-content\/uploads\/2025\/04\/Elegant-Fiber-Cement-Plant-Pots-6-600x500.webp 600w\" sizes=\"(max-width: 1500px) 100vw, 1500px\" \/><\/figure>\n<\/div>\n<\/div>\n\n\n\n<div class=\"wp-block-columns is-layout-flex wp-container-core-columns-is-layout-9d6595d7 wp-block-columns-is-layout-flex\">\n<div class=\"wp-block-column is-layout-flow wp-block-column-is-layout-flow\"><\/div>\n\n\n\n<div class=\"wp-block-column is-layout-flow wp-block-column-is-layout-flow\"><\/div>\n<\/div>","protected":false},"excerpt":{"rendered":"<p data-pm-slice=\"0 0 []\">Les \u00e9l\u00e9gants pots en fibre ciment de Wholesale en finition marron antique et or ajoutent une touche sophistiqu\u00e9e aux jardins, patios et int\u00e9rieurs. Ils conviennent \u00e0 une vari\u00e9t\u00e9 de plantes, des fleurs aux petits arbustes. Contactez-nous pour un devis.<\/p>\n<h2>Sp\u00e9cification des pots de fleurs \u00e9l\u00e9gants en fibrociment<\/h2>\n<table width=\"855\">\n<tbody>\n<tr>\n<td width=\"285\">Num\u00e9ro de mod\u00e8le<\/td>\n<td width=\"285\">J37593-H913-A01<\/td>\n<td width=\"285\">J37593-H913-A02<\/td>\n<\/tr>\n<tr>\n<td>Nom du produit<\/td>\n<td>Jardini\u00e8re en fibre-ciment<\/td>\n<td>Jardini\u00e8re en fibre-ciment<\/td>\n<\/tr>\n<tr>\n<td>Couleur<\/td>\n<td>Marron antique et or<\/td>\n<td>Marron antique et or<\/td>\n<\/tr>\n<tr>\n<td>Mat\u00e9riau<\/td>\n<td>Fibre-ciment<\/td>\n<td>Fibre-ciment<\/td>\n<\/tr>\n<tr>\n<td>Sc\u00e9narios d'utilisation<\/td>\n<td>d\u00e9coration int\u00e9rieure et jardin<\/td>\n<td>d\u00e9coration int\u00e9rieure et jardin<\/td>\n<\/tr>\n<tr>\n<td>Dimensions<\/td>\n<td>D:36X40cm<\/td>\n<td>D:30.5X33cm<\/td>\n<\/tr>\n<tr>\n<td>Poids<\/td>\n<td>8,1kg\/pc<\/td>\n<td>5.2kg\/pc<\/td>\n<\/tr>\n<\/tbody>\n<\/table>","protected":false},"featured_media":2402,"comment_status":"closed","ping_status":"closed","template":"","meta":{"_acf_changed":false},"product_brand":[],"product_cat":[21,41,18,23],"product_tag":[],"class_list":{"0":"post-2358","1":"product","2":"type-product","3":"status-publish","4":"has-post-thumbnail","6":"product_cat-garden-decor","7":"product_cat-wholesale-fiber-cement-plant-pots","8":"product_cat-home-decor","9":"product_cat-ceramic-pots-planters","11":"first","12":"instock","13":"shipping-taxable","14":"product-type-simple"},"acf":[],"_links":{"self":[{"href":"https:\/\/www.santai-ceramics.com\/fr\/wp-json\/wp\/v2\/product\/2358","targetHints":{"allow":["GET"]}}],"collection":[{"href":"https:\/\/www.santai-ceramics.com\/fr\/wp-json\/wp\/v2\/product"}],"about":[{"href":"https:\/\/www.santai-ceramics.com\/fr\/wp-json\/wp\/v2\/types\/product"}],"replies":[{"embeddable":true,"href":"https:\/\/www.santai-ceramics.com\/fr\/wp-json\/wp\/v2\/comments?post=2358"}],"wp:featuredmedia":[{"embeddable":true,"href":"https:\/\/www.santai-ceramics.com\/fr\/wp-json\/wp\/v2\/media\/2402"}],"wp:attachment":[{"href":"https:\/\/www.santai-ceramics.com\/fr\/wp-json\/wp\/v2\/media?parent=2358"}],"wp:term":[{"taxonomy":"product_brand","embeddable":true,"href":"https:\/\/www.santai-ceramics.com\/fr\/wp-json\/wp\/v2\/product_brand?post=2358"},{"taxonomy":"product_cat","embeddable":true,"href":"https:\/\/www.santai-ceramics.com\/fr\/wp-json\/wp\/v2\/product_cat?post=2358"},{"taxonomy":"product_tag","embeddable":true,"href":"https:\/\/www.santai-ceramics.com\/fr\/wp-json\/wp\/v2\/product_tag?post=2358"}],"curies":[{"name":"wp","href":"https:\/\/api.w.org\/{rel}","templated":true}]}}